{"id":1360566,"date":"2024-05-06T16:08:12","date_gmt":"2024-05-06T13:08:12","guid":{"rendered":"https:\/\/games.tactic.net\/tuote\/crime-scene-berlin\/"},"modified":"2024-05-06T16:08:12","modified_gmt":"2024-05-06T13:08:12","slug":"crime-scene-berlin","status":"publish","type":"product","link":"https:\/\/games.tactic.net\/sv\/tuote\/crime-scene-berlin\/","title":{"rendered":"Gamestorm Crime Scene Berlin 1976"},"content":{"rendered":"<p>En ung kvinna som lever i skuggan av Berlinmuren f\u00e5r ett underligt, och farligt, brev som f\u00f6r\u00e4ndrar hennes liv&#8230; och kanske mer \u00e4n s\u00e5.<br \/>\n&#8211; L\u00f6s kluringar f\u00f6r att ta dig vidare och l\u00f6sa mysteriet.<br \/>\n&#8211; Inneh\u00e5ller en unik ber\u00e4ttelse skriven av den finske deckarf\u00f6rfattaren Arttu Tuominen. <\/p>\n","protected":false},"excerpt":{"rendered":"<p>En ung kvinna som lever i skuggan av Berlinmuren f\u00e5r ett underligt, och farligt, brev som f\u00f6r\u00e4ndrar hennes liv&#8230; och kanske mer \u00e4n s\u00e5. &#8211; L\u00f6s kluringar f\u00f6r att ta dig vidare och l\u00f6sa mysteriet. &#8211; Inneh\u00e5ller en unik ber\u00e4ttelse skriven av den finske deckarf\u00f6rfattaren Arttu Tuominen.<\/p>\n","protected":false},"featured_media":0,"template":"","meta":{"content-type":"","_monsterinsights_skip_tracking":false,"_monsterinsights_sitenote_active":false,"_monsterinsights_sitenote_note":"","_monsterinsights_sitenote_category":0},"product_brand":[],"product_cat":[1549],"product_tag":[],"brand":[{"id":881,"name":"Gamestorm Studio","slug":"gamestormstudio"}],"target-group":[],"discontinued":[],"class_list":{"0":"post-1360566","1":"product","2":"type-product","3":"status-publish","5":"product_cat-1549","6":"brand-gamestormstudio","8":"first","9":"instock","10":"taxable","11":"shipping-taxable","12":"product-type-simple"},"aioseo_notices":[],"_links":{"self":[{"href":"https:\/\/games.tactic.net\/sv\/wp-json\/wp\/v2\/product\/1360566","targetHints":{"allow":["GET"]}}],"collection":[{"href":"https:\/\/games.tactic.net\/sv\/wp-json\/wp\/v2\/product"}],"about":[{"href":"https:\/\/games.tactic.net\/sv\/wp-json\/wp\/v2\/types\/product"}],"wp:attachment":[{"href":"https:\/\/games.tactic.net\/sv\/wp-json\/wp\/v2\/media?parent=1360566"}],"wp:term":[{"taxonomy":"product_brand","embeddable":true,"href":"https:\/\/games.tactic.net\/sv\/wp-json\/wp\/v2\/product_brand?post=1360566"},{"taxonomy":"product_cat","embeddable":true,"href":"https:\/\/games.tactic.net\/sv\/wp-json\/wp\/v2\/product_cat?post=1360566"},{"taxonomy":"product_tag","embeddable":true,"href":"https:\/\/games.tactic.net\/sv\/wp-json\/wp\/v2\/product_tag?post=1360566"},{"taxonomy":"brand","embeddable":true,"href":"https:\/\/games.tactic.net\/sv\/wp-json\/wp\/v2\/brand?post=1360566"},{"taxonomy":"target-group","embeddable":true,"href":"https:\/\/games.tactic.net\/sv\/wp-json\/wp\/v2\/target-group?post=1360566"},{"taxonomy":"discontinued","embeddable":true,"href":"https:\/\/games.tactic.net\/sv\/wp-json\/wp\/v2\/discontinued?post=1360566"}],"curies":[{"name":"wp","href":"https:\/\/api.w.org\/{rel}","templated":true}]}}