{"id":1360557,"date":"2024-05-06T15:08:23","date_gmt":"2024-05-06T12:08:23","guid":{"rendered":"https:\/\/games.tactic.net\/tuote\/crime-scene-tokyo-2000\/"},"modified":"2024-05-06T15:08:23","modified_gmt":"2024-05-06T12:08:23","slug":"crime-scene-tokyo-2000","status":"publish","type":"product","link":"https:\/\/games.tactic.net\/sv\/tuote\/crime-scene-tokyo-2000\/","title":{"rendered":"Gamestorm Crime Scene Tokyo 2000"},"content":{"rendered":"<p>Ett skr\u00e4mmande vanligt brott f\u00f6r detektiverna till det finansilla centrat i Tokyo, men allt \u00e4r inte vad det verkar. H\u00e4r r\u00f6r sig den riktiga makten i skuggorna.<br \/>\n&#8211; L\u00f6s kluringar och ta dig n\u00e4rmare ber\u00e4ttelsens avslutning.<br \/>\n&#8211; Inneh\u00e5ller en unik ber\u00e4ttelse av den finske deckarf\u00f6rfattaren Arttu Tuominen. <\/p>\n","protected":false},"excerpt":{"rendered":"<p>Ett skr\u00e4mmande vanligt brott f\u00f6r detektiverna till det finansilla centrat i Tokyo, men allt \u00e4r inte vad det verkar. H\u00e4r r\u00f6r sig den riktiga makten i skuggorna. &#8211; L\u00f6s kluringar och ta dig n\u00e4rmare ber\u00e4ttelsens avslutning. &#8211; Inneh\u00e5ller en unik ber\u00e4ttelse av den finske deckarf\u00f6rfattaren Arttu Tuominen.<\/p>\n","protected":false},"featured_media":0,"template":"","meta":{"content-type":"","_monsterinsights_skip_tracking":false,"_monsterinsights_sitenote_active":false,"_monsterinsights_sitenote_note":"","_monsterinsights_sitenote_category":0},"product_brand":[],"product_cat":[1549,683],"product_tag":[],"brand":[{"id":881,"name":"Gamestorm Studio","slug":"gamestormstudio"}],"target-group":[],"discontinued":[],"class_list":{"0":"post-1360557","1":"product","2":"type-product","3":"status-publish","5":"product_cat-1549","6":"product_cat-vuxenspel","7":"brand-gamestormstudio","9":"first","10":"instock","11":"taxable","12":"shipping-taxable","13":"product-type-simple"},"aioseo_notices":[],"_links":{"self":[{"href":"https:\/\/games.tactic.net\/sv\/wp-json\/wp\/v2\/product\/1360557","targetHints":{"allow":["GET"]}}],"collection":[{"href":"https:\/\/games.tactic.net\/sv\/wp-json\/wp\/v2\/product"}],"about":[{"href":"https:\/\/games.tactic.net\/sv\/wp-json\/wp\/v2\/types\/product"}],"wp:attachment":[{"href":"https:\/\/games.tactic.net\/sv\/wp-json\/wp\/v2\/media?parent=1360557"}],"wp:term":[{"taxonomy":"product_brand","embeddable":true,"href":"https:\/\/games.tactic.net\/sv\/wp-json\/wp\/v2\/product_brand?post=1360557"},{"taxonomy":"product_cat","embeddable":true,"href":"https:\/\/games.tactic.net\/sv\/wp-json\/wp\/v2\/product_cat?post=1360557"},{"taxonomy":"product_tag","embeddable":true,"href":"https:\/\/games.tactic.net\/sv\/wp-json\/wp\/v2\/product_tag?post=1360557"},{"taxonomy":"brand","embeddable":true,"href":"https:\/\/games.tactic.net\/sv\/wp-json\/wp\/v2\/brand?post=1360557"},{"taxonomy":"target-group","embeddable":true,"href":"https:\/\/games.tactic.net\/sv\/wp-json\/wp\/v2\/target-group?post=1360557"},{"taxonomy":"discontinued","embeddable":true,"href":"https:\/\/games.tactic.net\/sv\/wp-json\/wp\/v2\/discontinued?post=1360557"}],"curies":[{"name":"wp","href":"https:\/\/api.w.org\/{rel}","templated":true}]}}