{"id":1360556,"date":"2024-05-06T15:08:15","date_gmt":"2024-05-06T12:08:15","guid":{"rendered":"https:\/\/games.tactic.net\/tuote\/crime-scene-luxor-1932\/"},"modified":"2024-05-06T15:08:15","modified_gmt":"2024-05-06T12:08:15","slug":"crime-scene-luxor-1932","status":"publish","type":"product","link":"https:\/\/games.tactic.net\/sv\/tuote\/crime-scene-luxor-1932\/","title":{"rendered":"Gamestorm Crime Scene Luxor 1932 &#8211; ENGELSK VERSION"},"content":{"rendered":"<p>Jakten p\u00e5 en f\u00f6rsvunnen engelsman i Kairo tar en ov\u00e4ntad v\u00e4ndning till mystik. Mitt i en mordutredning och visioner av en d\u00f6dsgud fr\u00e5n det forntida Egypten beh\u00f6ver du ha huvudet p\u00e5 skaft f\u00f6r att klara dig vidare.<br \/>\n&#8211; L\u00f6s kluringar och ta dig n\u00e4rmare ber\u00e4ttelsens avg\u00f6rande.<br \/>\n&#8211; Inneh\u00e5ller en unik ber\u00e4ttelse skriven av den finske deckarf\u00f6rfattaren Arttu Tuominen. <\/p>\n","protected":false},"excerpt":{"rendered":"<p>Jakten p\u00e5 en f\u00f6rsvunnen engelsman i Kairo tar en ov\u00e4ntad v\u00e4ndning till mystik. Mitt i en mordutredning och visioner av en d\u00f6dsgud fr\u00e5n det forntida Egypten beh\u00f6ver du ha huvudet p\u00e5 skaft f\u00f6r att klara dig vidare. &#8211; L\u00f6s kluringar och ta dig n\u00e4rmare ber\u00e4ttelsens avg\u00f6rande. &#8211; Inneh\u00e5ller en unik ber\u00e4ttelse skriven av den finske [&hellip;]<\/p>\n","protected":false},"featured_media":0,"template":"","meta":{"content-type":"","_monsterinsights_skip_tracking":false,"_monsterinsights_sitenote_active":false,"_monsterinsights_sitenote_note":"","_monsterinsights_sitenote_category":0},"product_brand":[],"product_cat":[1549],"product_tag":[992],"brand":[{"id":881,"name":"Gamestorm Studio","slug":"gamestormstudio"}],"target-group":[],"discontinued":[],"class_list":{"0":"post-1360556","1":"product","2":"type-product","3":"status-publish","5":"product_cat-1549","6":"product_tag-problemlosning","7":"brand-gamestormstudio","9":"first","10":"instock","11":"taxable","12":"shipping-taxable","13":"product-type-simple"},"aioseo_notices":[],"_links":{"self":[{"href":"https:\/\/games.tactic.net\/sv\/wp-json\/wp\/v2\/product\/1360556","targetHints":{"allow":["GET"]}}],"collection":[{"href":"https:\/\/games.tactic.net\/sv\/wp-json\/wp\/v2\/product"}],"about":[{"href":"https:\/\/games.tactic.net\/sv\/wp-json\/wp\/v2\/types\/product"}],"wp:attachment":[{"href":"https:\/\/games.tactic.net\/sv\/wp-json\/wp\/v2\/media?parent=1360556"}],"wp:term":[{"taxonomy":"product_brand","embeddable":true,"href":"https:\/\/games.tactic.net\/sv\/wp-json\/wp\/v2\/product_brand?post=1360556"},{"taxonomy":"product_cat","embeddable":true,"href":"https:\/\/games.tactic.net\/sv\/wp-json\/wp\/v2\/product_cat?post=1360556"},{"taxonomy":"product_tag","embeddable":true,"href":"https:\/\/games.tactic.net\/sv\/wp-json\/wp\/v2\/product_tag?post=1360556"},{"taxonomy":"brand","embeddable":true,"href":"https:\/\/games.tactic.net\/sv\/wp-json\/wp\/v2\/brand?post=1360556"},{"taxonomy":"target-group","embeddable":true,"href":"https:\/\/games.tactic.net\/sv\/wp-json\/wp\/v2\/target-group?post=1360556"},{"taxonomy":"discontinued","embeddable":true,"href":"https:\/\/games.tactic.net\/sv\/wp-json\/wp\/v2\/discontinued?post=1360556"}],"curies":[{"name":"wp","href":"https:\/\/api.w.org\/{rel}","templated":true}]}}