{"id":1360517,"date":"2024-05-03T16:12:13","date_gmt":"2024-05-03T13:12:13","guid":{"rendered":"https:\/\/games.tactic.net\/tuote\/lumo-stars-labrador-retriever-choco-big\/"},"modified":"2024-05-03T16:12:13","modified_gmt":"2024-05-03T13:12:13","slug":"lumo-stars-labrador-retriever-choco-big","status":"publish","type":"product","link":"https:\/\/games.tactic.net\/sv\/tuote\/lumo-stars-labrador-retriever-choco-big\/","title":{"rendered":"Lumo Stars Labrador retriever Choco big plush"},"content":{"rendered":"<p>Lumo Stars Labrador retriever Choco, den \u00e4r s\u00e5 \u00e4lskv\u00e4rd och krambar! Ta den under armen f\u00f6r natten, dina dr\u00f6mmar kommer s\u00e4kert att skyddas! Du f\u00e5r ocks\u00e5 en hemlig kod med leksaken, vilket g\u00f6r att du kan spela med karakt\u00e4ren i det digitala spelet f\u00f6r Lumo Stars ocks\u00e5.\u200b\u200b<br \/>\nBig \u00e4r 24 centimeter h\u00f6g. <\/p>\n<p>Ingen kan motst\u00e5 de s\u00f6ta Lumo Stars Puppies valp-gosedjuren. I produktserien hittar du de mest popul\u00e4ra hundraserna och accessoarerna f\u00f6r valpv\u00e5rd.<\/p>\n","protected":false},"excerpt":{"rendered":"<p>Lumo Stars Labrador retriever Choco, den \u00e4r s\u00e5 \u00e4lskv\u00e4rd och krambar! Ta den under armen f\u00f6r natten, dina dr\u00f6mmar kommer s\u00e4kert att skyddas! Du f\u00e5r ocks\u00e5 en hemlig kod med leksaken, vilket g\u00f6r att du kan spela med karakt\u00e4ren i det digitala spelet f\u00f6r Lumo Stars ocks\u00e5.\u200b\u200b Big \u00e4r 24 centimeter h\u00f6g. Ingen kan motst\u00e5 [&hellip;]<\/p>\n","protected":false},"featured_media":0,"template":"","meta":{"content-type":"","_monsterinsights_skip_tracking":false,"_monsterinsights_sitenote_active":false,"_monsterinsights_sitenote_note":"","_monsterinsights_sitenote_category":0},"product_brand":[],"product_cat":[1566],"product_tag":[],"brand":[],"target-group":[],"discontinued":[],"class_list":{"0":"post-1360517","1":"product","2":"type-product","3":"status-publish","5":"product_cat-big-gosedjur-lumo-stars-5","7":"first","8":"instock","9":"taxable","10":"shipping-taxable","11":"product-type-simple"},"aioseo_notices":[],"_links":{"self":[{"href":"https:\/\/games.tactic.net\/sv\/wp-json\/wp\/v2\/product\/1360517","targetHints":{"allow":["GET"]}}],"collection":[{"href":"https:\/\/games.tactic.net\/sv\/wp-json\/wp\/v2\/product"}],"about":[{"href":"https:\/\/games.tactic.net\/sv\/wp-json\/wp\/v2\/types\/product"}],"wp:attachment":[{"href":"https:\/\/games.tactic.net\/sv\/wp-json\/wp\/v2\/media?parent=1360517"}],"wp:term":[{"taxonomy":"product_brand","embeddable":true,"href":"https:\/\/games.tactic.net\/sv\/wp-json\/wp\/v2\/product_brand?post=1360517"},{"taxonomy":"product_cat","embeddable":true,"href":"https:\/\/games.tactic.net\/sv\/wp-json\/wp\/v2\/product_cat?post=1360517"},{"taxonomy":"product_tag","embeddable":true,"href":"https:\/\/games.tactic.net\/sv\/wp-json\/wp\/v2\/product_tag?post=1360517"},{"taxonomy":"brand","embeddable":true,"href":"https:\/\/games.tactic.net\/sv\/wp-json\/wp\/v2\/brand?post=1360517"},{"taxonomy":"target-group","embeddable":true,"href":"https:\/\/games.tactic.net\/sv\/wp-json\/wp\/v2\/target-group?post=1360517"},{"taxonomy":"discontinued","embeddable":true,"href":"https:\/\/games.tactic.net\/sv\/wp-json\/wp\/v2\/discontinued?post=1360517"}],"curies":[{"name":"wp","href":"https:\/\/api.w.org\/{rel}","templated":true}]}}