{"id":1360459,"date":"2024-05-03T14:10:11","date_gmt":"2024-05-03T11:10:11","guid":{"rendered":"https:\/\/games.tactic.net\/tuote\/crime-scene-stavanger\/"},"modified":"2024-05-03T14:10:11","modified_gmt":"2024-05-03T11:10:11","slug":"crime-scene-stavanger","status":"publish","type":"product","link":"https:\/\/games.tactic.net\/sv\/tuote\/crime-scene-stavanger\/","title":{"rendered":"Gamestorm Crime Scene Stavanger 2024"},"content":{"rendered":"<p>16 augusti 2024, Stavanger, Norge. Den fientliga oljeriggen sitter inne med svaren till din b\u00e4sta v\u00e4ns \u00f6de. Du startar en unders\u00f6kning f\u00f6r att f\u00e5 fram sanningen i ljuset. Kommer du sjunka eller simma med alla risker du tar?<\/p>\n","protected":false},"excerpt":{"rendered":"<p>16 augusti 2024, Stavanger, Norge. Den fientliga oljeriggen sitter inne med svaren till din b\u00e4sta v\u00e4ns \u00f6de. Du startar en unders\u00f6kning f\u00f6r att f\u00e5 fram sanningen i ljuset. Kommer du sjunka eller simma med alla risker du tar?<\/p>\n","protected":false},"featured_media":0,"template":"","meta":{"content-type":"","_monsterinsights_skip_tracking":false,"_monsterinsights_sitenote_active":false,"_monsterinsights_sitenote_note":"","_monsterinsights_sitenote_category":0},"product_brand":[],"product_cat":[1549],"product_tag":[],"brand":[{"id":881,"name":"Gamestorm Studio","slug":"gamestormstudio"}],"target-group":[],"discontinued":[],"class_list":{"0":"post-1360459","1":"product","2":"type-product","3":"status-publish","5":"product_cat-1549","6":"brand-gamestormstudio","8":"first","9":"instock","10":"taxable","11":"shipping-taxable","12":"product-type-simple"},"aioseo_notices":[],"_links":{"self":[{"href":"https:\/\/games.tactic.net\/sv\/wp-json\/wp\/v2\/product\/1360459","targetHints":{"allow":["GET"]}}],"collection":[{"href":"https:\/\/games.tactic.net\/sv\/wp-json\/wp\/v2\/product"}],"about":[{"href":"https:\/\/games.tactic.net\/sv\/wp-json\/wp\/v2\/types\/product"}],"wp:attachment":[{"href":"https:\/\/games.tactic.net\/sv\/wp-json\/wp\/v2\/media?parent=1360459"}],"wp:term":[{"taxonomy":"product_brand","embeddable":true,"href":"https:\/\/games.tactic.net\/sv\/wp-json\/wp\/v2\/product_brand?post=1360459"},{"taxonomy":"product_cat","embeddable":true,"href":"https:\/\/games.tactic.net\/sv\/wp-json\/wp\/v2\/product_cat?post=1360459"},{"taxonomy":"product_tag","embeddable":true,"href":"https:\/\/games.tactic.net\/sv\/wp-json\/wp\/v2\/product_tag?post=1360459"},{"taxonomy":"brand","embeddable":true,"href":"https:\/\/games.tactic.net\/sv\/wp-json\/wp\/v2\/brand?post=1360459"},{"taxonomy":"target-group","embeddable":true,"href":"https:\/\/games.tactic.net\/sv\/wp-json\/wp\/v2\/target-group?post=1360459"},{"taxonomy":"discontinued","embeddable":true,"href":"https:\/\/games.tactic.net\/sv\/wp-json\/wp\/v2\/discontinued?post=1360459"}],"curies":[{"name":"wp","href":"https:\/\/api.w.org\/{rel}","templated":true}]}}