{"id":1360445,"date":"2024-04-30T16:10:04","date_gmt":"2024-04-30T13:10:04","guid":{"rendered":"https:\/\/games.tactic.net\/tuote\/lumo-stars-bernese-mountain-dog-bruno-mini\/"},"modified":"2024-04-30T16:10:04","modified_gmt":"2024-04-30T13:10:04","slug":"lumo-stars-bernese-mountain-dog-bruno-mini","status":"publish","type":"product","link":"https:\/\/games.tactic.net\/sv\/tuote\/lumo-stars-bernese-mountain-dog-bruno-mini\/","title":{"rendered":"Lumo Stars Bernese mountain dog Bruno mini plush"},"content":{"rendered":"<p>Ingen kan motst\u00e5 de s\u00f6ta Lumo Stars Puppies valp-gosedjuren. I produktserien hittar du de mest popul\u00e4ra hundraserna och accessoarerna f\u00f6r valpv\u00e5rd.<\/p>\n","protected":false},"excerpt":{"rendered":"<p>Ingen kan motst\u00e5 de s\u00f6ta Lumo Stars Puppies valp-gosedjuren. I produktserien hittar du de mest popul\u00e4ra hundraserna och accessoarerna f\u00f6r valpv\u00e5rd.<\/p>\n","protected":false},"featured_media":0,"template":"","meta":{"content-type":"","_monsterinsights_skip_tracking":false,"_monsterinsights_sitenote_active":false,"_monsterinsights_sitenote_note":"","_monsterinsights_sitenote_category":0},"product_brand":[],"product_cat":[1565],"product_tag":[],"brand":[],"target-group":[],"discontinued":[],"class_list":{"0":"post-1360445","1":"product","2":"type-product","3":"status-publish","5":"product_cat-mini-gosedjur-lumo-stars-5","7":"first","8":"instock","9":"taxable","10":"shipping-taxable","11":"product-type-simple"},"aioseo_notices":[],"_links":{"self":[{"href":"https:\/\/games.tactic.net\/sv\/wp-json\/wp\/v2\/product\/1360445","targetHints":{"allow":["GET"]}}],"collection":[{"href":"https:\/\/games.tactic.net\/sv\/wp-json\/wp\/v2\/product"}],"about":[{"href":"https:\/\/games.tactic.net\/sv\/wp-json\/wp\/v2\/types\/product"}],"wp:attachment":[{"href":"https:\/\/games.tactic.net\/sv\/wp-json\/wp\/v2\/media?parent=1360445"}],"wp:term":[{"taxonomy":"product_brand","embeddable":true,"href":"https:\/\/games.tactic.net\/sv\/wp-json\/wp\/v2\/product_brand?post=1360445"},{"taxonomy":"product_cat","embeddable":true,"href":"https:\/\/games.tactic.net\/sv\/wp-json\/wp\/v2\/product_cat?post=1360445"},{"taxonomy":"product_tag","embeddable":true,"href":"https:\/\/games.tactic.net\/sv\/wp-json\/wp\/v2\/product_tag?post=1360445"},{"taxonomy":"brand","embeddable":true,"href":"https:\/\/games.tactic.net\/sv\/wp-json\/wp\/v2\/brand?post=1360445"},{"taxonomy":"target-group","embeddable":true,"href":"https:\/\/games.tactic.net\/sv\/wp-json\/wp\/v2\/target-group?post=1360445"},{"taxonomy":"discontinued","embeddable":true,"href":"https:\/\/games.tactic.net\/sv\/wp-json\/wp\/v2\/discontinued?post=1360445"}],"curies":[{"name":"wp","href":"https:\/\/api.w.org\/{rel}","templated":true}]}}