{"id":1358528,"date":"2024-02-01T18:05:15","date_gmt":"2024-02-01T16:05:15","guid":{"rendered":"https:\/\/games.tactic.net\/tuote\/lifestyle-puzzle-northern-lights-500-pcs\/"},"modified":"2024-02-01T18:05:15","modified_gmt":"2024-02-01T16:05:15","slug":"lifestyle-puzzle-northern-lights-500-pcs","status":"publish","type":"product","link":"https:\/\/games.tactic.net\/sv\/tuote\/lifestyle-puzzle-northern-lights-500-pcs\/","title":{"rendered":"Tactic Puzzle Lovers LifeSTYLE Northern Lights 500 pcs pussel"},"content":{"rendered":"<p>Njut av en lugn stund medan du l\u00e4gger det h\u00e4r pusslet. H\u00e4r avbildas ett norrsken som speglas i en sj\u00f6.<\/p>\n","protected":false},"excerpt":{"rendered":"<p>Njut av en lugn stund medan du l\u00e4gger det h\u00e4r pusslet. H\u00e4r avbildas ett norrsken som speglas i en sj\u00f6.<\/p>\n","protected":false},"featured_media":0,"template":"","meta":{"content-type":"","_monsterinsights_skip_tracking":false,"_monsterinsights_sitenote_active":false,"_monsterinsights_sitenote_note":"","_monsterinsights_sitenote_category":0},"product_brand":[],"product_cat":[915],"product_tag":[],"brand":[{"id":605,"name":"PuzzleLovers","slug":"puzzlelovers_se"}],"target-group":[],"discontinued":[],"class_list":{"0":"post-1358528","1":"product","2":"type-product","3":"status-publish","5":"product_cat-500-bitar","6":"brand-puzzlelovers_se","8":"first","9":"outofstock","10":"taxable","11":"shipping-taxable","12":"product-type-simple"},"aioseo_notices":[],"_links":{"self":[{"href":"https:\/\/games.tactic.net\/sv\/wp-json\/wp\/v2\/product\/1358528","targetHints":{"allow":["GET"]}}],"collection":[{"href":"https:\/\/games.tactic.net\/sv\/wp-json\/wp\/v2\/product"}],"about":[{"href":"https:\/\/games.tactic.net\/sv\/wp-json\/wp\/v2\/types\/product"}],"wp:attachment":[{"href":"https:\/\/games.tactic.net\/sv\/wp-json\/wp\/v2\/media?parent=1358528"}],"wp:term":[{"taxonomy":"product_brand","embeddable":true,"href":"https:\/\/games.tactic.net\/sv\/wp-json\/wp\/v2\/product_brand?post=1358528"},{"taxonomy":"product_cat","embeddable":true,"href":"https:\/\/games.tactic.net\/sv\/wp-json\/wp\/v2\/product_cat?post=1358528"},{"taxonomy":"product_tag","embeddable":true,"href":"https:\/\/games.tactic.net\/sv\/wp-json\/wp\/v2\/product_tag?post=1358528"},{"taxonomy":"brand","embeddable":true,"href":"https:\/\/games.tactic.net\/sv\/wp-json\/wp\/v2\/brand?post=1358528"},{"taxonomy":"target-group","embeddable":true,"href":"https:\/\/games.tactic.net\/sv\/wp-json\/wp\/v2\/target-group?post=1358528"},{"taxonomy":"discontinued","embeddable":true,"href":"https:\/\/games.tactic.net\/sv\/wp-json\/wp\/v2\/discontinued?post=1358528"}],"curies":[{"name":"wp","href":"https:\/\/api.w.org\/{rel}","templated":true}]}}