{"id":1358182,"date":"2024-01-10T09:52:36","date_gmt":"2024-01-10T07:52:36","guid":{"rendered":"https:\/\/games.tactic.net\/tuote\/bruder-wheel-loader-2\/"},"modified":"2024-02-12T09:28:48","modified_gmt":"2024-02-12T07:28:48","slug":"bruder-wheel-loader-2","status":"archive","type":"product","link":"https:\/\/games.tactic.net\/sv\/tuote\/bruder-wheel-loader-2\/","title":{"rendered":"Bruder Wheel Loader"},"content":{"rendered":"<p>Den h\u00e4r hjullastaren \u00e4r en h\u00e4rlig till\u00f6kning till ens Bruder-bilar. Det centrala handtaget kan lyfta och s\u00e4nka hela lastarmen och skopan.<\/p>\n<p>Tack vare de stora d\u00e4cken och midjestyrningen k\u00f6r denna enkelt b\u00e5de p\u00e5 golv och i sandl\u00e5dan.<br \/>\nSkala 1:16<\/p>\n","protected":false},"excerpt":{"rendered":"<p>Den h\u00e4r detaljerade hjullastaren \u00e4r perfekt att k\u00f6ra i b\u00e5de sandl\u00e5da och inomhus. Mer lika stor detaljrikedom som \u00f6vriga produkter i Bruders sortiment \u00e4r det bara barnens fantasi som s\u00e4tter gr\u00e4nser. <\/p>\n","protected":false},"featured_media":0,"template":"","meta":{"content-type":"","_monsterinsights_skip_tracking":false,"_monsterinsights_sitenote_active":false,"_monsterinsights_sitenote_note":"","_monsterinsights_sitenote_category":0},"product_brand":[],"product_cat":[823],"product_tag":[],"brand":[],"target-group":[],"discontinued":[],"class_list":{"0":"post-1358182","1":"product","2":"type-product","3":"status-archive","5":"product_cat-bruder","7":"first","8":"outofstock","9":"taxable","10":"shipping-taxable","11":"product-type-simple"},"aioseo_notices":[],"_links":{"self":[{"href":"https:\/\/games.tactic.net\/sv\/wp-json\/wp\/v2\/product\/1358182","targetHints":{"allow":["GET"]}}],"collection":[{"href":"https:\/\/games.tactic.net\/sv\/wp-json\/wp\/v2\/product"}],"about":[{"href":"https:\/\/games.tactic.net\/sv\/wp-json\/wp\/v2\/types\/product"}],"wp:attachment":[{"href":"https:\/\/games.tactic.net\/sv\/wp-json\/wp\/v2\/media?parent=1358182"}],"wp:term":[{"taxonomy":"product_brand","embeddable":true,"href":"https:\/\/games.tactic.net\/sv\/wp-json\/wp\/v2\/product_brand?post=1358182"},{"taxonomy":"product_cat","embeddable":true,"href":"https:\/\/games.tactic.net\/sv\/wp-json\/wp\/v2\/product_cat?post=1358182"},{"taxonomy":"product_tag","embeddable":true,"href":"https:\/\/games.tactic.net\/sv\/wp-json\/wp\/v2\/product_tag?post=1358182"},{"taxonomy":"brand","embeddable":true,"href":"https:\/\/games.tactic.net\/sv\/wp-json\/wp\/v2\/brand?post=1358182"},{"taxonomy":"target-group","embeddable":true,"href":"https:\/\/games.tactic.net\/sv\/wp-json\/wp\/v2\/target-group?post=1358182"},{"taxonomy":"discontinued","embeddable":true,"href":"https:\/\/games.tactic.net\/sv\/wp-json\/wp\/v2\/discontinued?post=1358182"}],"curies":[{"name":"wp","href":"https:\/\/api.w.org\/{rel}","templated":true}]}}