{"id":1358178,"date":"2024-01-09T08:49:22","date_gmt":"2024-01-09T06:49:22","guid":{"rendered":"https:\/\/games.tactic.net\/tuote\/late-night-alias\/"},"modified":"2024-01-09T08:49:22","modified_gmt":"2024-01-09T06:49:22","slug":"late-night-alias","status":"publish","type":"product","link":"https:\/\/games.tactic.net\/sv\/tuote\/late-night-alias\/","title":{"rendered":"Tactic Alias Late Night board game"},"content":{"rendered":"<p>V\u00e5gar du spela?<\/p>\n<p>Lossa tungans band och dammsug hj\u00e4rnan p\u00e5 synonymer i detta spel som bara \u00e4r f\u00f6r vuxna.<br \/>\nDet g\u00e4ller att f\u00f6rklara och gissa ord som kan f\u00e5 dig att skruva lite p\u00e5 dig, men det \u00e4r bara att k\u00f6ra!<br \/>\nTa ett kort, l\u00e4s ordet tyst och v\u00e5ga f\u00f6rklara det. Beskriv ordet utan att s\u00e4ga det h\u00f6gt. Under tiden ska de andra spelarna f\u00f6rs\u00f6ka bli f\u00f6rst med att gissa r\u00e4tt. S\u00e4tt ig\u00e5ng \u2013 snacka loss!<\/p>\n<p>Den h\u00e4r produkten \u00e4r tillverkad i Finland i Tactic Games egen fabrik. V\u00e5r produktion s\u00e4kerst\u00e4ller sp\u00e5rbarheten av alla material, och vi blev FSC-certifierade \u00e5r 2021. Vi arbetar dessutom med att noga \u00f6vervaka v\u00e5ra koldioxidutsl\u00e4pp.<\/p>\n","protected":false},"excerpt":{"rendered":"<p>V\u00e5gar du spela? Lossa tungans band och dammsug hj\u00e4rnan p\u00e5 synonymer i detta spel som bara \u00e4r f\u00f6r vuxna. Det g\u00e4ller att f\u00f6rklara och gissa ord som kan f\u00e5 dig att skruva lite p\u00e5 dig, men det \u00e4r bara att k\u00f6ra! Ta ett kort, l\u00e4s ordet tyst och v\u00e5ga f\u00f6rklara det. Beskriv ordet utan att [&hellip;]<\/p>\n","protected":false},"featured_media":0,"template":"","meta":{"content-type":"","_monsterinsights_skip_tracking":false,"_monsterinsights_sitenote_active":false,"_monsterinsights_sitenote_note":"","_monsterinsights_sitenote_category":0},"product_brand":[],"product_cat":[1541],"product_tag":[849],"brand":[{"id":599,"name":"Alias","slug":"alias_se"}],"target-group":[],"discontinued":[],"class_list":{"0":"post-1358178","1":"product","2":"type-product","3":"status-publish","5":"product_cat-party-spel-vuxenspel","6":"product_tag-kunskap","7":"brand-alias_se","9":"first","10":"instock","11":"taxable","12":"shipping-taxable","13":"product-type-simple"},"aioseo_notices":[],"_links":{"self":[{"href":"https:\/\/games.tactic.net\/sv\/wp-json\/wp\/v2\/product\/1358178","targetHints":{"allow":["GET"]}}],"collection":[{"href":"https:\/\/games.tactic.net\/sv\/wp-json\/wp\/v2\/product"}],"about":[{"href":"https:\/\/games.tactic.net\/sv\/wp-json\/wp\/v2\/types\/product"}],"wp:attachment":[{"href":"https:\/\/games.tactic.net\/sv\/wp-json\/wp\/v2\/media?parent=1358178"}],"wp:term":[{"taxonomy":"product_brand","embeddable":true,"href":"https:\/\/games.tactic.net\/sv\/wp-json\/wp\/v2\/product_brand?post=1358178"},{"taxonomy":"product_cat","embeddable":true,"href":"https:\/\/games.tactic.net\/sv\/wp-json\/wp\/v2\/product_cat?post=1358178"},{"taxonomy":"product_tag","embeddable":true,"href":"https:\/\/games.tactic.net\/sv\/wp-json\/wp\/v2\/product_tag?post=1358178"},{"taxonomy":"brand","embeddable":true,"href":"https:\/\/games.tactic.net\/sv\/wp-json\/wp\/v2\/brand?post=1358178"},{"taxonomy":"target-group","embeddable":true,"href":"https:\/\/games.tactic.net\/sv\/wp-json\/wp\/v2\/target-group?post=1358178"},{"taxonomy":"discontinued","embeddable":true,"href":"https:\/\/games.tactic.net\/sv\/wp-json\/wp\/v2\/discontinued?post=1358178"}],"curies":[{"name":"wp","href":"https:\/\/api.w.org\/{rel}","templated":true}]}}