{"id":1358177,"date":"2024-01-09T08:49:13","date_gmt":"2024-01-09T06:49:13","guid":{"rendered":"https:\/\/games.tactic.net\/tuote\/gift-game-utmaningen\/"},"modified":"2025-06-11T12:13:53","modified_gmt":"2025-06-11T09:13:53","slug":"gift-game-utmaningen","status":"publish","type":"product","link":"https:\/\/games.tactic.net\/sv\/tuote\/gift-game-utmaningen\/","title":{"rendered":"Gamestorm Gift Game Duellen"},"content":{"rendered":"<p>H\u00f6j insatserna \u2026 om du v\u00e5gar! <\/p>\n<p>Dra ett utmaningskort och l\u00e4gg det p\u00e5 bordet. Om du bj\u00f6d h\u00f6gst f\u00e5r du anta utmaningen. Om du klarar av den f\u00e5r du lika m\u00e5nga kort som po\u00e4ngen visar. Om inte, f\u00e5r de andra spelarna korten ist\u00e4llet. Den spelare som har flest kort n\u00e4r spelet \u00e4r slut vinner.<\/p>\n<p>Den h\u00e4r produkten \u00e4r tillverkad i Finland i Tactic Games egen fabrik. V\u00e5r produktion s\u00e4kerst\u00e4ller sp\u00e5rbarheten av alla material, och vi blev FSC-certifierade \u00e5r 2021. Vi arbetar dessutom med att noga \u00f6vervaka v\u00e5ra koldioxidutsl\u00e4pp.<\/p>\n","protected":false},"excerpt":{"rendered":"<p>H\u00f6j insatserna \u2026 om du v\u00e5gar! Dra ett utmaningskort och l\u00e4gg det p\u00e5 bordet. Om du bj\u00f6d h\u00f6gst f\u00e5r du anta utmaningen. Om du klarar av den f\u00e5r du lika m\u00e5nga kort som po\u00e4ngen visar. Om inte, f\u00e5r de andra spelarna korten ist\u00e4llet. Den spelare som har flest kort n\u00e4r spelet \u00e4r slut vinner. Den [&hellip;]<\/p>\n","protected":false},"featured_media":0,"template":"","meta":{"content-type":"","_monsterinsights_skip_tracking":false,"_monsterinsights_sitenote_active":false,"_monsterinsights_sitenote_note":"","_monsterinsights_sitenote_category":0},"product_brand":[],"product_cat":[1541,1540],"product_tag":[932],"brand":[],"target-group":[],"discontinued":[],"class_list":{"0":"post-1358177","1":"product","2":"type-product","3":"status-publish","5":"product_cat-party-spel-vuxenspel","6":"product_cat-partyspel","7":"product_tag-tidsfordriv","9":"first","10":"instock","11":"taxable","12":"shipping-taxable","13":"product-type-simple"},"aioseo_notices":[],"_links":{"self":[{"href":"https:\/\/games.tactic.net\/sv\/wp-json\/wp\/v2\/product\/1358177","targetHints":{"allow":["GET"]}}],"collection":[{"href":"https:\/\/games.tactic.net\/sv\/wp-json\/wp\/v2\/product"}],"about":[{"href":"https:\/\/games.tactic.net\/sv\/wp-json\/wp\/v2\/types\/product"}],"wp:attachment":[{"href":"https:\/\/games.tactic.net\/sv\/wp-json\/wp\/v2\/media?parent=1358177"}],"wp:term":[{"taxonomy":"product_brand","embeddable":true,"href":"https:\/\/games.tactic.net\/sv\/wp-json\/wp\/v2\/product_brand?post=1358177"},{"taxonomy":"product_cat","embeddable":true,"href":"https:\/\/games.tactic.net\/sv\/wp-json\/wp\/v2\/product_cat?post=1358177"},{"taxonomy":"product_tag","embeddable":true,"href":"https:\/\/games.tactic.net\/sv\/wp-json\/wp\/v2\/product_tag?post=1358177"},{"taxonomy":"brand","embeddable":true,"href":"https:\/\/games.tactic.net\/sv\/wp-json\/wp\/v2\/brand?post=1358177"},{"taxonomy":"target-group","embeddable":true,"href":"https:\/\/games.tactic.net\/sv\/wp-json\/wp\/v2\/target-group?post=1358177"},{"taxonomy":"discontinued","embeddable":true,"href":"https:\/\/games.tactic.net\/sv\/wp-json\/wp\/v2\/discontinued?post=1358177"}],"curies":[{"name":"wp","href":"https:\/\/api.w.org\/{rel}","templated":true}]}}