{"id":1358176,"date":"2024-01-09T08:48:56","date_gmt":"2024-01-09T06:48:56","guid":{"rendered":"https:\/\/games.tactic.net\/tuote\/gift-game-vi-skulle-aldrig\/"},"modified":"2024-01-09T08:48:56","modified_gmt":"2024-01-09T06:48:56","slug":"gift-game-vi-skulle-aldrig","status":"publish","type":"product","link":"https:\/\/games.tactic.net\/sv\/tuote\/gift-game-vi-skulle-aldrig\/","title":{"rendered":"Gamestorm Gift Game Vi skulle aldrig&#8230;"},"content":{"rendered":"<p>De mest synkade vinner!<\/p>\n<p>Dra ett kort som beskriver tv\u00e5 pinsamma situationer. Alla i gruppen t\u00e4nker efter utan att s\u00e4ga ett enda ord! Vilken av de tv\u00e5 situationerna tror du att gruppen tycker \u00e4r v\u00e4rst? Visa sedan era kort. Om spelarna har gissat p\u00e5 samma situation vinner gruppen kortet. Hur m\u00e5nga g\u00e5nger kan ni gissa r\u00e4tt?<\/p>\n<p>Den h\u00e4r produkten \u00e4r tillverkad i Finland i Tactic Games egen fabrik. V\u00e5r produktion s\u00e4kerst\u00e4ller sp\u00e5rbarheten av alla material, och vi blev FSC-certifierade \u00e5r 2021. Vi arbetar dessutom med att noga \u00f6vervaka v\u00e5ra koldioxidutsl\u00e4pp.<\/p>\n","protected":false},"excerpt":{"rendered":"<p>De mest synkade vinner! Dra ett kort som beskriver tv\u00e5 pinsamma situationer. Alla i gruppen t\u00e4nker efter utan att s\u00e4ga ett enda ord! Vilken av de tv\u00e5 situationerna tror du att gruppen tycker \u00e4r v\u00e4rst? Visa sedan era kort. Om spelarna har gissat p\u00e5 samma situation vinner gruppen kortet. Hur m\u00e5nga g\u00e5nger kan ni gissa [&hellip;]<\/p>\n","protected":false},"featured_media":0,"template":"","meta":{"content-type":"","_monsterinsights_skip_tracking":false,"_monsterinsights_sitenote_active":false,"_monsterinsights_sitenote_note":"","_monsterinsights_sitenote_category":0},"product_brand":[],"product_cat":[1541,1540],"product_tag":[932],"brand":[],"target-group":[],"discontinued":[],"class_list":{"0":"post-1358176","1":"product","2":"type-product","3":"status-publish","5":"product_cat-party-spel-vuxenspel","6":"product_cat-partyspel","7":"product_tag-tidsfordriv","9":"first","10":"instock","11":"taxable","12":"shipping-taxable","13":"product-type-simple"},"aioseo_notices":[],"_links":{"self":[{"href":"https:\/\/games.tactic.net\/sv\/wp-json\/wp\/v2\/product\/1358176","targetHints":{"allow":["GET"]}}],"collection":[{"href":"https:\/\/games.tactic.net\/sv\/wp-json\/wp\/v2\/product"}],"about":[{"href":"https:\/\/games.tactic.net\/sv\/wp-json\/wp\/v2\/types\/product"}],"wp:attachment":[{"href":"https:\/\/games.tactic.net\/sv\/wp-json\/wp\/v2\/media?parent=1358176"}],"wp:term":[{"taxonomy":"product_brand","embeddable":true,"href":"https:\/\/games.tactic.net\/sv\/wp-json\/wp\/v2\/product_brand?post=1358176"},{"taxonomy":"product_cat","embeddable":true,"href":"https:\/\/games.tactic.net\/sv\/wp-json\/wp\/v2\/product_cat?post=1358176"},{"taxonomy":"product_tag","embeddable":true,"href":"https:\/\/games.tactic.net\/sv\/wp-json\/wp\/v2\/product_tag?post=1358176"},{"taxonomy":"brand","embeddable":true,"href":"https:\/\/games.tactic.net\/sv\/wp-json\/wp\/v2\/brand?post=1358176"},{"taxonomy":"target-group","embeddable":true,"href":"https:\/\/games.tactic.net\/sv\/wp-json\/wp\/v2\/target-group?post=1358176"},{"taxonomy":"discontinued","embeddable":true,"href":"https:\/\/games.tactic.net\/sv\/wp-json\/wp\/v2\/discontinued?post=1358176"}],"curies":[{"name":"wp","href":"https:\/\/api.w.org\/{rel}","templated":true}]}}