{"id":1358168,"date":"2024-01-05T11:05:37","date_gmt":"2024-01-05T09:05:37","guid":{"rendered":"https:\/\/games.tactic.net\/tuote\/lar-dig-var-ar-katten\/"},"modified":"2024-06-03T12:39:54","modified_gmt":"2024-06-03T09:39:54","slug":"lar-dig-var-ar-katten","status":"publish","type":"product","link":"https:\/\/games.tactic.net\/sv\/tuote\/lar-dig-var-ar-katten\/","title":{"rendered":"Tactic L\u00e4r dig Var \u00e4r katten?"},"content":{"rendered":"<p>N\u00e5gra s\u00f6ta kattungar beh\u00f6ver hj\u00e4lp! Sl\u00e5 med t\u00e4rningen och v\u00e4nd p\u00e5 brickan med samma f\u00e4rg som t\u00e4rningen visar. Du ska samla p\u00e5 kattungar, men m\u00f6ssen f\u00e5r ligga kvar. Se upp f\u00f6r fiskbrickor, f\u00f6r en av dina kattungar kommer att jaga den och hoppa upp p\u00e5 bordet igen! Den som lyckas samla ihop flest kattungar vinner.<br \/>\nStora, stadiga brickor av kartong och en t\u00e4rning av tr\u00e4 medf\u00f6ljer.<\/p>\n","protected":false},"excerpt":{"rendered":"<p>Det h\u00e4r spelet f\u00f6r sm\u00e5 barn \u00e4r fullt av \u00f6verraskningar. H\u00e4r l\u00e4r man sig att uppfatta och identifiera f\u00e4rger genom att spela tillsammans.<\/p>\n","protected":false},"featured_media":0,"template":"","meta":{"content-type":"","_monsterinsights_skip_tracking":false,"_monsterinsights_sitenote_active":false,"_monsterinsights_sitenote_note":"","_monsterinsights_sitenote_category":0},"product_brand":[],"product_cat":[1462,1519],"product_tag":[1235,1254],"brand":[{"id":864,"name":"Let's Learn","slug":"letslearn-sv"}],"target-group":[],"discontinued":[],"class_list":{"0":"post-1358168","1":"product","2":"type-product","3":"status-publish","5":"product_cat-bradspel-barnspel","6":"product_cat-lar-spel-barnspel","7":"product_tag-kombinera-sv","8":"product_tag-pedagogisk-sv","9":"brand-letslearn-sv","11":"first","12":"instock","13":"taxable","14":"shipping-taxable","15":"product-type-simple"},"aioseo_notices":[],"_links":{"self":[{"href":"https:\/\/games.tactic.net\/sv\/wp-json\/wp\/v2\/product\/1358168","targetHints":{"allow":["GET"]}}],"collection":[{"href":"https:\/\/games.tactic.net\/sv\/wp-json\/wp\/v2\/product"}],"about":[{"href":"https:\/\/games.tactic.net\/sv\/wp-json\/wp\/v2\/types\/product"}],"wp:attachment":[{"href":"https:\/\/games.tactic.net\/sv\/wp-json\/wp\/v2\/media?parent=1358168"}],"wp:term":[{"taxonomy":"product_brand","embeddable":true,"href":"https:\/\/games.tactic.net\/sv\/wp-json\/wp\/v2\/product_brand?post=1358168"},{"taxonomy":"product_cat","embeddable":true,"href":"https:\/\/games.tactic.net\/sv\/wp-json\/wp\/v2\/product_cat?post=1358168"},{"taxonomy":"product_tag","embeddable":true,"href":"https:\/\/games.tactic.net\/sv\/wp-json\/wp\/v2\/product_tag?post=1358168"},{"taxonomy":"brand","embeddable":true,"href":"https:\/\/games.tactic.net\/sv\/wp-json\/wp\/v2\/brand?post=1358168"},{"taxonomy":"target-group","embeddable":true,"href":"https:\/\/games.tactic.net\/sv\/wp-json\/wp\/v2\/target-group?post=1358168"},{"taxonomy":"discontinued","embeddable":true,"href":"https:\/\/games.tactic.net\/sv\/wp-json\/wp\/v2\/discontinued?post=1358168"}],"curies":[{"name":"wp","href":"https:\/\/api.w.org\/{rel}","templated":true}]}}