{"id":1358165,"date":"2024-01-04T16:05:47","date_gmt":"2024-01-04T14:05:47","guid":{"rendered":"https:\/\/games.tactic.net\/tuote\/lar-dig-trafikspelet\/"},"modified":"2024-06-03T13:58:22","modified_gmt":"2024-06-03T10:58:22","slug":"lar-dig-trafikspelet","status":"publish","type":"product","link":"https:\/\/games.tactic.net\/sv\/tuote\/lar-dig-trafikspelet\/","title":{"rendered":"Tactic L\u00e4r dig Trafikspelet"},"content":{"rendered":"<p>Loppet \u00e4r ig\u00e5ng f\u00f6r att n\u00e5 f\u00e4rdm\u00e5len! R\u00f6r dig s\u00e4kert genom trafiken. Vem vinner den eftertraktade pokalen som den skickligaste trafikanten f\u00e5r? <\/p>\n<p>Ett g\u00e4ng kompisar \u00e4r p\u00e5 v\u00e4g hem fr\u00e5n skolan. De t\u00e4vlar om vem som kan g\u00f6ra sina uppgifter snabbast och d\u00e4rmed komma hem f\u00f6rst. Anv\u00e4nd dina steg p\u00e5 ett klokt s\u00e4tt och svara p\u00e5 trafikrelaterade fr\u00e5gor korrekt. Du kan fritt flytta v\u00e4gm\u00e4rken vilket g\u00f6r varje spelomg\u00e5ng ny och utmanande. Pokalen till den skickligaste trafikanten h\u00e4grar s\u00e5 f\u00f6rs\u00f6k komma f\u00f6rst till m\u00e5l!<\/p>\n","protected":false},"excerpt":{"rendered":"<p>Loppet \u00e4r ig\u00e5ng f\u00f6r att n\u00e5 f\u00e4rdm\u00e5len! R\u00f6r dig s\u00e4kert genom trafiken. Vem vinner den eftertraktade pokalen som den skickligaste trafikanten f\u00e5r? Ett g\u00e4ng kompisar \u00e4r p\u00e5 v\u00e4g hem fr\u00e5n skolan. De t\u00e4vlar om vem som kan g\u00f6ra sina uppgifter snabbast och d\u00e4rmed komma hem f\u00f6rst. Anv\u00e4nd dina steg p\u00e5 ett klokt s\u00e4tt och svara [&hellip;]<\/p>\n","protected":false},"featured_media":0,"template":"","meta":{"content-type":"","_monsterinsights_skip_tracking":false,"_monsterinsights_sitenote_active":false,"_monsterinsights_sitenote_note":"","_monsterinsights_sitenote_category":0},"product_brand":[],"product_cat":[1462,1519],"product_tag":[1235,1254],"brand":[{"id":864,"name":"Let's Learn","slug":"letslearn-sv"}],"target-group":[],"discontinued":[],"class_list":{"0":"post-1358165","1":"product","2":"type-product","3":"status-publish","5":"product_cat-bradspel-barnspel","6":"product_cat-lar-spel-barnspel","7":"product_tag-kombinera-sv","8":"product_tag-pedagogisk-sv","9":"brand-letslearn-sv","11":"first","12":"instock","13":"taxable","14":"shipping-taxable","15":"product-type-simple"},"aioseo_notices":[],"_links":{"self":[{"href":"https:\/\/games.tactic.net\/sv\/wp-json\/wp\/v2\/product\/1358165","targetHints":{"allow":["GET"]}}],"collection":[{"href":"https:\/\/games.tactic.net\/sv\/wp-json\/wp\/v2\/product"}],"about":[{"href":"https:\/\/games.tactic.net\/sv\/wp-json\/wp\/v2\/types\/product"}],"wp:attachment":[{"href":"https:\/\/games.tactic.net\/sv\/wp-json\/wp\/v2\/media?parent=1358165"}],"wp:term":[{"taxonomy":"product_brand","embeddable":true,"href":"https:\/\/games.tactic.net\/sv\/wp-json\/wp\/v2\/product_brand?post=1358165"},{"taxonomy":"product_cat","embeddable":true,"href":"https:\/\/games.tactic.net\/sv\/wp-json\/wp\/v2\/product_cat?post=1358165"},{"taxonomy":"product_tag","embeddable":true,"href":"https:\/\/games.tactic.net\/sv\/wp-json\/wp\/v2\/product_tag?post=1358165"},{"taxonomy":"brand","embeddable":true,"href":"https:\/\/games.tactic.net\/sv\/wp-json\/wp\/v2\/brand?post=1358165"},{"taxonomy":"target-group","embeddable":true,"href":"https:\/\/games.tactic.net\/sv\/wp-json\/wp\/v2\/target-group?post=1358165"},{"taxonomy":"discontinued","embeddable":true,"href":"https:\/\/games.tactic.net\/sv\/wp-json\/wp\/v2\/discontinued?post=1358165"}],"curies":[{"name":"wp","href":"https:\/\/api.w.org\/{rel}","templated":true}]}}