{"id":1358162,"date":"2024-01-04T12:05:11","date_gmt":"2024-01-04T10:05:11","guid":{"rendered":"https:\/\/games.tactic.net\/tuote\/snabba-ord\/"},"modified":"2024-02-01T12:50:28","modified_gmt":"2024-02-01T10:50:28","slug":"snabba-ord","status":"publish","type":"product","link":"https:\/\/games.tactic.net\/sv\/tuote\/snabba-ord\/","title":{"rendered":"Tactic Snabba Ord"},"content":{"rendered":"<p>Sl\u00e5 t\u00e4rningarna, titta p\u00e5 bokst\u00e4verna och skriv upp ord du inte tror dina medspelare kommer p\u00e5. Du f\u00e5r po\u00e4ng om du hittar unika ord. Ett enkelt och fartfyllt spel som kittlar hj\u00e4rnkn\u00f6larna. Ha kul tillsammans!<\/p>\n","protected":false},"excerpt":{"rendered":"<p>Hitta ord p\u00e5 bokstavst\u00e4rningen! Bilda ord fr\u00e5n bokst\u00e4verna p\u00e5 t\u00e4rningen medan sanden i glaset forts\u00e4tter att rinna. Haken \u00e4r att du inte f\u00e5r po\u00e4ng f\u00f6r ord som finns p\u00e5 dina motst\u00e5ndares blad! \u2013 Ett snabbt ordspel med mycket variation! \u2013 Sv\u00e5righetsgraden \u00e4r enkel att justera.<\/p>\n","protected":false},"featured_media":0,"template":"","meta":{"content-type":"","_monsterinsights_skip_tracking":false,"_monsterinsights_sitenote_active":false,"_monsterinsights_sitenote_note":"","_monsterinsights_sitenote_category":0},"product_brand":[],"product_cat":[1462,1541,1540],"product_tag":[304,347,381,845],"brand":[],"target-group":[],"discontinued":[],"class_list":{"0":"post-1358162","1":"product","2":"type-product","3":"status-publish","5":"product_cat-bradspel-barnspel","6":"product_cat-party-spel-vuxenspel","7":"product_cat-partyspel","8":"product_tag-aktion","9":"product_tag-kombinera","10":"product_tag-skicklighet","11":"product_tag-tillsammans","13":"first","14":"instock","15":"taxable","16":"shipping-taxable","17":"product-type-simple"},"aioseo_notices":[],"_links":{"self":[{"href":"https:\/\/games.tactic.net\/sv\/wp-json\/wp\/v2\/product\/1358162","targetHints":{"allow":["GET"]}}],"collection":[{"href":"https:\/\/games.tactic.net\/sv\/wp-json\/wp\/v2\/product"}],"about":[{"href":"https:\/\/games.tactic.net\/sv\/wp-json\/wp\/v2\/types\/product"}],"wp:attachment":[{"href":"https:\/\/games.tactic.net\/sv\/wp-json\/wp\/v2\/media?parent=1358162"}],"wp:term":[{"taxonomy":"product_brand","embeddable":true,"href":"https:\/\/games.tactic.net\/sv\/wp-json\/wp\/v2\/product_brand?post=1358162"},{"taxonomy":"product_cat","embeddable":true,"href":"https:\/\/games.tactic.net\/sv\/wp-json\/wp\/v2\/product_cat?post=1358162"},{"taxonomy":"product_tag","embeddable":true,"href":"https:\/\/games.tactic.net\/sv\/wp-json\/wp\/v2\/product_tag?post=1358162"},{"taxonomy":"brand","embeddable":true,"href":"https:\/\/games.tactic.net\/sv\/wp-json\/wp\/v2\/brand?post=1358162"},{"taxonomy":"target-group","embeddable":true,"href":"https:\/\/games.tactic.net\/sv\/wp-json\/wp\/v2\/target-group?post=1358162"},{"taxonomy":"discontinued","embeddable":true,"href":"https:\/\/games.tactic.net\/sv\/wp-json\/wp\/v2\/discontinued?post=1358162"}],"curies":[{"name":"wp","href":"https:\/\/api.w.org\/{rel}","templated":true}]}}