{"id":1357931,"date":"2023-12-15T15:06:47","date_gmt":"2023-12-15T13:06:47","guid":{"rendered":"https:\/\/games.tactic.net\/tuote\/jungle-mates-leo-apa\/"},"modified":"2025-01-30T09:52:23","modified_gmt":"2025-01-30T07:52:23","slug":"jungle-mates-leo-apa","status":"archive","type":"product","link":"https:\/\/games.tactic.net\/sv\/tuote\/jungle-mates-leo-apa\/","title":{"rendered":"Tactic Jungle Mates Leo lemur"},"content":{"rendered":"<p>Leo Lemur \u00e4r en aktiv och energisk kompanjon skapad av \u00e5tervunnen plast, som g\u00f6r honom till ett milj\u00f6v\u00e4nligt val. Denna lemur \u00e4r designad f\u00f6r att h\u00e5lla under alla m\u00f6jliga \u00e4ventyr med sin \u00e4gare.<br \/>\nDen \u00e4r mjuk och fluffig och den roliga minen g\u00f6r Leo till en h\u00e4rlig v\u00e4n i spel och lekar.<\/p>\n<p>Jungle Mates \u00e4r en serie mjuka gosedjur som \u00e4r tillverkade av \u00e5tervunna plastflaskor. Resultatet \u00e4r ett h\u00e5llbart och mjukt material som h\u00e5ller f\u00f6r lek och gos, samtidigt som det \u00e4r tv\u00e4ttbart.<\/p>\n","protected":false},"excerpt":{"rendered":"<p>Leo Lemur \u00e4r en aktiv och energisk kompanjon skapad av \u00e5tervunnen plast, som g\u00f6r honom till ett milj\u00f6v\u00e4nligt val. Denna lemur \u00e4r designad f\u00f6r att h\u00e5lla under alla m\u00f6jliga \u00e4ventyr med sin \u00e4gare.<br \/>\nDen \u00e4r mjuk och fluffig och den roliga minen g\u00f6r Leo till en h\u00e4rlig v\u00e4n i spel och lekar.<\/p>\n","protected":false},"featured_media":0,"template":"","meta":{"content-type":"","_monsterinsights_skip_tracking":false,"_monsterinsights_sitenote_active":false,"_monsterinsights_sitenote_note":"","_monsterinsights_sitenote_category":0},"product_brand":[],"product_cat":[2230],"product_tag":[853,854],"brand":[{"id":2231,"name":"Save the Nature","slug":"save-the-nature-5"}],"target-group":[],"discontinued":[],"class_list":{"0":"post-1357931","1":"product","2":"type-product","3":"status-archive","5":"product_cat-save-the-nature-leksaker","6":"product_tag-kramgo","7":"product_tag-mjukdjur","8":"brand-save-the-nature-5","10":"first","11":"outofstock","12":"taxable","13":"shipping-taxable","14":"product-type-simple"},"aioseo_notices":[],"_links":{"self":[{"href":"https:\/\/games.tactic.net\/sv\/wp-json\/wp\/v2\/product\/1357931","targetHints":{"allow":["GET"]}}],"collection":[{"href":"https:\/\/games.tactic.net\/sv\/wp-json\/wp\/v2\/product"}],"about":[{"href":"https:\/\/games.tactic.net\/sv\/wp-json\/wp\/v2\/types\/product"}],"wp:attachment":[{"href":"https:\/\/games.tactic.net\/sv\/wp-json\/wp\/v2\/media?parent=1357931"}],"wp:term":[{"taxonomy":"product_brand","embeddable":true,"href":"https:\/\/games.tactic.net\/sv\/wp-json\/wp\/v2\/product_brand?post=1357931"},{"taxonomy":"product_cat","embeddable":true,"href":"https:\/\/games.tactic.net\/sv\/wp-json\/wp\/v2\/product_cat?post=1357931"},{"taxonomy":"product_tag","embeddable":true,"href":"https:\/\/games.tactic.net\/sv\/wp-json\/wp\/v2\/product_tag?post=1357931"},{"taxonomy":"brand","embeddable":true,"href":"https:\/\/games.tactic.net\/sv\/wp-json\/wp\/v2\/brand?post=1357931"},{"taxonomy":"target-group","embeddable":true,"href":"https:\/\/games.tactic.net\/sv\/wp-json\/wp\/v2\/target-group?post=1357931"},{"taxonomy":"discontinued","embeddable":true,"href":"https:\/\/games.tactic.net\/sv\/wp-json\/wp\/v2\/discontinued?post=1357931"}],"curies":[{"name":"wp","href":"https:\/\/api.w.org\/{rel}","templated":true}]}}