{"id":1357930,"date":"2023-12-15T15:06:31","date_gmt":"2023-12-15T13:06:31","guid":{"rendered":"https:\/\/games.tactic.net\/tuote\/jungle-mates-hugo-apa\/"},"modified":"2025-01-30T09:49:44","modified_gmt":"2025-01-30T07:49:44","slug":"jungle-mates-hugo-apa","status":"archive","type":"product","link":"https:\/\/games.tactic.net\/sv\/tuote\/jungle-mates-hugo-apa\/","title":{"rendered":"Tactic Jungle Mates Hugo apa"},"content":{"rendered":"<p>Apan Hugo \u00e4r en busig typ, skapad av \u00e5tervunnen plast f\u00f6r ett milj\u00f6v\u00e4nligt val. Apan \u00e4r designad f\u00f6r att h\u00e5lla under alla m\u00f6jliga sorters \u00e4ventyr, och hans finurliga uttryck g\u00f6r honom till en god kamrat p\u00e5 \u00e4ventyr b\u00e5de inom och utomhus. Hugo \u00e4r enkel att tv\u00e4tta, s\u00e5 \u00e4ven om han skulle bli smutsigt \u00e4r det enkelt att f\u00e5 tillbaka hans p\u00e4ls till s\u00e5 fin den \u00e4r fr\u00e5n b\u00f6rjan.<br \/>\nJungle Mates \u00e4r en serie mjuka gosedjur som \u00e4r tillverkade av \u00e5tervunna plastflaskor. Resultatet \u00e4r ett h\u00e5llbart och mjukt material som h\u00e5ller f\u00f6r lek och gos, samtidigt som det \u00e4r tv\u00e4ttbart.<\/p>\n","protected":false},"excerpt":{"rendered":"<p>Apan Hugo \u00e4r en busig typ, skapad av \u00e5tervunnen plast f\u00f6r ett milj\u00f6v\u00e4nligt val. Apan \u00e4r designad f\u00f6r att h\u00e5lla under alla m\u00f6jliga sorters \u00e4ventyr, och hans finurliga uttryck g\u00f6r honom till en god kamrat p\u00e5 \u00e4ventyr b\u00e5de inom och utomhus. Hugo \u00e4r enkel att tv\u00e4tta, s\u00e5 \u00e4ven om han skulle bli smutsigt \u00e4r det enkelt att f\u00e5 tillbaka hans p\u00e4ls till s\u00e5 fin den \u00e4r fr\u00e5n b\u00f6rjan. <\/p>\n","protected":false},"featured_media":0,"template":"","meta":{"content-type":"","_monsterinsights_skip_tracking":false,"_monsterinsights_sitenote_active":false,"_monsterinsights_sitenote_note":"","_monsterinsights_sitenote_category":0},"product_brand":[],"product_cat":[2230],"product_tag":[853,854,845],"brand":[{"id":2231,"name":"Save the Nature","slug":"save-the-nature-5"}],"target-group":[],"discontinued":[],"class_list":{"0":"post-1357930","1":"product","2":"type-product","3":"status-archive","5":"product_cat-save-the-nature-leksaker","6":"product_tag-kramgo","7":"product_tag-mjukdjur","8":"product_tag-tillsammans","9":"brand-save-the-nature-5","11":"first","12":"outofstock","13":"taxable","14":"shipping-taxable","15":"product-type-simple"},"aioseo_notices":[],"_links":{"self":[{"href":"https:\/\/games.tactic.net\/sv\/wp-json\/wp\/v2\/product\/1357930","targetHints":{"allow":["GET"]}}],"collection":[{"href":"https:\/\/games.tactic.net\/sv\/wp-json\/wp\/v2\/product"}],"about":[{"href":"https:\/\/games.tactic.net\/sv\/wp-json\/wp\/v2\/types\/product"}],"wp:attachment":[{"href":"https:\/\/games.tactic.net\/sv\/wp-json\/wp\/v2\/media?parent=1357930"}],"wp:term":[{"taxonomy":"product_brand","embeddable":true,"href":"https:\/\/games.tactic.net\/sv\/wp-json\/wp\/v2\/product_brand?post=1357930"},{"taxonomy":"product_cat","embeddable":true,"href":"https:\/\/games.tactic.net\/sv\/wp-json\/wp\/v2\/product_cat?post=1357930"},{"taxonomy":"product_tag","embeddable":true,"href":"https:\/\/games.tactic.net\/sv\/wp-json\/wp\/v2\/product_tag?post=1357930"},{"taxonomy":"brand","embeddable":true,"href":"https:\/\/games.tactic.net\/sv\/wp-json\/wp\/v2\/brand?post=1357930"},{"taxonomy":"target-group","embeddable":true,"href":"https:\/\/games.tactic.net\/sv\/wp-json\/wp\/v2\/target-group?post=1357930"},{"taxonomy":"discontinued","embeddable":true,"href":"https:\/\/games.tactic.net\/sv\/wp-json\/wp\/v2\/discontinued?post=1357930"}],"curies":[{"name":"wp","href":"https:\/\/api.w.org\/{rel}","templated":true}]}}