{"id":1357929,"date":"2023-12-15T15:06:15","date_gmt":"2023-12-15T13:06:15","guid":{"rendered":"https:\/\/games.tactic.net\/tuote\/jungle-mates-lila-apa\/"},"modified":"2023-12-15T15:06:15","modified_gmt":"2023-12-15T13:06:15","slug":"jungle-mates-lila-apa","status":"publish","type":"product","link":"https:\/\/games.tactic.net\/sv\/tuote\/jungle-mates-lila-apa\/","title":{"rendered":"Tactic Jungle Mates Lila apa"},"content":{"rendered":"<p>Apan Lila \u00e4r en aktiv och energisk kompanjon skapad av \u00e5tervunnen plast, som g\u00f6r honom till ett milj\u00f6v\u00e4nligt val. Denna lemur \u00e4r designad f\u00f6r att h\u00e5lla under alla m\u00f6jliga \u00e4ventyr med sin \u00e4gare.<br \/>\nDen \u00e4r mjuk och fluffig och den roliga minen g\u00f6r Leo till en h\u00e4rlig v\u00e4n i spel och lekar.<\/p>\n<p>Jungle Mates \u00e4r en serie mjuka gosedjur som \u00e4r tillverkade av \u00e5tervunna plastflaskor. Resultatet \u00e4r ett h\u00e5llbart och mjukt material som h\u00e5ller f\u00f6r lek och gos, samtidigt som det \u00e4r tv\u00e4ttbart.<\/p>\n","protected":false},"excerpt":{"rendered":"<p>Apan Lila \u00e4r en mjuk och sn\u00e4ll v\u00e4n skapad av \u00e5tervunnen plast. Apan \u00e4r designad f\u00f6r att ge tr\u00f6st och lugn n\u00e4r hon h\u00e5lls n\u00e4ra. Lilas mjuka p\u00e4ls och v\u00e4na uttryck g\u00f6r henne till en perfekt sovkompis eller bara n\u00e5gon att ta det lugnt med efter en l\u00e5ng dag.<\/p>\n","protected":false},"featured_media":0,"template":"","meta":{"content-type":"","_monsterinsights_skip_tracking":false,"_monsterinsights_sitenote_active":false,"_monsterinsights_sitenote_note":"","_monsterinsights_sitenote_category":0},"product_brand":[],"product_cat":[2230],"product_tag":[853,854,845],"brand":[{"id":2231,"name":"Save the Nature","slug":"save-the-nature-5"}],"target-group":[],"discontinued":[],"class_list":{"0":"post-1357929","1":"product","2":"type-product","3":"status-publish","5":"product_cat-save-the-nature-leksaker","6":"product_tag-kramgo","7":"product_tag-mjukdjur","8":"product_tag-tillsammans","9":"brand-save-the-nature-5","11":"first","12":"instock","13":"taxable","14":"shipping-taxable","15":"product-type-simple"},"aioseo_notices":[],"_links":{"self":[{"href":"https:\/\/games.tactic.net\/sv\/wp-json\/wp\/v2\/product\/1357929","targetHints":{"allow":["GET"]}}],"collection":[{"href":"https:\/\/games.tactic.net\/sv\/wp-json\/wp\/v2\/product"}],"about":[{"href":"https:\/\/games.tactic.net\/sv\/wp-json\/wp\/v2\/types\/product"}],"wp:attachment":[{"href":"https:\/\/games.tactic.net\/sv\/wp-json\/wp\/v2\/media?parent=1357929"}],"wp:term":[{"taxonomy":"product_brand","embeddable":true,"href":"https:\/\/games.tactic.net\/sv\/wp-json\/wp\/v2\/product_brand?post=1357929"},{"taxonomy":"product_cat","embeddable":true,"href":"https:\/\/games.tactic.net\/sv\/wp-json\/wp\/v2\/product_cat?post=1357929"},{"taxonomy":"product_tag","embeddable":true,"href":"https:\/\/games.tactic.net\/sv\/wp-json\/wp\/v2\/product_tag?post=1357929"},{"taxonomy":"brand","embeddable":true,"href":"https:\/\/games.tactic.net\/sv\/wp-json\/wp\/v2\/brand?post=1357929"},{"taxonomy":"target-group","embeddable":true,"href":"https:\/\/games.tactic.net\/sv\/wp-json\/wp\/v2\/target-group?post=1357929"},{"taxonomy":"discontinued","embeddable":true,"href":"https:\/\/games.tactic.net\/sv\/wp-json\/wp\/v2\/discontinued?post=1357929"}],"curies":[{"name":"wp","href":"https:\/\/api.w.org\/{rel}","templated":true}]}}