{"id":1354956,"date":"2023-11-17T16:19:43","date_gmt":"2023-11-17T14:19:43","guid":{"rendered":"https:\/\/games.tactic.net\/tuote\/diamond-series-magnetic-tiles-set-63pcs\/"},"modified":"2024-10-16T13:57:38","modified_gmt":"2024-10-16T10:57:38","slug":"diamond-series-magnetic-tiles-set-63pcs","status":"publish","type":"product","link":"https:\/\/games.tactic.net\/sv\/tuote\/diamond-series-magnetic-tiles-set-63pcs\/","title":{"rendered":"PicassoTiles Diamond Series Magnetic Tiles set 63pcs building set"},"content":{"rendered":"<p>Med detta set av magnetiska plattor kan du l\u00e5ta fantasin h\u00e4rja fritt. Bygg enligt manualen om du vill, eller g\u00f6r som du k\u00e4nner f\u00f6r och s\u00e4tt ihop de 63 delarna precis som du vill. Alla Magnetic tiles \u00e4r kompatibla med varandra, s\u00e5 bygg ut m\u00f6jligheterna genom att skaffa fler set. <\/p>\n<p>I det h\u00e4r paketet kommer ett bilunderrede, s\u00e5 du sj\u00e4lv kan bygga en bil och k\u00f6ra iv\u00e4g. <\/p>\n<p>Trianglar x 21<br \/>\nFyrkanter x 12<br \/>\nR\u00e4t triangel x 14<br \/>\nLikbenta trianglar x 6<br \/>\nStor fyrkant x 1<br \/>\nHalva fyrkanter x 8<br \/>\nBilunderdel x1<\/p>\n","protected":false},"excerpt":{"rendered":"<p>Med detta set av magnetiska plattor kan du l\u00e5ta fantasin h\u00e4rja fritt<\/p>\n","protected":false},"featured_media":0,"template":"","meta":{"content-type":"","_monsterinsights_skip_tracking":false,"_monsterinsights_sitenote_active":false,"_monsterinsights_sitenote_note":"","_monsterinsights_sitenote_category":0},"product_brand":[],"product_cat":[2292],"product_tag":[],"brand":[],"target-group":[],"discontinued":[],"class_list":{"0":"post-1354956","1":"product","2":"type-product","3":"status-publish","5":"product_cat-picassotiles-leksaker","7":"first","8":"instock","9":"taxable","10":"shipping-taxable","11":"product-type-simple"},"aioseo_notices":[],"_links":{"self":[{"href":"https:\/\/games.tactic.net\/sv\/wp-json\/wp\/v2\/product\/1354956","targetHints":{"allow":["GET"]}}],"collection":[{"href":"https:\/\/games.tactic.net\/sv\/wp-json\/wp\/v2\/product"}],"about":[{"href":"https:\/\/games.tactic.net\/sv\/wp-json\/wp\/v2\/types\/product"}],"wp:attachment":[{"href":"https:\/\/games.tactic.net\/sv\/wp-json\/wp\/v2\/media?parent=1354956"}],"wp:term":[{"taxonomy":"product_brand","embeddable":true,"href":"https:\/\/games.tactic.net\/sv\/wp-json\/wp\/v2\/product_brand?post=1354956"},{"taxonomy":"product_cat","embeddable":true,"href":"https:\/\/games.tactic.net\/sv\/wp-json\/wp\/v2\/product_cat?post=1354956"},{"taxonomy":"product_tag","embeddable":true,"href":"https:\/\/games.tactic.net\/sv\/wp-json\/wp\/v2\/product_tag?post=1354956"},{"taxonomy":"brand","embeddable":true,"href":"https:\/\/games.tactic.net\/sv\/wp-json\/wp\/v2\/brand?post=1354956"},{"taxonomy":"target-group","embeddable":true,"href":"https:\/\/games.tactic.net\/sv\/wp-json\/wp\/v2\/target-group?post=1354956"},{"taxonomy":"discontinued","embeddable":true,"href":"https:\/\/games.tactic.net\/sv\/wp-json\/wp\/v2\/discontinued?post=1354956"}],"curies":[{"name":"wp","href":"https:\/\/api.w.org\/{rel}","templated":true}]}}