{"id":1342102,"date":"2023-10-27T12:08:03","date_gmt":"2023-10-27T09:08:03","guid":{"rendered":"https:\/\/games.tactic.net\/tuote\/bruder-bworld-construction-set\/"},"modified":"2023-10-27T12:08:03","modified_gmt":"2023-10-27T09:08:03","slug":"bruder-bworld-construction-set","status":"publish","type":"product","link":"https:\/\/games.tactic.net\/sv\/tuote\/bruder-bworld-construction-set\/","title":{"rendered":"Bruder bworld Construction set toy"},"content":{"rendered":"<p>Det nya bworld-byggsetet fungerar som en knutpunkt f\u00f6r flera fordon i BRUDERs omfattande tema\u00adv\u00e4rld f\u00f6r bygg- och nyttofordon. Med detta temaset kan sm\u00e5 byggarbetare realistiskt \u00e5terskapa en m\u00e4ngd olika byggarbetsplatser. Byggst\u00e4ngsel skyddar arbetsomr\u00e5det. Leveransen inneh\u00e5ller ocks\u00e5 en markvibrator och en cementblandare f\u00f6r byggarbetet. Sj\u00e4lvklart ing\u00e5r \u00e4ven en flyttbar toalett f\u00f6r byggarbetarens personliga behov. Bworld-byggsetet passar s\u00e4rskilt bra som komplement till MB Sprinter med flak (art.nr 02677), Cat-minigr\u00e4varen (art.nr 02466) eller JCB MIDI-gr\u00e4vlastaren (art.nr 02427).<\/p>\n","protected":false},"excerpt":{"rendered":"<p>Det nya bworld-byggsetet fungerar som en knutpunkt f\u00f6r flera fordon i BRUDERs omfattande tema\u00adv\u00e4rld f\u00f6r bygg- och nyttofordon.<\/p>\n","protected":false},"featured_media":0,"template":"","meta":{"content-type":"","_monsterinsights_skip_tracking":false,"_monsterinsights_sitenote_active":false,"_monsterinsights_sitenote_note":"","_monsterinsights_sitenote_category":0},"product_brand":[],"product_cat":[823],"product_tag":[],"brand":[],"target-group":[],"discontinued":[],"class_list":{"0":"post-1342102","1":"product","2":"type-product","3":"status-publish","5":"product_cat-bruder","7":"first","8":"outofstock","9":"taxable","10":"shipping-taxable","11":"product-type-simple"},"aioseo_notices":[],"_links":{"self":[{"href":"https:\/\/games.tactic.net\/sv\/wp-json\/wp\/v2\/product\/1342102","targetHints":{"allow":["GET"]}}],"collection":[{"href":"https:\/\/games.tactic.net\/sv\/wp-json\/wp\/v2\/product"}],"about":[{"href":"https:\/\/games.tactic.net\/sv\/wp-json\/wp\/v2\/types\/product"}],"wp:attachment":[{"href":"https:\/\/games.tactic.net\/sv\/wp-json\/wp\/v2\/media?parent=1342102"}],"wp:term":[{"taxonomy":"product_brand","embeddable":true,"href":"https:\/\/games.tactic.net\/sv\/wp-json\/wp\/v2\/product_brand?post=1342102"},{"taxonomy":"product_cat","embeddable":true,"href":"https:\/\/games.tactic.net\/sv\/wp-json\/wp\/v2\/product_cat?post=1342102"},{"taxonomy":"product_tag","embeddable":true,"href":"https:\/\/games.tactic.net\/sv\/wp-json\/wp\/v2\/product_tag?post=1342102"},{"taxonomy":"brand","embeddable":true,"href":"https:\/\/games.tactic.net\/sv\/wp-json\/wp\/v2\/brand?post=1342102"},{"taxonomy":"target-group","embeddable":true,"href":"https:\/\/games.tactic.net\/sv\/wp-json\/wp\/v2\/target-group?post=1342102"},{"taxonomy":"discontinued","embeddable":true,"href":"https:\/\/games.tactic.net\/sv\/wp-json\/wp\/v2\/discontinued?post=1342102"}],"curies":[{"name":"wp","href":"https:\/\/api.w.org\/{rel}","templated":true}]}}