{"id":105013,"date":"2021-07-01T10:00:28","date_gmt":"2021-07-01T07:00:28","guid":{"rendered":"https:\/\/dev.tactic.net\/tuote\/varldens-hjaltar\/"},"modified":"2023-10-06T09:34:39","modified_gmt":"2023-10-06T06:34:39","slug":"varldens-hjaltar","status":"publish","type":"product","link":"https:\/\/games.tactic.net\/sv\/tuote\/varldens-hjaltar\/","title":{"rendered":"Tactic V\u00e4rldens hj\u00e4ltar"},"content":{"rendered":"<p>Historieb\u00f6ckerna \u00e4r fulla av storartade kvinnor och m\u00e4n som har gjort ett intryck p\u00e5 m\u00e4nskligheten, kanske genom att uppfinna saker; allt fr\u00e5n bilar till antibiotika. Spelet V\u00e4rldens Hj\u00e4ltar visar upp viktiga personer och deras arbete medan spelarna kan samla po\u00e4ng genom att k\u00e4nna igen personerna och svara r\u00e4tt p\u00e5 intressanta fr\u00e5gor om dem.<\/p>\n","protected":false},"excerpt":{"rendered":"<p>Historieb\u00f6ckerna \u00e4r fulla av storartade kvinnor och m\u00e4n som har gjort ett intryck p\u00e5 m\u00e4nskligheten, kanske genom att uppfinna saker; allt fr\u00e5n bilar till antibiotika. Spelet V\u00e4rldens Hj\u00e4ltar visar upp viktiga personer och deras arbete medan spelarna kan samla po\u00e4ng genom att k\u00e4nna igen personerna och svara r\u00e4tt p\u00e5 intressanta fr\u00e5gor om dem.<\/p>\n","protected":false},"featured_media":0,"template":"","meta":{"content-type":"","_monsterinsights_skip_tracking":false,"_monsterinsights_sitenote_active":false,"_monsterinsights_sitenote_note":"","_monsterinsights_sitenote_category":0},"product_brand":[],"product_cat":[1523,1524],"product_tag":[849],"brand":[],"target-group":[],"discontinued":[],"class_list":{"0":"post-105013","1":"product","2":"type-product","3":"status-publish","5":"product_cat-fragespel-vuxenspel","6":"product_cat-fragespel-familjespel","7":"product_tag-kunskap","9":"first","10":"instock","11":"taxable","12":"shipping-taxable","13":"product-type-simple"},"aioseo_notices":[],"_links":{"self":[{"href":"https:\/\/games.tactic.net\/sv\/wp-json\/wp\/v2\/product\/105013","targetHints":{"allow":["GET"]}}],"collection":[{"href":"https:\/\/games.tactic.net\/sv\/wp-json\/wp\/v2\/product"}],"about":[{"href":"https:\/\/games.tactic.net\/sv\/wp-json\/wp\/v2\/types\/product"}],"wp:attachment":[{"href":"https:\/\/games.tactic.net\/sv\/wp-json\/wp\/v2\/media?parent=105013"}],"wp:term":[{"taxonomy":"product_brand","embeddable":true,"href":"https:\/\/games.tactic.net\/sv\/wp-json\/wp\/v2\/product_brand?post=105013"},{"taxonomy":"product_cat","embeddable":true,"href":"https:\/\/games.tactic.net\/sv\/wp-json\/wp\/v2\/product_cat?post=105013"},{"taxonomy":"product_tag","embeddable":true,"href":"https:\/\/games.tactic.net\/sv\/wp-json\/wp\/v2\/product_tag?post=105013"},{"taxonomy":"brand","embeddable":true,"href":"https:\/\/games.tactic.net\/sv\/wp-json\/wp\/v2\/brand?post=105013"},{"taxonomy":"target-group","embeddable":true,"href":"https:\/\/games.tactic.net\/sv\/wp-json\/wp\/v2\/target-group?post=105013"},{"taxonomy":"discontinued","embeddable":true,"href":"https:\/\/games.tactic.net\/sv\/wp-json\/wp\/v2\/discontinued?post=105013"}],"curies":[{"name":"wp","href":"https:\/\/api.w.org\/{rel}","templated":true}]}}