{"id":75334,"date":"2021-01-28T14:07:05","date_gmt":"2021-01-28T12:07:05","guid":{"rendered":"https:\/\/dev.tactic.net\/tactic\/kontakter\/reklamaatiot\/"},"modified":"2022-03-24T13:36:30","modified_gmt":"2022-03-24T11:36:30","slug":"gora-en-reklamation","status":"publish","type":"page","link":"https:\/\/games.tactic.net\/sv\/tactic\/kontakter\/gora-en-reklamation\/","title":{"rendered":"G\u00f6ra en reklamation"},"content":{"rendered":"\t\t<div data-elementor-type=\"wp-page\" data-elementor-id=\"75334\" class=\"elementor elementor-75334 elementor-56536\" data-elementor-post-type=\"page\">\n\t\t\t\t\t\t<section class=\"elementor-section elementor-top-section elementor-element elementor-element-dfdb0bb elementor-section-boxed elementor-section-height-default elementor-section-height-default\" data-id=\"dfdb0bb\" data-element_type=\"section\" data-e-type=\"section\">\n\t\t\t\t\t\t<div class=\"elementor-container elementor-column-gap-default\">\n\t\t\t\t\t<div class=\"elementor-column elementor-col-100 elementor-top-column elementor-element elementor-element-58b1e86\" data-id=\"58b1e86\" data-element_type=\"column\" data-e-type=\"column\">\n\t\t\t<div class=\"elementor-widget-wrap elementor-element-populated\">\n\t\t\t\t\t\t<div class=\"elementor-element elementor-element-91ba762 elementor-widget elementor-widget-heading\" data-id=\"91ba762\" data-element_type=\"widget\" data-e-type=\"widget\" data-widget_type=\"heading.default\">\n\t\t\t\t<div class=\"elementor-widget-container\">\n\t\t\t\t\t<h2 class=\"elementor-heading-title elementor-size-default\">G\u00f6ra en reklamation<\/h2>\t\t\t\t<\/div>\n\t\t\t\t<\/div>\n\t\t\t\t\t<\/div>\n\t\t<\/div>\n\t\t\t\t\t<\/div>\n\t\t<\/section>\n\t\t\t\t<section class=\"elementor-section elementor-top-section elementor-element elementor-element-418245d elementor-section-boxed elementor-section-height-default elementor-section-height-default\" data-id=\"418245d\" data-element_type=\"section\" data-e-type=\"section\">\n\t\t\t\t\t\t<div class=\"elementor-container elementor-column-gap-default\">\n\t\t\t\t\t<div class=\"elementor-column elementor-col-100 elementor-top-column elementor-element elementor-element-cbf15ed\" data-id=\"cbf15ed\" data-element_type=\"column\" data-e-type=\"column\">\n\t\t\t<div class=\"elementor-widget-wrap elementor-element-populated\">\n\t\t\t\t\t\t<div class=\"elementor-element elementor-element-fd5934e elementor-widget elementor-widget-text-editor\" data-id=\"fd5934e\" data-element_type=\"widget\" data-e-type=\"widget\" data-widget_type=\"text-editor.default\">\n\t\t\t\t<div class=\"elementor-widget-container\">\n\t\t\t\t\t\t\t\t\t<div class=\"elementor-element elementor-element-9f95746 elementor-widget elementor-widget-heading\" data-id=\"9f95746\" data-element_type=\"widget\" data-widget_type=\"heading.default\"><div class=\"elementor-widget-container\"><h1 class=\"elementor-heading-title elementor-size-default\">Vill du reklamera n\u00e5got?<\/h1><p>\u00a0<\/p><h3 class=\"elementor-heading-title elementor-size-default\">Felaktig produkt?<\/h3><p><strong>Vi beklagar att du inte \u00e4r n\u00f6jd med ditt k\u00f6p.<\/strong><\/p><p class=\"elementor-heading-title elementor-size-default\">Om det \u00e4r n\u00e5got fel p\u00e5 den produkt du har k\u00f6pt eller om den p\u00e5 n\u00e5got s\u00e4tt inte lever upp till dina f\u00f6rv\u00e4ntningar har du r\u00e4tt att annullera best\u00e4llningen inom fjorton (14) dagar efter att du har tagit emot produkten, exklusive datumet f\u00f6r mottagandet av denna blankett. Du kan annullera transaktionen med den h\u00e4r reklamationsblanketten. Beloppet kommer att s\u00e4ttas in p\u00e5 det konto som du anv\u00e4nde f\u00f6r att k\u00f6pa produkten inom fjorton (14) dagar efter att denna blankett tagits emot. Vi beh\u00f6ver inte ha den felaktiga produkten i retur.<\/p><\/div><\/div><div class=\"elementor-element elementor-element-c67298f elementor-widget elementor-widget-text-editor\" data-id=\"c67298f\" data-element_type=\"widget\" data-widget_type=\"text-editor.default\"><div class=\"elementor-widget-container\"><div class=\"elementor-text-editor elementor-clearfix\"><p>F\u00f6r mer information om v\u00e5r kundservice, skriv till <a class=\"waffle-rich-text-link\" data-sheets-formula-bar-text-link=\"mailto:info.swe@tactic.net\" data-sheets-formula-bar-text-style=\"font-size:13px;color:#000000;font-weight:normal;text-decoration:underline;font-family:'Arial';font-style:normal;text-decoration-skip-ink:none;\">info.swe(at)tactic.net<\/a><\/p><p><a href=\"https:\/\/games.tactic.net\/sv\/anvandarvillkor\/\">Anv\u00e4ndarvillkor<\/a><\/p><p>Obligatoriskt<span style=\"color: #ff0000;\">*<\/span><\/p><\/div><\/div><\/div>\t\t\t\t\t\t\t\t<\/div>\n\t\t\t\t<\/div>\n\t\t\t\t\t<\/div>\n\t\t<\/div>\n\t\t\t\t\t<\/div>\n\t\t<\/section>\n\t\t\t\t<section class=\"elementor-section elementor-top-section elementor-element elementor-element-464518f elementor-section-boxed elementor-section-height-default elementor-section-height-default\" data-id=\"464518f\" data-element_type=\"section\" data-e-type=\"section\">\n\t\t\t\t\t\t<div class=\"elementor-container elementor-column-gap-default\">\n\t\t\t\t\t<div class=\"elementor-column elementor-col-100 elementor-top-column elementor-element elementor-element-a09d5db\" data-id=\"a09d5db\" data-element_type=\"column\" data-e-type=\"column\">\n\t\t\t<div class=\"elementor-widget-wrap elementor-element-populated\">\n\t\t\t\t\t\t<div class=\"elementor-element elementor-element-e4c994f elementor-widget elementor-widget-heading\" data-id=\"e4c994f\" data-element_type=\"widget\" data-e-type=\"widget\" data-widget_type=\"heading.default\">\n\t\t\t\t<div class=\"elementor-widget-container\">\n\t\t\t\t\t<h3 class=\"elementor-heading-title elementor-size-default\">Reklamationsblankett<\/h3>\t\t\t\t<\/div>\n\t\t\t\t<\/div>\n\t\t\t\t<div class=\"elementor-element elementor-element-33d945a elementor-button-align-stretch elementor-widget elementor-widget-form\" data-id=\"33d945a\" data-element_type=\"widget\" data-e-type=\"widget\" data-settings=\"{&quot;button_width&quot;:&quot;20&quot;,&quot;step_next_label&quot;:&quot;N\\u00e4sta&quot;,&quot;step_previous_label&quot;:&quot;F\\u00f6reg\\u00e5ende&quot;,&quot;step_type&quot;:&quot;number_text&quot;,&quot;step_icon_shape&quot;:&quot;circle&quot;}\" data-widget_type=\"form.default\">\n\t\t\t\t<div class=\"elementor-widget-container\">\n\t\t\t\t\t\t\t<form class=\"elementor-form\" method=\"post\" id=\"reclamation_sv\" name=\"New Form\" aria-label=\"New Form\">\n\t\t\t<input type=\"hidden\" name=\"post_id\" value=\"75334\"\/>\n\t\t\t<input type=\"hidden\" name=\"form_id\" value=\"33d945a\"\/>\n\t\t\t<input type=\"hidden\" name=\"referer_title\" value=\"G\u00f6ra en reklamation - Tactic Games\" \/>\n\n\t\t\t\t\t\t\t<input type=\"hidden\" name=\"queried_id\" value=\"75334\"\/>\n\t\t\t\n\t\t\t<div class=\"elementor-form-fields-wrapper elementor-labels-above\">\n\t\t\t\t\t\t\t\t<div class=\"elementor-field-type-text elementor-field-group elementor-column elementor-field-group-name elementor-col-100\">\n\t\t\t\t\t\t\t\t\t\t\t\t<label for=\"form-field-name\" class=\"elementor-field-label\">\n\t\t\t\t\t\t\t\tOrdernummer \u2013 det hj\u00e4lper oss att hitta din best\u00e4llning!\t\t\t\t\t\t\t<\/label>\n\t\t\t\t\t\t\t\t\t\t\t\t\t\t<input size=\"1\" type=\"text\" name=\"form_fields[name]\" id=\"form-field-name\" class=\"elementor-field elementor-size-sm  elementor-field-textual\" placeholder=\"Ordernummer\">\n\t\t\t\t\t\t\t\t\t\t\t<\/div>\n\t\t\t\t\t\t\t\t<div class=\"elementor-field-type-checkbox elementor-field-group elementor-column elementor-field-group-field_fb70d57 elementor-col-100\">\n\t\t\t\t\t\t\t\t\t\t\t\t<label for=\"form-field-field_fb70d57\" class=\"elementor-field-label\">\n\t\t\t\t\t\t\t\tHar du k\u00f6pt produkten hos n\u00e5gon av v\u00e5ra \u00e5terf\u00f6rs\u00e4ljare?\t\t\t\t\t\t\t<\/label>\n\t\t\t\t\t\t<div class=\"elementor-field-subgroup  \"><span class=\"elementor-field-option\"><input type=\"checkbox\" value=\"Kryssa i denna ruta!\" id=\"form-field-field_fb70d57-0\" name=\"form_fields[field_fb70d57]\"> <label for=\"form-field-field_fb70d57-0\">Kryssa i denna ruta!<\/label><\/span><\/div>\t\t\t\t<\/div>\n\t\t\t\t\t\t\t\t<div class=\"elementor-field-type-text elementor-field-group elementor-column elementor-field-group-field_f8537ff elementor-col-100 elementor-field-required elementor-mark-required\">\n\t\t\t\t\t\t\t\t\t\t\t\t<label for=\"form-field-field_f8537ff\" class=\"elementor-field-label\">\n\t\t\t\t\t\t\t\tF\u00f6rnamn \/ Efternamn\t\t\t\t\t\t\t<\/label>\n\t\t\t\t\t\t\t\t\t\t\t\t\t\t<input size=\"1\" type=\"text\" name=\"form_fields[field_f8537ff]\" id=\"form-field-field_f8537ff\" class=\"elementor-field elementor-size-sm  elementor-field-textual\" placeholder=\"Ditt namn\" required=\"required\">\n\t\t\t\t\t\t\t\t\t\t\t<\/div>\n\t\t\t\t\t\t\t\t<div class=\"elementor-field-type-text elementor-field-group elementor-column elementor-field-group-field_c1c1e9d elementor-col-100\">\n\t\t\t\t\t\t\t\t\t\t\t\t<label for=\"form-field-field_c1c1e9d\" class=\"elementor-field-label\">\n\t\t\t\t\t\t\t\tLeveransadress\t\t\t\t\t\t\t<\/label>\n\t\t\t\t\t\t\t\t\t\t\t\t\t\t<input size=\"1\" type=\"text\" name=\"form_fields[field_c1c1e9d]\" id=\"form-field-field_c1c1e9d\" class=\"elementor-field elementor-size-sm  elementor-field-textual\" placeholder=\"Vi beh\u00f6ver din adress eftersom vi kanske beh\u00f6ver skicka t ex saknade spelkomponenter till dig!\">\n\t\t\t\t\t\t\t\t\t\t\t<\/div>\n\t\t\t\t\t\t\t\t<div class=\"elementor-field-type-tel elementor-field-group elementor-column elementor-field-group-field_d324f9a elementor-col-100\">\n\t\t\t\t\t\t\t\t\t\t\t\t<label for=\"form-field-field_d324f9a\" class=\"elementor-field-label\">\n\t\t\t\t\t\t\t\tTelefonnummer\t\t\t\t\t\t\t<\/label>\n\t\t\t\t\t\t\t\t<input size=\"1\" type=\"tel\" name=\"form_fields[field_d324f9a]\" id=\"form-field-field_d324f9a\" class=\"elementor-field elementor-size-sm  elementor-field-textual\" placeholder=\"Ditt telefonnummer\" pattern=\"[0-9()#&amp;+*-=.]+\" title=\"Endast siffror och telefontecken (#, -, *, etc) accepteras.\">\n\n\t\t\t\t\t\t<\/div>\n\t\t\t\t\t\t\t\t<div class=\"elementor-field-type-email elementor-field-group elementor-column elementor-field-group-email elementor-col-100 elementor-field-required elementor-mark-required\">\n\t\t\t\t\t\t\t\t\t\t\t\t<label for=\"form-field-email\" class=\"elementor-field-label\">\n\t\t\t\t\t\t\t\tEpostadress\t\t\t\t\t\t\t<\/label>\n\t\t\t\t\t\t\t\t\t\t\t\t\t\t<input size=\"1\" type=\"email\" name=\"form_fields[email]\" id=\"form-field-email\" class=\"elementor-field elementor-size-sm  elementor-field-textual\" placeholder=\"Din epostadress\" required=\"required\">\n\t\t\t\t\t\t\t\t\t\t\t<\/div>\n\t\t\t\t\t\t\t\t<div class=\"elementor-field-type-textarea elementor-field-group elementor-column elementor-field-group-message elementor-col-100 elementor-field-required elementor-mark-required\">\n\t\t\t\t\t\t\t\t\t\t\t\t<label for=\"form-field-message\" class=\"elementor-field-label\">\n\t\t\t\t\t\t\t\tMeddelande\t\t\t\t\t\t\t<\/label>\n\t\t\t\t\t\t<textarea class=\"elementor-field-textual elementor-field  elementor-size-sm\" name=\"form_fields[message]\" id=\"form-field-message\" rows=\"4\" placeholder=\"H\u00e4r kan du ber\u00e4tta varf\u00f6r du inte \u00e4r n\u00f6jd med produkten. Nedan kan du ocks\u00e5 s\u00e4tta in foton av produkten.\" required=\"required\"><\/textarea>\t\t\t\t<\/div>\n\t\t\t\t\t\t\t\t<div class=\"elementor-field-type-text elementor-field-group elementor-column elementor-field-group-field_d62d56e elementor-col-100\">\n\t\t\t\t\t\t\t\t\t\t\t\t<label for=\"form-field-field_d62d56e\" class=\"elementor-field-label\">\n\t\t\t\t\t\t\t\tKontonummer (IBAN\t\t\t\t\t\t\t<\/label>\n\t\t\t\t\t\t\t\t\t\t\t\t\t\t<input size=\"1\" type=\"text\" name=\"form_fields[field_d62d56e]\" id=\"form-field-field_d62d56e\" class=\"elementor-field elementor-size-sm  elementor-field-textual\" placeholder=\"Konto som du vill att beloppet ska \u00e5terbetalas till.\">\n\t\t\t\t\t\t\t\t\t\t\t<\/div>\n\t\t\t\t\t\t\t\t<div class=\"elementor-field-type-upload elementor-field-group elementor-column elementor-field-group-field_adec76e elementor-col-100\">\n\t\t\t\t\t\t\t\t\t\t\t\t<label for=\"form-field-field_adec76e\" class=\"elementor-field-label\">\n\t\t\t\t\t\t\t\tBilder av den felaktiga produkten\t\t\t\t\t\t\t<\/label>\n\t\t\t\t\t\t\t\t<input type=\"file\" name=\"form_fields[field_adec76e]\" id=\"form-field-field_adec76e\" class=\"elementor-field elementor-size-sm  elementor-upload-field\" data-maxsize=\"3\" data-maxsize-message=\"Denna fil \u00f6verskrider den maximala till\u00e5tna storleken.\">\n\n\t\t\t\t\t\t<\/div>\n\t\t\t\t\t\t\t\t<div class=\"elementor-field-group elementor-column elementor-field-type-submit elementor-col-20 e-form__buttons\">\n\t\t\t\t\t<button class=\"elementor-button elementor-size-sm\" type=\"submit\">\n\t\t\t\t\t\t<span class=\"elementor-button-content-wrapper\">\n\t\t\t\t\t\t\t\t\t\t\t\t\t\t\t\t\t\t\t\t\t\t<span class=\"elementor-button-text\">Skicka<\/span>\n\t\t\t\t\t\t\t\t\t\t\t\t\t<\/span>\n\t\t\t\t\t<\/button>\n\t\t\t\t<\/div>\n\t\t\t<\/div>\n\t\t<\/form>\n\t\t\t\t\t\t<\/div>\n\t\t\t\t<\/div>\n\t\t\t\t<div class=\"elementor-element elementor-element-f9cc6ba elementor-widget elementor-widget-spacer\" data-id=\"f9cc6ba\" data-element_type=\"widget\" data-e-type=\"widget\" data-widget_type=\"spacer.default\">\n\t\t\t\t<div class=\"elementor-widget-container\">\n\t\t\t\t\t\t\t<div class=\"elementor-spacer\">\n\t\t\t<div class=\"elementor-spacer-inner\"><\/div>\n\t\t<\/div>\n\t\t\t\t\t\t<\/div>\n\t\t\t\t<\/div>\n\t\t\t\t\t<\/div>\n\t\t<\/div>\n\t\t\t\t\t<\/div>\n\t\t<\/section>\n\t\t\t\t<\/div>\n\t\t","protected":false},"excerpt":{"rendered":"<p>G\u00f6ra en reklamation Vill du reklamera n\u00e5got? \u00a0 Felaktig produkt? Vi beklagar att du inte \u00e4r n\u00f6jd med ditt k\u00f6p. Om det \u00e4r n\u00e5got fel p\u00e5 den produkt du har k\u00f6pt eller om den p\u00e5 n\u00e5got s\u00e4tt inte lever upp till dina f\u00f6rv\u00e4ntningar har du r\u00e4tt att annullera best\u00e4llningen inom fjorton (14) dagar efter att [&hellip;]<\/p>\n","protected":false},"author":2,"featured_media":0,"parent":53417,"menu_order":0,"comment_status":"closed","ping_status":"closed","template":"","meta":{"content-type":"","_monsterinsights_skip_tracking":false,"_monsterinsights_sitenote_active":false,"_monsterinsights_sitenote_note":"","_monsterinsights_sitenote_category":0,"footnotes":""},"class_list":["post-75334","page","type-page","status-publish","hentry"],"aioseo_notices":[],"_links":{"self":[{"href":"https:\/\/games.tactic.net\/sv\/wp-json\/wp\/v2\/pages\/75334","targetHints":{"allow":["GET"]}}],"collection":[{"href":"https:\/\/games.tactic.net\/sv\/wp-json\/wp\/v2\/pages"}],"about":[{"href":"https:\/\/games.tactic.net\/sv\/wp-json\/wp\/v2\/types\/page"}],"author":[{"embeddable":true,"href":"https:\/\/games.tactic.net\/sv\/wp-json\/wp\/v2\/users\/2"}],"replies":[{"embeddable":true,"href":"https:\/\/games.tactic.net\/sv\/wp-json\/wp\/v2\/comments?post=75334"}],"version-history":[{"count":30,"href":"https:\/\/games.tactic.net\/sv\/wp-json\/wp\/v2\/pages\/75334\/revisions"}],"predecessor-version":[{"id":523608,"href":"https:\/\/games.tactic.net\/sv\/wp-json\/wp\/v2\/pages\/75334\/revisions\/523608"}],"up":[{"embeddable":true,"href":"https:\/\/games.tactic.net\/sv\/wp-json\/wp\/v2\/pages\/53417"}],"wp:attachment":[{"href":"https:\/\/games.tactic.net\/sv\/wp-json\/wp\/v2\/media?parent=75334"}],"curies":[{"name":"wp","href":"https:\/\/api.w.org\/{rel}","templated":true}]}}