{"id":75331,"date":"2021-01-18T07:48:15","date_gmt":"2021-01-18T05:48:15","guid":{"rendered":"https:\/\/dev.tactic.net\/kaupan-kaytto-ja-toimitussehdot\/"},"modified":"2021-03-11T09:36:34","modified_gmt":"2021-03-11T07:36:34","slug":"anvandarvillkor","status":"publish","type":"page","link":"https:\/\/games.tactic.net\/sv\/anvandarvillkor\/","title":{"rendered":"Anv\u00e4ndarvillkor"},"content":{"rendered":"\t\t<div data-elementor-type=\"wp-page\" data-elementor-id=\"75331\" class=\"elementor elementor-75331 elementor-54753\" data-elementor-post-type=\"page\">\n\t\t\t\t\t\t<section class=\"elementor-section elementor-top-section elementor-element elementor-element-ef0d9f0 elementor-section-boxed elementor-section-height-default elementor-section-height-default\" data-id=\"ef0d9f0\" data-element_type=\"section\" data-e-type=\"section\">\n\t\t\t\t\t\t<div class=\"elementor-container elementor-column-gap-default\">\n\t\t\t\t\t<div class=\"elementor-column elementor-col-100 elementor-top-column elementor-element elementor-element-1805233\" data-id=\"1805233\" data-element_type=\"column\" data-e-type=\"column\">\n\t\t\t<div class=\"elementor-widget-wrap elementor-element-populated\">\n\t\t\t\t\t\t<div class=\"elementor-element elementor-element-7196f10 elementor-widget elementor-widget-heading\" data-id=\"7196f10\" data-element_type=\"widget\" data-e-type=\"widget\" data-widget_type=\"heading.default\">\n\t\t\t\t<div class=\"elementor-widget-container\">\n\t\t\t\t\t<h2 class=\"elementor-heading-title elementor-size-default\">Anv\u00e4ndarvillkor<\/h2>\t\t\t\t<\/div>\n\t\t\t\t<\/div>\n\t\t\t\t\t<\/div>\n\t\t<\/div>\n\t\t\t\t\t<\/div>\n\t\t<\/section>\n\t\t\t\t<section class=\"elementor-section elementor-top-section elementor-element elementor-element-d0ee3d7 elementor-section-boxed elementor-section-height-default elementor-section-height-default\" data-id=\"d0ee3d7\" data-element_type=\"section\" data-e-type=\"section\">\n\t\t\t\t\t\t<div class=\"elementor-container elementor-column-gap-default\">\n\t\t\t\t\t<div class=\"elementor-column elementor-col-100 elementor-top-column elementor-element elementor-element-6bf88b9\" data-id=\"6bf88b9\" data-element_type=\"column\" data-e-type=\"column\">\n\t\t\t<div class=\"elementor-widget-wrap elementor-element-populated\">\n\t\t\t\t\t\t<div class=\"elementor-element elementor-element-0ca0eb6 elementor-widget elementor-widget-text-editor\" data-id=\"0ca0eb6\" data-element_type=\"widget\" data-e-type=\"widget\" data-widget_type=\"text-editor.default\">\n\t\t\t\t<div class=\"elementor-widget-container\">\n\t\t\t\t\t\t\t\t\t<h2>Registrering p\u00e5 Tactic.net<\/h2>\n<p>En kund blir registrerad i kundregistret hos webbutiken Tactic.net n\u00e4r kunden har gjort sin f\u00f6rsta best\u00e4llning genom att skriva in sitt namn och annan viktig information. D\u00e4rigenom samtycker kunden till att Tactic.net f\u00e5r f\u00f6ra in kundens personuppgifter i sitt kundregister. Tactic.net behandlar kundens information med st\u00f6rsta sekretess och f\u00f6rbinder sig att aldrig l\u00e4mna ut n\u00e5gon information om sina kunder till en tredje part, med undantag f\u00f6r interna partners inom sin egen f\u00f6retagsgrupp. Kunden m\u00e5ste vara f\u00f6rsiktig och noggrann n\u00e4r den anv\u00e4nder webbutiken.<\/p>\n<p><strong>K\u00f6peavtal<\/strong><\/p>\n<p>Kommunikation mellan parterna f\u00f6rs via epost eller telefon. Kunden f\u00f6rbinder sig att kontrollera sin epost efter att ha gjort sin best\u00e4llning f\u00f6r att se om det kommer n\u00e5gon orderbekr\u00e4ftelse. Ett bindande k\u00f6peavtal har ing\u00e5tts n\u00e4r kunden har betalat f\u00f6r sin best\u00e4llning till ett bankkonto eller gjort en betalning med hj\u00e4lp av ett kreditkort baserat p\u00e5 den faktura som skickats fr\u00e5n webbutiken Tactic.net. Kunden har r\u00e4tt att annullera best\u00e4llningen till vissa delar eller i sin helhet via epost eller telefon. Leverans har skett n\u00e4r kunden har tagit emot en del av best\u00e4llningen eller f\u00e5tt besked om att best\u00e4llningen kan h\u00e4mtas ut fr\u00e5n postens utl\u00e4mningsst\u00e4lle. N\u00e4r kunden v\u00e4l har gjort sin best\u00e4llning \u00e4ger Tactic.net inte r\u00e4tt att \u00e4ndra villkoren i detta avtal.<\/p>\n<p><strong>Betala med Visa, Visa Electron eller MasterCard<\/strong><\/p>\n<p>Om du vill betala med hj\u00e4lp av Visa, Visa Electron eller MasterCard fungerar Tactic.net bara som marknadsf\u00f6rare av produkterna och tj\u00e4nsterna och levererar dem till kunden. F\u00f6r \u00e5terbetalningar ber vi er kontakta:<\/p>\n\t\t\t\t\t\t\t\t<\/div>\n\t\t\t\t<\/div>\n\t\t\t\t\t<\/div>\n\t\t<\/div>\n\t\t\t\t\t<\/div>\n\t\t<\/section>\n\t\t\t\t<section class=\"elementor-section elementor-top-section elementor-element elementor-element-97c3093 elementor-section-boxed elementor-section-height-default elementor-section-height-default\" data-id=\"97c3093\" data-element_type=\"section\" data-e-type=\"section\">\n\t\t\t\t\t\t<div class=\"elementor-container elementor-column-gap-default\">\n\t\t\t\t\t<div class=\"elementor-column elementor-col-100 elementor-top-column elementor-element elementor-element-cd644c4\" data-id=\"cd644c4\" data-element_type=\"column\" data-e-type=\"column\">\n\t\t\t<div class=\"elementor-widget-wrap elementor-element-populated\">\n\t\t\t\t\t\t<div class=\"elementor-element elementor-element-0a4062a elementor-widget elementor-widget-heading\" data-id=\"0a4062a\" data-element_type=\"widget\" data-e-type=\"widget\" data-widget_type=\"heading.default\">\n\t\t\t\t<div class=\"elementor-widget-container\">\n\t\t\t\t\t<h1 class=\"elementor-heading-title elementor-size-default\">Leveransvillkor<\/h1>\t\t\t\t<\/div>\n\t\t\t\t<\/div>\n\t\t\t\t\t<\/div>\n\t\t<\/div>\n\t\t\t\t\t<\/div>\n\t\t<\/section>\n\t\t\t\t<section class=\"elementor-section elementor-top-section elementor-element elementor-element-b7a4dee elementor-section-boxed elementor-section-height-default elementor-section-height-default\" data-id=\"b7a4dee\" data-element_type=\"section\" data-e-type=\"section\">\n\t\t\t\t\t\t<div class=\"elementor-container elementor-column-gap-default\">\n\t\t\t\t\t<div class=\"elementor-column elementor-col-100 elementor-top-column elementor-element elementor-element-631f47b\" data-id=\"631f47b\" data-element_type=\"column\" data-e-type=\"column\">\n\t\t\t<div class=\"elementor-widget-wrap elementor-element-populated\">\n\t\t\t\t\t\t<div class=\"elementor-element elementor-element-44196b2 elementor-widget elementor-widget-text-editor\" data-id=\"44196b2\" data-element_type=\"widget\" data-e-type=\"widget\" data-widget_type=\"text-editor.default\">\n\t\t\t\t<div class=\"elementor-widget-container\">\n\t\t\t\t\t\t\t\t\t<p>Om produkten finns tillg\u00e4nglig p\u00e5 v\u00e5rt lager \u00e4r den uppskattade leveranstiden inom Finland 2\u20135 arbetsdagar. Om kunden k\u00f6per produkter med en annan leveranstid som st\u00e5r angiven p\u00e5 Tactic.net levereras best\u00e4llningen i enlighet med den l\u00e4ngsta angivna leveranstiden. Alla leveranser fr\u00e5n Tactic.net utf\u00f6rs av den finska postservicen Posti om inte kunden och Tactic.net har kommit \u00f6verens om n\u00e5got annat. Observera! Paket som levereras av Posti m\u00e5ste h\u00e4mtas inom en vecka oberoende av Tactic.net.<\/p>\n<p>N\u00e4r kunden g\u00f6r sin best\u00e4llning f\u00e5r den ett f\u00f6rs\u00e4ndelse-ID som kan anv\u00e4ndas f\u00f6r att f\u00f6lja leveransen av varan. Varan levereras till det postutl\u00e4mningsst\u00e4lle som ligger n\u00e4rmast kundens adress. N\u00e4r kunden har f\u00e5tt besked om att paketet finns att h\u00e4mta, m\u00e5ste det h\u00e4mtas inom en vecka, annars kommer det att \u00e5ters\u00e4ndas till avs\u00e4ndaren. Vi ber v\u00e5ra kunder att f\u00f6lja leveransen med hj\u00e4lp av ett f\u00f6rs\u00e4ndelse-ID ifall postens leveransnotifikation inte n\u00e5r dem. Tyv\u00e4rr kan vi inte skicka tillbaka de paket som \u00e5ters\u00e4nds till oss av posten.<\/p>\n\t\t\t\t\t\t\t\t<\/div>\n\t\t\t\t<\/div>\n\t\t\t\t<div class=\"elementor-element elementor-element-d72d83e elementor-widget elementor-widget-heading\" data-id=\"d72d83e\" data-element_type=\"widget\" data-e-type=\"widget\" data-widget_type=\"heading.default\">\n\t\t\t\t<div class=\"elementor-widget-container\">\n\t\t\t\t\t<h1 class=\"elementor-heading-title elementor-size-default\">\u00c5terbetalningar<\/h1>\t\t\t\t<\/div>\n\t\t\t\t<\/div>\n\t\t\t\t<div class=\"elementor-element elementor-element-9fe8fbe elementor-widget elementor-widget-text-editor\" data-id=\"9fe8fbe\" data-element_type=\"widget\" data-e-type=\"widget\" data-widget_type=\"text-editor.default\">\n\t\t\t\t<div class=\"elementor-widget-container\">\n\t\t\t\t\t\t\t\t\t<p>Om det \u00e4r n\u00e5got fel p\u00e5 den produkt du har k\u00f6pt eller om den p\u00e5 n\u00e5got s\u00e4tt inte lever upp till dina f\u00f6rv\u00e4ntningar har du r\u00e4tt att annullera best\u00e4llningen inom fjorton (14) dagar efter att du har tagit emot produkten, exklusive datumet f\u00f6r mottagandet av denna blankett.<\/p>\n<p>F\u00f6r mer information om v\u00e5r kundservice, skriv till <a class=\"waffle-rich-text-link\" data-sheets-formula-bar-text-link=\"mailto:info.swe@tactic.net\" data-sheets-formula-bar-text-style=\"font-size:13px;color:#000000;font-weight:normal;text-decoration:underline;font-family:'Arial';font-style:normal;text-decoration-skip-ink:none;\">info.swe(at)tactic.net<\/a><\/p>\n\t\t\t\t\t\t\t\t<\/div>\n\t\t\t\t<\/div>\n\t\t\t\t<div class=\"elementor-element elementor-element-543cad1 elementor-widget elementor-widget-spacer\" data-id=\"543cad1\" data-element_type=\"widget\" data-e-type=\"widget\" data-widget_type=\"spacer.default\">\n\t\t\t\t<div class=\"elementor-widget-container\">\n\t\t\t\t\t\t\t<div class=\"elementor-spacer\">\n\t\t\t<div class=\"elementor-spacer-inner\"><\/div>\n\t\t<\/div>\n\t\t\t\t\t\t<\/div>\n\t\t\t\t<\/div>\n\t\t\t\t\t<\/div>\n\t\t<\/div>\n\t\t\t\t\t<\/div>\n\t\t<\/section>\n\t\t\t\t<\/div>\n\t\t","protected":false},"excerpt":{"rendered":"<p>Anv\u00e4ndarvillkor Registrering p\u00e5 Tactic.net En kund blir registrerad i kundregistret hos webbutiken Tactic.net n\u00e4r kunden har gjort sin f\u00f6rsta best\u00e4llning genom att skriva in sitt namn och annan viktig information. D\u00e4rigenom samtycker kunden till att Tactic.net f\u00e5r f\u00f6ra in kundens personuppgifter i sitt kundregister. Tactic.net behandlar kundens information med st\u00f6rsta sekretess och f\u00f6rbinder sig att [&hellip;]<\/p>\n","protected":false},"author":2,"featured_media":0,"parent":0,"menu_order":0,"comment_status":"closed","ping_status":"closed","template":"","meta":{"content-type":"","_monsterinsights_skip_tracking":false,"_monsterinsights_sitenote_active":false,"_monsterinsights_sitenote_note":"","_monsterinsights_sitenote_category":0,"footnotes":""},"class_list":["post-75331","page","type-page","status-publish","hentry"],"aioseo_notices":[],"_links":{"self":[{"href":"https:\/\/games.tactic.net\/sv\/wp-json\/wp\/v2\/pages\/75331","targetHints":{"allow":["GET"]}}],"collection":[{"href":"https:\/\/games.tactic.net\/sv\/wp-json\/wp\/v2\/pages"}],"about":[{"href":"https:\/\/games.tactic.net\/sv\/wp-json\/wp\/v2\/types\/page"}],"author":[{"embeddable":true,"href":"https:\/\/games.tactic.net\/sv\/wp-json\/wp\/v2\/users\/2"}],"replies":[{"embeddable":true,"href":"https:\/\/games.tactic.net\/sv\/wp-json\/wp\/v2\/comments?post=75331"}],"version-history":[{"count":3,"href":"https:\/\/games.tactic.net\/sv\/wp-json\/wp\/v2\/pages\/75331\/revisions"}],"predecessor-version":[{"id":75339,"href":"https:\/\/games.tactic.net\/sv\/wp-json\/wp\/v2\/pages\/75331\/revisions\/75339"}],"wp:attachment":[{"href":"https:\/\/games.tactic.net\/sv\/wp-json\/wp\/v2\/media?parent=75331"}],"curies":[{"name":"wp","href":"https:\/\/api.w.org\/{rel}","templated":true}]}}