{"id":53491,"date":"2019-10-25T23:59:09","date_gmt":"2019-10-25T20:59:09","guid":{"rendered":"https:\/\/dev.tactic.net\/aterforsaljare\/bli-aterforsaljare\/tietoajalleenmyyjille\/"},"modified":"2025-03-06T07:11:31","modified_gmt":"2025-03-06T05:11:31","slug":"information-for-aterforsaljare","status":"publish","type":"page","link":"https:\/\/games.tactic.net\/sv\/aterforsaljare\/bli-aterforsaljare\/information-for-aterforsaljare\/","title":{"rendered":"Information f\u00f6r \u00e5terf\u00f6rs\u00e4ljare"},"content":{"rendered":"\t\t<div data-elementor-type=\"wp-page\" data-elementor-id=\"53491\" class=\"elementor elementor-53491 elementor-35\" data-elementor-post-type=\"page\">\n\t\t\t\t\t\t<section class=\"elementor-section elementor-top-section elementor-element elementor-element-444fc67 elementor-section-boxed elementor-section-height-default elementor-section-height-default\" data-id=\"444fc67\" data-element_type=\"section\" data-e-type=\"section\">\n\t\t\t\t\t\t<div class=\"elementor-container elementor-column-gap-default\">\n\t\t\t\t\t<div class=\"elementor-column elementor-col-100 elementor-top-column elementor-element elementor-element-78e20a9\" data-id=\"78e20a9\" data-element_type=\"column\" data-e-type=\"column\">\n\t\t\t<div class=\"elementor-widget-wrap elementor-element-populated\">\n\t\t\t\t\t\t<div class=\"elementor-element elementor-element-51479ed elementor-widget elementor-widget-heading\" data-id=\"51479ed\" data-element_type=\"widget\" data-e-type=\"widget\" data-widget_type=\"heading.default\">\n\t\t\t\t<div class=\"elementor-widget-container\">\n\t\t\t\t\t<h2 class=\"elementor-heading-title elementor-size-default\">Information f\u00f6r \u00e5terf\u00f6rs\u00e4ljare<\/h2>\t\t\t\t<\/div>\n\t\t\t\t<\/div>\n\t\t\t\t\t<\/div>\n\t\t<\/div>\n\t\t\t\t\t<\/div>\n\t\t<\/section>\n\t\t\t\t<section class=\"elementor-section elementor-top-section elementor-element elementor-element-d3afeba elementor-section-boxed elementor-section-height-default elementor-section-height-default\" data-id=\"d3afeba\" data-element_type=\"section\" data-e-type=\"section\">\n\t\t\t\t\t\t<div class=\"elementor-container elementor-column-gap-default\">\n\t\t\t\t\t<div class=\"elementor-column elementor-col-100 elementor-top-column elementor-element elementor-element-f134be7\" data-id=\"f134be7\" data-element_type=\"column\" data-e-type=\"column\">\n\t\t\t<div class=\"elementor-widget-wrap elementor-element-populated\">\n\t\t\t\t\t\t<div class=\"elementor-element elementor-element-010bf04 elementor-widget elementor-widget-heading\" data-id=\"010bf04\" data-element_type=\"widget\" data-e-type=\"widget\" data-widget_type=\"heading.default\">\n\t\t\t\t<div class=\"elementor-widget-container\">\n\t\t\t\t\t<h1 class=\"elementor-heading-title elementor-size-default\">V\u00e4lkommen till informationscentrum f\u00f6r \u00e5terf\u00f6rs\u00e4ljare. <\/h1>\t\t\t\t<\/div>\n\t\t\t\t<\/div>\n\t\t\t\t\t<\/div>\n\t\t<\/div>\n\t\t\t\t\t<\/div>\n\t\t<\/section>\n\t\t\t\t<section class=\"elementor-section elementor-top-section elementor-element elementor-element-26e1f5d elementor-section-boxed elementor-section-height-default elementor-section-height-default\" data-id=\"26e1f5d\" data-element_type=\"section\" data-e-type=\"section\">\n\t\t\t\t\t\t<div class=\"elementor-container elementor-column-gap-default\">\n\t\t\t\t\t<div class=\"elementor-column elementor-col-100 elementor-top-column elementor-element elementor-element-095b5a3\" data-id=\"095b5a3\" data-element_type=\"column\" data-e-type=\"column\">\n\t\t\t<div class=\"elementor-widget-wrap elementor-element-populated\">\n\t\t\t\t\t\t<div class=\"elementor-element elementor-element-ab5e6d0 elementor-widget elementor-widget-text-editor\" data-id=\"ab5e6d0\" data-element_type=\"widget\" data-e-type=\"widget\" data-widget_type=\"text-editor.default\">\n\t\t\t\t<div class=\"elementor-widget-container\">\n\t\t\t\t\t\t\t\t\t<h3>Webbutik f\u00f6r \u00e5terf\u00f6rs\u00e4ljare<\/h3><p><a href=\"http:\/\/tactic.net\/shop\/\" target=\"_blank\" rel=\"noopener\">Webbutik-login<\/a><\/p><p>F\u00f6r att f\u00e5 tillg\u00e5ng till webbutiken, var v\u00e4nlig be om kod och l\u00f6senord fr\u00e5n: info(at)tactic.net<\/p>\t\t\t\t\t\t\t\t<\/div>\n\t\t\t\t<\/div>\n\t\t\t\t\t<\/div>\n\t\t<\/div>\n\t\t\t\t\t<\/div>\n\t\t<\/section>\n\t\t\t\t<section class=\"elementor-section elementor-top-section elementor-element elementor-element-b09e79d elementor-section-boxed elementor-section-height-default elementor-section-height-default\" data-id=\"b09e79d\" data-element_type=\"section\" data-e-type=\"section\">\n\t\t\t\t\t\t<div class=\"elementor-container elementor-column-gap-default\">\n\t\t\t\t\t<div class=\"elementor-column elementor-col-100 elementor-top-column elementor-element elementor-element-b589a18\" data-id=\"b589a18\" data-element_type=\"column\" data-e-type=\"column\">\n\t\t\t<div class=\"elementor-widget-wrap elementor-element-populated\">\n\t\t\t\t\t\t<div class=\"elementor-element elementor-element-2a6a305 elementor-widget elementor-widget-text-editor\" data-id=\"2a6a305\" data-element_type=\"widget\" data-e-type=\"widget\" data-widget_type=\"text-editor.default\">\n\t\t\t\t<div class=\"elementor-widget-container\">\n\t\t\t\t\t\t\t\t\t<h3>Bildbank f\u00f6r \u00e5terf\u00f6rs\u00e4ljare<\/h3><p><a href=\"http:\/\/gallery.tactic.net\/\" target=\"_blank\" rel=\"noopener\">Bildbank-login<\/a><\/p><p>I v\u00e5r bildbank finns bilder p\u00e5 alla produkter och \u00e4ven andra spelrelaterade bilder eller filmer.<\/p><p>F\u00f6r att f\u00e5 tillg\u00e5ng till webbutiken, var v\u00e4nlig be om kod och l\u00f6senord fr\u00e5n: info.swe(at)tactic.net<\/p>\t\t\t\t\t\t\t\t<\/div>\n\t\t\t\t<\/div>\n\t\t\t\t\t<\/div>\n\t\t<\/div>\n\t\t\t\t\t<\/div>\n\t\t<\/section>\n\t\t\t\t<section class=\"elementor-section elementor-top-section elementor-element elementor-element-c65d372 elementor-section-boxed elementor-section-height-default elementor-section-height-default\" data-id=\"c65d372\" data-element_type=\"section\" data-e-type=\"section\">\n\t\t\t\t\t\t<div class=\"elementor-container elementor-column-gap-default\">\n\t\t\t\t\t<div class=\"elementor-column elementor-col-100 elementor-top-column elementor-element elementor-element-bf76c49\" data-id=\"bf76c49\" data-element_type=\"column\" data-e-type=\"column\">\n\t\t\t<div class=\"elementor-widget-wrap elementor-element-populated\">\n\t\t\t\t\t\t<div class=\"elementor-element elementor-element-1519b8d elementor-widget elementor-widget-text-editor\" data-id=\"1519b8d\" data-element_type=\"widget\" data-e-type=\"widget\" data-widget_type=\"text-editor.default\">\n\t\t\t\t<div class=\"elementor-widget-container\">\n\t\t\t\t\t\t\t\t\t<h3>Materials<\/h3><p><a href=\"https:\/\/tacticfinland.sharepoint.com\/:p:\/s\/TacticGamesOy361\/Efuet3ab12lNjmZoeaLVUi0BVViFBfuKCF4iqqUsUV8bBQ?e=8E5YZg\" target=\"_blank\" rel=\"noopener\">Tactics f\u00f6retagspresentation <\/a>(PowerPoint)<\/p><p><a href=\"https:\/\/documents.tactic.net\/public\/catalogues\/2025\/Tactic_Games_Catalogue_SE_2025.pdf\" target=\"_blank\" rel=\"noopener\">Tactics spelkatalog 2025<\/a>\u00a0(PDF)<\/p>\t\t\t\t\t\t\t\t<\/div>\n\t\t\t\t<\/div>\n\t\t\t\t\t<\/div>\n\t\t<\/div>\n\t\t\t\t\t<\/div>\n\t\t<\/section>\n\t\t\t\t<section class=\"elementor-section elementor-top-section elementor-element elementor-element-d8b3fde elementor-section-boxed elementor-section-height-default elementor-section-height-default\" data-id=\"d8b3fde\" data-element_type=\"section\" data-e-type=\"section\">\n\t\t\t\t\t\t<div class=\"elementor-container elementor-column-gap-default\">\n\t\t\t\t\t<div class=\"elementor-column elementor-col-100 elementor-top-column elementor-element elementor-element-9f3bd42\" data-id=\"9f3bd42\" data-element_type=\"column\" data-e-type=\"column\">\n\t\t\t<div class=\"elementor-widget-wrap elementor-element-populated\">\n\t\t\t\t\t\t\t<\/div>\n\t\t<\/div>\n\t\t\t\t\t<\/div>\n\t\t<\/section>\n\t\t\t\t<\/div>\n\t\t","protected":false},"excerpt":{"rendered":"<p>Information f\u00f6r \u00e5terf\u00f6rs\u00e4ljare V\u00e4lkommen till informationscentrum f\u00f6r \u00e5terf\u00f6rs\u00e4ljare. Webbutik f\u00f6r \u00e5terf\u00f6rs\u00e4ljare Webbutik-login F\u00f6r att f\u00e5 tillg\u00e5ng till webbutiken, var v\u00e4nlig be om kod och l\u00f6senord fr\u00e5n: info(at)tactic.net Bildbank f\u00f6r \u00e5terf\u00f6rs\u00e4ljare Bildbank-login I v\u00e5r bildbank finns bilder p\u00e5 alla produkter och \u00e4ven andra spelrelaterade bilder eller filmer. F\u00f6r att f\u00e5 tillg\u00e5ng till webbutiken, var v\u00e4nlig be [&hellip;]<\/p>\n","protected":false},"author":1,"featured_media":0,"parent":53485,"menu_order":1,"comment_status":"closed","ping_status":"closed","template":"","meta":{"content-type":"","_monsterinsights_skip_tracking":false,"_monsterinsights_sitenote_active":false,"_monsterinsights_sitenote_note":"","_monsterinsights_sitenote_category":0,"footnotes":""},"class_list":["post-53491","page","type-page","status-publish","hentry"],"aioseo_notices":[],"_links":{"self":[{"href":"https:\/\/games.tactic.net\/sv\/wp-json\/wp\/v2\/pages\/53491","targetHints":{"allow":["GET"]}}],"collection":[{"href":"https:\/\/games.tactic.net\/sv\/wp-json\/wp\/v2\/pages"}],"about":[{"href":"https:\/\/games.tactic.net\/sv\/wp-json\/wp\/v2\/types\/page"}],"author":[{"embeddable":true,"href":"https:\/\/games.tactic.net\/sv\/wp-json\/wp\/v2\/users\/1"}],"replies":[{"embeddable":true,"href":"https:\/\/games.tactic.net\/sv\/wp-json\/wp\/v2\/comments?post=53491"}],"version-history":[{"count":28,"href":"https:\/\/games.tactic.net\/sv\/wp-json\/wp\/v2\/pages\/53491\/revisions"}],"predecessor-version":[{"id":1366005,"href":"https:\/\/games.tactic.net\/sv\/wp-json\/wp\/v2\/pages\/53491\/revisions\/1366005"}],"up":[{"embeddable":true,"href":"https:\/\/games.tactic.net\/sv\/wp-json\/wp\/v2\/pages\/53485"}],"wp:attachment":[{"href":"https:\/\/games.tactic.net\/sv\/wp-json\/wp\/v2\/media?parent=53491"}],"curies":[{"name":"wp","href":"https:\/\/api.w.org\/{rel}","templated":true}]}}