{"id":53485,"date":"2020-02-18T09:57:01","date_gmt":"2020-02-18T07:57:01","guid":{"rendered":"https:\/\/dev.tactic.net\/aterforsaljare\/jalleenmyyjaksi\/"},"modified":"2025-03-06T07:10:07","modified_gmt":"2025-03-06T05:10:07","slug":"bli-aterforsaljare","status":"publish","type":"page","link":"https:\/\/games.tactic.net\/sv\/aterforsaljare\/bli-aterforsaljare\/","title":{"rendered":"Bli \u00e5terf\u00f6rs\u00e4ljare"},"content":{"rendered":"\t\t<div data-elementor-type=\"wp-page\" data-elementor-id=\"53485\" class=\"elementor elementor-53485 elementor-10466\" data-elementor-post-type=\"page\">\n\t\t\t\t\t\t<section class=\"elementor-section elementor-top-section elementor-element elementor-element-091474a elementor-section-boxed elementor-section-height-default elementor-section-height-default\" data-id=\"091474a\" data-element_type=\"section\" data-e-type=\"section\">\n\t\t\t\t\t\t<div class=\"elementor-container elementor-column-gap-default\">\n\t\t\t\t\t<div class=\"elementor-column elementor-col-100 elementor-top-column elementor-element elementor-element-d2be8c4\" data-id=\"d2be8c4\" data-element_type=\"column\" data-e-type=\"column\">\n\t\t\t<div class=\"elementor-widget-wrap elementor-element-populated\">\n\t\t\t\t\t\t<div class=\"elementor-element elementor-element-1761ab9 elementor-widget elementor-widget-heading\" data-id=\"1761ab9\" data-element_type=\"widget\" data-e-type=\"widget\" data-widget_type=\"heading.default\">\n\t\t\t\t<div class=\"elementor-widget-container\">\n\t\t\t\t\t<h2 class=\"elementor-heading-title elementor-size-default\">Bli \u00e5terf\u00f6rs\u00e4ljare<\/h2>\t\t\t\t<\/div>\n\t\t\t\t<\/div>\n\t\t\t\t\t<\/div>\n\t\t<\/div>\n\t\t\t\t\t<\/div>\n\t\t<\/section>\n\t\t\t\t<section class=\"elementor-section elementor-top-section elementor-element elementor-element-3c9701e elementor-section-boxed elementor-section-height-default elementor-section-height-default\" data-id=\"3c9701e\" data-element_type=\"section\" data-e-type=\"section\">\n\t\t\t\t\t\t<div class=\"elementor-container elementor-column-gap-default\">\n\t\t\t\t\t<div class=\"elementor-column elementor-col-100 elementor-top-column elementor-element elementor-element-6933e2e\" data-id=\"6933e2e\" data-element_type=\"column\" data-e-type=\"column\">\n\t\t\t<div class=\"elementor-widget-wrap elementor-element-populated\">\n\t\t\t\t\t\t<div class=\"elementor-element elementor-element-a57b81e elementor-widget elementor-widget-heading\" data-id=\"a57b81e\" data-element_type=\"widget\" data-e-type=\"widget\" data-widget_type=\"heading.default\">\n\t\t\t\t<div class=\"elementor-widget-container\">\n\t\t\t\t\t<h1 class=\"elementor-heading-title elementor-size-default\">\u00c4r du redo f\u00f6r n\u00e4sta niv\u00e5?<\/h1>\t\t\t\t<\/div>\n\t\t\t\t<\/div>\n\t\t\t\t\t<\/div>\n\t\t<\/div>\n\t\t\t\t\t<\/div>\n\t\t<\/section>\n\t\t\t\t<section class=\"elementor-section elementor-top-section elementor-element elementor-element-72e4e96 elementor-section-boxed elementor-section-height-default elementor-section-height-default\" data-id=\"72e4e96\" data-element_type=\"section\" data-e-type=\"section\">\n\t\t\t\t\t\t<div class=\"elementor-container elementor-column-gap-default\">\n\t\t\t\t\t<div class=\"elementor-column elementor-col-100 elementor-top-column elementor-element elementor-element-b960f5b\" data-id=\"b960f5b\" data-element_type=\"column\" data-e-type=\"column\">\n\t\t\t<div class=\"elementor-widget-wrap elementor-element-populated\">\n\t\t\t\t\t\t<div class=\"elementor-element elementor-element-965800b elementor-widget elementor-widget-text-editor\" data-id=\"965800b\" data-element_type=\"widget\" data-e-type=\"widget\" data-widget_type=\"text-editor.default\">\n\t\t\t\t<div class=\"elementor-widget-container\">\n\t\t\t\t\t\t\t\t\t<p>Bli en del av framg\u00e5ngssagan med Tactics spel, leksaker och barnb\u00f6cker!<\/p><p>F\u00f6rutom att vara specialiserade p\u00e5 br\u00e4dspel (barn, familj och partyspel) tillverkar och s\u00e4ljer vi ocks\u00e5 resespel, kortspel, t\u00e4rningsspel, pokerprodukter, pussel, trolleriset och handarbetsset samt utomhusspel av tr\u00e4. Vi har ocks\u00e5 en stor utgivning av barnb\u00f6cker. Dessutom t\u00e4cker v\u00e5r repertoar v\u00e5ra egna och importerade leksaksm\u00e4rken.<\/p><p>Som \u00e5terf\u00f6rs\u00e4ljare kommer du att f\u00e5 en p\u00e5litlig partner och m\u00f6jligheten att arbeta med ledande finska och internationella spel- och leksaksprodukter. Vi garanterar ocks\u00e5 exakta och snabba leveranser direkt fr\u00e5n v\u00e5rt lager i Pori i Finland.<\/p>\t\t\t\t\t\t\t\t<\/div>\n\t\t\t\t<\/div>\n\t\t\t\t\t<\/div>\n\t\t<\/div>\n\t\t\t\t\t<\/div>\n\t\t<\/section>\n\t\t\t\t<section class=\"elementor-section elementor-top-section elementor-element elementor-element-6089db1 elementor-section-boxed elementor-section-height-default elementor-section-height-default\" data-id=\"6089db1\" data-element_type=\"section\" data-e-type=\"section\">\n\t\t\t\t\t\t<div class=\"elementor-container elementor-column-gap-default\">\n\t\t\t\t\t<div class=\"elementor-column elementor-col-100 elementor-top-column elementor-element elementor-element-d1cd1f3\" data-id=\"d1cd1f3\" data-element_type=\"column\" data-e-type=\"column\">\n\t\t\t<div class=\"elementor-widget-wrap elementor-element-populated\">\n\t\t\t\t\t\t<div class=\"elementor-element elementor-element-74721d8 elementor-widget elementor-widget-text-editor\" data-id=\"74721d8\" data-element_type=\"widget\" data-e-type=\"widget\" data-widget_type=\"text-editor.default\">\n\t\t\t\t<div class=\"elementor-widget-container\">\n\t\t\t\t\t\t\t\t\t<p><a href=\"https:\/\/tacticfinland.sharepoint.com\/:p:\/s\/TacticGamesOy361\/Efuet3ab12lNjmZoeaLVUi0BVViFBfuKCF4iqqUsUV8bBQ?e=8E5YZg\" target=\"_blank\" rel=\"noopener\">Tactics f\u00f6retagspresentation <\/a>(PowerPoint)<\/p><p><a href=\"https:\/\/documents.tactic.net\/public\/catalogues\/2025\/Tactic_Games_Catalogue_SE_2025.pdf\" target=\"_blank\" rel=\"noopener\">Tactics spelkatalog 2025<\/a>\u00a0(PDF)<\/p>\t\t\t\t\t\t\t\t<\/div>\n\t\t\t\t<\/div>\n\t\t\t\t\t<\/div>\n\t\t<\/div>\n\t\t\t\t\t<\/div>\n\t\t<\/section>\n\t\t\t\t<section class=\"elementor-section elementor-top-section elementor-element elementor-element-03f8305 elementor-section-boxed elementor-section-height-default elementor-section-height-default\" data-id=\"03f8305\" data-element_type=\"section\" data-e-type=\"section\">\n\t\t\t\t\t\t<div class=\"elementor-container elementor-column-gap-default\">\n\t\t\t\t\t<div class=\"elementor-column elementor-col-100 elementor-top-column elementor-element elementor-element-67379be\" data-id=\"67379be\" data-element_type=\"column\" data-e-type=\"column\">\n\t\t\t<div class=\"elementor-widget-wrap elementor-element-populated\">\n\t\t\t\t\t\t<div class=\"elementor-element elementor-element-f4c6a92 elementor-widget elementor-widget-text-editor\" data-id=\"f4c6a92\" data-element_type=\"widget\" data-e-type=\"widget\" data-widget_type=\"text-editor.default\">\n\t\t\t\t<div class=\"elementor-widget-container\">\n\t\t\t\t\t\t\t\t\t<p><strong>H\u00f6r av dig och bli en av oss!<\/strong><\/p>\t\t\t\t\t\t\t\t<\/div>\n\t\t\t\t<\/div>\n\t\t\t\t\t<\/div>\n\t\t<\/div>\n\t\t\t\t\t<\/div>\n\t\t<\/section>\n\t\t\t\t<section class=\"elementor-section elementor-top-section elementor-element elementor-element-d322d50 elementor-section-boxed elementor-section-height-default elementor-section-height-default\" data-id=\"d322d50\" data-element_type=\"section\" data-e-type=\"section\">\n\t\t\t\t\t\t<div class=\"elementor-container elementor-column-gap-default\">\n\t\t\t\t\t<div class=\"elementor-column elementor-col-25 elementor-top-column elementor-element elementor-element-ddcd0d9\" data-id=\"ddcd0d9\" data-element_type=\"column\" data-e-type=\"column\">\n\t\t\t<div class=\"elementor-widget-wrap elementor-element-populated\">\n\t\t\t\t\t\t<div class=\"elementor-element elementor-element-3e934fd elementor-widget elementor-widget-text-editor\" data-id=\"3e934fd\" data-element_type=\"widget\" data-e-type=\"widget\" data-widget_type=\"text-editor.default\">\n\t\t\t\t<div class=\"elementor-widget-container\">\n\t\t\t\t\t\t\t\t\t<p><strong>Fredric Johansson<\/strong><br \/>Country manager, Sweden &amp; Denmark<br \/>+46 (0) 73 032 80 51<br \/>fredric.johansson@tactic.net<\/p>\t\t\t\t\t\t\t\t<\/div>\n\t\t\t\t<\/div>\n\t\t\t\t\t<\/div>\n\t\t<\/div>\n\t\t\t\t<div class=\"elementor-column elementor-col-25 elementor-top-column elementor-element elementor-element-3df35e6\" data-id=\"3df35e6\" data-element_type=\"column\" data-e-type=\"column\">\n\t\t\t<div class=\"elementor-widget-wrap\">\n\t\t\t\t\t\t\t<\/div>\n\t\t<\/div>\n\t\t\t\t<div class=\"elementor-column elementor-col-25 elementor-top-column elementor-element elementor-element-c30d0a4\" data-id=\"c30d0a4\" data-element_type=\"column\" data-e-type=\"column\">\n\t\t\t<div class=\"elementor-widget-wrap\">\n\t\t\t\t\t\t\t<\/div>\n\t\t<\/div>\n\t\t\t\t<div class=\"elementor-column elementor-col-25 elementor-top-column elementor-element elementor-element-103d79d\" data-id=\"103d79d\" data-element_type=\"column\" data-e-type=\"column\">\n\t\t\t<div class=\"elementor-widget-wrap\">\n\t\t\t\t\t\t\t<\/div>\n\t\t<\/div>\n\t\t\t\t\t<\/div>\n\t\t<\/section>\n\t\t\t\t<section class=\"elementor-section elementor-top-section elementor-element elementor-element-d6809bd elementor-section-boxed elementor-section-height-default elementor-section-height-default\" data-id=\"d6809bd\" data-element_type=\"section\" data-e-type=\"section\">\n\t\t\t\t\t\t<div class=\"elementor-container elementor-column-gap-default\">\n\t\t\t\t\t<div class=\"elementor-column elementor-col-100 elementor-top-column elementor-element elementor-element-b45350c\" data-id=\"b45350c\" data-element_type=\"column\" data-e-type=\"column\">\n\t\t\t<div class=\"elementor-widget-wrap elementor-element-populated\">\n\t\t\t\t\t\t<div class=\"elementor-element elementor-element-51a94d2 elementor-widget-divider--view-line elementor-widget elementor-widget-divider\" data-id=\"51a94d2\" data-element_type=\"widget\" data-e-type=\"widget\" data-widget_type=\"divider.default\">\n\t\t\t\t<div class=\"elementor-widget-container\">\n\t\t\t\t\t\t\t<div class=\"elementor-divider\">\n\t\t\t<span class=\"elementor-divider-separator\">\n\t\t\t\t\t\t<\/span>\n\t\t<\/div>\n\t\t\t\t\t\t<\/div>\n\t\t\t\t<\/div>\n\t\t\t\t\t<\/div>\n\t\t<\/div>\n\t\t\t\t\t<\/div>\n\t\t<\/section>\n\t\t\t\t<section class=\"elementor-section elementor-top-section elementor-element elementor-element-082d0c7 elementor-section-boxed elementor-section-height-default elementor-section-height-default\" data-id=\"082d0c7\" data-element_type=\"section\" data-e-type=\"section\">\n\t\t\t\t\t\t<div class=\"elementor-container elementor-column-gap-default\">\n\t\t\t\t\t<div class=\"elementor-column elementor-col-100 elementor-top-column elementor-element elementor-element-7f1a416\" data-id=\"7f1a416\" data-element_type=\"column\" data-e-type=\"column\">\n\t\t\t<div class=\"elementor-widget-wrap elementor-element-populated\">\n\t\t\t\t\t\t<div class=\"elementor-element elementor-element-4bef3a7 elementor-widget elementor-widget-heading\" data-id=\"4bef3a7\" data-element_type=\"widget\" data-e-type=\"widget\" data-widget_type=\"heading.default\">\n\t\t\t\t<div class=\"elementor-widget-container\">\n\t\t\t\t\t<h1 class=\"elementor-heading-title elementor-size-default\">Information f\u00f6r \u00e5terf\u00f6rs\u00e4ljare<\/h1>\t\t\t\t<\/div>\n\t\t\t\t<\/div>\n\t\t\t\t\t<\/div>\n\t\t<\/div>\n\t\t\t\t\t<\/div>\n\t\t<\/section>\n\t\t\t\t<section class=\"elementor-section elementor-top-section elementor-element elementor-element-2df0ce3 elementor-section-boxed elementor-section-height-default elementor-section-height-default\" data-id=\"2df0ce3\" data-element_type=\"section\" data-e-type=\"section\">\n\t\t\t\t\t\t<div class=\"elementor-container elementor-column-gap-default\">\n\t\t\t\t\t<div class=\"elementor-column elementor-col-100 elementor-top-column elementor-element elementor-element-11dfeee\" data-id=\"11dfeee\" data-element_type=\"column\" data-e-type=\"column\">\n\t\t\t<div class=\"elementor-widget-wrap elementor-element-populated\">\n\t\t\t\t\t\t<div class=\"elementor-element elementor-element-0821766 elementor-widget elementor-widget-text-editor\" data-id=\"0821766\" data-element_type=\"widget\" data-e-type=\"widget\" data-widget_type=\"text-editor.default\">\n\t\t\t\t<div class=\"elementor-widget-container\">\n\t\t\t\t\t\t\t\t\t<p>L\u00e4s mer <a href=\"https:\/\/games.tactic.net\/sv\/aterforsaljare\/bli-aterforsaljare\/information-for-aterforsaljare\/\">h\u00e4r<\/a>.<\/p>\t\t\t\t\t\t\t\t<\/div>\n\t\t\t\t<\/div>\n\t\t\t\t<div class=\"elementor-element elementor-element-3916599 elementor-widget elementor-widget-spacer\" data-id=\"3916599\" data-element_type=\"widget\" data-e-type=\"widget\" data-widget_type=\"spacer.default\">\n\t\t\t\t<div class=\"elementor-widget-container\">\n\t\t\t\t\t\t\t<div class=\"elementor-spacer\">\n\t\t\t<div class=\"elementor-spacer-inner\"><\/div>\n\t\t<\/div>\n\t\t\t\t\t\t<\/div>\n\t\t\t\t<\/div>\n\t\t\t\t\t<\/div>\n\t\t<\/div>\n\t\t\t\t\t<\/div>\n\t\t<\/section>\n\t\t\t\t<\/div>\n\t\t","protected":false},"excerpt":{"rendered":"<p>Bli \u00e5terf\u00f6rs\u00e4ljare \u00c4r du redo f\u00f6r n\u00e4sta niv\u00e5? Bli en del av framg\u00e5ngssagan med Tactics spel, leksaker och barnb\u00f6cker! F\u00f6rutom att vara specialiserade p\u00e5 br\u00e4dspel (barn, familj och partyspel) tillverkar och s\u00e4ljer vi ocks\u00e5 resespel, kortspel, t\u00e4rningsspel, pokerprodukter, pussel, trolleriset och handarbetsset samt utomhusspel av tr\u00e4. Vi har ocks\u00e5 en stor utgivning av barnb\u00f6cker. Dessutom [&hellip;]<\/p>\n","protected":false},"author":2,"featured_media":0,"parent":53477,"menu_order":1,"comment_status":"closed","ping_status":"closed","template":"","meta":{"content-type":"","_monsterinsights_skip_tracking":false,"_monsterinsights_sitenote_active":false,"_monsterinsights_sitenote_note":"","_monsterinsights_sitenote_category":0,"footnotes":""},"class_list":["post-53485","page","type-page","status-publish","hentry"],"aioseo_notices":[],"_links":{"self":[{"href":"https:\/\/games.tactic.net\/sv\/wp-json\/wp\/v2\/pages\/53485","targetHints":{"allow":["GET"]}}],"collection":[{"href":"https:\/\/games.tactic.net\/sv\/wp-json\/wp\/v2\/pages"}],"about":[{"href":"https:\/\/games.tactic.net\/sv\/wp-json\/wp\/v2\/types\/page"}],"author":[{"embeddable":true,"href":"https:\/\/games.tactic.net\/sv\/wp-json\/wp\/v2\/users\/2"}],"replies":[{"embeddable":true,"href":"https:\/\/games.tactic.net\/sv\/wp-json\/wp\/v2\/comments?post=53485"}],"version-history":[{"count":32,"href":"https:\/\/games.tactic.net\/sv\/wp-json\/wp\/v2\/pages\/53485\/revisions"}],"predecessor-version":[{"id":1366002,"href":"https:\/\/games.tactic.net\/sv\/wp-json\/wp\/v2\/pages\/53485\/revisions\/1366002"}],"up":[{"embeddable":true,"href":"https:\/\/games.tactic.net\/sv\/wp-json\/wp\/v2\/pages\/53477"}],"wp:attachment":[{"href":"https:\/\/games.tactic.net\/sv\/wp-json\/wp\/v2\/media?parent=53485"}],"curies":[{"name":"wp","href":"https:\/\/api.w.org\/{rel}","templated":true}]}}