{"id":53402,"date":"2020-04-09T09:26:12","date_gmt":"2020-04-09T06:26:12","guid":{"rendered":"https:\/\/dev.tactic.net\/tactic\/tapa-toimia\/"},"modified":"2020-12-15T11:46:00","modified_gmt":"2020-12-15T09:46:00","slug":"uppforandekod","status":"publish","type":"page","link":"https:\/\/games.tactic.net\/sv\/tactic\/uppforandekod\/","title":{"rendered":"Uppf\u00f6randekod"},"content":{"rendered":"\t\t<div data-elementor-type=\"wp-page\" data-elementor-id=\"53402\" class=\"elementor elementor-53402 elementor-46488\" data-elementor-post-type=\"page\">\n\t\t\t\t\t\t<section class=\"elementor-section elementor-top-section elementor-element elementor-element-74a0cd0 elementor-section-boxed elementor-section-height-default elementor-section-height-default\" data-id=\"74a0cd0\" data-element_type=\"section\" data-e-type=\"section\">\n\t\t\t\t\t\t<div class=\"elementor-container elementor-column-gap-default\">\n\t\t\t\t\t<div class=\"elementor-column elementor-col-100 elementor-top-column elementor-element elementor-element-a911790\" data-id=\"a911790\" data-element_type=\"column\" data-e-type=\"column\">\n\t\t\t<div class=\"elementor-widget-wrap elementor-element-populated\">\n\t\t\t\t\t\t<div class=\"elementor-element elementor-element-5293031 elementor-widget elementor-widget-heading\" data-id=\"5293031\" data-element_type=\"widget\" data-e-type=\"widget\" data-widget_type=\"heading.default\">\n\t\t\t\t<div class=\"elementor-widget-container\">\n\t\t\t\t\t<h2 class=\"elementor-heading-title elementor-size-default\">UPPF\u00d6RANDEKOD<\/h2>\t\t\t\t<\/div>\n\t\t\t\t<\/div>\n\t\t\t\t\t<\/div>\n\t\t<\/div>\n\t\t\t\t\t<\/div>\n\t\t<\/section>\n\t\t\t\t<section class=\"elementor-section elementor-top-section elementor-element elementor-element-ebcd2a2 elementor-section-boxed elementor-section-height-default elementor-section-height-default\" data-id=\"ebcd2a2\" data-element_type=\"section\" data-e-type=\"section\">\n\t\t\t\t\t\t<div class=\"elementor-container elementor-column-gap-default\">\n\t\t\t\t\t<div class=\"elementor-column elementor-col-100 elementor-top-column elementor-element elementor-element-ade44e2\" data-id=\"ade44e2\" data-element_type=\"column\" data-e-type=\"column\">\n\t\t\t<div class=\"elementor-widget-wrap elementor-element-populated\">\n\t\t\t\t\t\t<div class=\"elementor-element elementor-element-cb7c951 elementor-widget elementor-widget-heading\" data-id=\"cb7c951\" data-element_type=\"widget\" data-e-type=\"widget\" data-widget_type=\"heading.default\">\n\t\t\t\t<div class=\"elementor-widget-container\">\n\t\t\t\t\t<h1 class=\"elementor-heading-title elementor-size-default\">Vi skapar spel fr\u00e5n hj\u00e4rtat.<\/h1>\t\t\t\t<\/div>\n\t\t\t\t<\/div>\n\t\t\t\t\t<\/div>\n\t\t<\/div>\n\t\t\t\t\t<\/div>\n\t\t<\/section>\n\t\t\t\t<section class=\"elementor-section elementor-top-section elementor-element elementor-element-686c801 elementor-section-boxed elementor-section-height-default elementor-section-height-default\" data-id=\"686c801\" data-element_type=\"section\" data-e-type=\"section\">\n\t\t\t\t\t\t<div class=\"elementor-container elementor-column-gap-default\">\n\t\t\t\t\t<div class=\"elementor-column elementor-col-100 elementor-top-column elementor-element elementor-element-79338bb\" data-id=\"79338bb\" data-element_type=\"column\" data-e-type=\"column\">\n\t\t\t<div class=\"elementor-widget-wrap elementor-element-populated\">\n\t\t\t\t\t\t<div class=\"elementor-element elementor-element-92be930 elementor-widget elementor-widget-text-editor\" data-id=\"92be930\" data-element_type=\"widget\" data-e-type=\"widget\" data-widget_type=\"text-editor.default\">\n\t\t\t\t<div class=\"elementor-widget-container\">\n\t\t\t\t\t\t\t\t\t<p>Tactics principer har varit desamma fr\u00e5n dag ett. Vi vill fortfarande erbjuda familjer och v\u00e4nner stunder av gemenskap som blir till k\u00e4ra minnen. Vi str\u00e4var st\u00e4ndigt efter att producera lysande finska spel och leksaksprodukter och hoppas f\u00e5 g\u00f6ra det l\u00e5ngt in i framtiden.<\/p><p>Det \u00e4r med gl\u00e4dje och k\u00e4rlek vi tillverkar v\u00e5ra kvalitetsprodukter, precis som om vi gjorde dem till v\u00e5ra egna familjer. Att tillbringa kvalitetstid med de vi \u00e4lskar \u00e4r viktigare \u00e4n n\u00e5gonsin. Det \u00e4r d\u00e4rf\u00f6r som ansvar, s\u00e5v\u00e4l som ett etiskt och milj\u00f6m\u00e4ssigt t\u00e4nkande, finns i k\u00e4rnan av v\u00e5r produktionsprocess.<\/p><p>V\u00e5ra finska r\u00f6tter \u00e4r viktiga f\u00f6r oss. Vi \u00e4r stolta \u00f6ver att majoriteten av v\u00e5ra produkter \u00e4r tillverkade i Finland och att alla v\u00e5ra br\u00e4dspel tillverkas i Pori i Finland. Vi \u00e4r en viktig arbetsgivare och spelar en nyckelroll i att bygga konkurrenskraft i regionen.<\/p>\t\t\t\t\t\t\t\t<\/div>\n\t\t\t\t<\/div>\n\t\t\t\t\t<\/div>\n\t\t<\/div>\n\t\t\t\t\t<\/div>\n\t\t<\/section>\n\t\t\t\t<section class=\"elementor-section elementor-top-section elementor-element elementor-element-5fc610e elementor-section-boxed elementor-section-height-default elementor-section-height-default\" data-id=\"5fc610e\" data-element_type=\"section\" data-e-type=\"section\">\n\t\t\t\t\t\t<div class=\"elementor-container elementor-column-gap-default\">\n\t\t\t\t\t<div class=\"elementor-column elementor-col-100 elementor-top-column elementor-element elementor-element-5ec5ebe\" data-id=\"5ec5ebe\" data-element_type=\"column\" data-e-type=\"column\">\n\t\t\t<div class=\"elementor-widget-wrap elementor-element-populated\">\n\t\t\t\t\t\t<div class=\"elementor-element elementor-element-f0f259e elementor-widget elementor-widget-heading\" data-id=\"f0f259e\" data-element_type=\"widget\" data-e-type=\"widget\" data-widget_type=\"heading.default\">\n\t\t\t\t<div class=\"elementor-widget-container\">\n\t\t\t\t\t<h3 class=\"elementor-heading-title elementor-size-default\">V\u00e4rderingar visar v\u00e4gen<\/h3>\t\t\t\t<\/div>\n\t\t\t\t<\/div>\n\t\t\t\t\t<\/div>\n\t\t<\/div>\n\t\t\t\t\t<\/div>\n\t\t<\/section>\n\t\t\t\t<section class=\"elementor-section elementor-top-section elementor-element elementor-element-ee46874 elementor-section-boxed elementor-section-height-default elementor-section-height-default\" data-id=\"ee46874\" data-element_type=\"section\" data-e-type=\"section\">\n\t\t\t\t\t\t<div class=\"elementor-container elementor-column-gap-default\">\n\t\t\t\t\t<div class=\"elementor-column elementor-col-100 elementor-top-column elementor-element elementor-element-df6751d\" data-id=\"df6751d\" data-element_type=\"column\" data-e-type=\"column\">\n\t\t\t<div class=\"elementor-widget-wrap elementor-element-populated\">\n\t\t\t\t\t\t<div class=\"elementor-element elementor-element-f620978 elementor-widget elementor-widget-text-editor\" data-id=\"f620978\" data-element_type=\"widget\" data-e-type=\"widget\" data-widget_type=\"text-editor.default\">\n\t\t\t\t<div class=\"elementor-widget-container\">\n\t\t\t\t\t\t\t\t\t<p><strong>Positivt<\/strong><br \/>Genom v\u00e5ra spel vill vi sprida gl\u00e4dje. Flera miljoner familjer och v\u00e4nner i hela v\u00e4rlden samlas runt v\u00e5ra br\u00e4dspel f\u00f6r att tillbringa kvalitetstid tillsammans.<\/p><p><strong>Socialt<\/strong><br \/>Det \u00e4r roligast att spela i trevligt s\u00e4llskap. Br\u00e4dspel fr\u00e4mjar logiskt t\u00e4nkande, minne och strategisk f\u00f6rm\u00e5ga hos b\u00e5de gammal och ung \u2013 och h\u00e5ller dem borta fr\u00e5n sk\u00e4rmarna en stund<\/p><p><strong>Underh\u00e5llande<\/strong><br \/>Det fr\u00e4msta m\u00e5let med v\u00e5ra spel \u00e4r att underh\u00e5lla. Vi vet att vi har lyckats n\u00e4r v\u00e5ra spel spelas om och om igen, fr\u00e5n generation till generation.<\/p><p><strong>\u00c4rligt<\/strong><br \/>Finsk uth\u00e5llighet, \u201dsisu\u201d, och \u00e4rlighet \u00e4r v\u00e5r ledstj\u00e4rna i kontakten med v\u00e5ra kunder och aff\u00e4rspartners. Vi \u00e4r h\u00e5rda men r\u00e4ttvisa. <\/p><p><strong>Ansvarsfullt<\/strong><br \/>Vi \u00e4r ett ansvarstagande familjef\u00f6retag. Ekologi och h\u00e5llbarhet \u00e4r centralt i v\u00e5rt t\u00e4nkande kring produkter och i hela produktionskedjan.<\/p>\t\t\t\t\t\t\t\t<\/div>\n\t\t\t\t<\/div>\n\t\t\t\t<div class=\"elementor-element elementor-element-5767b67 elementor-widget elementor-widget-spacer\" data-id=\"5767b67\" data-element_type=\"widget\" data-e-type=\"widget\" data-widget_type=\"spacer.default\">\n\t\t\t\t<div class=\"elementor-widget-container\">\n\t\t\t\t\t\t\t<div class=\"elementor-spacer\">\n\t\t\t<div class=\"elementor-spacer-inner\"><\/div>\n\t\t<\/div>\n\t\t\t\t\t\t<\/div>\n\t\t\t\t<\/div>\n\t\t\t\t\t<\/div>\n\t\t<\/div>\n\t\t\t\t\t<\/div>\n\t\t<\/section>\n\t\t\t\t<\/div>\n\t\t","protected":false},"excerpt":{"rendered":"<p>UPPF\u00d6RANDEKOD Vi skapar spel fr\u00e5n hj\u00e4rtat. Tactics principer har varit desamma fr\u00e5n dag ett. Vi vill fortfarande erbjuda familjer och v\u00e4nner stunder av gemenskap som blir till k\u00e4ra minnen. Vi str\u00e4var st\u00e4ndigt efter att producera lysande finska spel och leksaksprodukter och hoppas f\u00e5 g\u00f6ra det l\u00e5ngt in i framtiden. Det \u00e4r med gl\u00e4dje och k\u00e4rlek [&hellip;]<\/p>\n","protected":false},"author":2,"featured_media":0,"parent":53392,"menu_order":1,"comment_status":"closed","ping_status":"closed","template":"","meta":{"content-type":"","_monsterinsights_skip_tracking":false,"_monsterinsights_sitenote_active":false,"_monsterinsights_sitenote_note":"","_monsterinsights_sitenote_category":0,"footnotes":""},"class_list":["post-53402","page","type-page","status-publish","hentry"],"aioseo_notices":[],"_links":{"self":[{"href":"https:\/\/games.tactic.net\/sv\/wp-json\/wp\/v2\/pages\/53402","targetHints":{"allow":["GET"]}}],"collection":[{"href":"https:\/\/games.tactic.net\/sv\/wp-json\/wp\/v2\/pages"}],"about":[{"href":"https:\/\/games.tactic.net\/sv\/wp-json\/wp\/v2\/types\/page"}],"author":[{"embeddable":true,"href":"https:\/\/games.tactic.net\/sv\/wp-json\/wp\/v2\/users\/2"}],"replies":[{"embeddable":true,"href":"https:\/\/games.tactic.net\/sv\/wp-json\/wp\/v2\/comments?post=53402"}],"version-history":[{"count":4,"href":"https:\/\/games.tactic.net\/sv\/wp-json\/wp\/v2\/pages\/53402\/revisions"}],"predecessor-version":[{"id":53432,"href":"https:\/\/games.tactic.net\/sv\/wp-json\/wp\/v2\/pages\/53402\/revisions\/53432"}],"up":[{"embeddable":true,"href":"https:\/\/games.tactic.net\/sv\/wp-json\/wp\/v2\/pages\/53392"}],"wp:attachment":[{"href":"https:\/\/games.tactic.net\/sv\/wp-json\/wp\/v2\/media?parent=53402"}],"curies":[{"name":"wp","href":"https:\/\/api.w.org\/{rel}","templated":true}]}}