{"id":8,"date":"2016-07-04T09:43:32","date_gmt":"2016-07-04T06:43:32","guid":{"rendered":"http:\/\/games.tactic.net\/promo\/?page_id=8"},"modified":"2023-12-19T12:38:01","modified_gmt":"2023-12-19T10:38:01","slug":"yhteystiedot","status":"publish","type":"page","link":"https:\/\/games.tactic.net\/promo\/yhteystiedot\/","title":{"rendered":"Yhteystiedot"},"content":{"rendered":"\n<h4 class=\"wp-block-heading\">Etsit\u00e4\u00e4n yhdess\u00e4 juuri sinulle, yrityksellesi tai yhdistyksellesi oikea tapa erottua ja j\u00e4\u00e4d\u00e4 asiakkaidesi mieleen!<\/h4>\n\n\n\n<p>Eth\u00e4n&nbsp;ep\u00e4r\u00f6i ottaa yhteytt\u00e4!<\/p>\n\n\n\n<p><strong>Minna Ypp\u00e4ril\u00e4<\/strong><br>Tuoteryhm\u00e4p\u00e4\u00e4llikk\u00f6<br>+358 50 3473 348<br>minna.ypparila(at)tactic.net<\/p>\n\n\n\n<p><a href=\"https:\/\/games.tactic.net\/promo\/\">www.tactic.net\/promo<\/a><\/p>\n\n\n\n<figure class=\"wp-block-image size-large\"><img loading=\"lazy\" decoding=\"async\" width=\"1024\" height=\"512\" src=\"https:\/\/games.tactic.net\/promo\/wp-content\/uploads\/2022\/03\/Promo_2022-1024x512.jpg\" alt=\"\" class=\"wp-image-1339\" srcset=\"https:\/\/games.tactic.net\/promo\/wp-content\/uploads\/2022\/03\/Promo_2022-1024x512.jpg 1024w, https:\/\/games.tactic.net\/promo\/wp-content\/uploads\/2022\/03\/Promo_2022-300x150.jpg 300w, https:\/\/games.tactic.net\/promo\/wp-content\/uploads\/2022\/03\/Promo_2022-768x384.jpg 768w, https:\/\/games.tactic.net\/promo\/wp-content\/uploads\/2022\/03\/Promo_2022-100x50.jpg 100w, https:\/\/games.tactic.net\/promo\/wp-content\/uploads\/2022\/03\/Promo_2022-150x75.jpg 150w, https:\/\/games.tactic.net\/promo\/wp-content\/uploads\/2022\/03\/Promo_2022-200x100.jpg 200w, https:\/\/games.tactic.net\/promo\/wp-content\/uploads\/2022\/03\/Promo_2022-450x225.jpg 450w, https:\/\/games.tactic.net\/promo\/wp-content\/uploads\/2022\/03\/Promo_2022-600x300.jpg 600w, https:\/\/games.tactic.net\/promo\/wp-content\/uploads\/2022\/03\/Promo_2022-900x450.jpg 900w, https:\/\/games.tactic.net\/promo\/wp-content\/uploads\/2022\/03\/Promo_2022.jpg 1500w\" sizes=\"auto, (max-width: 1024px) 100vw, 1024px\" \/><\/figure>\n\n\n\n<div style=\"height:40px\" aria-hidden=\"true\" class=\"wp-block-spacer\"><\/div>\n\n\n\n<figure class=\"wp-block-image aligncenter\"><a href=\"http:\/\/www.tactic.net\/fp.php?lang=FIN\" target=\"_blank\" rel=\"noopener noreferrer\"><img loading=\"lazy\" decoding=\"async\" width=\"130\" height=\"51\" src=\"https:\/\/games.tactic.net\/promo\/wp-content\/uploads\/2016\/07\/Tactic_logo-1.png\" alt=\"Tactic_logo\" class=\"wp-image-61\" srcset=\"https:\/\/games.tactic.net\/promo\/wp-content\/uploads\/2016\/07\/Tactic_logo-1.png 130w, https:\/\/games.tactic.net\/promo\/wp-content\/uploads\/2016\/07\/Tactic_logo-1-100x39.png 100w\" sizes=\"auto, (max-width: 130px) 100vw, 130px\" \/><\/a><\/figure>\n\n\n\n<p><\/p>\n","protected":false},"excerpt":{"rendered":"<p>Etsit\u00e4\u00e4n yhdess\u00e4 juuri sinulle, yrityksellesi tai yhdistyksellesi oikea tapa erottua ja j\u00e4\u00e4d\u00e4 asiakkaidesi mieleen! Eth\u00e4n&nbsp;ep\u00e4r\u00f6i ottaa yhteytt\u00e4! Minna Ypp\u00e4ril\u00e4Tuoteryhm\u00e4p\u00e4\u00e4llikk\u00f6+358 50 3473 348minna.ypparila(at)tactic.net www.tactic.net\/promo<\/p>\n","protected":false},"author":2,"featured_media":0,"parent":0,"menu_order":6,"comment_status":"closed","ping_status":"closed","template":"full-width-page.php","meta":{"content-type":"","footnotes":""},"class_list":["post-8","page","type-page","status-publish","hentry"],"_links":{"self":[{"href":"https:\/\/games.tactic.net\/promo\/wp-json\/wp\/v2\/pages\/8","targetHints":{"allow":["GET"]}}],"collection":[{"href":"https:\/\/games.tactic.net\/promo\/wp-json\/wp\/v2\/pages"}],"about":[{"href":"https:\/\/games.tactic.net\/promo\/wp-json\/wp\/v2\/types\/page"}],"author":[{"embeddable":true,"href":"https:\/\/games.tactic.net\/promo\/wp-json\/wp\/v2\/users\/2"}],"replies":[{"embeddable":true,"href":"https:\/\/games.tactic.net\/promo\/wp-json\/wp\/v2\/comments?post=8"}],"version-history":[{"count":19,"href":"https:\/\/games.tactic.net\/promo\/wp-json\/wp\/v2\/pages\/8\/revisions"}],"predecessor-version":[{"id":1500,"href":"https:\/\/games.tactic.net\/promo\/wp-json\/wp\/v2\/pages\/8\/revisions\/1500"}],"wp:attachment":[{"href":"https:\/\/games.tactic.net\/promo\/wp-json\/wp\/v2\/media?parent=8"}],"curies":[{"name":"wp","href":"https:\/\/api.w.org\/{rel}","templated":true}]}}