{"id":799,"date":"2018-05-28T12:11:03","date_gmt":"2018-05-28T09:11:03","guid":{"rendered":"http:\/\/games.tactic.net\/promo\/?page_id=799"},"modified":"2020-04-08T13:19:08","modified_gmt":"2020-04-08T10:19:08","slug":"tietosuojaperiaatteet","status":"publish","type":"page","link":"https:\/\/games.tactic.net\/promo\/tietosuojaperiaatteet\/","title":{"rendered":"Tietosuojaperiaatteet"},"content":{"rendered":"\n<p><strong>TACTIC-KONSERNIN ARVOT JA PERIAATTEET TIETOSUOJA-ASIOISSA<\/strong><\/p>\n\n\n\n<p>Tactic Games Oy:n teht\u00e4v\u00e4n\u00e4 on tuottaa asiakkailleen tuotteita ja palveluita, joiden \u00e4\u00e4ress\u00e4 he voivat kokea unohtumattomia yhdess\u00e4olon hetki\u00e4 ja ikimuistoisia el\u00e4myksi\u00e4 sek\u00e4 iloa, j\u00e4nnityst\u00e4 ja onnistumisen kokemuksia. Samalla koemme hyvin t\u00e4rke\u00e4ksi ja keskeiseksi arvoksemme sen, ett\u00e4 kunnioitamme asiakkaidemme yksityisyytt\u00e4 ja huolehdimme mahdollisimman hyvin ja kattavasti heid\u00e4n tietosuojastaan. T\u00e4st\u00e4 johtuen olemme laatineet ja vahvistaneet koko Tactic Games-konsernia koskevat periaatteet tietosuoja asioissa.<\/p>\n\n\n\n<p><strong>Johdanto<\/strong><\/p>\n\n\n\n<p>Tactic Games Oy, PL 4444, 28101 Pori ja sen tyt\u00e4ryhti\u00f6t sek\u00e4 sivuliikkeet (<em>Tactic, me, meid\u00e4n tai meille<\/em>) on henkil\u00f6tietojen rekisterinpit\u00e4j\u00e4 ja on sitoutunut suojelemaan ja kunnioittamaan rekister\u00f6ityjen henkil\u00f6iden yksityisyytt\u00e4 ja henkil\u00f6kohtaista koskemattomuutta heid\u00e4n k\u00e4ytt\u00e4ess\u00e4\u00e4n Tactic\u2019n tuotteita ja palveluja, selatessaan verkkosivustoamme tai k\u00e4ytt\u00e4ess\u00e4\u00e4n applikaatioitamme. T\u00e4ss\u00e4 m\u00e4\u00e4ritell\u00e4\u00e4n ne tietosuojaperiaatteet, joiden mukaisesti Tactic henkil\u00f6tietoja k\u00e4sittelee.<\/p>\n\n\n\n<p><strong>Henkil\u00f6tietorekisterimme ja tietosuojaselosteet<\/strong><\/p>\n\n\n\n<p>Jokaisesta henkil\u00f6rekisterist\u00e4mme on laadittu oma tietosuojaselosteensa.<\/p>\n\n\n\n<p><strong>Henkil\u00f6tietorekisteriemme oikeusperusteet ja henkil\u00f6tietojen k\u00e4sittelyn tarkoitus<\/strong><\/p>\n\n\n\n<p>EU:n yleisen tietosuoja-asetuksen (GDPR) mukaisesti oikeusperusteet eri henkil\u00f6tietojen k\u00e4sittelylle on<\/p>\n\n\n\n<p>&#8211; rekisterinpit\u00e4j\u00e4n oikeutettu etu<\/p>\n\n\n\n<p>&#8211; rekister\u00f6idyn henkil\u00f6n suostumus<\/p>\n\n\n\n<p>&#8211; sopimus, jossa rekister\u00f6ity on osapuolena, tai<\/p>\n\n\n\n<p>&#8211; lakiin tai asetuksiin pohjautuva velvoite<\/p>\n\n\n\n<p>Henkil\u00f6tietojen k\u00e4sittelyn tarkoitus kuvataan erikseen jokaisen eri rekisterin tietosuojaselosteessa. Tietoja ei k\u00e4ytet\u00e4 automatisoituun p\u00e4\u00e4t\u00f6ksentekoon tai profilointiin.<\/p>\n\n\n\n<p><strong>&nbsp;Henkil\u00f6tietorekisterien tietosis\u00e4lt\u00f6 ja tietojen s\u00e4ilytysaika<\/strong><\/p>\n\n\n\n<p>Henkil\u00f6tietorekistereihimme tallennettavia tietoja voivat olla mm: henkil\u00f6n nimi, asema, yritys\/organisaatio, teht\u00e4v\u00e4 organisaatiossa, yhteystiedot (puhelinnumero, s\u00e4hk\u00f6postiosoite, osoite), www-sivustojen osoitteet, verkkoyhteyden IP-osoite, tiedot tilatuista tuotteista\/palveluista ja niiden muutoksista, laskutustiedot, muut asiakassuhteeseen ja tilattuihin tuotteisiin\/palveluihin liittyv\u00e4t tiedot.<\/p>\n\n\n\n<p>Yksityiskohtainen kuvaus henkil\u00f6tietorekistereihimme tallennettavista tiedoista ja niiss\u00e4 olevien tietojen s\u00e4lytysajoista on jokaisen eri rekisterin tietosuojaselosteessa. Johtava periaatteemme henkil\u00f6tietojen s\u00e4ilytysajoissa on se, ett\u00e4 niit\u00e4 s\u00e4ilytet\u00e4\u00e4n enint\u00e4\u00e4n niin pitk\u00e4\u00e4n kuin niiden k\u00e4ytt\u00f6tarkoituksen ja rekisteriss\u00e4 olevan henkil\u00f6n kannalta on tarpeellista ja tarkoituksenmukaista.<\/p>\n\n\n\n<p><strong>S\u00e4\u00e4nn\u00f6nmukaiset tietol\u00e4hteet<\/strong><\/p>\n\n\n\n<p>Rekistereihimme tallennettavia tietoja saamme mm. www-lomakkeilla l\u00e4hetetyist\u00e4 viesteist\u00e4, s\u00e4hk\u00f6postitse, puhelimitse, sopimuksista, asiakastapaamisista ja muista tilanteista, joissa asiakas luovuttaa tietojaan.<\/p>\n\n\n\n<p><strong>Tietojen s\u00e4\u00e4nn\u00f6nmukaiset luovutukset ja tietojen siirto EU:n tai ETA:n ulkopuolelle<\/strong><\/p>\n\n\n\n<p>Tietoja ei luovuteta s\u00e4\u00e4nn\u00f6nmukaisesti muille tahoille. Tietoja voidaan julkaista silt\u00e4 osin kuin niin on sovittu asiakkaan kanssa.<\/p>\n\n\n\n<p>Tietoja voidaan siirt\u00e4\u00e4 rekisterinpit\u00e4j\u00e4n toimesta my\u00f6s EU:n tai ETA:n ulkopuolelle. T\u00e4llaisia siirtoja tehd\u00e4\u00e4n ainoastaan liiketoiminnallisista syist\u00e4 ja vain kulloiseenkin liiketoimintatapahtumaan liittyvien asiakkaiden ja\/tai sidosryhmien edustajien osalta.<\/p>\n\n\n\n<p><strong>Rekisterien suojauksen periaatteet<\/strong><\/p>\n\n\n\n<p>Rekisteriemme k\u00e4sittelyss\u00e4 noudatetaan huolellisuutta ja tietoj\u00e4rjestelmien avulla k\u00e4sitelt\u00e4v\u00e4t tiedot suojataan asianmukaisesti. Kun rekisteritietoja s\u00e4ilytet\u00e4\u00e4n Internet-palvelimilla, niiden laitteiston fyysisest\u00e4 ja digitaalisesta tietoturvasta huolehditaan asiaankuuluvasti. Rekisterinpit\u00e4j\u00e4 huolehtii siit\u00e4, ett\u00e4 tallennettuja tietoja sek\u00e4 palvelimien k\u00e4ytt\u00f6oikeuksia ja muita henkil\u00f6tietojen turvallisuuden kannalta kriittisi\u00e4 tietoja k\u00e4sitell\u00e4\u00e4n luottamuksellisesti ja vain niiden ty\u00f6ntekij\u00f6iden toimesta, joiden ty\u00f6nkuvaan se kuuluu.<\/p>\n\n\n\n<p><strong>&nbsp;Tarkastusoikeus ja oikeus vaatia tiedon korjaamista<\/strong><\/p>\n\n\n\n<p>Jokaisella rekisteriss\u00e4 olevalla henkil\u00f6ll\u00e4 on oikeus tarkistaa rekisteriin tallennetut tietonsa ja vaatia mahdollisen virheellisen tiedon korjaamista tai puutteellisen tiedon t\u00e4ydent\u00e4mist\u00e4. Mik\u00e4li henkil\u00f6 haluaa tarkistaa h\u00e4nest\u00e4 tallennetut tiedot tai vaatia niihin oikaisua, pyynt\u00f6 tulee l\u00e4hett\u00e4\u00e4 kirjallisesti rekisterinpit\u00e4j\u00e4lle. Rekisterinpit\u00e4j\u00e4 voi pyyt\u00e4\u00e4 tarvittaessa pyynn\u00f6n esitt\u00e4j\u00e4\u00e4 todistamaan henkil\u00f6llisyytens\u00e4. Rekisterinpit\u00e4j\u00e4 vastaa asiakkaalle EU:n tietosuoja-asetuksessa s\u00e4\u00e4detyss\u00e4 ajassa eli kuukauden kuluessa.<\/p>\n\n\n\n<p><strong>Muut henkil\u00f6tietojen k\u00e4sittelyyn liittyv\u00e4t oikeudet<\/strong><\/p>\n\n\n\n<p>Rekisteriss\u00e4 olevalla henkil\u00f6ll\u00e4 on oikeus pyyt\u00e4\u00e4 h\u00e4nt\u00e4 koskevien henkil\u00f6tietojen poistamiseen rekisterist\u00e4 (&#8221;oikeus tulla unohdetuksi&#8221;). Niin ik\u00e4\u00e4n rekister\u00f6idyill\u00e4 on muut EU:n yleisen tietosuoja-asetuksen mukaiset oikeudet kuten henkil\u00f6tietojen k\u00e4sittelyn rajoittaminen tietyiss\u00e4 tilanteissa. Pyynn\u00f6t tulee l\u00e4hett\u00e4\u00e4 kirjallisesti rekisterinpit\u00e4j\u00e4lle. Rekisterinpit\u00e4j\u00e4 voi pyyt\u00e4\u00e4 tarvittaessa pyynn\u00f6n esitt\u00e4j\u00e4\u00e4 todistamaan henkil\u00f6llisyytens\u00e4. Rekisterinpit\u00e4j\u00e4 vastaa asiakkaalle EU:n tietosuoja-asetuksessa s\u00e4\u00e4detyss\u00e4 ajassa eli kuukauden kuluessa.<\/p>\n\n\n\n<p><strong>Verkkosivustomme<\/strong><\/p>\n\n\n\n<p>Tactic\u2019n verkkosivustot ja digitaaliset palvelut saattavat sis\u00e4lt\u00e4\u00e4 linkkej\u00e4 verkkosivustoille, jotka kuuluvat verkkoyhteisty\u00f6kumppaneillemme, mainostajille ja konserniyhti\u00f6ille. Jos k\u00e4ytt\u00e4j\u00e4 seuraa linkki\u00e4 jollekin n\u00e4ist\u00e4 verkkosivustoista tai k\u00e4ytt\u00e4\u00e4 kolmansien osapuolten palveluita, k\u00e4ytt\u00e4j\u00e4n tulee olla tietoinen, ett\u00e4 heill\u00e4 on omat tietosuojaselosteensa ja me emme ota vastuuta siit\u00e4, miten he k\u00e4sittelev\u00e4t henkil\u00f6tietoja.<\/p>\n\n\n\n<p><strong>Alaik\u00e4iset<\/strong><\/p>\n\n\n\n<p>Suhtaudumme vakavasti lasten turvallisuuden ja yksityisyyden suojeluun verkossa ja emme tietoisesti markkinoi tai pyyd\u00e4 henkil\u00f6tietoja alle 18-vuotiailta lapsilta ilman vanhempien antamaa ja vahvistettua suostumusta.<\/p>\n\n\n\n<p><strong>Tietosuojaa koskeva vaikutusten arviointi<\/strong><\/p>\n\n\n\n<p>Henkil\u00f6tietojemme k\u00e4sittelyyn ei kohdistu tietosuoja-asetuksessa m\u00e4\u00e4ritelty\u00e4 todenn\u00e4k\u00f6isesti korkeaa riski\u00e4, josta johtuen emme ole rekisterinpit\u00e4j\u00e4n velvollisia tekem\u00e4\u00e4n tietosuojaa koskevaa vaikutusten arviointia.<\/p>\n\n\n\n<p>Olemme kuitenkin tehneet ja teemme jatkuvasti perusteellisia arvioita henkil\u00f6tietojen k\u00e4sittelyyn liittyvist\u00e4 riskeist\u00e4.<\/p>\n\n\n\n<p><strong>Yhteystiedot<\/strong><\/p>\n\n\n\n<p>Otamme mielell\u00e4mme vastaan kaikki kysymykset, kommentit ja pyynn\u00f6t koskien n\u00e4it\u00e4 tietosuojaperiaatteitamme, ja pyyd\u00e4mme l\u00e4hett\u00e4m\u00e4\u00e4n ne osoitteeseen olli.kivela(at)tactic.net.<\/p>\n\n\n\n<p>Toimimme EU:n yleisen tietosuoja-asetuksen (2016\/679) mukaisesti ja olemme siihen sidottuja yhdess\u00e4 EU:n tietosuoja-asetusta t\u00e4ydent\u00e4v\u00e4n lain (2018:218) ja s\u00e4hk\u00f6isen viestinn\u00e4n palveluista annetun lain (2014\/917) kanssa.<\/p>\n\n\n\n<p><strong>Voimassaolo ja muutokset<\/strong><\/p>\n\n\n\n<p>N\u00e4m\u00e4 tietosuojaperiaatteet on viimeksi vahvistettu <strong>24.5.2018<\/strong> ja ne ovat voimassa toistaiseksi. Mahdolliset muutokset n\u00e4ihin tietosuojaperiaatteisiin julkaistaan hyviss\u00e4 ajoin ennen niiden voimaantuloa. Samalla ohjeistamme henkil\u00f6tietorekistereiss\u00e4mme olevia mahdollisista vaihtoehdoista, joita heill\u00e4 saattaa olla niiden muutosten my\u00f6t\u00e4.<\/p>\n","protected":false},"excerpt":{"rendered":"<p>TACTIC-KONSERNIN ARVOT JA PERIAATTEET TIETOSUOJA-ASIOISSA Tactic Games Oy:n teht\u00e4v\u00e4n\u00e4 on tuottaa asiakkailleen tuotteita ja palveluita, joiden \u00e4\u00e4ress\u00e4 he voivat kokea unohtumattomia yhdess\u00e4olon hetki\u00e4 ja ikimuistoisia el\u00e4myksi\u00e4 sek\u00e4 iloa, j\u00e4nnityst\u00e4 ja onnistumisen kokemuksia. Samalla koemme hyvin t\u00e4rke\u00e4ksi ja keskeiseksi arvoksemme sen, &hellip;<\/p>\n<p class=\"read-more\"> <a class=\"more-link\" href=\"https:\/\/games.tactic.net\/promo\/tietosuojaperiaatteet\/\"> <span class=\"screen-reader-text\">Tietosuojaperiaatteet<\/span> Lue lis\u00e4\u00e4 &raquo;<\/a><\/p>\n","protected":false},"author":2,"featured_media":0,"parent":0,"menu_order":0,"comment_status":"closed","ping_status":"closed","template":"full-width-page.php","meta":{"content-type":"","footnotes":""},"class_list":["post-799","page","type-page","status-publish","hentry"],"_links":{"self":[{"href":"https:\/\/games.tactic.net\/promo\/wp-json\/wp\/v2\/pages\/799","targetHints":{"allow":["GET"]}}],"collection":[{"href":"https:\/\/games.tactic.net\/promo\/wp-json\/wp\/v2\/pages"}],"about":[{"href":"https:\/\/games.tactic.net\/promo\/wp-json\/wp\/v2\/types\/page"}],"author":[{"embeddable":true,"href":"https:\/\/games.tactic.net\/promo\/wp-json\/wp\/v2\/users\/2"}],"replies":[{"embeddable":true,"href":"https:\/\/games.tactic.net\/promo\/wp-json\/wp\/v2\/comments?post=799"}],"version-history":[{"count":6,"href":"https:\/\/games.tactic.net\/promo\/wp-json\/wp\/v2\/pages\/799\/revisions"}],"predecessor-version":[{"id":1164,"href":"https:\/\/games.tactic.net\/promo\/wp-json\/wp\/v2\/pages\/799\/revisions\/1164"}],"wp:attachment":[{"href":"https:\/\/games.tactic.net\/promo\/wp-json\/wp\/v2\/media?parent=799"}],"curies":[{"name":"wp","href":"https:\/\/api.w.org\/{rel}","templated":true}]}}