{"id":677,"date":"2018-03-07T09:26:08","date_gmt":"2018-03-07T07:26:08","guid":{"rendered":"http:\/\/games.tactic.net\/promo\/?page_id=677"},"modified":"2022-11-09T14:21:29","modified_gmt":"2022-11-09T12:21:29","slug":"muut-tuotteet","status":"publish","type":"page","link":"https:\/\/games.tactic.net\/promo\/tuotteet\/muut-tuotteet\/","title":{"rendered":"Muut tuotteet"},"content":{"rendered":"\n<h3 class=\"wp-block-heading\">Yritykselle&nbsp;\/ yhdistykselle&nbsp;varta vasten suunniteltu oma tuote<\/h3>\n\n\n\n<p>Oman tuotteen suunnittelussa teit\u00e4 auttavat ammattitaitoinen ja idearikas henkil\u00f6kuntamme.<\/p>\n\n\n\n<p>Tuotteet voivat olla esimerkiksi:<\/p>\n\n\n\n<ul class=\"wp-block-list\">\n<li>lahjalaatikko<\/li>\n\n\n\n<li>joulukalenteri<\/li>\n\n\n\n<li>lehti\u00f6<\/li>\n\n\n\n<li>puuha- ja v\u00e4rityskirja<\/li>\n<\/ul>\n\n\n\n<p>Tuotteen visuaalinen ilme (esim. pelilaatikko tai kansikuva) viimeistell\u00e4\u00e4n&nbsp;yrityksen&nbsp;graafisen ilmeen mukaiseksi.<\/p>\n\n\n\n<p>Minimitilausm\u00e4\u00e4r\u00e4 1000 kpl.<\/p>\n\n\n\n<div class=\"wp-block-columns is-layout-flex wp-container-core-columns-is-layout-9d6595d7 wp-block-columns-is-layout-flex\">\n<div class=\"wp-block-column is-layout-flow wp-block-column-is-layout-flow\">\n<figure class=\"wp-block-image size-medium\"><a href=\"https:\/\/games.tactic.net\/promo\/wp-content\/uploads\/2021\/11\/WV_puuhakirja-1.png\"><img loading=\"lazy\" decoding=\"async\" width=\"300\" height=\"173\" src=\"https:\/\/games.tactic.net\/promo\/wp-content\/uploads\/2021\/11\/WV_puuhakirja-1-300x173.png\" alt=\"\" class=\"wp-image-1288\" srcset=\"https:\/\/games.tactic.net\/promo\/wp-content\/uploads\/2021\/11\/WV_puuhakirja-1-300x173.png 300w, https:\/\/games.tactic.net\/promo\/wp-content\/uploads\/2021\/11\/WV_puuhakirja-1-1024x591.png 1024w, https:\/\/games.tactic.net\/promo\/wp-content\/uploads\/2021\/11\/WV_puuhakirja-1-768x444.png 768w, https:\/\/games.tactic.net\/promo\/wp-content\/uploads\/2021\/11\/WV_puuhakirja-1-100x58.png 100w, https:\/\/games.tactic.net\/promo\/wp-content\/uploads\/2021\/11\/WV_puuhakirja-1-150x87.png 150w, https:\/\/games.tactic.net\/promo\/wp-content\/uploads\/2021\/11\/WV_puuhakirja-1-200x116.png 200w, https:\/\/games.tactic.net\/promo\/wp-content\/uploads\/2021\/11\/WV_puuhakirja-1-450x260.png 450w, https:\/\/games.tactic.net\/promo\/wp-content\/uploads\/2021\/11\/WV_puuhakirja-1-600x347.png 600w, https:\/\/games.tactic.net\/promo\/wp-content\/uploads\/2021\/11\/WV_puuhakirja-1-900x520.png 900w, https:\/\/games.tactic.net\/promo\/wp-content\/uploads\/2021\/11\/WV_puuhakirja-1.png 1063w\" sizes=\"auto, (max-width: 300px) 100vw, 300px\" \/><\/a><\/figure>\n<\/div>\n\n\n\n<div class=\"wp-block-column is-layout-flow wp-block-column-is-layout-flow\">\n<figure class=\"wp-block-image size-medium\"><a href=\"https:\/\/games.tactic.net\/promo\/wp-content\/uploads\/2016\/07\/laatikot.jpg\"><img loading=\"lazy\" decoding=\"async\" width=\"300\" height=\"200\" src=\"https:\/\/games.tactic.net\/promo\/wp-content\/uploads\/2016\/07\/laatikot-300x200.jpg\" alt=\"Lahjalaatikko: Presidentti-laatikot\" class=\"wp-image-461\" srcset=\"https:\/\/games.tactic.net\/promo\/wp-content\/uploads\/2016\/07\/laatikot-300x200.jpg 300w, https:\/\/games.tactic.net\/promo\/wp-content\/uploads\/2016\/07\/laatikot-768x511.jpg 768w, https:\/\/games.tactic.net\/promo\/wp-content\/uploads\/2016\/07\/laatikot-1024x682.jpg 1024w, https:\/\/games.tactic.net\/promo\/wp-content\/uploads\/2016\/07\/laatikot-100x67.jpg 100w, https:\/\/games.tactic.net\/promo\/wp-content\/uploads\/2016\/07\/laatikot-150x100.jpg 150w, https:\/\/games.tactic.net\/promo\/wp-content\/uploads\/2016\/07\/laatikot-200x133.jpg 200w, https:\/\/games.tactic.net\/promo\/wp-content\/uploads\/2016\/07\/laatikot-450x300.jpg 450w, https:\/\/games.tactic.net\/promo\/wp-content\/uploads\/2016\/07\/laatikot-600x399.jpg 600w, https:\/\/games.tactic.net\/promo\/wp-content\/uploads\/2016\/07\/laatikot-900x599.jpg 900w, https:\/\/games.tactic.net\/promo\/wp-content\/uploads\/2016\/07\/laatikot.jpg 1065w\" sizes=\"auto, (max-width: 300px) 100vw, 300px\" \/><\/a><\/figure>\n<\/div>\n\n\n\n<div class=\"wp-block-column is-layout-flow wp-block-column-is-layout-flow\">\n<figure class=\"wp-block-image size-medium\"><a href=\"https:\/\/games.tactic.net\/promo\/wp-content\/uploads\/2016\/07\/joulukalenterit.png\"><img loading=\"lazy\" decoding=\"async\" width=\"300\" height=\"200\" src=\"https:\/\/games.tactic.net\/promo\/wp-content\/uploads\/2016\/07\/joulukalenterit-300x200.png\" alt=\"Joulukalenteri\" class=\"wp-image-464\" srcset=\"https:\/\/games.tactic.net\/promo\/wp-content\/uploads\/2016\/07\/joulukalenterit-300x200.png 300w, https:\/\/games.tactic.net\/promo\/wp-content\/uploads\/2016\/07\/joulukalenterit-768x512.png 768w, https:\/\/games.tactic.net\/promo\/wp-content\/uploads\/2016\/07\/joulukalenterit-1024x682.png 1024w, https:\/\/games.tactic.net\/promo\/wp-content\/uploads\/2016\/07\/joulukalenterit-100x67.png 100w, https:\/\/games.tactic.net\/promo\/wp-content\/uploads\/2016\/07\/joulukalenterit-150x100.png 150w, https:\/\/games.tactic.net\/promo\/wp-content\/uploads\/2016\/07\/joulukalenterit-200x133.png 200w, https:\/\/games.tactic.net\/promo\/wp-content\/uploads\/2016\/07\/joulukalenterit-450x300.png 450w, https:\/\/games.tactic.net\/promo\/wp-content\/uploads\/2016\/07\/joulukalenterit-600x400.png 600w, https:\/\/games.tactic.net\/promo\/wp-content\/uploads\/2016\/07\/joulukalenterit-900x600.png 900w, https:\/\/games.tactic.net\/promo\/wp-content\/uploads\/2016\/07\/joulukalenterit.png 1064w\" sizes=\"auto, (max-width: 300px) 100vw, 300px\" \/><\/a><\/figure>\n<\/div>\n<\/div>\n\n\n\n<div class=\"wp-block-columns is-layout-flex wp-container-core-columns-is-layout-9d6595d7 wp-block-columns-is-layout-flex\">\n<div class=\"wp-block-column is-layout-flow wp-block-column-is-layout-flow\">\n<figure class=\"wp-block-image size-medium\"><a href=\"https:\/\/games.tactic.net\/promo\/wp-content\/uploads\/2016\/07\/lehti\u00f6.jpg\"><img loading=\"lazy\" decoding=\"async\" width=\"300\" height=\"200\" src=\"https:\/\/games.tactic.net\/promo\/wp-content\/uploads\/2016\/07\/lehti\u00f6-300x200.jpg\" alt=\"Taskulehti\u00f6\" class=\"wp-image-511\" srcset=\"https:\/\/games.tactic.net\/promo\/wp-content\/uploads\/2016\/07\/lehti\u00f6-300x200.jpg 300w, https:\/\/games.tactic.net\/promo\/wp-content\/uploads\/2016\/07\/lehti\u00f6-768x511.jpg 768w, https:\/\/games.tactic.net\/promo\/wp-content\/uploads\/2016\/07\/lehti\u00f6-1024x682.jpg 1024w, https:\/\/games.tactic.net\/promo\/wp-content\/uploads\/2016\/07\/lehti\u00f6-100x67.jpg 100w, https:\/\/games.tactic.net\/promo\/wp-content\/uploads\/2016\/07\/lehti\u00f6-150x100.jpg 150w, https:\/\/games.tactic.net\/promo\/wp-content\/uploads\/2016\/07\/lehti\u00f6-200x133.jpg 200w, https:\/\/games.tactic.net\/promo\/wp-content\/uploads\/2016\/07\/lehti\u00f6-450x300.jpg 450w, https:\/\/games.tactic.net\/promo\/wp-content\/uploads\/2016\/07\/lehti\u00f6-600x399.jpg 600w, https:\/\/games.tactic.net\/promo\/wp-content\/uploads\/2016\/07\/lehti\u00f6-900x599.jpg 900w, https:\/\/games.tactic.net\/promo\/wp-content\/uploads\/2016\/07\/lehti\u00f6.jpg 1065w\" sizes=\"auto, (max-width: 300px) 100vw, 300px\" \/><\/a><\/figure>\n<\/div>\n\n\n\n<div class=\"wp-block-column is-layout-flow wp-block-column-is-layout-flow\">\n<figure class=\"wp-block-image size-medium\"><a href=\"https:\/\/games.tactic.net\/promo\/wp-content\/uploads\/2016\/07\/niin_ihana.jpg\"><img loading=\"lazy\" decoding=\"async\" width=\"300\" height=\"200\" src=\"https:\/\/games.tactic.net\/promo\/wp-content\/uploads\/2016\/07\/niin_ihana-300x200.jpg\" alt=\"Lahjalaatikko: Oot niin ihana\" class=\"wp-image-441\" srcset=\"https:\/\/games.tactic.net\/promo\/wp-content\/uploads\/2016\/07\/niin_ihana-300x200.jpg 300w, https:\/\/games.tactic.net\/promo\/wp-content\/uploads\/2016\/07\/niin_ihana-768x512.jpg 768w, https:\/\/games.tactic.net\/promo\/wp-content\/uploads\/2016\/07\/niin_ihana-1024x682.jpg 1024w, https:\/\/games.tactic.net\/promo\/wp-content\/uploads\/2016\/07\/niin_ihana-100x67.jpg 100w, https:\/\/games.tactic.net\/promo\/wp-content\/uploads\/2016\/07\/niin_ihana-150x100.jpg 150w, https:\/\/games.tactic.net\/promo\/wp-content\/uploads\/2016\/07\/niin_ihana-200x133.jpg 200w, https:\/\/games.tactic.net\/promo\/wp-content\/uploads\/2016\/07\/niin_ihana-450x300.jpg 450w, https:\/\/games.tactic.net\/promo\/wp-content\/uploads\/2016\/07\/niin_ihana-600x400.jpg 600w, https:\/\/games.tactic.net\/promo\/wp-content\/uploads\/2016\/07\/niin_ihana-900x600.jpg 900w, https:\/\/games.tactic.net\/promo\/wp-content\/uploads\/2016\/07\/niin_ihana.jpg 1064w\" sizes=\"auto, (max-width: 300px) 100vw, 300px\" \/><\/a><\/figure>\n<\/div>\n\n\n\n<div class=\"wp-block-column is-layout-flow wp-block-column-is-layout-flow\">\n<figure class=\"wp-block-image size-medium\"><a href=\"https:\/\/games.tactic.net\/promo\/wp-content\/uploads\/2016\/07\/Hesburger_puuhakirja.jpg\"><img loading=\"lazy\" decoding=\"async\" width=\"300\" height=\"200\" src=\"https:\/\/games.tactic.net\/promo\/wp-content\/uploads\/2016\/07\/Hesburger_puuhakirja-300x200.jpg\" alt=\"Puuhakirja: Hesburger\" class=\"wp-image-374\" srcset=\"https:\/\/games.tactic.net\/promo\/wp-content\/uploads\/2016\/07\/Hesburger_puuhakirja-300x200.jpg 300w, https:\/\/games.tactic.net\/promo\/wp-content\/uploads\/2016\/07\/Hesburger_puuhakirja-768x512.jpg 768w, https:\/\/games.tactic.net\/promo\/wp-content\/uploads\/2016\/07\/Hesburger_puuhakirja-1024x683.jpg 1024w, https:\/\/games.tactic.net\/promo\/wp-content\/uploads\/2016\/07\/Hesburger_puuhakirja-100x67.jpg 100w, https:\/\/games.tactic.net\/promo\/wp-content\/uploads\/2016\/07\/Hesburger_puuhakirja-150x100.jpg 150w, https:\/\/games.tactic.net\/promo\/wp-content\/uploads\/2016\/07\/Hesburger_puuhakirja-200x133.jpg 200w, https:\/\/games.tactic.net\/promo\/wp-content\/uploads\/2016\/07\/Hesburger_puuhakirja-450x300.jpg 450w, https:\/\/games.tactic.net\/promo\/wp-content\/uploads\/2016\/07\/Hesburger_puuhakirja-600x400.jpg 600w, https:\/\/games.tactic.net\/promo\/wp-content\/uploads\/2016\/07\/Hesburger_puuhakirja-900x600.jpg 900w, https:\/\/games.tactic.net\/promo\/wp-content\/uploads\/2016\/07\/Hesburger_puuhakirja.jpg 1063w\" sizes=\"auto, (max-width: 300px) 100vw, 300px\" \/><\/a><\/figure>\n<\/div>\n<\/div>\n","protected":false},"excerpt":{"rendered":"<p>Yritykselle&nbsp;\/ yhdistykselle&nbsp;varta vasten suunniteltu oma tuote Oman tuotteen suunnittelussa teit\u00e4 auttavat ammattitaitoinen ja idearikas henkil\u00f6kuntamme. Tuotteet voivat olla esimerkiksi: Tuotteen visuaalinen ilme (esim. pelilaatikko tai kansikuva) viimeistell\u00e4\u00e4n&nbsp;yrityksen&nbsp;graafisen ilmeen mukaiseksi. Minimitilausm\u00e4\u00e4r\u00e4 1000 kpl.<\/p>\n","protected":false},"author":2,"featured_media":0,"parent":10,"menu_order":8,"comment_status":"closed","ping_status":"closed","template":"","meta":{"content-type":"","footnotes":""},"class_list":["post-677","page","type-page","status-publish","hentry"],"_links":{"self":[{"href":"https:\/\/games.tactic.net\/promo\/wp-json\/wp\/v2\/pages\/677","targetHints":{"allow":["GET"]}}],"collection":[{"href":"https:\/\/games.tactic.net\/promo\/wp-json\/wp\/v2\/pages"}],"about":[{"href":"https:\/\/games.tactic.net\/promo\/wp-json\/wp\/v2\/types\/page"}],"author":[{"embeddable":true,"href":"https:\/\/games.tactic.net\/promo\/wp-json\/wp\/v2\/users\/2"}],"replies":[{"embeddable":true,"href":"https:\/\/games.tactic.net\/promo\/wp-json\/wp\/v2\/comments?post=677"}],"version-history":[{"count":13,"href":"https:\/\/games.tactic.net\/promo\/wp-json\/wp\/v2\/pages\/677\/revisions"}],"predecessor-version":[{"id":1383,"href":"https:\/\/games.tactic.net\/promo\/wp-json\/wp\/v2\/pages\/677\/revisions\/1383"}],"up":[{"embeddable":true,"href":"https:\/\/games.tactic.net\/promo\/wp-json\/wp\/v2\/pages\/10"}],"wp:attachment":[{"href":"https:\/\/games.tactic.net\/promo\/wp-json\/wp\/v2\/media?parent=677"}],"curies":[{"name":"wp","href":"https:\/\/api.w.org\/{rel}","templated":true}]}}