{"id":50,"date":"2016-07-04T12:09:14","date_gmt":"2016-07-04T09:09:14","guid":{"rendered":"http:\/\/games.tactic.net\/promo\/?page_id=50"},"modified":"2024-03-19T09:41:31","modified_gmt":"2024-03-19T07:41:31","slug":"etusivu","status":"publish","type":"page","link":"https:\/\/games.tactic.net\/promo\/","title":{"rendered":"Onnistumisen palaset &#8211; Tacticilta!"},"content":{"rendered":"<div id=\"metaslider-id-900\" style=\"max-width: 1100px;\" class=\"ml-slider-3-106-0 metaslider metaslider-flex metaslider-900 ml-slider has-dots-nav ms-theme-default\" role=\"region\" aria-label=\"New Slideshow\" data-height=\"630\" data-width=\"1100\">\n    <div id=\"metaslider_container_900\">\n        <div id=\"metaslider_900\">\n            <ul class='slides'>\n                <li style=\"display: block; width: 100%;\" class=\"slide-1420 ms-image \" aria-roledescription=\"slide\" data-date=\"2023-02-15 10:25:18\" data-filename=\"taidememo-1000x572.jpg\" data-slide-type=\"image\"><a href=\"http:\/\/games.tactic.net\/promo\/tuotteet\/muistipelit\/\" target=\"_self\" aria-label=\"View Slide Details\" class=\"metaslider_image_link\"><img loading=\"lazy\" decoding=\"async\" src=\"https:\/\/games.tactic.net\/promo\/wp-content\/uploads\/2024\/11\/taidememo-1000x572.jpg\" height=\"630\" width=\"1100\" alt=\"\" class=\"slider-900 slide-1420 msDefaultImage\" title=\"taidememo\" \/><\/a><\/li>\n                <li style=\"display: none; width: 100%;\" class=\"slide-1232 ms-image \" aria-roledescription=\"slide\" data-date=\"2020-11-18 07:36:02\" data-filename=\"HELSINKIPELIT-1000x572.jpg\" data-slide-type=\"image\"><a href=\"http:\/\/games.tactic.net\/promo\/tuotteet\/palapelit\/\" target=\"_self\" aria-label=\"View Slide Details\" class=\"metaslider_image_link\"><img loading=\"lazy\" decoding=\"async\" src=\"https:\/\/games.tactic.net\/promo\/wp-content\/uploads\/2020\/11\/HELSINKIPELIT-1000x572.jpg\" height=\"630\" width=\"1100\" alt=\"\" class=\"slider-900 slide-1232 msDefaultImage\" title=\"HELSINKIPELIT\" \/><\/a><\/li>\n                <li style=\"display: none; width: 100%;\" class=\"slide-1204 ms-image \" aria-roledescription=\"slide\" data-date=\"2020-10-27 09:01:05\" data-filename=\"pinnanalla-1000x572.jpg\" data-slide-type=\"image\"><a href=\"http:\/\/games.tactic.net\/promo\/pinnan-alla\/\" target=\"_self\" aria-label=\"View Slide Details\" class=\"metaslider_image_link\"><img loading=\"lazy\" decoding=\"async\" src=\"https:\/\/games.tactic.net\/promo\/wp-content\/uploads\/2020\/10\/pinnanalla-1000x572.jpg\" height=\"630\" width=\"1100\" alt=\"\" class=\"slider-900 slide-1204 msDefaultImage\" title=\"pinnanalla\" \/><\/a><\/li>\n                <li style=\"display: none; width: 100%;\" class=\"slide-1291 ms-image \" aria-roledescription=\"slide\" data-date=\"2021-11-23 11:20:03\" data-filename=\"WVpuuhakirja-1-1000x572.jpg\" data-slide-type=\"image\"><a href=\"http:\/\/games.tactic.net\/promo\/tuotteet\/muut-tuotteet\/\" target=\"_self\" aria-label=\"View Slide Details\" class=\"metaslider_image_link\"><img loading=\"lazy\" decoding=\"async\" src=\"https:\/\/games.tactic.net\/promo\/wp-content\/uploads\/2021\/11\/WVpuuhakirja-1-1000x572.jpg\" height=\"630\" width=\"1100\" alt=\"\" class=\"slider-900 slide-1291 msDefaultImage\" title=\"WVpuuhakirja\" \/><\/a><\/li>\n                <li style=\"display: none; width: 100%;\" class=\"slide-902 ms-image \" aria-roledescription=\"slide\" data-date=\"2018-11-26 11:02:05\" data-filename=\"tactic_banner_5-1000x572.jpg\" data-slide-type=\"image\"><a href=\"http:\/\/games.tactic.net\/promo\/tuotteet\/pelikortit\/\" target=\"_self\" aria-label=\"View Slide Details\" class=\"metaslider_image_link\"><img loading=\"lazy\" decoding=\"async\" src=\"https:\/\/games.tactic.net\/promo\/wp-content\/uploads\/2018\/03\/tactic_banner_5-1000x572.jpg\" height=\"630\" width=\"1100\" alt=\"\" class=\"slider-900 slide-902 msDefaultImage\" title=\"tactic_banner_5\" \/><\/a><\/li>\n                <li style=\"display: none; width: 100%;\" class=\"slide-904 ms-image \" aria-roledescription=\"slide\" data-date=\"2018-11-26 11:05:40\" data-filename=\"tactic_banner_2-1000x572.jpg\" data-slide-type=\"image\"><a href=\"http:\/\/games.tactic.net\/promo\/tuotteet\/palapelit\/\" target=\"_self\" aria-label=\"View Slide Details\" class=\"metaslider_image_link\"><img loading=\"lazy\" decoding=\"async\" src=\"https:\/\/games.tactic.net\/promo\/wp-content\/uploads\/2018\/03\/tactic_banner_2-1000x572.jpg\" height=\"630\" width=\"1100\" alt=\"\" class=\"slider-900 slide-904 msDefaultImage\" title=\"tactic_banner_2\" \/><\/a><\/li>\n                <li style=\"display: none; width: 100%;\" class=\"slide-905 ms-image \" aria-roledescription=\"slide\" data-date=\"2018-11-26 11:06:03\" data-filename=\"tactic_banner_6-1000x572.jpg\" data-slide-type=\"image\"><a href=\"http:\/\/games.tactic.net\/promo\/tuotteet\/yatzyt\/\" target=\"_self\" aria-label=\"View Slide Details\" class=\"metaslider_image_link\"><img loading=\"lazy\" decoding=\"async\" src=\"https:\/\/games.tactic.net\/promo\/wp-content\/uploads\/2018\/03\/tactic_banner_6-1000x572.jpg\" height=\"630\" width=\"1100\" alt=\"\" class=\"slider-900 slide-905 msDefaultImage\" title=\"tactic_banner_6\" \/><\/a><\/li>\n                <li style=\"display: none; width: 100%;\" class=\"slide-908 ms-image \" aria-roledescription=\"slide\" data-date=\"2018-11-26 11:07:41\" data-filename=\"tactic_banner_7-1-1000x572.jpg\" data-slide-type=\"image\"><a href=\"http:\/\/games.tactic.net\/promo\/tuotteet\/muistipelit\/\" target=\"_self\" aria-label=\"View Slide Details\" class=\"metaslider_image_link\"><img loading=\"lazy\" decoding=\"async\" src=\"https:\/\/games.tactic.net\/promo\/wp-content\/uploads\/2016\/07\/tactic_banner_7-1-1000x572.jpg\" height=\"630\" width=\"1100\" alt=\"\" class=\"slider-900 slide-908 msDefaultImage\" title=\"tactic_banner_7\" \/><\/a><\/li>\n                <li style=\"display: none; width: 100%;\" class=\"slide-909 ms-image \" aria-roledescription=\"slide\" data-date=\"2018-11-26 11:08:12\" data-filename=\"kaupunkipelit-1000x572.jpg\" data-slide-type=\"image\"><a href=\"http:\/\/games.tactic.net\/promo\/tuotteet\/personoidut-lautapelit\/\" target=\"_self\" aria-label=\"View Slide Details\" class=\"metaslider_image_link\"><img loading=\"lazy\" decoding=\"async\" src=\"https:\/\/games.tactic.net\/promo\/wp-content\/uploads\/2022\/11\/kaupunkipelit-1000x572.jpg\" height=\"630\" width=\"1100\" alt=\"\" class=\"slider-900 slide-909 msDefaultImage\" title=\"kaupunkipelit\" \/><\/a><\/li>\n            <\/ul>\n        <\/div>\n        \n    <\/div>\n<\/div>\n\n\n\n<div style=\"height:20px\" aria-hidden=\"true\" class=\"wp-block-spacer\"><\/div>\n\n\n\n<div class=\"wp-block-columns is-layout-flex wp-container-core-columns-is-layout-9d6595d7 wp-block-columns-is-layout-flex\">\n<div class=\"wp-block-column is-layout-flow wp-block-column-is-layout-flow\" style=\"flex-basis:25%\"><\/div>\n\n\n\n<div class=\"wp-block-column is-layout-flow wp-block-column-is-layout-flow\" style=\"flex-basis:50%\">\n<h2 class=\"wp-block-heading has-text-align-center\">Oma kuva &#8211; oma idea &#8211; oma peli!<\/h2>\n\n\n\n<h3 class=\"wp-block-heading has-text-align-center\">Tutustu ainutlaatuisiin personoitaviin br\u00e4ndituotteisiimme, joista voit omien kuvien ja tekstien avulla luoda oman n\u00e4k\u00f6isesi pelin! <\/h3>\n<\/div>\n\n\n\n<div class=\"wp-block-column is-layout-flow wp-block-column-is-layout-flow\" style=\"flex-basis:25%\"><\/div>\n<\/div>\n\n\n\n<p><\/p>\n","protected":false},"excerpt":{"rendered":"<p>Oma kuva &#8211; oma idea &#8211; oma peli! Tutustu ainutlaatuisiin personoitaviin br\u00e4ndituotteisiimme, joista voit omien kuvien ja tekstien avulla luoda oman n\u00e4k\u00f6isesi pelin!<\/p>\n","protected":false},"author":2,"featured_media":0,"parent":0,"menu_order":1,"comment_status":"closed","ping_status":"closed","template":"","meta":{"content-type":"","footnotes":""},"class_list":["post-50","page","type-page","status-publish","hentry"],"_links":{"self":[{"href":"https:\/\/games.tactic.net\/promo\/wp-json\/wp\/v2\/pages\/50","targetHints":{"allow":["GET"]}}],"collection":[{"href":"https:\/\/games.tactic.net\/promo\/wp-json\/wp\/v2\/pages"}],"about":[{"href":"https:\/\/games.tactic.net\/promo\/wp-json\/wp\/v2\/types\/page"}],"author":[{"embeddable":true,"href":"https:\/\/games.tactic.net\/promo\/wp-json\/wp\/v2\/users\/2"}],"replies":[{"embeddable":true,"href":"https:\/\/games.tactic.net\/promo\/wp-json\/wp\/v2\/comments?post=50"}],"version-history":[{"count":28,"href":"https:\/\/games.tactic.net\/promo\/wp-json\/wp\/v2\/pages\/50\/revisions"}],"predecessor-version":[{"id":1534,"href":"https:\/\/games.tactic.net\/promo\/wp-json\/wp\/v2\/pages\/50\/revisions\/1534"}],"wp:attachment":[{"href":"https:\/\/games.tactic.net\/promo\/wp-json\/wp\/v2\/media?parent=50"}],"curies":[{"name":"wp","href":"https:\/\/api.w.org\/{rel}","templated":true}]}}