{"id":33,"date":"2016-07-04T10:27:53","date_gmt":"2016-07-04T07:27:53","guid":{"rendered":"http:\/\/games.tactic.net\/promo\/?page_id=33"},"modified":"2021-11-02T08:15:26","modified_gmt":"2021-11-02T06:15:26","slug":"pehmot","status":"publish","type":"page","link":"https:\/\/games.tactic.net\/promo\/tuotteet\/pehmot\/","title":{"rendered":"Pehmot"},"content":{"rendered":"\n<p>Valikoimaamme kuuluvat my\u00f6s laadukkaat pehmolelut, joista saa tuotemerkinn\u00f6ill\u00e4 valloittavan promootiotuotteen.<\/p>\n\n\n\n<p>Minimitilausm\u00e4\u00e4r\u00e4: 3000 kpl<\/p>\n\n\n\n<ul class=\"wp-block-list\"><li>Pehmot on Promon ainoa tuoteryhm\u00e4, joka ei ole kotimainen.<\/li><\/ul>\n\n\n\n<div class=\"wp-block-columns is-layout-flex wp-container-core-columns-is-layout-9d6595d7 wp-block-columns-is-layout-flex\">\n<div class=\"wp-block-column is-layout-flow wp-block-column-is-layout-flow\">\n<figure class=\"wp-block-image size-large is-resized\"><a href=\"https:\/\/games.tactic.net\/promo\/wp-content\/uploads\/2016\/07\/jokerit_pehmo.jpg\"><img loading=\"lazy\" decoding=\"async\" src=\"https:\/\/games.tactic.net\/promo\/wp-content\/uploads\/2016\/07\/jokerit_pehmo-682x1024.jpg\" alt=\"Pehmo: Jokerit\" class=\"wp-image-644\" width=\"184\" height=\"276\" srcset=\"https:\/\/games.tactic.net\/promo\/wp-content\/uploads\/2016\/07\/jokerit_pehmo-682x1024.jpg 682w, https:\/\/games.tactic.net\/promo\/wp-content\/uploads\/2016\/07\/jokerit_pehmo-200x300.jpg 200w, https:\/\/games.tactic.net\/promo\/wp-content\/uploads\/2016\/07\/jokerit_pehmo-100x150.jpg 100w, https:\/\/games.tactic.net\/promo\/wp-content\/uploads\/2016\/07\/jokerit_pehmo-150x225.jpg 150w, https:\/\/games.tactic.net\/promo\/wp-content\/uploads\/2016\/07\/jokerit_pehmo-300x450.jpg 300w, https:\/\/games.tactic.net\/promo\/wp-content\/uploads\/2016\/07\/jokerit_pehmo-450x675.jpg 450w, https:\/\/games.tactic.net\/promo\/wp-content\/uploads\/2016\/07\/jokerit_pehmo-600x900.jpg 600w, https:\/\/games.tactic.net\/promo\/wp-content\/uploads\/2016\/07\/jokerit_pehmo.jpg 709w\" sizes=\"auto, (max-width: 184px) 100vw, 184px\" \/><\/a><\/figure>\n<\/div>\n\n\n\n<div class=\"wp-block-column is-layout-flow wp-block-column-is-layout-flow\">\n<figure class=\"wp-block-image size-large is-resized\"><a href=\"https:\/\/games.tactic.net\/promo\/wp-content\/uploads\/2016\/07\/tactic_pehmo.jpg\"><img loading=\"lazy\" decoding=\"async\" src=\"https:\/\/games.tactic.net\/promo\/wp-content\/uploads\/2016\/07\/tactic_pehmo-683x1024.jpg\" alt=\"Pehmo: Panda\" class=\"wp-image-225\" width=\"188\" height=\"281\" srcset=\"https:\/\/games.tactic.net\/promo\/wp-content\/uploads\/2016\/07\/tactic_pehmo-683x1024.jpg 683w, https:\/\/games.tactic.net\/promo\/wp-content\/uploads\/2016\/07\/tactic_pehmo-200x300.jpg 200w, https:\/\/games.tactic.net\/promo\/wp-content\/uploads\/2016\/07\/tactic_pehmo-100x150.jpg 100w, https:\/\/games.tactic.net\/promo\/wp-content\/uploads\/2016\/07\/tactic_pehmo-150x225.jpg 150w, https:\/\/games.tactic.net\/promo\/wp-content\/uploads\/2016\/07\/tactic_pehmo-300x450.jpg 300w, https:\/\/games.tactic.net\/promo\/wp-content\/uploads\/2016\/07\/tactic_pehmo-450x675.jpg 450w, https:\/\/games.tactic.net\/promo\/wp-content\/uploads\/2016\/07\/tactic_pehmo-600x900.jpg 600w, https:\/\/games.tactic.net\/promo\/wp-content\/uploads\/2016\/07\/tactic_pehmo.jpg 709w\" sizes=\"auto, (max-width: 188px) 100vw, 188px\" \/><\/a><\/figure>\n<\/div>\n\n\n\n<div class=\"wp-block-column is-layout-flow wp-block-column-is-layout-flow\">\n<div class=\"wp-block-image\"><figure class=\"aligncenter size-large is-resized\"><a href=\"https:\/\/games.tactic.net\/promo\/wp-content\/uploads\/2020\/11\/Lumo_Stars_aitiyspakkaus.png\"><img loading=\"lazy\" decoding=\"async\" src=\"https:\/\/games.tactic.net\/promo\/wp-content\/uploads\/2020\/11\/Lumo_Stars_aitiyspakkaus-1024x1024.png\" alt=\"\" class=\"wp-image-1208\" width=\"437\" height=\"435\" srcset=\"https:\/\/games.tactic.net\/promo\/wp-content\/uploads\/2020\/11\/Lumo_Stars_aitiyspakkaus-300x300.png 300w, https:\/\/games.tactic.net\/promo\/wp-content\/uploads\/2020\/11\/Lumo_Stars_aitiyspakkaus-150x150.png 150w, https:\/\/games.tactic.net\/promo\/wp-content\/uploads\/2020\/11\/Lumo_Stars_aitiyspakkaus-100x100.png 100w, https:\/\/games.tactic.net\/promo\/wp-content\/uploads\/2020\/11\/Lumo_Stars_aitiyspakkaus-200x200.png 200w\" sizes=\"auto, (max-width: 437px) 100vw, 437px\" \/><\/a><\/figure><\/div>\n<\/div>\n\n\n\n<div class=\"wp-block-column is-layout-flow wp-block-column-is-layout-flow\"><\/div>\n<\/div>\n\n\n\n<p><\/p>\n","protected":false},"excerpt":{"rendered":"<p>Valikoimaamme kuuluvat my\u00f6s laadukkaat pehmolelut, joista saa tuotemerkinn\u00f6ill\u00e4 valloittavan promootiotuotteen. Minimitilausm\u00e4\u00e4r\u00e4: 3000 kpl Pehmot on Promon ainoa tuoteryhm\u00e4, joka ei ole kotimainen.<\/p>\n","protected":false},"author":2,"featured_media":0,"parent":10,"menu_order":8,"comment_status":"closed","ping_status":"closed","template":"full-width-page.php","meta":{"content-type":"","footnotes":""},"class_list":["post-33","page","type-page","status-publish","hentry"],"_links":{"self":[{"href":"https:\/\/games.tactic.net\/promo\/wp-json\/wp\/v2\/pages\/33","targetHints":{"allow":["GET"]}}],"collection":[{"href":"https:\/\/games.tactic.net\/promo\/wp-json\/wp\/v2\/pages"}],"about":[{"href":"https:\/\/games.tactic.net\/promo\/wp-json\/wp\/v2\/types\/page"}],"author":[{"embeddable":true,"href":"https:\/\/games.tactic.net\/promo\/wp-json\/wp\/v2\/users\/2"}],"replies":[{"embeddable":true,"href":"https:\/\/games.tactic.net\/promo\/wp-json\/wp\/v2\/comments?post=33"}],"version-history":[{"count":23,"href":"https:\/\/games.tactic.net\/promo\/wp-json\/wp\/v2\/pages\/33\/revisions"}],"predecessor-version":[{"id":1277,"href":"https:\/\/games.tactic.net\/promo\/wp-json\/wp\/v2\/pages\/33\/revisions\/1277"}],"up":[{"embeddable":true,"href":"https:\/\/games.tactic.net\/promo\/wp-json\/wp\/v2\/pages\/10"}],"wp:attachment":[{"href":"https:\/\/games.tactic.net\/promo\/wp-json\/wp\/v2\/media?parent=33"}],"curies":[{"name":"wp","href":"https:\/\/api.w.org\/{rel}","templated":true}]}}