{"id":29,"date":"2016-07-04T10:21:28","date_gmt":"2016-07-04T07:21:28","guid":{"rendered":"http:\/\/games.tactic.net\/promo\/?page_id=29"},"modified":"2023-05-12T06:51:08","modified_gmt":"2023-05-12T03:51:08","slug":"pihapelit","status":"publish","type":"page","link":"https:\/\/games.tactic.net\/promo\/tuotteet\/pihapelit\/","title":{"rendered":"Ulkopelit"},"content":{"rendered":"\n<div class=\"wp-block-columns is-layout-flex wp-container-core-columns-is-layout-9d6595d7 wp-block-columns-is-layout-flex\">\n<div class=\"wp-block-column is-layout-flow wp-block-column-is-layout-flow\">\n<figure class=\"wp-block-image aligncenter size-large\"><img loading=\"lazy\" decoding=\"async\" width=\"1024\" height=\"616\" src=\"https:\/\/games.tactic.net\/promo\/wp-content\/uploads\/2022\/03\/pihapelit-01-1024x616.jpg\" alt=\"\" class=\"wp-image-1307\" srcset=\"https:\/\/games.tactic.net\/promo\/wp-content\/uploads\/2022\/03\/pihapelit-01-1024x616.jpg 1024w, https:\/\/games.tactic.net\/promo\/wp-content\/uploads\/2022\/03\/pihapelit-01-300x180.jpg 300w, https:\/\/games.tactic.net\/promo\/wp-content\/uploads\/2022\/03\/pihapelit-01-768x462.jpg 768w, https:\/\/games.tactic.net\/promo\/wp-content\/uploads\/2022\/03\/pihapelit-01-1536x924.jpg 1536w, https:\/\/games.tactic.net\/promo\/wp-content\/uploads\/2022\/03\/pihapelit-01-100x60.jpg 100w, https:\/\/games.tactic.net\/promo\/wp-content\/uploads\/2022\/03\/pihapelit-01-150x90.jpg 150w, https:\/\/games.tactic.net\/promo\/wp-content\/uploads\/2022\/03\/pihapelit-01-200x120.jpg 200w, https:\/\/games.tactic.net\/promo\/wp-content\/uploads\/2022\/03\/pihapelit-01-450x271.jpg 450w, https:\/\/games.tactic.net\/promo\/wp-content\/uploads\/2022\/03\/pihapelit-01-600x361.jpg 600w, https:\/\/games.tactic.net\/promo\/wp-content\/uploads\/2022\/03\/pihapelit-01-900x541.jpg 900w, https:\/\/games.tactic.net\/promo\/wp-content\/uploads\/2022\/03\/pihapelit-01.jpg 1997w\" sizes=\"auto, (max-width: 1024px) 100vw, 1024px\" \/><figcaption class=\"wp-element-caption\">XL Yatzy [54929]<\/figcaption><\/figure>\n<\/div>\n\n\n\n<div class=\"wp-block-column is-layout-flow wp-block-column-is-layout-flow\">\n<h3 class=\"wp-block-heading\"><strong>XL Yatzy<\/strong><\/h3>\n\n\n\n<p>Minimitilausm\u00e4\u00e4r\u00e4:<\/p>\n\n\n\n<p>L\u00e4tk\u00e4personointi&nbsp;kanteen 50 kpl<br>Painatus vy\u00f6tteeseen: 3000 kpl<\/p>\n<\/div>\n<\/div>\n\n\n\n<hr class=\"wp-block-separator has-css-opacity is-style-dots\"\/>\n\n\n\n<div class=\"wp-block-columns is-layout-flex wp-container-core-columns-is-layout-9d6595d7 wp-block-columns-is-layout-flex\">\n<div class=\"wp-block-column is-layout-flow wp-block-column-is-layout-flow\">\n<figure class=\"wp-block-image aligncenter size-large\"><img loading=\"lazy\" decoding=\"async\" width=\"1024\" height=\"616\" src=\"https:\/\/games.tactic.net\/promo\/wp-content\/uploads\/2022\/03\/pihapelit-07-1024x616.jpg\" alt=\"\" class=\"wp-image-1308\" srcset=\"https:\/\/games.tactic.net\/promo\/wp-content\/uploads\/2022\/03\/pihapelit-07-1024x616.jpg 1024w, https:\/\/games.tactic.net\/promo\/wp-content\/uploads\/2022\/03\/pihapelit-07-300x180.jpg 300w, https:\/\/games.tactic.net\/promo\/wp-content\/uploads\/2022\/03\/pihapelit-07-768x462.jpg 768w, https:\/\/games.tactic.net\/promo\/wp-content\/uploads\/2022\/03\/pihapelit-07-1536x924.jpg 1536w, https:\/\/games.tactic.net\/promo\/wp-content\/uploads\/2022\/03\/pihapelit-07-100x60.jpg 100w, https:\/\/games.tactic.net\/promo\/wp-content\/uploads\/2022\/03\/pihapelit-07-150x90.jpg 150w, https:\/\/games.tactic.net\/promo\/wp-content\/uploads\/2022\/03\/pihapelit-07-200x120.jpg 200w, https:\/\/games.tactic.net\/promo\/wp-content\/uploads\/2022\/03\/pihapelit-07-450x271.jpg 450w, https:\/\/games.tactic.net\/promo\/wp-content\/uploads\/2022\/03\/pihapelit-07-600x361.jpg 600w, https:\/\/games.tactic.net\/promo\/wp-content\/uploads\/2022\/03\/pihapelit-07-900x541.jpg 900w, https:\/\/games.tactic.net\/promo\/wp-content\/uploads\/2022\/03\/pihapelit-07.jpg 1997w\" sizes=\"auto, (max-width: 1024px) 100vw, 1024px\" \/><figcaption class=\"wp-element-caption\">Bean Bag [54927]<\/figcaption><\/figure>\n<\/div>\n\n\n\n<div class=\"wp-block-column is-layout-flow wp-block-column-is-layout-flow\">\n<h3 class=\"wp-block-heading\"><strong>Classic Bean Bag Game<\/strong><\/h3>\n\n\n\n<p>Tarrapersonointi pakkaukseen&nbsp;<\/p>\n\n\n\n<p>Minimitilausm\u00e4\u00e4r\u00e4&nbsp;50 kpl<\/p>\n<\/div>\n<\/div>\n\n\n\n<hr class=\"wp-block-separator has-css-opacity is-style-dots\"\/>\n\n\n\n<div class=\"wp-block-columns is-layout-flex wp-container-core-columns-is-layout-9d6595d7 wp-block-columns-is-layout-flex\">\n<div class=\"wp-block-column is-layout-flow wp-block-column-is-layout-flow\">\n<figure class=\"wp-block-image aligncenter size-large\"><img loading=\"lazy\" decoding=\"async\" width=\"1024\" height=\"616\" src=\"https:\/\/games.tactic.net\/promo\/wp-content\/uploads\/2022\/03\/pihapelit-05-1024x616.jpg\" alt=\"\" class=\"wp-image-1309\" srcset=\"https:\/\/games.tactic.net\/promo\/wp-content\/uploads\/2022\/03\/pihapelit-05-1024x616.jpg 1024w, https:\/\/games.tactic.net\/promo\/wp-content\/uploads\/2022\/03\/pihapelit-05-300x180.jpg 300w, https:\/\/games.tactic.net\/promo\/wp-content\/uploads\/2022\/03\/pihapelit-05-768x462.jpg 768w, https:\/\/games.tactic.net\/promo\/wp-content\/uploads\/2022\/03\/pihapelit-05-1536x924.jpg 1536w, https:\/\/games.tactic.net\/promo\/wp-content\/uploads\/2022\/03\/pihapelit-05-100x60.jpg 100w, https:\/\/games.tactic.net\/promo\/wp-content\/uploads\/2022\/03\/pihapelit-05-150x90.jpg 150w, https:\/\/games.tactic.net\/promo\/wp-content\/uploads\/2022\/03\/pihapelit-05-200x120.jpg 200w, https:\/\/games.tactic.net\/promo\/wp-content\/uploads\/2022\/03\/pihapelit-05-450x271.jpg 450w, https:\/\/games.tactic.net\/promo\/wp-content\/uploads\/2022\/03\/pihapelit-05-600x361.jpg 600w, https:\/\/games.tactic.net\/promo\/wp-content\/uploads\/2022\/03\/pihapelit-05-900x541.jpg 900w, https:\/\/games.tactic.net\/promo\/wp-content\/uploads\/2022\/03\/pihapelit-05.jpg 1997w\" sizes=\"auto, (max-width: 1024px) 100vw, 1024px\" \/><figcaption class=\"wp-element-caption\">Kubb [55135]<\/figcaption><\/figure>\n<\/div>\n\n\n\n<div class=\"wp-block-column is-layout-flow wp-block-column-is-layout-flow\">\n<h3 class=\"wp-block-heading\"><strong>Kubb<\/strong><\/h3>\n\n\n\n<p>Tarrapersonointi pakkaukseen&nbsp;<\/p>\n\n\n\n<p>Minimitilausm\u00e4\u00e4r\u00e4&nbsp;50 kpl<\/p>\n<\/div>\n<\/div>\n\n\n\n<hr class=\"wp-block-separator has-css-opacity is-style-dots\"\/>\n\n\n\n<div class=\"wp-block-columns is-layout-flex wp-container-core-columns-is-layout-9d6595d7 wp-block-columns-is-layout-flex\">\n<div class=\"wp-block-column is-layout-flow wp-block-column-is-layout-flow\">\n<figure class=\"wp-block-image aligncenter size-large\"><img loading=\"lazy\" decoding=\"async\" width=\"1024\" height=\"616\" src=\"https:\/\/games.tactic.net\/promo\/wp-content\/uploads\/2022\/03\/pihapelit-08-1024x616.jpg\" alt=\"\" class=\"wp-image-1311\" srcset=\"https:\/\/games.tactic.net\/promo\/wp-content\/uploads\/2022\/03\/pihapelit-08-1024x616.jpg 1024w, https:\/\/games.tactic.net\/promo\/wp-content\/uploads\/2022\/03\/pihapelit-08-300x180.jpg 300w, https:\/\/games.tactic.net\/promo\/wp-content\/uploads\/2022\/03\/pihapelit-08-768x462.jpg 768w, https:\/\/games.tactic.net\/promo\/wp-content\/uploads\/2022\/03\/pihapelit-08-1536x924.jpg 1536w, https:\/\/games.tactic.net\/promo\/wp-content\/uploads\/2022\/03\/pihapelit-08-100x60.jpg 100w, https:\/\/games.tactic.net\/promo\/wp-content\/uploads\/2022\/03\/pihapelit-08-150x90.jpg 150w, https:\/\/games.tactic.net\/promo\/wp-content\/uploads\/2022\/03\/pihapelit-08-200x120.jpg 200w, https:\/\/games.tactic.net\/promo\/wp-content\/uploads\/2022\/03\/pihapelit-08-450x271.jpg 450w, https:\/\/games.tactic.net\/promo\/wp-content\/uploads\/2022\/03\/pihapelit-08-600x361.jpg 600w, https:\/\/games.tactic.net\/promo\/wp-content\/uploads\/2022\/03\/pihapelit-08-900x541.jpg 900w, https:\/\/games.tactic.net\/promo\/wp-content\/uploads\/2022\/03\/pihapelit-08.jpg 1997w\" sizes=\"auto, (max-width: 1024px) 100vw, 1024px\" \/><figcaption class=\"wp-element-caption\">Giant Tower [54921]<\/figcaption><\/figure>\n<\/div>\n\n\n\n<div class=\"wp-block-column is-layout-flow wp-block-column-is-layout-flow\">\n<h3 class=\"wp-block-heading\"><strong>Giant Tower<\/strong><\/h3>\n\n\n\n<p>Tarrapersonointi pakkaukseen&nbsp;<\/p>\n\n\n\n<p>Minimitilausm\u00e4\u00e4r\u00e4&nbsp;50 kpl<\/p>\n<\/div>\n<\/div>\n\n\n\n<hr class=\"wp-block-separator has-css-opacity is-style-dots\"\/>\n\n\n\n<div class=\"wp-block-columns is-layout-flex wp-container-core-columns-is-layout-9d6595d7 wp-block-columns-is-layout-flex\">\n<div class=\"wp-block-column is-layout-flow wp-block-column-is-layout-flow\">\n<figure class=\"wp-block-image aligncenter size-large\"><img loading=\"lazy\" decoding=\"async\" width=\"1024\" height=\"616\" src=\"https:\/\/games.tactic.net\/promo\/wp-content\/uploads\/2022\/03\/pihapelit-04-1024x616.jpg\" alt=\"\" class=\"wp-image-1312\" srcset=\"https:\/\/games.tactic.net\/promo\/wp-content\/uploads\/2022\/03\/pihapelit-04-1024x616.jpg 1024w, https:\/\/games.tactic.net\/promo\/wp-content\/uploads\/2022\/03\/pihapelit-04-300x180.jpg 300w, https:\/\/games.tactic.net\/promo\/wp-content\/uploads\/2022\/03\/pihapelit-04-768x462.jpg 768w, https:\/\/games.tactic.net\/promo\/wp-content\/uploads\/2022\/03\/pihapelit-04-1536x924.jpg 1536w, https:\/\/games.tactic.net\/promo\/wp-content\/uploads\/2022\/03\/pihapelit-04-100x60.jpg 100w, https:\/\/games.tactic.net\/promo\/wp-content\/uploads\/2022\/03\/pihapelit-04-150x90.jpg 150w, https:\/\/games.tactic.net\/promo\/wp-content\/uploads\/2022\/03\/pihapelit-04-200x120.jpg 200w, https:\/\/games.tactic.net\/promo\/wp-content\/uploads\/2022\/03\/pihapelit-04-450x271.jpg 450w, https:\/\/games.tactic.net\/promo\/wp-content\/uploads\/2022\/03\/pihapelit-04-600x361.jpg 600w, https:\/\/games.tactic.net\/promo\/wp-content\/uploads\/2022\/03\/pihapelit-04-900x541.jpg 900w, https:\/\/games.tactic.net\/promo\/wp-content\/uploads\/2022\/03\/pihapelit-04.jpg 1997w\" sizes=\"auto, (max-width: 1024px) 100vw, 1024px\" \/><figcaption class=\"wp-element-caption\">Banana Kick [54928]<\/figcaption><\/figure>\n<\/div>\n\n\n\n<div class=\"wp-block-column is-layout-flow wp-block-column-is-layout-flow\">\n<h3 class=\"wp-block-heading\"><strong>Banana Kick<\/strong><\/h3>\n\n\n\n<p>Tarrapersonointi pakkaukseen<\/p>\n\n\n\n<p>Minimitilausm\u00e4\u00e4r\u00e4 50 kpl<\/p>\n<\/div>\n<\/div>\n\n\n\n<hr class=\"wp-block-separator has-css-opacity is-style-dots\"\/>\n\n\n\n<div class=\"wp-block-columns is-layout-flex wp-container-core-columns-is-layout-9d6595d7 wp-block-columns-is-layout-flex\">\n<div class=\"wp-block-column is-layout-flow wp-block-column-is-layout-flow\">\n<figure class=\"wp-block-image aligncenter size-large\"><img loading=\"lazy\" decoding=\"async\" width=\"1024\" height=\"616\" src=\"https:\/\/games.tactic.net\/promo\/wp-content\/uploads\/2022\/03\/pihapelit-02-1024x616.jpg\" alt=\"\" class=\"wp-image-1313\" srcset=\"https:\/\/games.tactic.net\/promo\/wp-content\/uploads\/2022\/03\/pihapelit-02-1024x616.jpg 1024w, https:\/\/games.tactic.net\/promo\/wp-content\/uploads\/2022\/03\/pihapelit-02-300x180.jpg 300w, https:\/\/games.tactic.net\/promo\/wp-content\/uploads\/2022\/03\/pihapelit-02-768x462.jpg 768w, https:\/\/games.tactic.net\/promo\/wp-content\/uploads\/2022\/03\/pihapelit-02-1536x924.jpg 1536w, https:\/\/games.tactic.net\/promo\/wp-content\/uploads\/2022\/03\/pihapelit-02-100x60.jpg 100w, https:\/\/games.tactic.net\/promo\/wp-content\/uploads\/2022\/03\/pihapelit-02-150x90.jpg 150w, https:\/\/games.tactic.net\/promo\/wp-content\/uploads\/2022\/03\/pihapelit-02-200x120.jpg 200w, https:\/\/games.tactic.net\/promo\/wp-content\/uploads\/2022\/03\/pihapelit-02-450x271.jpg 450w, https:\/\/games.tactic.net\/promo\/wp-content\/uploads\/2022\/03\/pihapelit-02-600x361.jpg 600w, https:\/\/games.tactic.net\/promo\/wp-content\/uploads\/2022\/03\/pihapelit-02-900x541.jpg 900w, https:\/\/games.tactic.net\/promo\/wp-content\/uploads\/2022\/03\/pihapelit-02.jpg 1997w\" sizes=\"auto, (max-width: 1024px) 100vw, 1024px\" \/><figcaption class=\"wp-element-caption\">Curling &amp; Bowling [58883]<\/figcaption><\/figure>\n<\/div>\n\n\n\n<div class=\"wp-block-column is-layout-flow wp-block-column-is-layout-flow\">\n<h3 class=\"wp-block-heading\"><strong>Curling &amp; Bowling<\/strong><\/h3>\n\n\n\n<p>Tarrapersonointi pakkaukseen<\/p>\n\n\n\n<p>Minimitilausm\u00e4\u00e4r\u00e4 50 kpl<\/p>\n<\/div>\n<\/div>\n\n\n\n<hr class=\"wp-block-separator has-css-opacity is-style-dots\"\/>\n\n\n\n<div class=\"wp-block-columns is-layout-flex wp-container-core-columns-is-layout-9d6595d7 wp-block-columns-is-layout-flex\">\n<div class=\"wp-block-column is-layout-flow wp-block-column-is-layout-flow\">\n<figure class=\"wp-block-image size-large\"><img loading=\"lazy\" decoding=\"async\" width=\"1024\" height=\"616\" src=\"https:\/\/games.tactic.net\/promo\/wp-content\/uploads\/2022\/03\/pihapelit-09-1024x616.jpg\" alt=\"\" class=\"wp-image-1317\" srcset=\"https:\/\/games.tactic.net\/promo\/wp-content\/uploads\/2022\/03\/pihapelit-09-1024x616.jpg 1024w, https:\/\/games.tactic.net\/promo\/wp-content\/uploads\/2022\/03\/pihapelit-09-300x180.jpg 300w, https:\/\/games.tactic.net\/promo\/wp-content\/uploads\/2022\/03\/pihapelit-09-768x462.jpg 768w, https:\/\/games.tactic.net\/promo\/wp-content\/uploads\/2022\/03\/pihapelit-09-1536x924.jpg 1536w, https:\/\/games.tactic.net\/promo\/wp-content\/uploads\/2022\/03\/pihapelit-09-100x60.jpg 100w, https:\/\/games.tactic.net\/promo\/wp-content\/uploads\/2022\/03\/pihapelit-09-150x90.jpg 150w, https:\/\/games.tactic.net\/promo\/wp-content\/uploads\/2022\/03\/pihapelit-09-200x120.jpg 200w, https:\/\/games.tactic.net\/promo\/wp-content\/uploads\/2022\/03\/pihapelit-09-450x271.jpg 450w, https:\/\/games.tactic.net\/promo\/wp-content\/uploads\/2022\/03\/pihapelit-09-600x361.jpg 600w, https:\/\/games.tactic.net\/promo\/wp-content\/uploads\/2022\/03\/pihapelit-09-900x541.jpg 900w, https:\/\/games.tactic.net\/promo\/wp-content\/uploads\/2022\/03\/pihapelit-09.jpg 1997w\" sizes=\"auto, (max-width: 1024px) 100vw, 1024px\" \/><figcaption class=\"wp-element-caption\">Kendama [56339]<\/figcaption><\/figure>\n<\/div>\n\n\n\n<div class=\"wp-block-column is-layout-flow wp-block-column-is-layout-flow\">\n<h3 class=\"wp-block-heading\">Kendama<\/h3>\n\n\n\n<p>Tarrapersonointi pakkaukseen<\/p>\n\n\n\n<p>Minimitilausm\u00e4\u00e4r\u00e4 50 kpl<\/p>\n<\/div>\n<\/div>\n","protected":false},"excerpt":{"rendered":"<p>XL Yatzy Minimitilausm\u00e4\u00e4r\u00e4: L\u00e4tk\u00e4personointi&nbsp;kanteen 50 kplPainatus vy\u00f6tteeseen: 3000 kpl Classic Bean Bag Game Tarrapersonointi pakkaukseen&nbsp; Minimitilausm\u00e4\u00e4r\u00e4&nbsp;50 kpl Kubb Tarrapersonointi pakkaukseen&nbsp; Minimitilausm\u00e4\u00e4r\u00e4&nbsp;50 kpl Giant Tower Tarrapersonointi pakkaukseen&nbsp; Minimitilausm\u00e4\u00e4r\u00e4&nbsp;50 kpl Banana Kick Tarrapersonointi pakkaukseen Minimitilausm\u00e4\u00e4r\u00e4 50 kpl Curling &amp; Bowling Tarrapersonointi pakkaukseen &hellip;<\/p>\n<p class=\"read-more\"> <a class=\"more-link\" href=\"https:\/\/games.tactic.net\/promo\/tuotteet\/pihapelit\/\"> <span class=\"screen-reader-text\">Ulkopelit<\/span> Lue lis\u00e4\u00e4 &raquo;<\/a><\/p>\n","protected":false},"author":2,"featured_media":0,"parent":10,"menu_order":7,"comment_status":"closed","ping_status":"closed","template":"full-width-page.php","meta":{"content-type":"","footnotes":""},"class_list":["post-29","page","type-page","status-publish","hentry"],"_links":{"self":[{"href":"https:\/\/games.tactic.net\/promo\/wp-json\/wp\/v2\/pages\/29","targetHints":{"allow":["GET"]}}],"collection":[{"href":"https:\/\/games.tactic.net\/promo\/wp-json\/wp\/v2\/pages"}],"about":[{"href":"https:\/\/games.tactic.net\/promo\/wp-json\/wp\/v2\/types\/page"}],"author":[{"embeddable":true,"href":"https:\/\/games.tactic.net\/promo\/wp-json\/wp\/v2\/users\/2"}],"replies":[{"embeddable":true,"href":"https:\/\/games.tactic.net\/promo\/wp-json\/wp\/v2\/comments?post=29"}],"version-history":[{"count":78,"href":"https:\/\/games.tactic.net\/promo\/wp-json\/wp\/v2\/pages\/29\/revisions"}],"predecessor-version":[{"id":1431,"href":"https:\/\/games.tactic.net\/promo\/wp-json\/wp\/v2\/pages\/29\/revisions\/1431"}],"up":[{"embeddable":true,"href":"https:\/\/games.tactic.net\/promo\/wp-json\/wp\/v2\/pages\/10"}],"wp:attachment":[{"href":"https:\/\/games.tactic.net\/promo\/wp-json\/wp\/v2\/media?parent=29"}],"curies":[{"name":"wp","href":"https:\/\/api.w.org\/{rel}","templated":true}]}}