{"id":232,"date":"2016-07-05T09:24:46","date_gmt":"2016-07-05T06:24:46","guid":{"rendered":"http:\/\/games.tactic.net\/promo\/?page_id=232"},"modified":"2020-04-08T13:14:38","modified_gmt":"2020-04-08T10:14:38","slug":"palvelut","status":"publish","type":"page","link":"https:\/\/games.tactic.net\/promo\/palvelut\/","title":{"rendered":"Palvelut"},"content":{"rendered":"\n<figure class=\"wp-block-image size-medium is-resized\"><img loading=\"lazy\" decoding=\"async\" src=\"https:\/\/games.tactic.net\/promo\/wp-content\/uploads\/2016\/07\/pelikortit-1-300x181.jpg\" alt=\"\" class=\"wp-image-535\" width=\"707\" height=\"427\" srcset=\"https:\/\/games.tactic.net\/promo\/wp-content\/uploads\/2016\/07\/pelikortit-1-300x181.jpg 300w, https:\/\/games.tactic.net\/promo\/wp-content\/uploads\/2016\/07\/pelikortit-1-768x465.jpg 768w, https:\/\/games.tactic.net\/promo\/wp-content\/uploads\/2016\/07\/pelikortit-1-1024x619.jpg 1024w, https:\/\/games.tactic.net\/promo\/wp-content\/uploads\/2016\/07\/pelikortit-1-100x60.jpg 100w, https:\/\/games.tactic.net\/promo\/wp-content\/uploads\/2016\/07\/pelikortit-1-150x91.jpg 150w, https:\/\/games.tactic.net\/promo\/wp-content\/uploads\/2016\/07\/pelikortit-1-200x121.jpg 200w, https:\/\/games.tactic.net\/promo\/wp-content\/uploads\/2016\/07\/pelikortit-1-450x272.jpg 450w, https:\/\/games.tactic.net\/promo\/wp-content\/uploads\/2016\/07\/pelikortit-1-600x363.jpg 600w, https:\/\/games.tactic.net\/promo\/wp-content\/uploads\/2016\/07\/pelikortit-1-900x544.jpg 900w, https:\/\/games.tactic.net\/promo\/wp-content\/uploads\/2016\/07\/pelikortit-1.jpg 1172w\" sizes=\"auto, (max-width: 707px) 100vw, 707px\" \/><\/figure>\n\n\n\n<h4 class=\"wp-block-heading\">Promootiotuotteidemme tilaaminen ja suunnittelu on helppoa ja vaivatonta!<\/h4>\n\n\n\n<p>Ota <a href=\"https:\/\/games.tactic.net\/promo\/index.php\/yhteystiedot\/\">yhteytt\u00e4<\/a>, niin etsit\u00e4\u00e4n yhdess\u00e4 paras ratkaisu promotuotteesi toteuttamiseksi!<\/p>\n\n\n\n<p>Tilauksen vahvistumisen j\u00e4lkeen toimitamme ty\u00f6pohjat sek\u00e4 graafisen ohjeistuksen.<\/p>\n\n\n\n<p>Useimmiten aineisto toimitetaan meille painovalmiina pdf:n\u00e4. Jos aineiston saattaminen painovalmiiksi ei syyst\u00e4 tai toisesta onnistu, ammattitaitoinen repromme voi asemoida toimitetut logot \/ kuvat \/ tekstit paikoilleen ohjeistuksesi mukaisesti. T\u00e4st\u00e4 lis\u00e4ty\u00f6st\u00e4 laskutetaan k\u00e4ytetyn ajan mukaisesti.&nbsp;Toimitettavien kuvien \/ logon on oltava painokelpoisia (resoluutio 300 dpi, kuvat ter\u00e4v\u00f6ityn\u00e4 1:1 kokoon).<\/p>\n\n\n\n<p>Ennen kuin aineisto jatkaa matkaansa painokoneelle, saat siit\u00e4 tarkistettavan vedoksen ja vasta hyv\u00e4ksymisesi j\u00e4lkeen se jatkaa painoon.<\/p>\n\n\n\n<p>Tehd\u00e4\u00e4n yhdess\u00e4 onnistunut promotuote!<\/p>\n","protected":false},"excerpt":{"rendered":"<p>Promootiotuotteidemme tilaaminen ja suunnittelu on helppoa ja vaivatonta! Ota yhteytt\u00e4, niin etsit\u00e4\u00e4n yhdess\u00e4 paras ratkaisu promotuotteesi toteuttamiseksi! Tilauksen vahvistumisen j\u00e4lkeen toimitamme ty\u00f6pohjat sek\u00e4 graafisen ohjeistuksen. Useimmiten aineisto toimitetaan meille painovalmiina pdf:n\u00e4. Jos aineiston saattaminen painovalmiiksi ei syyst\u00e4 tai toisesta onnistu, &hellip;<\/p>\n<p class=\"read-more\"> <a class=\"more-link\" href=\"https:\/\/games.tactic.net\/promo\/palvelut\/\"> <span class=\"screen-reader-text\">Palvelut<\/span> Lue lis\u00e4\u00e4 &raquo;<\/a><\/p>\n","protected":false},"author":2,"featured_media":0,"parent":0,"menu_order":4,"comment_status":"closed","ping_status":"closed","template":"full-width-page.php","meta":{"content-type":"","footnotes":""},"class_list":["post-232","page","type-page","status-publish","hentry"],"_links":{"self":[{"href":"https:\/\/games.tactic.net\/promo\/wp-json\/wp\/v2\/pages\/232","targetHints":{"allow":["GET"]}}],"collection":[{"href":"https:\/\/games.tactic.net\/promo\/wp-json\/wp\/v2\/pages"}],"about":[{"href":"https:\/\/games.tactic.net\/promo\/wp-json\/wp\/v2\/types\/page"}],"author":[{"embeddable":true,"href":"https:\/\/games.tactic.net\/promo\/wp-json\/wp\/v2\/users\/2"}],"replies":[{"embeddable":true,"href":"https:\/\/games.tactic.net\/promo\/wp-json\/wp\/v2\/comments?post=232"}],"version-history":[{"count":14,"href":"https:\/\/games.tactic.net\/promo\/wp-json\/wp\/v2\/pages\/232\/revisions"}],"predecessor-version":[{"id":1163,"href":"https:\/\/games.tactic.net\/promo\/wp-json\/wp\/v2\/pages\/232\/revisions\/1163"}],"wp:attachment":[{"href":"https:\/\/games.tactic.net\/promo\/wp-json\/wp\/v2\/media?parent=232"}],"curies":[{"name":"wp","href":"https:\/\/api.w.org\/{rel}","templated":true}]}}