{"id":22,"date":"2016-07-04T10:17:34","date_gmt":"2016-07-04T07:17:34","guid":{"rendered":"http:\/\/games.tactic.net\/promo\/?page_id=22"},"modified":"2024-11-19T09:38:45","modified_gmt":"2024-11-19T07:38:45","slug":"muistipelit","status":"publish","type":"page","link":"https:\/\/games.tactic.net\/promo\/tuotteet\/muistipelit\/","title":{"rendered":"Muistipelit"},"content":{"rendered":"\n<h4 class=\"wp-block-heading\">Muistipelit ovat mukavaa sek\u00e4 kehitt\u00e4v\u00e4\u00e4 ajanvietett\u00e4 kaikenik\u00e4isille.<\/h4>\n\n\n\n<p>Muistipelin avulla voit v\u00e4litt\u00e4\u00e4 haluamaasi informaatiota mieleenpainuvasti. Korttien molemmille puolille voi painattaa sek\u00e4 kuvia ett\u00e4&nbsp;teksti\u00e4. Muistipelej\u00e4 on saatavilla korttikokoisista peleist\u00e4 aina laatikossa oleviin peleihin.<\/p>\n\n\n\n<p>Parien m\u00e4\u00e4r\u00e4 on valittavissa seuraavasti:<\/p>\n\n\n\n<p><strong>Pelikorttikokoisena<\/strong><br>16 tai 26 paria\/peli + ohjeet<br>(korttikoko 58&#215;89 mm)<\/p>\n\n\n\n<p><strong>Memokokoisena<\/strong><br>27 paria\/peli<br>(laatan koko 63&#215;63 mm, laatikon koko 220x220x50 mm)<\/p>\n\n\n\n<p><strong>Minimitilausm\u00e4\u00e4r\u00e4t:<\/strong><\/p>\n\n\n\n<p>pelikorttikokoisena 580 pakkaa<br>memokokoisena 1000 kpl<\/p>\n\n\n\n<div class=\"wp-block-columns is-layout-flex wp-container-core-columns-is-layout-9d6595d7 wp-block-columns-is-layout-flex\">\n<div class=\"wp-block-column is-layout-flow wp-block-column-is-layout-flow\">\n<figure class=\"wp-block-image size-large\"><a href=\"https:\/\/games.tactic.net\/promo\/wp-content\/uploads\/2016\/07\/tactic_memo_3.jpg\"><img loading=\"lazy\" decoding=\"async\" width=\"1024\" height=\"683\" src=\"https:\/\/games.tactic.net\/promo\/wp-content\/uploads\/2016\/07\/tactic_memo_3-1024x683.jpg\" alt=\"Memo: Linnanm\u00e4ki\" class=\"wp-image-213\" srcset=\"https:\/\/games.tactic.net\/promo\/wp-content\/uploads\/2016\/07\/tactic_memo_3-1024x683.jpg 1024w, https:\/\/games.tactic.net\/promo\/wp-content\/uploads\/2016\/07\/tactic_memo_3-300x200.jpg 300w, https:\/\/games.tactic.net\/promo\/wp-content\/uploads\/2016\/07\/tactic_memo_3-768x512.jpg 768w, https:\/\/games.tactic.net\/promo\/wp-content\/uploads\/2016\/07\/tactic_memo_3-100x67.jpg 100w, https:\/\/games.tactic.net\/promo\/wp-content\/uploads\/2016\/07\/tactic_memo_3-150x100.jpg 150w, https:\/\/games.tactic.net\/promo\/wp-content\/uploads\/2016\/07\/tactic_memo_3-200x133.jpg 200w, https:\/\/games.tactic.net\/promo\/wp-content\/uploads\/2016\/07\/tactic_memo_3-450x300.jpg 450w, https:\/\/games.tactic.net\/promo\/wp-content\/uploads\/2016\/07\/tactic_memo_3-600x400.jpg 600w, https:\/\/games.tactic.net\/promo\/wp-content\/uploads\/2016\/07\/tactic_memo_3-900x600.jpg 900w, https:\/\/games.tactic.net\/promo\/wp-content\/uploads\/2016\/07\/tactic_memo_3.jpg 1063w\" sizes=\"auto, (max-width: 1024px) 100vw, 1024px\" \/><\/a><figcaption class=\"wp-element-caption\">Memo: Linnanm\u00e4ki<\/figcaption><\/figure>\n<\/div>\n\n\n\n<div class=\"wp-block-column is-layout-flow wp-block-column-is-layout-flow\">\n<figure class=\"wp-block-image size-large\"><a href=\"https:\/\/games.tactic.net\/promo\/wp-content\/uploads\/2016\/07\/tactic_memo.jpg\"><img loading=\"lazy\" decoding=\"async\" width=\"1024\" height=\"683\" src=\"https:\/\/games.tactic.net\/promo\/wp-content\/uploads\/2016\/07\/tactic_memo-1024x683.jpg\" alt=\"Memo: Kalatalouden keskusliitto\" class=\"wp-image-214\" srcset=\"https:\/\/games.tactic.net\/promo\/wp-content\/uploads\/2016\/07\/tactic_memo-1024x683.jpg 1024w, https:\/\/games.tactic.net\/promo\/wp-content\/uploads\/2016\/07\/tactic_memo-300x200.jpg 300w, https:\/\/games.tactic.net\/promo\/wp-content\/uploads\/2016\/07\/tactic_memo-768x512.jpg 768w, https:\/\/games.tactic.net\/promo\/wp-content\/uploads\/2016\/07\/tactic_memo-100x67.jpg 100w, https:\/\/games.tactic.net\/promo\/wp-content\/uploads\/2016\/07\/tactic_memo-150x100.jpg 150w, https:\/\/games.tactic.net\/promo\/wp-content\/uploads\/2016\/07\/tactic_memo-200x133.jpg 200w, https:\/\/games.tactic.net\/promo\/wp-content\/uploads\/2016\/07\/tactic_memo-450x300.jpg 450w, https:\/\/games.tactic.net\/promo\/wp-content\/uploads\/2016\/07\/tactic_memo-600x400.jpg 600w, https:\/\/games.tactic.net\/promo\/wp-content\/uploads\/2016\/07\/tactic_memo-900x600.jpg 900w, https:\/\/games.tactic.net\/promo\/wp-content\/uploads\/2016\/07\/tactic_memo.jpg 1063w\" sizes=\"auto, (max-width: 1024px) 100vw, 1024px\" \/><\/a><figcaption class=\"wp-element-caption\">Memo: Kalatalouden keskusliitto<\/figcaption><\/figure>\n<\/div>\n\n\n\n<div class=\"wp-block-column is-layout-flow wp-block-column-is-layout-flow\">\n<figure class=\"wp-block-image size-large\"><a href=\"https:\/\/games.tactic.net\/promo\/wp-content\/uploads\/2016\/07\/tactic_muistipeli_pelikorttikoko.jpg\"><img loading=\"lazy\" decoding=\"async\" width=\"1024\" height=\"683\" src=\"https:\/\/games.tactic.net\/promo\/wp-content\/uploads\/2016\/07\/tactic_muistipeli_pelikorttikoko-1024x683.jpg\" alt=\"Pelikortti-memo: Pingviini-pelikortit\" class=\"wp-image-371\" srcset=\"https:\/\/games.tactic.net\/promo\/wp-content\/uploads\/2016\/07\/tactic_muistipeli_pelikorttikoko-1024x683.jpg 1024w, https:\/\/games.tactic.net\/promo\/wp-content\/uploads\/2016\/07\/tactic_muistipeli_pelikorttikoko-300x200.jpg 300w, https:\/\/games.tactic.net\/promo\/wp-content\/uploads\/2016\/07\/tactic_muistipeli_pelikorttikoko-768x512.jpg 768w, https:\/\/games.tactic.net\/promo\/wp-content\/uploads\/2016\/07\/tactic_muistipeli_pelikorttikoko-100x67.jpg 100w, https:\/\/games.tactic.net\/promo\/wp-content\/uploads\/2016\/07\/tactic_muistipeli_pelikorttikoko-150x100.jpg 150w, https:\/\/games.tactic.net\/promo\/wp-content\/uploads\/2016\/07\/tactic_muistipeli_pelikorttikoko-200x133.jpg 200w, https:\/\/games.tactic.net\/promo\/wp-content\/uploads\/2016\/07\/tactic_muistipeli_pelikorttikoko-450x300.jpg 450w, https:\/\/games.tactic.net\/promo\/wp-content\/uploads\/2016\/07\/tactic_muistipeli_pelikorttikoko-600x400.jpg 600w, https:\/\/games.tactic.net\/promo\/wp-content\/uploads\/2016\/07\/tactic_muistipeli_pelikorttikoko-900x600.jpg 900w, https:\/\/games.tactic.net\/promo\/wp-content\/uploads\/2016\/07\/tactic_muistipeli_pelikorttikoko.jpg 1063w\" sizes=\"auto, (max-width: 1024px) 100vw, 1024px\" \/><\/a><figcaption class=\"wp-element-caption\">Pelikortti-memo: Pingviini-pelikortit<\/figcaption><\/figure>\n<\/div>\n<\/div>\n\n\n\n<div class=\"wp-block-columns is-layout-flex wp-container-core-columns-is-layout-9d6595d7 wp-block-columns-is-layout-flex\">\n<div class=\"wp-block-column is-layout-flow wp-block-column-is-layout-flow\">\n<figure class=\"wp-block-image size-large\"><a href=\"https:\/\/games.tactic.net\/promo\/wp-content\/uploads\/2016\/07\/tactic_memo_2.jpg\"><img loading=\"lazy\" decoding=\"async\" width=\"1024\" height=\"683\" src=\"https:\/\/games.tactic.net\/promo\/wp-content\/uploads\/2016\/07\/tactic_memo_2-1024x683.jpg\" alt=\"Memo: Neuroliitto\" class=\"wp-image-219\" srcset=\"https:\/\/games.tactic.net\/promo\/wp-content\/uploads\/2016\/07\/tactic_memo_2-1024x683.jpg 1024w, https:\/\/games.tactic.net\/promo\/wp-content\/uploads\/2016\/07\/tactic_memo_2-300x200.jpg 300w, https:\/\/games.tactic.net\/promo\/wp-content\/uploads\/2016\/07\/tactic_memo_2-768x512.jpg 768w, https:\/\/games.tactic.net\/promo\/wp-content\/uploads\/2016\/07\/tactic_memo_2-100x67.jpg 100w, https:\/\/games.tactic.net\/promo\/wp-content\/uploads\/2016\/07\/tactic_memo_2-150x100.jpg 150w, https:\/\/games.tactic.net\/promo\/wp-content\/uploads\/2016\/07\/tactic_memo_2-200x133.jpg 200w, https:\/\/games.tactic.net\/promo\/wp-content\/uploads\/2016\/07\/tactic_memo_2-450x300.jpg 450w, https:\/\/games.tactic.net\/promo\/wp-content\/uploads\/2016\/07\/tactic_memo_2-600x400.jpg 600w, https:\/\/games.tactic.net\/promo\/wp-content\/uploads\/2016\/07\/tactic_memo_2-900x600.jpg 900w, https:\/\/games.tactic.net\/promo\/wp-content\/uploads\/2016\/07\/tactic_memo_2.jpg 1063w\" sizes=\"auto, (max-width: 1024px) 100vw, 1024px\" \/><\/a><figcaption class=\"wp-element-caption\">Memo: Neuroliitto<\/figcaption><\/figure>\n<\/div>\n\n\n\n<div class=\"wp-block-column is-layout-flow wp-block-column-is-layout-flow\">\n<figure class=\"wp-block-image size-large\"><a href=\"https:\/\/games.tactic.net\/promo\/wp-content\/uploads\/2016\/07\/memo_avant.jpg\"><img loading=\"lazy\" decoding=\"async\" width=\"1024\" height=\"682\" src=\"https:\/\/games.tactic.net\/promo\/wp-content\/uploads\/2016\/07\/memo_avant-1024x682.jpg\" alt=\"Memo: Avant\" class=\"wp-image-476\" srcset=\"https:\/\/games.tactic.net\/promo\/wp-content\/uploads\/2016\/07\/memo_avant-1024x682.jpg 1024w, https:\/\/games.tactic.net\/promo\/wp-content\/uploads\/2016\/07\/memo_avant-300x200.jpg 300w, https:\/\/games.tactic.net\/promo\/wp-content\/uploads\/2016\/07\/memo_avant-768x511.jpg 768w, https:\/\/games.tactic.net\/promo\/wp-content\/uploads\/2016\/07\/memo_avant-100x67.jpg 100w, https:\/\/games.tactic.net\/promo\/wp-content\/uploads\/2016\/07\/memo_avant-150x100.jpg 150w, https:\/\/games.tactic.net\/promo\/wp-content\/uploads\/2016\/07\/memo_avant-200x133.jpg 200w, https:\/\/games.tactic.net\/promo\/wp-content\/uploads\/2016\/07\/memo_avant-450x300.jpg 450w, https:\/\/games.tactic.net\/promo\/wp-content\/uploads\/2016\/07\/memo_avant-600x399.jpg 600w, https:\/\/games.tactic.net\/promo\/wp-content\/uploads\/2016\/07\/memo_avant-900x599.jpg 900w, https:\/\/games.tactic.net\/promo\/wp-content\/uploads\/2016\/07\/memo_avant.jpg 1065w\" sizes=\"auto, (max-width: 1024px) 100vw, 1024px\" \/><\/a><figcaption class=\"wp-element-caption\">Memo: Avant<\/figcaption><\/figure>\n<\/div>\n\n\n\n<div class=\"wp-block-column is-layout-flow wp-block-column-is-layout-flow\">\n<figure class=\"wp-block-image size-large\"><a href=\"https:\/\/games.tactic.net\/promo\/wp-content\/uploads\/2016\/07\/muistipeli.jpg\"><img loading=\"lazy\" decoding=\"async\" width=\"1024\" height=\"682\" src=\"https:\/\/games.tactic.net\/promo\/wp-content\/uploads\/2016\/07\/muistipeli-1024x682.jpg\" alt=\"Memo: Annantalo\" class=\"wp-image-470\" srcset=\"https:\/\/games.tactic.net\/promo\/wp-content\/uploads\/2016\/07\/muistipeli-1024x682.jpg 1024w, https:\/\/games.tactic.net\/promo\/wp-content\/uploads\/2016\/07\/muistipeli-300x200.jpg 300w, https:\/\/games.tactic.net\/promo\/wp-content\/uploads\/2016\/07\/muistipeli-768x511.jpg 768w, https:\/\/games.tactic.net\/promo\/wp-content\/uploads\/2016\/07\/muistipeli-100x67.jpg 100w, https:\/\/games.tactic.net\/promo\/wp-content\/uploads\/2016\/07\/muistipeli-150x100.jpg 150w, https:\/\/games.tactic.net\/promo\/wp-content\/uploads\/2016\/07\/muistipeli-200x133.jpg 200w, https:\/\/games.tactic.net\/promo\/wp-content\/uploads\/2016\/07\/muistipeli-450x300.jpg 450w, https:\/\/games.tactic.net\/promo\/wp-content\/uploads\/2016\/07\/muistipeli-600x399.jpg 600w, https:\/\/games.tactic.net\/promo\/wp-content\/uploads\/2016\/07\/muistipeli-900x599.jpg 900w, https:\/\/games.tactic.net\/promo\/wp-content\/uploads\/2016\/07\/muistipeli.jpg 1065w\" sizes=\"auto, (max-width: 1024px) 100vw, 1024px\" \/><\/a><figcaption class=\"wp-element-caption\">Memo: Annantalo<\/figcaption><\/figure>\n<\/div>\n<\/div>\n\n\n\n<div class=\"wp-block-columns is-layout-flex wp-container-core-columns-is-layout-9d6595d7 wp-block-columns-is-layout-flex\">\n<div class=\"wp-block-column is-layout-flow wp-block-column-is-layout-flow\">\n<figure class=\"wp-block-image size-large\"><a href=\"https:\/\/games.tactic.net\/promo\/wp-content\/uploads\/2020\/11\/helsinki-muistipeli.png\"><img loading=\"lazy\" decoding=\"async\" width=\"1024\" height=\"1024\" src=\"https:\/\/games.tactic.net\/promo\/wp-content\/uploads\/2020\/11\/helsinki-muistipeli-1024x1024.png\" alt=\"\" class=\"wp-image-1206\" srcset=\"https:\/\/games.tactic.net\/promo\/wp-content\/uploads\/2020\/11\/helsinki-muistipeli-1024x1024.png 1024w, https:\/\/games.tactic.net\/promo\/wp-content\/uploads\/2020\/11\/helsinki-muistipeli-300x300.png 300w, https:\/\/games.tactic.net\/promo\/wp-content\/uploads\/2020\/11\/helsinki-muistipeli-150x150.png 150w, https:\/\/games.tactic.net\/promo\/wp-content\/uploads\/2020\/11\/helsinki-muistipeli-768x768.png 768w, https:\/\/games.tactic.net\/promo\/wp-content\/uploads\/2020\/11\/helsinki-muistipeli-100x100.png 100w, https:\/\/games.tactic.net\/promo\/wp-content\/uploads\/2020\/11\/helsinki-muistipeli-200x200.png 200w, https:\/\/games.tactic.net\/promo\/wp-content\/uploads\/2020\/11\/helsinki-muistipeli-450x450.png 450w, https:\/\/games.tactic.net\/promo\/wp-content\/uploads\/2020\/11\/helsinki-muistipeli-600x600.png 600w, https:\/\/games.tactic.net\/promo\/wp-content\/uploads\/2020\/11\/helsinki-muistipeli-900x900.png 900w, https:\/\/games.tactic.net\/promo\/wp-content\/uploads\/2020\/11\/helsinki-muistipeli.png 1063w\" sizes=\"auto, (max-width: 1024px) 100vw, 1024px\" \/><\/a><figcaption class=\"wp-element-caption\">Memo: Helsinki<\/figcaption><\/figure>\n<\/div>\n\n\n\n<div class=\"wp-block-column is-layout-flow wp-block-column-is-layout-flow\">\n<figure class=\"wp-block-image size-large\"><a href=\"https:\/\/games.tactic.net\/promo\/wp-content\/uploads\/2023\/02\/Artmemo.jpg\"><img loading=\"lazy\" decoding=\"async\" width=\"1024\" height=\"686\" src=\"https:\/\/games.tactic.net\/promo\/wp-content\/uploads\/2023\/02\/Artmemo-1024x686.jpg\" alt=\"\" class=\"wp-image-1422\" srcset=\"https:\/\/games.tactic.net\/promo\/wp-content\/uploads\/2023\/02\/Artmemo-1024x686.jpg 1024w, https:\/\/games.tactic.net\/promo\/wp-content\/uploads\/2023\/02\/Artmemo-300x201.jpg 300w, https:\/\/games.tactic.net\/promo\/wp-content\/uploads\/2023\/02\/Artmemo-768x514.jpg 768w, https:\/\/games.tactic.net\/promo\/wp-content\/uploads\/2023\/02\/Artmemo-1536x1029.jpg 1536w, https:\/\/games.tactic.net\/promo\/wp-content\/uploads\/2023\/02\/Artmemo-100x67.jpg 100w, https:\/\/games.tactic.net\/promo\/wp-content\/uploads\/2023\/02\/Artmemo-150x100.jpg 150w, https:\/\/games.tactic.net\/promo\/wp-content\/uploads\/2023\/02\/Artmemo-200x134.jpg 200w, https:\/\/games.tactic.net\/promo\/wp-content\/uploads\/2023\/02\/Artmemo-450x301.jpg 450w, https:\/\/games.tactic.net\/promo\/wp-content\/uploads\/2023\/02\/Artmemo-600x402.jpg 600w, https:\/\/games.tactic.net\/promo\/wp-content\/uploads\/2023\/02\/Artmemo-900x603.jpg 900w, https:\/\/games.tactic.net\/promo\/wp-content\/uploads\/2023\/02\/Artmemo.jpg 1587w\" sizes=\"auto, (max-width: 1024px) 100vw, 1024px\" \/><\/a><figcaption class=\"wp-element-caption\">Serlachius-museot, Taidememo<\/figcaption><\/figure>\n<\/div>\n\n\n\n<div class=\"wp-block-column is-layout-flow wp-block-column-is-layout-flow\">\n<figure class=\"wp-block-image size-large\"><a href=\"https:\/\/games.tactic.net\/promo\/wp-content\/uploads\/2024\/11\/ateneum_memo.jpg\"><img loading=\"lazy\" decoding=\"async\" width=\"1024\" height=\"682\" src=\"https:\/\/games.tactic.net\/promo\/wp-content\/uploads\/2024\/11\/ateneum_memo-1024x682.jpg\" alt=\"Akseli Gallen-Kallela\" class=\"wp-image-1546\" srcset=\"https:\/\/games.tactic.net\/promo\/wp-content\/uploads\/2024\/11\/ateneum_memo-1024x682.jpg 1024w, https:\/\/games.tactic.net\/promo\/wp-content\/uploads\/2024\/11\/ateneum_memo-300x200.jpg 300w, https:\/\/games.tactic.net\/promo\/wp-content\/uploads\/2024\/11\/ateneum_memo-768x511.jpg 768w, https:\/\/games.tactic.net\/promo\/wp-content\/uploads\/2024\/11\/ateneum_memo-100x67.jpg 100w, https:\/\/games.tactic.net\/promo\/wp-content\/uploads\/2024\/11\/ateneum_memo-150x100.jpg 150w, https:\/\/games.tactic.net\/promo\/wp-content\/uploads\/2024\/11\/ateneum_memo-200x133.jpg 200w, https:\/\/games.tactic.net\/promo\/wp-content\/uploads\/2024\/11\/ateneum_memo-450x300.jpg 450w, https:\/\/games.tactic.net\/promo\/wp-content\/uploads\/2024\/11\/ateneum_memo-600x399.jpg 600w, https:\/\/games.tactic.net\/promo\/wp-content\/uploads\/2024\/11\/ateneum_memo-900x599.jpg 900w, https:\/\/games.tactic.net\/promo\/wp-content\/uploads\/2024\/11\/ateneum_memo.jpg 1080w\" sizes=\"auto, (max-width: 1024px) 100vw, 1024px\" \/><\/a><figcaption class=\"wp-element-caption\">Akseli Gallen-Kallela, Ateneum<\/figcaption><\/figure>\n<\/div>\n<\/div>\n\n\n\n<div class=\"wp-block-columns is-layout-flex wp-container-core-columns-is-layout-9d6595d7 wp-block-columns-is-layout-flex\">\n<div class=\"wp-block-column is-layout-flow wp-block-column-is-layout-flow\">\n<figure class=\"wp-block-image size-large\"><a href=\"https:\/\/games.tactic.net\/promo\/wp-content\/uploads\/2024\/11\/tappara_memo.jpg\"><img loading=\"lazy\" decoding=\"async\" width=\"1024\" height=\"799\" src=\"https:\/\/games.tactic.net\/promo\/wp-content\/uploads\/2024\/11\/tappara_memo-1024x799.jpg\" alt=\"\" class=\"wp-image-1550\" srcset=\"https:\/\/games.tactic.net\/promo\/wp-content\/uploads\/2024\/11\/tappara_memo-1024x799.jpg 1024w, https:\/\/games.tactic.net\/promo\/wp-content\/uploads\/2024\/11\/tappara_memo-300x234.jpg 300w, https:\/\/games.tactic.net\/promo\/wp-content\/uploads\/2024\/11\/tappara_memo-768x599.jpg 768w, https:\/\/games.tactic.net\/promo\/wp-content\/uploads\/2024\/11\/tappara_memo-100x78.jpg 100w, https:\/\/games.tactic.net\/promo\/wp-content\/uploads\/2024\/11\/tappara_memo-150x117.jpg 150w, https:\/\/games.tactic.net\/promo\/wp-content\/uploads\/2024\/11\/tappara_memo-200x156.jpg 200w, https:\/\/games.tactic.net\/promo\/wp-content\/uploads\/2024\/11\/tappara_memo-450x351.jpg 450w, https:\/\/games.tactic.net\/promo\/wp-content\/uploads\/2024\/11\/tappara_memo-600x468.jpg 600w, https:\/\/games.tactic.net\/promo\/wp-content\/uploads\/2024\/11\/tappara_memo-900x703.jpg 900w, https:\/\/games.tactic.net\/promo\/wp-content\/uploads\/2024\/11\/tappara_memo.jpg 1080w\" sizes=\"auto, (max-width: 1024px) 100vw, 1024px\" \/><\/a><figcaption class=\"wp-element-caption\">Memo: Tappara <\/figcaption><\/figure>\n<\/div>\n\n\n\n<div class=\"wp-block-column is-layout-flow wp-block-column-is-layout-flow\"><\/div>\n\n\n\n<div class=\"wp-block-column is-layout-flow wp-block-column-is-layout-flow\"><\/div>\n<\/div>\n\n\n\n<p><\/p>\n","protected":false},"excerpt":{"rendered":"<p>Muistipelit ovat mukavaa sek\u00e4 kehitt\u00e4v\u00e4\u00e4 ajanvietett\u00e4 kaikenik\u00e4isille. Muistipelin avulla voit v\u00e4litt\u00e4\u00e4 haluamaasi informaatiota mieleenpainuvasti. Korttien molemmille puolille voi painattaa sek\u00e4 kuvia ett\u00e4&nbsp;teksti\u00e4. Muistipelej\u00e4 on saatavilla korttikokoisista peleist\u00e4 aina laatikossa oleviin peleihin. Parien m\u00e4\u00e4r\u00e4 on valittavissa seuraavasti: Pelikorttikokoisena16 tai 26 paria\/peli &hellip;<\/p>\n<p class=\"read-more\"> <a class=\"more-link\" href=\"https:\/\/games.tactic.net\/promo\/tuotteet\/muistipelit\/\"> <span class=\"screen-reader-text\">Muistipelit<\/span> Lue lis\u00e4\u00e4 &raquo;<\/a><\/p>\n","protected":false},"author":2,"featured_media":0,"parent":10,"menu_order":4,"comment_status":"closed","ping_status":"closed","template":"full-width-page.php","meta":{"content-type":"","footnotes":""},"class_list":["post-22","page","type-page","status-publish","hentry"],"_links":{"self":[{"href":"https:\/\/games.tactic.net\/promo\/wp-json\/wp\/v2\/pages\/22","targetHints":{"allow":["GET"]}}],"collection":[{"href":"https:\/\/games.tactic.net\/promo\/wp-json\/wp\/v2\/pages"}],"about":[{"href":"https:\/\/games.tactic.net\/promo\/wp-json\/wp\/v2\/types\/page"}],"author":[{"embeddable":true,"href":"https:\/\/games.tactic.net\/promo\/wp-json\/wp\/v2\/users\/2"}],"replies":[{"embeddable":true,"href":"https:\/\/games.tactic.net\/promo\/wp-json\/wp\/v2\/comments?post=22"}],"version-history":[{"count":28,"href":"https:\/\/games.tactic.net\/promo\/wp-json\/wp\/v2\/pages\/22\/revisions"}],"predecessor-version":[{"id":1551,"href":"https:\/\/games.tactic.net\/promo\/wp-json\/wp\/v2\/pages\/22\/revisions\/1551"}],"up":[{"embeddable":true,"href":"https:\/\/games.tactic.net\/promo\/wp-json\/wp\/v2\/pages\/10"}],"wp:attachment":[{"href":"https:\/\/games.tactic.net\/promo\/wp-json\/wp\/v2\/media?parent=22"}],"curies":[{"name":"wp","href":"https:\/\/api.w.org\/{rel}","templated":true}]}}