{"id":20,"date":"2016-07-04T10:17:01","date_gmt":"2016-07-04T07:17:01","guid":{"rendered":"http:\/\/games.tactic.net\/promo\/?page_id=20"},"modified":"2023-12-19T13:45:54","modified_gmt":"2023-12-19T11:45:54","slug":"yatzyt","status":"publish","type":"page","link":"https:\/\/games.tactic.net\/promo\/tuotteet\/yatzyt\/","title":{"rendered":"Yatzyt"},"content":{"rendered":"\n<h4 class=\"wp-block-heading\">Yatzy &#8211; noppapelien klassikko!<\/h4>\n\n\n\n<p>Tuote, joka ei taatusti j\u00e4\u00e4 saajaltaan k\u00e4ytt\u00e4m\u00e4tt\u00e4!<\/p>\n\n\n\n<p>Laatikon graafinen ilme on asiakkaan suunniteltavissa.<\/p>\n\n\n\n<p>N\u00e4m\u00e4 yrityksen tuotekuvalla ja logolla varustetut pelit ovat sek\u00e4 n\u00e4ytt\u00e4vi\u00e4 ja haluttuja yritys- ja asiakaslahjoja ett\u00e4 give away -tuotteita.<\/p>\n\n\n\n<ul class=\"wp-block-list\">\n<li>Give away-Yatzyn koko 12,5 x 8,5 x 2,5 cm<\/li>\n\n\n\n<li>Laatikko-Yatzyn koko 18,5 x 11,5 x 3,5cm<\/li>\n<\/ul>\n\n\n\n<p><strong>Minimitilausm\u00e4\u00e4r\u00e4<\/strong> 1000 kpl.<\/p>\n\n\n\n<div class=\"wp-block-columns is-layout-flex wp-container-core-columns-is-layout-9d6595d7 wp-block-columns-is-layout-flex\">\n<div class=\"wp-block-column is-layout-flow wp-block-column-is-layout-flow\">\n<figure class=\"wp-block-image size-large\"><a href=\"https:\/\/games.tactic.net\/promo\/wp-content\/uploads\/2016\/07\/tactic_yatzy.jpg\"><img loading=\"lazy\" decoding=\"async\" width=\"1000\" height=\"600\" src=\"https:\/\/games.tactic.net\/promo\/wp-content\/uploads\/2016\/07\/tactic_yatzy.jpg\" alt=\"Give away-Yatzy: DHL\" class=\"wp-image-56\" srcset=\"https:\/\/games.tactic.net\/promo\/wp-content\/uploads\/2016\/07\/tactic_yatzy.jpg 1000w, https:\/\/games.tactic.net\/promo\/wp-content\/uploads\/2016\/07\/tactic_yatzy-300x180.jpg 300w, https:\/\/games.tactic.net\/promo\/wp-content\/uploads\/2016\/07\/tactic_yatzy-768x461.jpg 768w, https:\/\/games.tactic.net\/promo\/wp-content\/uploads\/2016\/07\/tactic_yatzy-100x60.jpg 100w, https:\/\/games.tactic.net\/promo\/wp-content\/uploads\/2016\/07\/tactic_yatzy-150x90.jpg 150w, https:\/\/games.tactic.net\/promo\/wp-content\/uploads\/2016\/07\/tactic_yatzy-200x120.jpg 200w, https:\/\/games.tactic.net\/promo\/wp-content\/uploads\/2016\/07\/tactic_yatzy-450x270.jpg 450w, https:\/\/games.tactic.net\/promo\/wp-content\/uploads\/2016\/07\/tactic_yatzy-600x360.jpg 600w, https:\/\/games.tactic.net\/promo\/wp-content\/uploads\/2016\/07\/tactic_yatzy-900x540.jpg 900w\" sizes=\"auto, (max-width: 1000px) 100vw, 1000px\" \/><\/a><\/figure>\n<\/div>\n\n\n\n<div class=\"wp-block-column is-layout-flow wp-block-column-is-layout-flow\">\n<figure class=\"wp-block-image size-large\"><a href=\"https:\/\/games.tactic.net\/promo\/wp-content\/uploads\/2016\/07\/yatsy.jpg\"><img loading=\"lazy\" decoding=\"async\" width=\"1024\" height=\"681\" src=\"https:\/\/games.tactic.net\/promo\/wp-content\/uploads\/2016\/07\/yatsy-1024x681.jpg\" alt=\"Give away-Yatzy: Sokos Hotels\" class=\"wp-image-515\" srcset=\"https:\/\/games.tactic.net\/promo\/wp-content\/uploads\/2016\/07\/yatsy-1024x681.jpg 1024w, https:\/\/games.tactic.net\/promo\/wp-content\/uploads\/2016\/07\/yatsy-300x200.jpg 300w, https:\/\/games.tactic.net\/promo\/wp-content\/uploads\/2016\/07\/yatsy-768x511.jpg 768w, https:\/\/games.tactic.net\/promo\/wp-content\/uploads\/2016\/07\/yatsy-100x67.jpg 100w, https:\/\/games.tactic.net\/promo\/wp-content\/uploads\/2016\/07\/yatsy-150x100.jpg 150w, https:\/\/games.tactic.net\/promo\/wp-content\/uploads\/2016\/07\/yatsy-200x133.jpg 200w, https:\/\/games.tactic.net\/promo\/wp-content\/uploads\/2016\/07\/yatsy-450x299.jpg 450w, https:\/\/games.tactic.net\/promo\/wp-content\/uploads\/2016\/07\/yatsy-600x399.jpg 600w, https:\/\/games.tactic.net\/promo\/wp-content\/uploads\/2016\/07\/yatsy-900x599.jpg 900w, https:\/\/games.tactic.net\/promo\/wp-content\/uploads\/2016\/07\/yatsy.jpg 1066w\" sizes=\"auto, (max-width: 1024px) 100vw, 1024px\" \/><\/a><\/figure>\n<\/div>\n\n\n\n<div class=\"wp-block-column is-layout-flow wp-block-column-is-layout-flow\">\n<figure class=\"wp-block-image size-large is-resized\"><a href=\"https:\/\/games.tactic.net\/promo\/wp-content\/uploads\/2023\/12\/Tampere_Jatsi.jpg\"><img loading=\"lazy\" decoding=\"async\" width=\"1024\" height=\"663\" src=\"https:\/\/games.tactic.net\/promo\/wp-content\/uploads\/2023\/12\/Tampere_Jatsi-1024x663.jpg\" alt=\"\" class=\"wp-image-1508\" style=\"width:259px;height:auto\" srcset=\"https:\/\/games.tactic.net\/promo\/wp-content\/uploads\/2023\/12\/Tampere_Jatsi-1024x663.jpg 1024w, https:\/\/games.tactic.net\/promo\/wp-content\/uploads\/2023\/12\/Tampere_Jatsi-300x194.jpg 300w, https:\/\/games.tactic.net\/promo\/wp-content\/uploads\/2023\/12\/Tampere_Jatsi-768x497.jpg 768w, https:\/\/games.tactic.net\/promo\/wp-content\/uploads\/2023\/12\/Tampere_Jatsi-1536x995.jpg 1536w, https:\/\/games.tactic.net\/promo\/wp-content\/uploads\/2023\/12\/Tampere_Jatsi-100x65.jpg 100w, https:\/\/games.tactic.net\/promo\/wp-content\/uploads\/2023\/12\/Tampere_Jatsi-150x97.jpg 150w, https:\/\/games.tactic.net\/promo\/wp-content\/uploads\/2023\/12\/Tampere_Jatsi-200x130.jpg 200w, https:\/\/games.tactic.net\/promo\/wp-content\/uploads\/2023\/12\/Tampere_Jatsi-450x291.jpg 450w, https:\/\/games.tactic.net\/promo\/wp-content\/uploads\/2023\/12\/Tampere_Jatsi-600x389.jpg 600w, https:\/\/games.tactic.net\/promo\/wp-content\/uploads\/2023\/12\/Tampere_Jatsi-900x583.jpg 900w, https:\/\/games.tactic.net\/promo\/wp-content\/uploads\/2023\/12\/Tampere_Jatsi.jpg 1641w\" sizes=\"auto, (max-width: 1024px) 100vw, 1024px\" \/><\/a><\/figure>\n<\/div>\n<\/div>\n\n\n\n<div class=\"wp-block-columns is-layout-flex wp-container-core-columns-is-layout-9d6595d7 wp-block-columns-is-layout-flex\">\n<div class=\"wp-block-column is-layout-flow wp-block-column-is-layout-flow\">\n<figure class=\"wp-block-image size-large\"><a href=\"https:\/\/games.tactic.net\/promo\/wp-content\/uploads\/2016\/07\/Yhteisvastyy_yatzy_1_lowres.jpg\"><img loading=\"lazy\" decoding=\"async\" width=\"1024\" height=\"683\" src=\"https:\/\/games.tactic.net\/promo\/wp-content\/uploads\/2016\/07\/Yhteisvastyy_yatzy_1_lowres-1024x683.jpg\" alt=\"Give away-Yatzy: Yhteisvastuu\" class=\"wp-image-633\" srcset=\"https:\/\/games.tactic.net\/promo\/wp-content\/uploads\/2016\/07\/Yhteisvastyy_yatzy_1_lowres-1024x683.jpg 1024w, https:\/\/games.tactic.net\/promo\/wp-content\/uploads\/2016\/07\/Yhteisvastyy_yatzy_1_lowres-300x200.jpg 300w, https:\/\/games.tactic.net\/promo\/wp-content\/uploads\/2016\/07\/Yhteisvastyy_yatzy_1_lowres-768x512.jpg 768w, https:\/\/games.tactic.net\/promo\/wp-content\/uploads\/2016\/07\/Yhteisvastyy_yatzy_1_lowres-100x67.jpg 100w, https:\/\/games.tactic.net\/promo\/wp-content\/uploads\/2016\/07\/Yhteisvastyy_yatzy_1_lowres-150x100.jpg 150w, https:\/\/games.tactic.net\/promo\/wp-content\/uploads\/2016\/07\/Yhteisvastyy_yatzy_1_lowres-200x133.jpg 200w, https:\/\/games.tactic.net\/promo\/wp-content\/uploads\/2016\/07\/Yhteisvastyy_yatzy_1_lowres-450x300.jpg 450w, https:\/\/games.tactic.net\/promo\/wp-content\/uploads\/2016\/07\/Yhteisvastyy_yatzy_1_lowres-600x400.jpg 600w, https:\/\/games.tactic.net\/promo\/wp-content\/uploads\/2016\/07\/Yhteisvastyy_yatzy_1_lowres-900x600.jpg 900w, https:\/\/games.tactic.net\/promo\/wp-content\/uploads\/2016\/07\/Yhteisvastyy_yatzy_1_lowres.jpg 1063w\" sizes=\"auto, (max-width: 1024px) 100vw, 1024px\" \/><\/a><\/figure>\n<\/div>\n\n\n\n<div class=\"wp-block-column is-layout-flow wp-block-column-is-layout-flow\">\n<figure class=\"wp-block-image size-large\"><a href=\"https:\/\/games.tactic.net\/promo\/wp-content\/uploads\/2016\/07\/yatzy.jpg\"><img loading=\"lazy\" decoding=\"async\" width=\"1024\" height=\"682\" src=\"https:\/\/games.tactic.net\/promo\/wp-content\/uploads\/2016\/07\/yatzy-1024x682.jpg\" alt=\"Laatikko-Yatzy: Lounea\" class=\"wp-image-514\" srcset=\"https:\/\/games.tactic.net\/promo\/wp-content\/uploads\/2016\/07\/yatzy-1024x682.jpg 1024w, https:\/\/games.tactic.net\/promo\/wp-content\/uploads\/2016\/07\/yatzy-300x200.jpg 300w, https:\/\/games.tactic.net\/promo\/wp-content\/uploads\/2016\/07\/yatzy-768x511.jpg 768w, https:\/\/games.tactic.net\/promo\/wp-content\/uploads\/2016\/07\/yatzy-100x67.jpg 100w, https:\/\/games.tactic.net\/promo\/wp-content\/uploads\/2016\/07\/yatzy-150x100.jpg 150w, https:\/\/games.tactic.net\/promo\/wp-content\/uploads\/2016\/07\/yatzy-200x133.jpg 200w, https:\/\/games.tactic.net\/promo\/wp-content\/uploads\/2016\/07\/yatzy-450x300.jpg 450w, https:\/\/games.tactic.net\/promo\/wp-content\/uploads\/2016\/07\/yatzy-600x399.jpg 600w, https:\/\/games.tactic.net\/promo\/wp-content\/uploads\/2016\/07\/yatzy-900x599.jpg 900w, https:\/\/games.tactic.net\/promo\/wp-content\/uploads\/2016\/07\/yatzy.jpg 1065w\" sizes=\"auto, (max-width: 1024px) 100vw, 1024px\" \/><\/a><\/figure>\n<\/div>\n\n\n\n<div class=\"wp-block-column is-layout-flow wp-block-column-is-layout-flow\">\n<figure class=\"wp-block-image size-large\"><a href=\"https:\/\/games.tactic.net\/promo\/wp-content\/uploads\/2016\/07\/tactic_yatzy_4.jpg\"><img loading=\"lazy\" decoding=\"async\" width=\"1024\" height=\"683\" src=\"https:\/\/games.tactic.net\/promo\/wp-content\/uploads\/2016\/07\/tactic_yatzy_4-1024x683.jpg\" alt=\"Laatikko-Yatzy: Neuroliitto\" class=\"wp-image-367\" srcset=\"https:\/\/games.tactic.net\/promo\/wp-content\/uploads\/2016\/07\/tactic_yatzy_4-1024x683.jpg 1024w, https:\/\/games.tactic.net\/promo\/wp-content\/uploads\/2016\/07\/tactic_yatzy_4-300x200.jpg 300w, https:\/\/games.tactic.net\/promo\/wp-content\/uploads\/2016\/07\/tactic_yatzy_4-768x512.jpg 768w, https:\/\/games.tactic.net\/promo\/wp-content\/uploads\/2016\/07\/tactic_yatzy_4-100x67.jpg 100w, https:\/\/games.tactic.net\/promo\/wp-content\/uploads\/2016\/07\/tactic_yatzy_4-150x100.jpg 150w, https:\/\/games.tactic.net\/promo\/wp-content\/uploads\/2016\/07\/tactic_yatzy_4-200x133.jpg 200w, https:\/\/games.tactic.net\/promo\/wp-content\/uploads\/2016\/07\/tactic_yatzy_4-450x300.jpg 450w, https:\/\/games.tactic.net\/promo\/wp-content\/uploads\/2016\/07\/tactic_yatzy_4-600x400.jpg 600w, https:\/\/games.tactic.net\/promo\/wp-content\/uploads\/2016\/07\/tactic_yatzy_4-900x600.jpg 900w, https:\/\/games.tactic.net\/promo\/wp-content\/uploads\/2016\/07\/tactic_yatzy_4.jpg 1063w\" sizes=\"auto, (max-width: 1024px) 100vw, 1024px\" \/><\/a><\/figure>\n<\/div>\n<\/div>\n","protected":false},"excerpt":{"rendered":"<p>Yatzy &#8211; noppapelien klassikko! Tuote, joka ei taatusti j\u00e4\u00e4 saajaltaan k\u00e4ytt\u00e4m\u00e4tt\u00e4! Laatikon graafinen ilme on asiakkaan suunniteltavissa. N\u00e4m\u00e4 yrityksen tuotekuvalla ja logolla varustetut pelit ovat sek\u00e4 n\u00e4ytt\u00e4vi\u00e4 ja haluttuja yritys- ja asiakaslahjoja ett\u00e4 give away -tuotteita. Minimitilausm\u00e4\u00e4r\u00e4 1000 kpl.<\/p>\n","protected":false},"author":2,"featured_media":0,"parent":10,"menu_order":3,"comment_status":"closed","ping_status":"closed","template":"full-width-page.php","meta":{"content-type":"","footnotes":""},"class_list":["post-20","page","type-page","status-publish","hentry"],"_links":{"self":[{"href":"https:\/\/games.tactic.net\/promo\/wp-json\/wp\/v2\/pages\/20","targetHints":{"allow":["GET"]}}],"collection":[{"href":"https:\/\/games.tactic.net\/promo\/wp-json\/wp\/v2\/pages"}],"about":[{"href":"https:\/\/games.tactic.net\/promo\/wp-json\/wp\/v2\/types\/page"}],"author":[{"embeddable":true,"href":"https:\/\/games.tactic.net\/promo\/wp-json\/wp\/v2\/users\/2"}],"replies":[{"embeddable":true,"href":"https:\/\/games.tactic.net\/promo\/wp-json\/wp\/v2\/comments?post=20"}],"version-history":[{"count":20,"href":"https:\/\/games.tactic.net\/promo\/wp-json\/wp\/v2\/pages\/20\/revisions"}],"predecessor-version":[{"id":1509,"href":"https:\/\/games.tactic.net\/promo\/wp-json\/wp\/v2\/pages\/20\/revisions\/1509"}],"up":[{"embeddable":true,"href":"https:\/\/games.tactic.net\/promo\/wp-json\/wp\/v2\/pages\/10"}],"wp:attachment":[{"href":"https:\/\/games.tactic.net\/promo\/wp-json\/wp\/v2\/media?parent=20"}],"curies":[{"name":"wp","href":"https:\/\/api.w.org\/{rel}","templated":true}]}}