{"id":186,"date":"2016-07-05T07:57:04","date_gmt":"2016-07-05T04:57:04","guid":{"rendered":"http:\/\/games.tactic.net\/promo\/?page_id=186"},"modified":"2023-01-26T12:25:56","modified_gmt":"2023-01-26T10:25:56","slug":"kotimainen","status":"publish","type":"page","link":"https:\/\/games.tactic.net\/promo\/kotimainen\/","title":{"rendered":"Arvot"},"content":{"rendered":"\n<h3 class=\"wp-block-heading\">Suomalaista laatua!<\/h3>\n\n\n\n<figure class=\"wp-block-image aligncenter size-large is-resized\"><img loading=\"lazy\" decoding=\"async\" src=\"https:\/\/games.tactic.net\/promo\/wp-content\/uploads\/2016\/07\/Avainlippu_Sininen_rgb.jpg\" alt=\"\" class=\"wp-image-142\" width=\"47\" height=\"67\" srcset=\"https:\/\/games.tactic.net\/promo\/wp-content\/uploads\/2016\/07\/Avainlippu_Sininen_rgb.jpg 248w, https:\/\/games.tactic.net\/promo\/wp-content\/uploads\/2016\/07\/Avainlippu_Sininen_rgb-210x300.jpg 210w, https:\/\/games.tactic.net\/promo\/wp-content\/uploads\/2016\/07\/Avainlippu_Sininen_rgb-100x143.jpg 100w, https:\/\/games.tactic.net\/promo\/wp-content\/uploads\/2016\/07\/Avainlippu_Sininen_rgb-150x214.jpg 150w, https:\/\/games.tactic.net\/promo\/wp-content\/uploads\/2016\/07\/Avainlippu_Sininen_rgb-200x285.jpg 200w\" sizes=\"auto, (max-width: 47px) 100vw, 47px\" \/><\/figure>\n\n\n\n<p><strong>Tactic Games Oy<\/strong> <strong>on&nbsp;suomalainen perheyritys<\/strong>, jolla on vankka ja pitk\u00e4 historia pelien kehitt\u00e4misess\u00e4 ja valmistuksessa.<\/p>\n\n\n\n<p><strong>Olemme l\u00e4hell\u00e4 ja l\u00e4sn\u00e4!<\/strong> Kotimaisuus on valttia, kun&nbsp;asiat halutaan hoitaa oikealla tavalla, nopeasti ja j\u00e4rkeviss\u00e4&nbsp;mittasuhteissa. Vastaamme niin&nbsp;pieniin kuin&nbsp;suuriinkin&nbsp;tarpeisiinne joustavasti ja v\u00e4litt\u00f6m\u00e4sti. Tacticin tehdas sijaitsee Porissa.<\/p>\n\n\n\n<p>Kotimaisuus on meille t\u00e4rke\u00e4\u00e4, mutta samalla Tactic on&nbsp;kasvanut <strong>Pohjois-Euroopan suurimmaksi pelitehtaaksi<\/strong>. Koska valmistamme vientiin miljoonia pelituotteita&nbsp;vuodessa, pysymme alati pelibisneksen <strong>ajan hermolla<\/strong> ja&nbsp;viimeisimpien trendien aallonharjalla.<\/p>\n\n\n\n<p>Olemme<strong> pelituotteiden ammattilaisia!<\/strong> Jo 50 vuoden&nbsp;kokemuksella voimme todeta, ett\u00e4 pelisuunnittelumme,&nbsp;graafinen osaamisemme sek\u00e4 pelien valmistukseen&nbsp;erikoistunut tuotantomme&nbsp;ovat alansa parhaimmistoa.<\/p>\n\n\n\n<p><strong>Laatu on taattu:<\/strong> Tactic-pelit ovat laadukkaita niin&nbsp;sis\u00e4ll\u00f6llisesti kuin painoteknisesti. Tuotteemme ovat korkealuokkaisia!<\/p>\n\n\n\n<hr class=\"wp-block-separator has-css-opacity is-style-dots\"\/>\n\n\n\n<div class=\"wp-block-columns is-layout-flex wp-container-core-columns-is-layout-9d6595d7 wp-block-columns-is-layout-flex\">\n<div class=\"wp-block-column is-layout-flow wp-block-column-is-layout-flow\" style=\"flex-basis:25%\"><\/div>\n\n\n\n<div class=\"wp-block-column is-layout-flow wp-block-column-is-layout-flow\" style=\"flex-basis:50%\">\n<p class=\"has-text-align-center\">Kaikissa Tactic Games Oy:n Suomen tehtaalla valmistettavissa tuotteissa k\u00e4ytet\u00e4\u00e4n vain FSC-sertifioitua paperia, pahvia ja kartonkia. Merkki ei koske puutuotteita (M\u00f6lkky).<\/p>\n\n\n\n<figure class=\"wp-block-image aligncenter size-full is-resized\"><img loading=\"lazy\" decoding=\"async\" src=\"https:\/\/games.tactic.net\/promo\/wp-content\/uploads\/2022\/03\/FSC_logo.jpg\" alt=\"\" class=\"wp-image-1342\" width=\"164\" height=\"75\" srcset=\"https:\/\/games.tactic.net\/promo\/wp-content\/uploads\/2022\/03\/FSC_logo.jpg 200w, https:\/\/games.tactic.net\/promo\/wp-content\/uploads\/2022\/03\/FSC_logo-100x46.jpg 100w, https:\/\/games.tactic.net\/promo\/wp-content\/uploads\/2022\/03\/FSC_logo-150x68.jpg 150w\" sizes=\"auto, (max-width: 164px) 100vw, 164px\" \/><\/figure>\n<\/div>\n\n\n\n<div class=\"wp-block-column is-layout-flow wp-block-column-is-layout-flow\" style=\"flex-basis:25%\"><\/div>\n<\/div>\n\n\n\n<hr class=\"wp-block-separator has-css-opacity is-style-dots\"\/>\n\n\n\n<h2 class=\"has-text-align-center wp-block-heading\">Valitsemalla Tactic-tuotteen laatu n\u00e4kyy viestiss\u00e4si ja v\u00e4littyy saajalle asti!<\/h2>\n\n\n\n<p class=\"has-text-align-center\">Promotuotteen saaja viett\u00e4\u00e4 pelin&nbsp;parissa aikaa ja samalla <strong>viestisi tulee varmasti huomatuksi<\/strong>. <\/p>\n\n\n\n<p class=\"has-text-align-center\">Positiiviset hetket pelin parissa&nbsp;painuvat&nbsp;mieliin, eik\u00e4 lahjan antajaakaan silloin unohdeta.<\/p>\n\n\n\n<div style=\"height:20px\" aria-hidden=\"true\" class=\"wp-block-spacer\"><\/div>\n\n\n\n<figure class=\"wp-block-image size-large\"><img loading=\"lazy\" decoding=\"async\" width=\"1024\" height=\"537\" src=\"https:\/\/games.tactic.net\/promo\/wp-content\/uploads\/2023\/01\/TacticGames_Factory2023-1024x537.jpg\" alt=\"\" class=\"wp-image-1403\" srcset=\"https:\/\/games.tactic.net\/promo\/wp-content\/uploads\/2023\/01\/TacticGames_Factory2023-1024x537.jpg 1024w, https:\/\/games.tactic.net\/promo\/wp-content\/uploads\/2023\/01\/TacticGames_Factory2023-300x157.jpg 300w, https:\/\/games.tactic.net\/promo\/wp-content\/uploads\/2023\/01\/TacticGames_Factory2023-768x403.jpg 768w, https:\/\/games.tactic.net\/promo\/wp-content\/uploads\/2023\/01\/TacticGames_Factory2023-1536x806.jpg 1536w, https:\/\/games.tactic.net\/promo\/wp-content\/uploads\/2023\/01\/TacticGames_Factory2023-100x52.jpg 100w, https:\/\/games.tactic.net\/promo\/wp-content\/uploads\/2023\/01\/TacticGames_Factory2023-150x79.jpg 150w, https:\/\/games.tactic.net\/promo\/wp-content\/uploads\/2023\/01\/TacticGames_Factory2023-200x105.jpg 200w, https:\/\/games.tactic.net\/promo\/wp-content\/uploads\/2023\/01\/TacticGames_Factory2023-450x236.jpg 450w, https:\/\/games.tactic.net\/promo\/wp-content\/uploads\/2023\/01\/TacticGames_Factory2023-600x315.jpg 600w, https:\/\/games.tactic.net\/promo\/wp-content\/uploads\/2023\/01\/TacticGames_Factory2023-900x472.jpg 900w, https:\/\/games.tactic.net\/promo\/wp-content\/uploads\/2023\/01\/TacticGames_Factory2023.jpg 1614w\" sizes=\"auto, (max-width: 1024px) 100vw, 1024px\" \/><\/figure>\n","protected":false},"excerpt":{"rendered":"<p>Suomalaista laatua! Tactic Games Oy on&nbsp;suomalainen perheyritys, jolla on vankka ja pitk\u00e4 historia pelien kehitt\u00e4misess\u00e4 ja valmistuksessa. Olemme l\u00e4hell\u00e4 ja l\u00e4sn\u00e4! Kotimaisuus on valttia, kun&nbsp;asiat halutaan hoitaa oikealla tavalla, nopeasti ja j\u00e4rkeviss\u00e4&nbsp;mittasuhteissa. Vastaamme niin&nbsp;pieniin kuin&nbsp;suuriinkin&nbsp;tarpeisiinne joustavasti ja v\u00e4litt\u00f6m\u00e4sti. Tacticin tehdas &hellip;<\/p>\n<p class=\"read-more\"> <a class=\"more-link\" href=\"https:\/\/games.tactic.net\/promo\/kotimainen\/\"> <span class=\"screen-reader-text\">Arvot<\/span> Lue lis\u00e4\u00e4 &raquo;<\/a><\/p>\n","protected":false},"author":2,"featured_media":0,"parent":0,"menu_order":3,"comment_status":"closed","ping_status":"closed","template":"full-width-page.php","meta":{"content-type":"","footnotes":""},"class_list":["post-186","page","type-page","status-publish","hentry"],"_links":{"self":[{"href":"https:\/\/games.tactic.net\/promo\/wp-json\/wp\/v2\/pages\/186","targetHints":{"allow":["GET"]}}],"collection":[{"href":"https:\/\/games.tactic.net\/promo\/wp-json\/wp\/v2\/pages"}],"about":[{"href":"https:\/\/games.tactic.net\/promo\/wp-json\/wp\/v2\/types\/page"}],"author":[{"embeddable":true,"href":"https:\/\/games.tactic.net\/promo\/wp-json\/wp\/v2\/users\/2"}],"replies":[{"embeddable":true,"href":"https:\/\/games.tactic.net\/promo\/wp-json\/wp\/v2\/comments?post=186"}],"version-history":[{"count":29,"href":"https:\/\/games.tactic.net\/promo\/wp-json\/wp\/v2\/pages\/186\/revisions"}],"predecessor-version":[{"id":1404,"href":"https:\/\/games.tactic.net\/promo\/wp-json\/wp\/v2\/pages\/186\/revisions\/1404"}],"wp:attachment":[{"href":"https:\/\/games.tactic.net\/promo\/wp-json\/wp\/v2\/media?parent=186"}],"curies":[{"name":"wp","href":"https:\/\/api.w.org\/{rel}","templated":true}]}}