{"id":17,"date":"2016-07-04T10:15:57","date_gmt":"2016-07-04T07:15:57","guid":{"rendered":"http:\/\/games.tactic.net\/promo\/?page_id=17"},"modified":"2026-02-18T07:08:16","modified_gmt":"2026-02-18T05:08:16","slug":"palapelit","status":"publish","type":"page","link":"https:\/\/games.tactic.net\/promo\/tuotteet\/palapelit\/","title":{"rendered":"Palapelit"},"content":{"rendered":"\n<h4 class=\"wp-block-heading\">\u201dEnsin etsit\u00e4\u00e4n reunapalat ja sitten uppoudutaan hahmottamaan kokonaisuutta\u2026\u201d<\/h4>\n\n\n\n<p>Useimmat meist\u00e4&nbsp;pit\u00e4v\u00e4t palapeleist\u00e4.&nbsp;Joko niiden mielenkiintoisten kuvien ja&nbsp;kauniiden maisemien vuoksi tai silkasta&nbsp;kokoamisen ja valmiiksi saamisen ilosta.&nbsp;Palapeli on promootiotuotteena yksi mieliinpainuvimmista, sill\u00e4 sen parissa vietet\u00e4\u00e4n helposti pidempikin tovi. Kuvallinen viesti painuu varmasti mieleen.<\/p>\n\n\n\n<p>Palapelej\u00e4 on usean kokoisia. Aina pienemmist\u00e4 A5- ja A4-kokoisista ns. liimatuista kehyspalapeleist\u00e4 tuhannen palan peleihin asti.<\/p>\n\n\n\n<p>Kehyspalapelit toimivat erityisen hyvin&nbsp;erilaisina&nbsp;tapahtumatuotteina.<\/p>\n\n\n\n<p><strong>Kehyspalapelit:<\/strong><br>A5: 20 palaa<br>A4: 28 ja 40 palaa<\/p>\n\n\n\n<p><strong>Laatikkopalapelit:<\/strong><br>31 x 47cm &#8211; 500 palaa<br>48 x 67cm &#8211; 1000 palaa<br>Pakkauksen suuri pinta-ala luo moninaiset mahdollisuudet tuotteen tai br\u00e4ndin markkinointiin.\u00a0<\/p>\n\n\n\n<p><strong>Minimitilausm\u00e4\u00e4r\u00e4t<\/strong><\/p>\n\n\n\n<p>pieniss\u00e4 palapeleiss\u00e4 1000 kpl.<br>500 ja 1000 palan palapeleiss\u00e4 500 kpl.<\/p>\n\n\n\n<div class=\"wp-block-columns is-layout-flex wp-container-core-columns-is-layout-9d6595d7 wp-block-columns-is-layout-flex\">\n<div class=\"wp-block-column is-layout-flow wp-block-column-is-layout-flow\">\n<figure class=\"wp-block-image size-large\"><a href=\"https:\/\/games.tactic.net\/promo\/wp-content\/uploads\/2016\/07\/tactic_palapelit_2.jpg\"><img loading=\"lazy\" decoding=\"async\" width=\"1024\" height=\"683\" src=\"https:\/\/games.tactic.net\/promo\/wp-content\/uploads\/2016\/07\/tactic_palapelit_2-1024x683.jpg\" alt=\"Kehyspalapeli: Valio\" class=\"wp-image-120\" srcset=\"https:\/\/games.tactic.net\/promo\/wp-content\/uploads\/2016\/07\/tactic_palapelit_2-1024x683.jpg 1024w, https:\/\/games.tactic.net\/promo\/wp-content\/uploads\/2016\/07\/tactic_palapelit_2-300x200.jpg 300w, https:\/\/games.tactic.net\/promo\/wp-content\/uploads\/2016\/07\/tactic_palapelit_2-768x512.jpg 768w, https:\/\/games.tactic.net\/promo\/wp-content\/uploads\/2016\/07\/tactic_palapelit_2-100x67.jpg 100w, https:\/\/games.tactic.net\/promo\/wp-content\/uploads\/2016\/07\/tactic_palapelit_2-150x100.jpg 150w, https:\/\/games.tactic.net\/promo\/wp-content\/uploads\/2016\/07\/tactic_palapelit_2-200x133.jpg 200w, https:\/\/games.tactic.net\/promo\/wp-content\/uploads\/2016\/07\/tactic_palapelit_2-450x300.jpg 450w, https:\/\/games.tactic.net\/promo\/wp-content\/uploads\/2016\/07\/tactic_palapelit_2-600x400.jpg 600w, https:\/\/games.tactic.net\/promo\/wp-content\/uploads\/2016\/07\/tactic_palapelit_2-900x600.jpg 900w, https:\/\/games.tactic.net\/promo\/wp-content\/uploads\/2016\/07\/tactic_palapelit_2.jpg 1063w\" sizes=\"auto, (max-width: 1024px) 100vw, 1024px\" \/><\/a><\/figure>\n\n\n\n<figure class=\"wp-block-image size-large\"><a href=\"https:\/\/games.tactic.net\/promo\/wp-content\/uploads\/2018\/01\/satakunta_palapeli.png\"><img loading=\"lazy\" decoding=\"async\" width=\"1024\" height=\"682\" src=\"https:\/\/games.tactic.net\/promo\/wp-content\/uploads\/2018\/01\/satakunta_palapeli-1024x682.png\" alt=\"Kehyspalapeli: Satakunnan Osuuskauppa\" class=\"wp-image-657\" srcset=\"https:\/\/games.tactic.net\/promo\/wp-content\/uploads\/2018\/01\/satakunta_palapeli-1024x682.png 1024w, https:\/\/games.tactic.net\/promo\/wp-content\/uploads\/2018\/01\/satakunta_palapeli-300x200.png 300w, https:\/\/games.tactic.net\/promo\/wp-content\/uploads\/2018\/01\/satakunta_palapeli-768x512.png 768w, https:\/\/games.tactic.net\/promo\/wp-content\/uploads\/2018\/01\/satakunta_palapeli-100x67.png 100w, https:\/\/games.tactic.net\/promo\/wp-content\/uploads\/2018\/01\/satakunta_palapeli-150x100.png 150w, https:\/\/games.tactic.net\/promo\/wp-content\/uploads\/2018\/01\/satakunta_palapeli-200x133.png 200w, https:\/\/games.tactic.net\/promo\/wp-content\/uploads\/2018\/01\/satakunta_palapeli-450x300.png 450w, https:\/\/games.tactic.net\/promo\/wp-content\/uploads\/2018\/01\/satakunta_palapeli-600x400.png 600w, https:\/\/games.tactic.net\/promo\/wp-content\/uploads\/2018\/01\/satakunta_palapeli-900x599.png 900w, https:\/\/games.tactic.net\/promo\/wp-content\/uploads\/2018\/01\/satakunta_palapeli.png 1063w\" sizes=\"auto, (max-width: 1024px) 100vw, 1024px\" \/><\/a><\/figure>\n<\/div>\n\n\n\n<div class=\"wp-block-column is-layout-flow wp-block-column-is-layout-flow\">\n<figure class=\"wp-block-image size-large\"><a href=\"https:\/\/games.tactic.net\/promo\/wp-content\/uploads\/2018\/04\/kollaasi.png\"><img loading=\"lazy\" decoding=\"async\" width=\"683\" height=\"1024\" src=\"https:\/\/games.tactic.net\/promo\/wp-content\/uploads\/2018\/04\/kollaasi-683x1024.png\" alt=\"Kehyspalapelej\u00e4\" class=\"wp-image-751\" srcset=\"https:\/\/games.tactic.net\/promo\/wp-content\/uploads\/2018\/04\/kollaasi-683x1024.png 683w, https:\/\/games.tactic.net\/promo\/wp-content\/uploads\/2018\/04\/kollaasi-200x300.png 200w, https:\/\/games.tactic.net\/promo\/wp-content\/uploads\/2018\/04\/kollaasi-100x150.png 100w, https:\/\/games.tactic.net\/promo\/wp-content\/uploads\/2018\/04\/kollaasi-150x225.png 150w, https:\/\/games.tactic.net\/promo\/wp-content\/uploads\/2018\/04\/kollaasi-300x450.png 300w, https:\/\/games.tactic.net\/promo\/wp-content\/uploads\/2018\/04\/kollaasi-450x675.png 450w, https:\/\/games.tactic.net\/promo\/wp-content\/uploads\/2018\/04\/kollaasi-600x900.png 600w, https:\/\/games.tactic.net\/promo\/wp-content\/uploads\/2018\/04\/kollaasi.png 709w\" sizes=\"auto, (max-width: 683px) 100vw, 683px\" \/><\/a><\/figure>\n<\/div>\n\n\n\n<div class=\"wp-block-column is-layout-flow wp-block-column-is-layout-flow\">\n<figure class=\"wp-block-image size-large\"><a href=\"https:\/\/games.tactic.net\/promo\/wp-content\/uploads\/2018\/04\/kollaasi2.png\"><img loading=\"lazy\" decoding=\"async\" width=\"682\" height=\"1024\" src=\"https:\/\/games.tactic.net\/promo\/wp-content\/uploads\/2018\/04\/kollaasi2-682x1024.png\" alt=\"Kehyspalapelej\u00e4\" class=\"wp-image-752\" srcset=\"https:\/\/games.tactic.net\/promo\/wp-content\/uploads\/2018\/04\/kollaasi2-682x1024.png 682w, https:\/\/games.tactic.net\/promo\/wp-content\/uploads\/2018\/04\/kollaasi2-200x300.png 200w, https:\/\/games.tactic.net\/promo\/wp-content\/uploads\/2018\/04\/kollaasi2-100x150.png 100w, https:\/\/games.tactic.net\/promo\/wp-content\/uploads\/2018\/04\/kollaasi2-150x225.png 150w, https:\/\/games.tactic.net\/promo\/wp-content\/uploads\/2018\/04\/kollaasi2-300x450.png 300w, https:\/\/games.tactic.net\/promo\/wp-content\/uploads\/2018\/04\/kollaasi2-450x675.png 450w, https:\/\/games.tactic.net\/promo\/wp-content\/uploads\/2018\/04\/kollaasi2-600x900.png 600w, https:\/\/games.tactic.net\/promo\/wp-content\/uploads\/2018\/04\/kollaasi2.png 709w\" sizes=\"auto, (max-width: 682px) 100vw, 682px\" \/><\/a><\/figure>\n<\/div>\n<\/div>\n\n\n\n<div class=\"wp-block-columns is-layout-flex wp-container-core-columns-is-layout-9d6595d7 wp-block-columns-is-layout-flex\">\n<div class=\"wp-block-column is-layout-flow wp-block-column-is-layout-flow\">\n<figure class=\"wp-block-image size-large\"><a href=\"https:\/\/games.tactic.net\/promo\/wp-content\/uploads\/2016\/07\/tactic_palapelit_3-1.jpg\"><img loading=\"lazy\" decoding=\"async\" width=\"1024\" height=\"683\" src=\"https:\/\/games.tactic.net\/promo\/wp-content\/uploads\/2016\/07\/tactic_palapelit_3-1-1024x683.jpg\" alt=\"Laatikkopalapeli: Linnanm\u00e4ki\" class=\"wp-image-124\" srcset=\"https:\/\/games.tactic.net\/promo\/wp-content\/uploads\/2016\/07\/tactic_palapelit_3-1-1024x683.jpg 1024w, https:\/\/games.tactic.net\/promo\/wp-content\/uploads\/2016\/07\/tactic_palapelit_3-1-300x200.jpg 300w, https:\/\/games.tactic.net\/promo\/wp-content\/uploads\/2016\/07\/tactic_palapelit_3-1-768x512.jpg 768w, https:\/\/games.tactic.net\/promo\/wp-content\/uploads\/2016\/07\/tactic_palapelit_3-1-100x67.jpg 100w, https:\/\/games.tactic.net\/promo\/wp-content\/uploads\/2016\/07\/tactic_palapelit_3-1-150x100.jpg 150w, https:\/\/games.tactic.net\/promo\/wp-content\/uploads\/2016\/07\/tactic_palapelit_3-1-200x133.jpg 200w, https:\/\/games.tactic.net\/promo\/wp-content\/uploads\/2016\/07\/tactic_palapelit_3-1-450x300.jpg 450w, https:\/\/games.tactic.net\/promo\/wp-content\/uploads\/2016\/07\/tactic_palapelit_3-1-600x400.jpg 600w, https:\/\/games.tactic.net\/promo\/wp-content\/uploads\/2016\/07\/tactic_palapelit_3-1-900x600.jpg 900w, https:\/\/games.tactic.net\/promo\/wp-content\/uploads\/2016\/07\/tactic_palapelit_3-1.jpg 1063w\" sizes=\"auto, (max-width: 1024px) 100vw, 1024px\" \/><\/a><\/figure>\n<\/div>\n\n\n\n<div class=\"wp-block-column is-layout-flow wp-block-column-is-layout-flow\">\n<figure class=\"wp-block-image size-large\"><a href=\"https:\/\/games.tactic.net\/promo\/wp-content\/uploads\/2016\/07\/valio_palapeli.jpg\"><img loading=\"lazy\" decoding=\"async\" width=\"1024\" height=\"682\" src=\"https:\/\/games.tactic.net\/promo\/wp-content\/uploads\/2016\/07\/valio_palapeli-1024x682.jpg\" alt=\"Laatikkopalapeli: Valio\" class=\"wp-image-458\" srcset=\"https:\/\/games.tactic.net\/promo\/wp-content\/uploads\/2016\/07\/valio_palapeli-1024x682.jpg 1024w, https:\/\/games.tactic.net\/promo\/wp-content\/uploads\/2016\/07\/valio_palapeli-300x200.jpg 300w, https:\/\/games.tactic.net\/promo\/wp-content\/uploads\/2016\/07\/valio_palapeli-768x511.jpg 768w, https:\/\/games.tactic.net\/promo\/wp-content\/uploads\/2016\/07\/valio_palapeli-100x67.jpg 100w, https:\/\/games.tactic.net\/promo\/wp-content\/uploads\/2016\/07\/valio_palapeli-150x100.jpg 150w, https:\/\/games.tactic.net\/promo\/wp-content\/uploads\/2016\/07\/valio_palapeli-200x133.jpg 200w, https:\/\/games.tactic.net\/promo\/wp-content\/uploads\/2016\/07\/valio_palapeli-450x300.jpg 450w, https:\/\/games.tactic.net\/promo\/wp-content\/uploads\/2016\/07\/valio_palapeli-600x399.jpg 600w, https:\/\/games.tactic.net\/promo\/wp-content\/uploads\/2016\/07\/valio_palapeli-900x599.jpg 900w, https:\/\/games.tactic.net\/promo\/wp-content\/uploads\/2016\/07\/valio_palapeli.jpg 1065w\" sizes=\"auto, (max-width: 1024px) 100vw, 1024px\" \/><\/a><\/figure>\n<\/div>\n\n\n\n<div class=\"wp-block-column is-layout-flow wp-block-column-is-layout-flow\">\n<figure class=\"wp-block-image size-large\"><a href=\"https:\/\/games.tactic.net\/promo\/wp-content\/uploads\/2016\/07\/korkeasaari_puzzlet.jpg\"><img loading=\"lazy\" decoding=\"async\" width=\"1024\" height=\"683\" src=\"https:\/\/games.tactic.net\/promo\/wp-content\/uploads\/2016\/07\/korkeasaari_puzzlet-1024x683.jpg\" alt=\"Kehyspalapeli: Korkeasaari\" class=\"wp-image-585\" srcset=\"https:\/\/games.tactic.net\/promo\/wp-content\/uploads\/2016\/07\/korkeasaari_puzzlet-1024x683.jpg 1024w, https:\/\/games.tactic.net\/promo\/wp-content\/uploads\/2016\/07\/korkeasaari_puzzlet-300x200.jpg 300w, https:\/\/games.tactic.net\/promo\/wp-content\/uploads\/2016\/07\/korkeasaari_puzzlet-768x512.jpg 768w, https:\/\/games.tactic.net\/promo\/wp-content\/uploads\/2016\/07\/korkeasaari_puzzlet-100x67.jpg 100w, https:\/\/games.tactic.net\/promo\/wp-content\/uploads\/2016\/07\/korkeasaari_puzzlet-150x100.jpg 150w, https:\/\/games.tactic.net\/promo\/wp-content\/uploads\/2016\/07\/korkeasaari_puzzlet-200x133.jpg 200w, https:\/\/games.tactic.net\/promo\/wp-content\/uploads\/2016\/07\/korkeasaari_puzzlet-450x300.jpg 450w, https:\/\/games.tactic.net\/promo\/wp-content\/uploads\/2016\/07\/korkeasaari_puzzlet-600x400.jpg 600w, https:\/\/games.tactic.net\/promo\/wp-content\/uploads\/2016\/07\/korkeasaari_puzzlet-900x600.jpg 900w, https:\/\/games.tactic.net\/promo\/wp-content\/uploads\/2016\/07\/korkeasaari_puzzlet.jpg 1063w\" sizes=\"auto, (max-width: 1024px) 100vw, 1024px\" \/><\/a><\/figure>\n<\/div>\n<\/div>\n\n\n\n<div class=\"wp-block-columns is-layout-flex wp-container-core-columns-is-layout-9d6595d7 wp-block-columns-is-layout-flex\">\n<div class=\"wp-block-column is-layout-flow wp-block-column-is-layout-flow\">\n<figure class=\"wp-block-image size-large is-resized\"><a href=\"https:\/\/games.tactic.net\/promo\/wp-content\/uploads\/2020\/11\/Helsinki-puzzle.jpg\"><img loading=\"lazy\" decoding=\"async\" width=\"1024\" height=\"819\" src=\"https:\/\/games.tactic.net\/promo\/wp-content\/uploads\/2020\/11\/Helsinki-puzzle-1024x819.jpg\" alt=\"\" class=\"wp-image-1229\" style=\"width:296px;height:237px\" srcset=\"https:\/\/games.tactic.net\/promo\/wp-content\/uploads\/2020\/11\/Helsinki-puzzle-1024x819.jpg 1024w, https:\/\/games.tactic.net\/promo\/wp-content\/uploads\/2020\/11\/Helsinki-puzzle-300x240.jpg 300w, https:\/\/games.tactic.net\/promo\/wp-content\/uploads\/2020\/11\/Helsinki-puzzle-768x614.jpg 768w, https:\/\/games.tactic.net\/promo\/wp-content\/uploads\/2020\/11\/Helsinki-puzzle-100x80.jpg 100w, https:\/\/games.tactic.net\/promo\/wp-content\/uploads\/2020\/11\/Helsinki-puzzle-150x120.jpg 150w, https:\/\/games.tactic.net\/promo\/wp-content\/uploads\/2020\/11\/Helsinki-puzzle-200x160.jpg 200w, https:\/\/games.tactic.net\/promo\/wp-content\/uploads\/2020\/11\/Helsinki-puzzle-450x360.jpg 450w, https:\/\/games.tactic.net\/promo\/wp-content\/uploads\/2020\/11\/Helsinki-puzzle-600x480.jpg 600w, https:\/\/games.tactic.net\/promo\/wp-content\/uploads\/2020\/11\/Helsinki-puzzle-900x720.jpg 900w, https:\/\/games.tactic.net\/promo\/wp-content\/uploads\/2020\/11\/Helsinki-puzzle.jpg 1063w\" sizes=\"auto, (max-width: 1024px) 100vw, 1024px\" \/><\/a><\/figure>\n<\/div>\n\n\n\n<div class=\"wp-block-column is-layout-flow wp-block-column-is-layout-flow\">\n<figure class=\"wp-block-image size-large is-resized\"><a href=\"https:\/\/games.tactic.net\/promo\/wp-content\/uploads\/2021\/05\/Ateneum_Sadko_puzzle.png\"><img loading=\"lazy\" decoding=\"async\" width=\"682\" height=\"1024\" src=\"https:\/\/games.tactic.net\/promo\/wp-content\/uploads\/2021\/05\/Ateneum_Sadko_puzzle-682x1024.png\" alt=\"\" class=\"wp-image-1265\" style=\"width:135px;height:203px\" srcset=\"https:\/\/games.tactic.net\/promo\/wp-content\/uploads\/2021\/05\/Ateneum_Sadko_puzzle-682x1024.png 682w, https:\/\/games.tactic.net\/promo\/wp-content\/uploads\/2021\/05\/Ateneum_Sadko_puzzle-200x300.png 200w, https:\/\/games.tactic.net\/promo\/wp-content\/uploads\/2021\/05\/Ateneum_Sadko_puzzle-100x150.png 100w, https:\/\/games.tactic.net\/promo\/wp-content\/uploads\/2021\/05\/Ateneum_Sadko_puzzle-150x225.png 150w, https:\/\/games.tactic.net\/promo\/wp-content\/uploads\/2021\/05\/Ateneum_Sadko_puzzle-300x450.png 300w, https:\/\/games.tactic.net\/promo\/wp-content\/uploads\/2021\/05\/Ateneum_Sadko_puzzle-450x676.png 450w, https:\/\/games.tactic.net\/promo\/wp-content\/uploads\/2021\/05\/Ateneum_Sadko_puzzle-600x901.png 600w, https:\/\/games.tactic.net\/promo\/wp-content\/uploads\/2021\/05\/Ateneum_Sadko_puzzle.png 708w\" sizes=\"auto, (max-width: 682px) 100vw, 682px\" \/><\/a><\/figure>\n<\/div>\n\n\n\n<div class=\"wp-block-column is-layout-flow wp-block-column-is-layout-flow\">\n<figure class=\"wp-block-image size-large is-resized\"><a href=\"https:\/\/games.tactic.net\/promo\/wp-content\/uploads\/2021\/05\/Hangon-merikylpyla_puzzle.png\"><img loading=\"lazy\" decoding=\"async\" width=\"683\" height=\"1024\" src=\"https:\/\/games.tactic.net\/promo\/wp-content\/uploads\/2021\/05\/Hangon-merikylpyla_puzzle-683x1024.png\" alt=\"\" class=\"wp-image-1266\" style=\"width:136px;height:203px\" srcset=\"https:\/\/games.tactic.net\/promo\/wp-content\/uploads\/2021\/05\/Hangon-merikylpyla_puzzle-683x1024.png 683w, https:\/\/games.tactic.net\/promo\/wp-content\/uploads\/2021\/05\/Hangon-merikylpyla_puzzle-200x300.png 200w, https:\/\/games.tactic.net\/promo\/wp-content\/uploads\/2021\/05\/Hangon-merikylpyla_puzzle-100x150.png 100w, https:\/\/games.tactic.net\/promo\/wp-content\/uploads\/2021\/05\/Hangon-merikylpyla_puzzle-150x225.png 150w, https:\/\/games.tactic.net\/promo\/wp-content\/uploads\/2021\/05\/Hangon-merikylpyla_puzzle-300x450.png 300w, https:\/\/games.tactic.net\/promo\/wp-content\/uploads\/2021\/05\/Hangon-merikylpyla_puzzle-450x675.png 450w, https:\/\/games.tactic.net\/promo\/wp-content\/uploads\/2021\/05\/Hangon-merikylpyla_puzzle-600x900.png 600w, https:\/\/games.tactic.net\/promo\/wp-content\/uploads\/2021\/05\/Hangon-merikylpyla_puzzle.png 709w\" sizes=\"auto, (max-width: 683px) 100vw, 683px\" \/><\/a><\/figure>\n<\/div>\n\n\n\n<div class=\"wp-block-column is-layout-flow wp-block-column-is-layout-flow\">\n<figure class=\"wp-block-image size-large is-resized\"><a href=\"https:\/\/games.tactic.net\/promo\/wp-content\/uploads\/2020\/11\/pinnan-alla.png\"><img loading=\"lazy\" decoding=\"async\" width=\"1024\" height=\"683\" src=\"https:\/\/games.tactic.net\/promo\/wp-content\/uploads\/2020\/11\/pinnan-alla-1024x683.png\" alt=\"\" class=\"wp-image-1234\" style=\"width:304px;height:202px\" srcset=\"https:\/\/games.tactic.net\/promo\/wp-content\/uploads\/2020\/11\/pinnan-alla-1024x683.png 1024w, https:\/\/games.tactic.net\/promo\/wp-content\/uploads\/2020\/11\/pinnan-alla-300x200.png 300w, https:\/\/games.tactic.net\/promo\/wp-content\/uploads\/2020\/11\/pinnan-alla-768x512.png 768w, https:\/\/games.tactic.net\/promo\/wp-content\/uploads\/2020\/11\/pinnan-alla-100x67.png 100w, https:\/\/games.tactic.net\/promo\/wp-content\/uploads\/2020\/11\/pinnan-alla-150x100.png 150w, https:\/\/games.tactic.net\/promo\/wp-content\/uploads\/2020\/11\/pinnan-alla-200x133.png 200w, https:\/\/games.tactic.net\/promo\/wp-content\/uploads\/2020\/11\/pinnan-alla-450x300.png 450w, https:\/\/games.tactic.net\/promo\/wp-content\/uploads\/2020\/11\/pinnan-alla-600x400.png 600w, https:\/\/games.tactic.net\/promo\/wp-content\/uploads\/2020\/11\/pinnan-alla-900x600.png 900w, https:\/\/games.tactic.net\/promo\/wp-content\/uploads\/2020\/11\/pinnan-alla.png 1036w\" sizes=\"auto, (max-width: 1024px) 100vw, 1024px\" \/><\/a><\/figure>\n<\/div>\n<\/div>\n\n\n\n<div class=\"wp-block-columns is-layout-flex wp-container-core-columns-is-layout-9d6595d7 wp-block-columns-is-layout-flex\">\n<div class=\"wp-block-column is-layout-flow wp-block-column-is-layout-flow\">\n<figure class=\"wp-block-image size-large\"><a href=\"https:\/\/games.tactic.net\/promo\/wp-content\/uploads\/2023\/12\/Suomen_Hevospalapeli.jpg\"><img loading=\"lazy\" decoding=\"async\" width=\"1024\" height=\"1024\" src=\"https:\/\/games.tactic.net\/promo\/wp-content\/uploads\/2023\/12\/Suomen_Hevospalapeli-1024x1024.jpg\" alt=\"\" class=\"wp-image-1502\" srcset=\"https:\/\/games.tactic.net\/promo\/wp-content\/uploads\/2023\/12\/Suomen_Hevospalapeli-1024x1024.jpg 1024w, https:\/\/games.tactic.net\/promo\/wp-content\/uploads\/2023\/12\/Suomen_Hevospalapeli-300x300.jpg 300w, https:\/\/games.tactic.net\/promo\/wp-content\/uploads\/2023\/12\/Suomen_Hevospalapeli-150x150.jpg 150w, https:\/\/games.tactic.net\/promo\/wp-content\/uploads\/2023\/12\/Suomen_Hevospalapeli-768x768.jpg 768w, https:\/\/games.tactic.net\/promo\/wp-content\/uploads\/2023\/12\/Suomen_Hevospalapeli-100x100.jpg 100w, https:\/\/games.tactic.net\/promo\/wp-content\/uploads\/2023\/12\/Suomen_Hevospalapeli-200x200.jpg 200w, https:\/\/games.tactic.net\/promo\/wp-content\/uploads\/2023\/12\/Suomen_Hevospalapeli-450x450.jpg 450w, https:\/\/games.tactic.net\/promo\/wp-content\/uploads\/2023\/12\/Suomen_Hevospalapeli-600x600.jpg 600w, https:\/\/games.tactic.net\/promo\/wp-content\/uploads\/2023\/12\/Suomen_Hevospalapeli-900x900.jpg 900w, https:\/\/games.tactic.net\/promo\/wp-content\/uploads\/2023\/12\/Suomen_Hevospalapeli.jpg 1063w\" sizes=\"auto, (max-width: 1024px) 100vw, 1024px\" \/><\/a><\/figure>\n<\/div>\n\n\n\n<div class=\"wp-block-column is-layout-flow wp-block-column-is-layout-flow\">\n<figure class=\"wp-block-image size-large\"><a href=\"https:\/\/games.tactic.net\/promo\/wp-content\/uploads\/2023\/12\/Tappara_Palapeli.jpg\"><img loading=\"lazy\" decoding=\"async\" width=\"1016\" height=\"1024\" src=\"https:\/\/games.tactic.net\/promo\/wp-content\/uploads\/2023\/12\/Tappara_Palapeli-1016x1024.jpg\" alt=\"\" class=\"wp-image-1503\" srcset=\"https:\/\/games.tactic.net\/promo\/wp-content\/uploads\/2023\/12\/Tappara_Palapeli-1016x1024.jpg 1016w, https:\/\/games.tactic.net\/promo\/wp-content\/uploads\/2023\/12\/Tappara_Palapeli-298x300.jpg 298w, https:\/\/games.tactic.net\/promo\/wp-content\/uploads\/2023\/12\/Tappara_Palapeli-150x151.jpg 150w, https:\/\/games.tactic.net\/promo\/wp-content\/uploads\/2023\/12\/Tappara_Palapeli-768x774.jpg 768w, https:\/\/games.tactic.net\/promo\/wp-content\/uploads\/2023\/12\/Tappara_Palapeli-100x101.jpg 100w, https:\/\/games.tactic.net\/promo\/wp-content\/uploads\/2023\/12\/Tappara_Palapeli-200x202.jpg 200w, https:\/\/games.tactic.net\/promo\/wp-content\/uploads\/2023\/12\/Tappara_Palapeli-300x302.jpg 300w, https:\/\/games.tactic.net\/promo\/wp-content\/uploads\/2023\/12\/Tappara_Palapeli-450x453.jpg 450w, https:\/\/games.tactic.net\/promo\/wp-content\/uploads\/2023\/12\/Tappara_Palapeli-600x605.jpg 600w, https:\/\/games.tactic.net\/promo\/wp-content\/uploads\/2023\/12\/Tappara_Palapeli-900x907.jpg 900w, https:\/\/games.tactic.net\/promo\/wp-content\/uploads\/2023\/12\/Tappara_Palapeli.jpg 1055w\" sizes=\"auto, (max-width: 1016px) 100vw, 1016px\" \/><\/a><\/figure>\n<\/div>\n\n\n\n<div class=\"wp-block-column is-layout-flow wp-block-column-is-layout-flow\">\n<figure class=\"wp-block-image size-large\"><a href=\"https:\/\/games.tactic.net\/promo\/wp-content\/uploads\/2023\/12\/Ilmasotakoulun_kilta_palapeli.jpg\"><img loading=\"lazy\" decoding=\"async\" width=\"1024\" height=\"829\" src=\"https:\/\/games.tactic.net\/promo\/wp-content\/uploads\/2023\/12\/Ilmasotakoulun_kilta_palapeli-1024x829.jpg\" alt=\"\" class=\"wp-image-1504\" srcset=\"https:\/\/games.tactic.net\/promo\/wp-content\/uploads\/2023\/12\/Ilmasotakoulun_kilta_palapeli-1024x829.jpg 1024w, https:\/\/games.tactic.net\/promo\/wp-content\/uploads\/2023\/12\/Ilmasotakoulun_kilta_palapeli-300x243.jpg 300w, https:\/\/games.tactic.net\/promo\/wp-content\/uploads\/2023\/12\/Ilmasotakoulun_kilta_palapeli-768x622.jpg 768w, https:\/\/games.tactic.net\/promo\/wp-content\/uploads\/2023\/12\/Ilmasotakoulun_kilta_palapeli-100x81.jpg 100w, https:\/\/games.tactic.net\/promo\/wp-content\/uploads\/2023\/12\/Ilmasotakoulun_kilta_palapeli-150x121.jpg 150w, https:\/\/games.tactic.net\/promo\/wp-content\/uploads\/2023\/12\/Ilmasotakoulun_kilta_palapeli-200x162.jpg 200w, https:\/\/games.tactic.net\/promo\/wp-content\/uploads\/2023\/12\/Ilmasotakoulun_kilta_palapeli-450x364.jpg 450w, https:\/\/games.tactic.net\/promo\/wp-content\/uploads\/2023\/12\/Ilmasotakoulun_kilta_palapeli-600x486.jpg 600w, https:\/\/games.tactic.net\/promo\/wp-content\/uploads\/2023\/12\/Ilmasotakoulun_kilta_palapeli-900x729.jpg 900w, https:\/\/games.tactic.net\/promo\/wp-content\/uploads\/2023\/12\/Ilmasotakoulun_kilta_palapeli.jpg 1313w\" sizes=\"auto, (max-width: 1024px) 100vw, 1024px\" \/><\/a><\/figure>\n<\/div>\n<\/div>\n\n\n\n<p><\/p>\n\n\n\n<div class=\"wp-block-columns is-layout-flex wp-container-core-columns-is-layout-9d6595d7 wp-block-columns-is-layout-flex\">\n<div class=\"wp-block-column is-layout-flow wp-block-column-is-layout-flow\"><\/div>\n\n\n\n<div class=\"wp-block-column is-layout-flow wp-block-column-is-layout-flow\"><\/div>\n\n\n\n<div class=\"wp-block-column is-layout-flow wp-block-column-is-layout-flow\"><\/div>\n<\/div>\n","protected":false},"excerpt":{"rendered":"<p>\u201dEnsin etsit\u00e4\u00e4n reunapalat ja sitten uppoudutaan hahmottamaan kokonaisuutta\u2026\u201d Useimmat meist\u00e4&nbsp;pit\u00e4v\u00e4t palapeleist\u00e4.&nbsp;Joko niiden mielenkiintoisten kuvien ja&nbsp;kauniiden maisemien vuoksi tai silkasta&nbsp;kokoamisen ja valmiiksi saamisen ilosta.&nbsp;Palapeli on promootiotuotteena yksi mieliinpainuvimmista, sill\u00e4 sen parissa vietet\u00e4\u00e4n helposti pidempikin tovi. Kuvallinen viesti painuu varmasti mieleen. Palapelej\u00e4 &hellip;<\/p>\n<p class=\"read-more\"> <a class=\"more-link\" href=\"https:\/\/games.tactic.net\/promo\/tuotteet\/palapelit\/\"> <span class=\"screen-reader-text\">Palapelit<\/span> Lue lis\u00e4\u00e4 &raquo;<\/a><\/p>\n","protected":false},"author":2,"featured_media":0,"parent":10,"menu_order":2,"comment_status":"closed","ping_status":"closed","template":"full-width-page.php","meta":{"content-type":"","footnotes":""},"class_list":["post-17","page","type-page","status-publish","hentry"],"_links":{"self":[{"href":"https:\/\/games.tactic.net\/promo\/wp-json\/wp\/v2\/pages\/17","targetHints":{"allow":["GET"]}}],"collection":[{"href":"https:\/\/games.tactic.net\/promo\/wp-json\/wp\/v2\/pages"}],"about":[{"href":"https:\/\/games.tactic.net\/promo\/wp-json\/wp\/v2\/types\/page"}],"author":[{"embeddable":true,"href":"https:\/\/games.tactic.net\/promo\/wp-json\/wp\/v2\/users\/2"}],"replies":[{"embeddable":true,"href":"https:\/\/games.tactic.net\/promo\/wp-json\/wp\/v2\/comments?post=17"}],"version-history":[{"count":30,"href":"https:\/\/games.tactic.net\/promo\/wp-json\/wp\/v2\/pages\/17\/revisions"}],"predecessor-version":[{"id":1580,"href":"https:\/\/games.tactic.net\/promo\/wp-json\/wp\/v2\/pages\/17\/revisions\/1580"}],"up":[{"embeddable":true,"href":"https:\/\/games.tactic.net\/promo\/wp-json\/wp\/v2\/pages\/10"}],"wp:attachment":[{"href":"https:\/\/games.tactic.net\/promo\/wp-json\/wp\/v2\/media?parent=17"}],"curies":[{"name":"wp","href":"https:\/\/api.w.org\/{rel}","templated":true}]}}