{"id":10,"date":"2016-07-04T09:44:09","date_gmt":"2016-07-04T06:44:09","guid":{"rendered":"http:\/\/games.tactic.net\/promo\/?page_id=10"},"modified":"2018-03-08T07:47:26","modified_gmt":"2018-03-08T05:47:26","slug":"tuotteet","status":"publish","type":"page","link":"https:\/\/games.tactic.net\/promo\/tuotteet\/","title":{"rendered":"Tuotteet"},"content":{"rendered":"<h4 style=\"text-align: left;\"><span style=\"color: #808080;\">Tactic Games Oy:n promootiotuotteet ovat fiksu\u00a0keino erottua! <\/span><\/h4>\n<p style=\"text-align: left;\"><span style=\"color: #808080;\">Valitsemalla Tacticin tuotteet, tarjoat\u00a0saajalle turhakkeen sijasta oikeasti merkityksellist\u00e4 sis\u00e4lt\u00f6\u00e4.\u00a0<\/span><span style=\"color: #808080;\">Ota <span style=\"text-decoration: underline;\"><span style=\"color: #3366ff;\"><a style=\"color: #3366ff; text-decoration: underline;\" href=\"https:\/\/games.tactic.net\/promo\/index.php\/yhteystiedot\/\">yhteytt\u00e4<\/a><\/span><\/span>, niin etsit\u00e4\u00e4n yhdess\u00e4 yrityksellenne\/yhdistyksellenne paras tuote n\u00e4ky\u00e4 ja j\u00e4\u00e4d\u00e4 asiakkaan mieleen!<\/span><\/p>\n<h5><\/h5>\n<hr \/>\n<figure id=\"attachment_747\" aria-describedby=\"caption-attachment-747\" style=\"width: 250px\" class=\"wp-caption alignleft\"><a href=\"https:\/\/games.tactic.net\/promo\/index.php\/tuotteet\/pelikortit\/\"><img loading=\"lazy\" decoding=\"async\" class=\"wp-image-747\" src=\"https:\/\/games.tactic.net\/promo\/wp-content\/uploads\/2018\/03\/pelikortit-2-150x150.jpg\" alt=\"\" width=\"250\" height=\"150\" srcset=\"https:\/\/games.tactic.net\/promo\/wp-content\/uploads\/2018\/03\/pelikortit-2-300x180.jpg 300w, https:\/\/games.tactic.net\/promo\/wp-content\/uploads\/2018\/03\/pelikortit-2-100x60.jpg 100w, https:\/\/games.tactic.net\/promo\/wp-content\/uploads\/2018\/03\/pelikortit-2-150x90.jpg 150w, https:\/\/games.tactic.net\/promo\/wp-content\/uploads\/2018\/03\/pelikortit-2-200x120.jpg 200w, https:\/\/games.tactic.net\/promo\/wp-content\/uploads\/2018\/03\/pelikortit-2-450x270.jpg 450w, https:\/\/games.tactic.net\/promo\/wp-content\/uploads\/2018\/03\/pelikortit-2-600x360.jpg 600w, https:\/\/games.tactic.net\/promo\/wp-content\/uploads\/2018\/03\/pelikortit-2.jpg 691w\" sizes=\"auto, (max-width: 250px) 100vw, 250px\" \/><\/a><figcaption id=\"caption-attachment-747\" class=\"wp-caption-text\">Pelikortit<\/figcaption><\/figure>\n<figure id=\"attachment_59\" aria-describedby=\"caption-attachment-59\" style=\"width: 250px\" class=\"wp-caption alignleft\"><a href=\"https:\/\/games.tactic.net\/promo\/index.php\/tuotteet\/palapelit\/\"><img loading=\"lazy\" decoding=\"async\" class=\"wp-image-59\" src=\"https:\/\/games.tactic.net\/promo\/wp-content\/uploads\/2016\/07\/tactic_palapelit-300x180.jpg\" alt=\"tactic_palapelit\" width=\"250\" height=\"150\" srcset=\"https:\/\/games.tactic.net\/promo\/wp-content\/uploads\/2016\/07\/tactic_palapelit-300x180.jpg 300w, https:\/\/games.tactic.net\/promo\/wp-content\/uploads\/2016\/07\/tactic_palapelit-768x461.jpg 768w, https:\/\/games.tactic.net\/promo\/wp-content\/uploads\/2016\/07\/tactic_palapelit-100x60.jpg 100w, https:\/\/games.tactic.net\/promo\/wp-content\/uploads\/2016\/07\/tactic_palapelit-150x90.jpg 150w, https:\/\/games.tactic.net\/promo\/wp-content\/uploads\/2016\/07\/tactic_palapelit-200x120.jpg 200w, https:\/\/games.tactic.net\/promo\/wp-content\/uploads\/2016\/07\/tactic_palapelit-450x270.jpg 450w, https:\/\/games.tactic.net\/promo\/wp-content\/uploads\/2016\/07\/tactic_palapelit-600x360.jpg 600w, https:\/\/games.tactic.net\/promo\/wp-content\/uploads\/2016\/07\/tactic_palapelit-900x540.jpg 900w, https:\/\/games.tactic.net\/promo\/wp-content\/uploads\/2016\/07\/tactic_palapelit.jpg 1000w\" sizes=\"auto, (max-width: 250px) 100vw, 250px\" \/><\/a><figcaption id=\"caption-attachment-59\" class=\"wp-caption-text\">Palapelit<\/figcaption><\/figure>\n<figure id=\"attachment_56\" aria-describedby=\"caption-attachment-56\" style=\"width: 250px\" class=\"wp-caption alignleft\"><a href=\"https:\/\/games.tactic.net\/promo\/index.php\/tuotteet\/yatzy\/\"><img loading=\"lazy\" decoding=\"async\" class=\"wp-image-56\" src=\"https:\/\/games.tactic.net\/promo\/wp-content\/uploads\/2016\/07\/tactic_yatzy-300x180.jpg\" alt=\"tactic_yatzy\" width=\"250\" height=\"150\" srcset=\"https:\/\/games.tactic.net\/promo\/wp-content\/uploads\/2016\/07\/tactic_yatzy-300x180.jpg 300w, https:\/\/games.tactic.net\/promo\/wp-content\/uploads\/2016\/07\/tactic_yatzy-768x461.jpg 768w, https:\/\/games.tactic.net\/promo\/wp-content\/uploads\/2016\/07\/tactic_yatzy-100x60.jpg 100w, https:\/\/games.tactic.net\/promo\/wp-content\/uploads\/2016\/07\/tactic_yatzy-150x90.jpg 150w, https:\/\/games.tactic.net\/promo\/wp-content\/uploads\/2016\/07\/tactic_yatzy-200x120.jpg 200w, https:\/\/games.tactic.net\/promo\/wp-content\/uploads\/2016\/07\/tactic_yatzy-450x270.jpg 450w, https:\/\/games.tactic.net\/promo\/wp-content\/uploads\/2016\/07\/tactic_yatzy-600x360.jpg 600w, https:\/\/games.tactic.net\/promo\/wp-content\/uploads\/2016\/07\/tactic_yatzy-900x540.jpg 900w, https:\/\/games.tactic.net\/promo\/wp-content\/uploads\/2016\/07\/tactic_yatzy.jpg 1000w\" sizes=\"auto, (max-width: 250px) 100vw, 250px\" \/><\/a><figcaption id=\"caption-attachment-56\" class=\"wp-caption-text\">Yatzyt<\/figcaption><\/figure>\n<figure id=\"attachment_219\" aria-describedby=\"caption-attachment-219\" style=\"width: 250px\" class=\"wp-caption alignleft\"><a href=\"https:\/\/games.tactic.net\/promo\/index.php\/tuotteet\/muistipelit\/\"><img loading=\"lazy\" decoding=\"async\" class=\"wp-image-219\" src=\"https:\/\/games.tactic.net\/promo\/wp-content\/uploads\/2016\/07\/tactic_memo_2-150x150.jpg\" alt=\"tactic_memo_2\" width=\"250\" height=\"167\" srcset=\"https:\/\/games.tactic.net\/promo\/wp-content\/uploads\/2016\/07\/tactic_memo_2-300x200.jpg 300w, https:\/\/games.tactic.net\/promo\/wp-content\/uploads\/2016\/07\/tactic_memo_2-768x512.jpg 768w, https:\/\/games.tactic.net\/promo\/wp-content\/uploads\/2016\/07\/tactic_memo_2-1024x683.jpg 1024w, https:\/\/games.tactic.net\/promo\/wp-content\/uploads\/2016\/07\/tactic_memo_2-100x67.jpg 100w, https:\/\/games.tactic.net\/promo\/wp-content\/uploads\/2016\/07\/tactic_memo_2-150x100.jpg 150w, https:\/\/games.tactic.net\/promo\/wp-content\/uploads\/2016\/07\/tactic_memo_2-200x133.jpg 200w, https:\/\/games.tactic.net\/promo\/wp-content\/uploads\/2016\/07\/tactic_memo_2-450x300.jpg 450w, https:\/\/games.tactic.net\/promo\/wp-content\/uploads\/2016\/07\/tactic_memo_2-600x400.jpg 600w, https:\/\/games.tactic.net\/promo\/wp-content\/uploads\/2016\/07\/tactic_memo_2-900x600.jpg 900w, https:\/\/games.tactic.net\/promo\/wp-content\/uploads\/2016\/07\/tactic_memo_2.jpg 1063w\" sizes=\"auto, (max-width: 250px) 100vw, 250px\" \/><\/a><figcaption id=\"caption-attachment-219\" class=\"wp-caption-text\">Muistipelit<\/figcaption><\/figure>\n<figure id=\"attachment_218\" aria-describedby=\"caption-attachment-218\" style=\"width: 250px\" class=\"wp-caption alignleft\"><a href=\"https:\/\/games.tactic.net\/promo\/index.php\/tuotteet\/personoidut-lautapelit\/\"><img loading=\"lazy\" decoding=\"async\" class=\"wp-image-218\" src=\"https:\/\/games.tactic.net\/promo\/wp-content\/uploads\/2016\/07\/tactic_kustom-1-150x150.jpg\" alt=\"tactic_kustom\" width=\"250\" height=\"167\" srcset=\"https:\/\/games.tactic.net\/promo\/wp-content\/uploads\/2016\/07\/tactic_kustom-1-300x200.jpg 300w, https:\/\/games.tactic.net\/promo\/wp-content\/uploads\/2016\/07\/tactic_kustom-1-768x512.jpg 768w, https:\/\/games.tactic.net\/promo\/wp-content\/uploads\/2016\/07\/tactic_kustom-1-1024x683.jpg 1024w, https:\/\/games.tactic.net\/promo\/wp-content\/uploads\/2016\/07\/tactic_kustom-1-100x67.jpg 100w, https:\/\/games.tactic.net\/promo\/wp-content\/uploads\/2016\/07\/tactic_kustom-1-150x100.jpg 150w, https:\/\/games.tactic.net\/promo\/wp-content\/uploads\/2016\/07\/tactic_kustom-1-200x133.jpg 200w, https:\/\/games.tactic.net\/promo\/wp-content\/uploads\/2016\/07\/tactic_kustom-1-450x300.jpg 450w, https:\/\/games.tactic.net\/promo\/wp-content\/uploads\/2016\/07\/tactic_kustom-1-600x400.jpg 600w, https:\/\/games.tactic.net\/promo\/wp-content\/uploads\/2016\/07\/tactic_kustom-1-900x600.jpg 900w, https:\/\/games.tactic.net\/promo\/wp-content\/uploads\/2016\/07\/tactic_kustom-1.jpg 1063w\" sizes=\"auto, (max-width: 250px) 100vw, 250px\" \/><\/a><figcaption id=\"caption-attachment-218\" class=\"wp-caption-text\">Personoidut lautapelit<\/figcaption><\/figure>\n<figure id=\"attachment_718\" aria-describedby=\"caption-attachment-718\" style=\"width: 250px\" class=\"wp-caption alignleft\"><a href=\"https:\/\/games.tactic.net\/promo\/index.php\/tuotteet\/personoidut-lautapelit\/oma-logotarra\/\"><img loading=\"lazy\" decoding=\"async\" class=\"wp-image-718\" src=\"https:\/\/games.tactic.net\/promo\/wp-content\/uploads\/2018\/03\/kimble_original_tarralla_nettiin-150x150.jpg\" alt=\"\" width=\"250\" height=\"167\" srcset=\"https:\/\/games.tactic.net\/promo\/wp-content\/uploads\/2018\/03\/kimble_original_tarralla_nettiin-300x200.jpg 300w, https:\/\/games.tactic.net\/promo\/wp-content\/uploads\/2018\/03\/kimble_original_tarralla_nettiin-100x67.jpg 100w, https:\/\/games.tactic.net\/promo\/wp-content\/uploads\/2018\/03\/kimble_original_tarralla_nettiin-150x100.jpg 150w, https:\/\/games.tactic.net\/promo\/wp-content\/uploads\/2018\/03\/kimble_original_tarralla_nettiin-200x133.jpg 200w, https:\/\/games.tactic.net\/promo\/wp-content\/uploads\/2018\/03\/kimble_original_tarralla_nettiin-450x300.jpg 450w, https:\/\/games.tactic.net\/promo\/wp-content\/uploads\/2018\/03\/kimble_original_tarralla_nettiin-600x400.jpg 600w, https:\/\/games.tactic.net\/promo\/wp-content\/uploads\/2018\/03\/kimble_original_tarralla_nettiin.jpg 683w\" sizes=\"auto, (max-width: 250px) 100vw, 250px\" \/><\/a><figcaption id=\"caption-attachment-718\" class=\"wp-caption-text\">Logo- \/ tarrapersonointi<\/figcaption><\/figure>\n<figure id=\"attachment_734\" aria-describedby=\"caption-attachment-734\" style=\"width: 250px\" class=\"wp-caption alignleft\"><a href=\"https:\/\/games.tactic.net\/promo\/index.php\/tuotteet\/pihapelit\/\"><img loading=\"lazy\" decoding=\"async\" class=\"wp-image-734\" src=\"https:\/\/games.tactic.net\/promo\/wp-content\/uploads\/2018\/03\/molkky-1-150x150.jpg\" alt=\"\" width=\"250\" height=\"167\" srcset=\"https:\/\/games.tactic.net\/promo\/wp-content\/uploads\/2018\/03\/molkky-1-300x200.jpg 300w, https:\/\/games.tactic.net\/promo\/wp-content\/uploads\/2018\/03\/molkky-1-768x512.jpg 768w, https:\/\/games.tactic.net\/promo\/wp-content\/uploads\/2018\/03\/molkky-1-1024x683.jpg 1024w, https:\/\/games.tactic.net\/promo\/wp-content\/uploads\/2018\/03\/molkky-1-100x67.jpg 100w, https:\/\/games.tactic.net\/promo\/wp-content\/uploads\/2018\/03\/molkky-1-150x100.jpg 150w, https:\/\/games.tactic.net\/promo\/wp-content\/uploads\/2018\/03\/molkky-1-200x133.jpg 200w, https:\/\/games.tactic.net\/promo\/wp-content\/uploads\/2018\/03\/molkky-1-450x300.jpg 450w, https:\/\/games.tactic.net\/promo\/wp-content\/uploads\/2018\/03\/molkky-1-600x400.jpg 600w, https:\/\/games.tactic.net\/promo\/wp-content\/uploads\/2018\/03\/molkky-1-900x600.jpg 900w, https:\/\/games.tactic.net\/promo\/wp-content\/uploads\/2018\/03\/molkky-1.jpg 1126w\" sizes=\"auto, (max-width: 250px) 100vw, 250px\" \/><\/a><figcaption id=\"caption-attachment-734\" class=\"wp-caption-text\">Ulkopelit<\/figcaption><\/figure>\n<figure id=\"attachment_374\" aria-describedby=\"caption-attachment-374\" style=\"width: 250px\" class=\"wp-caption alignleft\"><a href=\"https:\/\/games.tactic.net\/promo\/index.php\/tuotteet\/muut-tuotteet\/\"><img loading=\"lazy\" decoding=\"async\" class=\"wp-image-374\" src=\"https:\/\/games.tactic.net\/promo\/wp-content\/uploads\/2016\/07\/Hesburger_puuhakirja-150x150.jpg\" alt=\"\" width=\"250\" height=\"167\" srcset=\"https:\/\/games.tactic.net\/promo\/wp-content\/uploads\/2016\/07\/Hesburger_puuhakirja-300x200.jpg 300w, https:\/\/games.tactic.net\/promo\/wp-content\/uploads\/2016\/07\/Hesburger_puuhakirja-768x512.jpg 768w, https:\/\/games.tactic.net\/promo\/wp-content\/uploads\/2016\/07\/Hesburger_puuhakirja-1024x683.jpg 1024w, https:\/\/games.tactic.net\/promo\/wp-content\/uploads\/2016\/07\/Hesburger_puuhakirja-100x67.jpg 100w, https:\/\/games.tactic.net\/promo\/wp-content\/uploads\/2016\/07\/Hesburger_puuhakirja-150x100.jpg 150w, https:\/\/games.tactic.net\/promo\/wp-content\/uploads\/2016\/07\/Hesburger_puuhakirja-200x133.jpg 200w, https:\/\/games.tactic.net\/promo\/wp-content\/uploads\/2016\/07\/Hesburger_puuhakirja-450x300.jpg 450w, https:\/\/games.tactic.net\/promo\/wp-content\/uploads\/2016\/07\/Hesburger_puuhakirja-600x400.jpg 600w, https:\/\/games.tactic.net\/promo\/wp-content\/uploads\/2016\/07\/Hesburger_puuhakirja-900x600.jpg 900w, https:\/\/games.tactic.net\/promo\/wp-content\/uploads\/2016\/07\/Hesburger_puuhakirja.jpg 1063w\" sizes=\"auto, (max-width: 250px) 100vw, 250px\" \/><\/a><figcaption id=\"caption-attachment-374\" class=\"wp-caption-text\">Muut tuotteet<\/figcaption><\/figure>\n<figure id=\"attachment_227\" aria-describedby=\"caption-attachment-227\" style=\"width: 250px\" class=\"wp-caption alignleft\"><a href=\"https:\/\/games.tactic.net\/promo\/index.php\/tuotteet\/pehmot\/\"><img loading=\"lazy\" decoding=\"async\" class=\"wp-image-227\" src=\"https:\/\/games.tactic.net\/promo\/wp-content\/uploads\/2016\/07\/tactic_pehmo_2-150x150.jpg\" alt=\"tactic_pehmo_2\" width=\"250\" height=\"167\" srcset=\"https:\/\/games.tactic.net\/promo\/wp-content\/uploads\/2016\/07\/tactic_pehmo_2-300x200.jpg 300w, https:\/\/games.tactic.net\/promo\/wp-content\/uploads\/2016\/07\/tactic_pehmo_2-768x512.jpg 768w, https:\/\/games.tactic.net\/promo\/wp-content\/uploads\/2016\/07\/tactic_pehmo_2-1024x683.jpg 1024w, https:\/\/games.tactic.net\/promo\/wp-content\/uploads\/2016\/07\/tactic_pehmo_2-100x67.jpg 100w, https:\/\/games.tactic.net\/promo\/wp-content\/uploads\/2016\/07\/tactic_pehmo_2-150x100.jpg 150w, https:\/\/games.tactic.net\/promo\/wp-content\/uploads\/2016\/07\/tactic_pehmo_2-200x133.jpg 200w, https:\/\/games.tactic.net\/promo\/wp-content\/uploads\/2016\/07\/tactic_pehmo_2-450x300.jpg 450w, https:\/\/games.tactic.net\/promo\/wp-content\/uploads\/2016\/07\/tactic_pehmo_2-600x400.jpg 600w, https:\/\/games.tactic.net\/promo\/wp-content\/uploads\/2016\/07\/tactic_pehmo_2-900x600.jpg 900w, https:\/\/games.tactic.net\/promo\/wp-content\/uploads\/2016\/07\/tactic_pehmo_2.jpg 1063w\" sizes=\"auto, (max-width: 250px) 100vw, 250px\" \/><\/a><figcaption id=\"caption-attachment-227\" class=\"wp-caption-text\">Pehmot<\/figcaption><\/figure>\n<p>&nbsp;<\/p>\n<hr \/>\n<p style=\"text-align: center;\"><img loading=\"lazy\" decoding=\"async\" class=\"wp-image-142 alignnone aligncenter\" src=\"https:\/\/games.tactic.net\/promo\/wp-content\/uploads\/2016\/07\/Avainlippu_Sininen_rgb-150x150.jpg\" alt=\"Avainlippu_Sininen_rgb\" width=\"50\" height=\"71\" srcset=\"https:\/\/games.tactic.net\/promo\/wp-content\/uploads\/2016\/07\/Avainlippu_Sininen_rgb-210x300.jpg 210w, https:\/\/games.tactic.net\/promo\/wp-content\/uploads\/2016\/07\/Avainlippu_Sininen_rgb-100x143.jpg 100w, https:\/\/games.tactic.net\/promo\/wp-content\/uploads\/2016\/07\/Avainlippu_Sininen_rgb-150x214.jpg 150w, https:\/\/games.tactic.net\/promo\/wp-content\/uploads\/2016\/07\/Avainlippu_Sininen_rgb-200x285.jpg 200w, https:\/\/games.tactic.net\/promo\/wp-content\/uploads\/2016\/07\/Avainlippu_Sininen_rgb.jpg 248w\" sizes=\"auto, (max-width: 50px) 100vw, 50px\" \/><span style=\"color: #333399;\">Sinunkin promotuotteesi voi olla suomalainen!<\/span><\/p>\n","protected":false},"excerpt":{"rendered":"<p>Tactic Games Oy:n promootiotuotteet ovat fiksu\u00a0keino erottua! Valitsemalla Tacticin tuotteet, tarjoat\u00a0saajalle turhakkeen sijasta oikeasti merkityksellist\u00e4 sis\u00e4lt\u00f6\u00e4.\u00a0Ota yhteytt\u00e4, niin etsit\u00e4\u00e4n yhdess\u00e4 yrityksellenne\/yhdistyksellenne paras tuote n\u00e4ky\u00e4 ja j\u00e4\u00e4d\u00e4 asiakkaan mieleen! &nbsp; Sinunkin promotuotteesi voi olla suomalainen!<\/p>\n","protected":false},"author":2,"featured_media":0,"parent":0,"menu_order":2,"comment_status":"closed","ping_status":"closed","template":"full-width-page.php","meta":{"content-type":"","footnotes":""},"class_list":["post-10","page","type-page","status-publish","hentry"],"_links":{"self":[{"href":"https:\/\/games.tactic.net\/promo\/wp-json\/wp\/v2\/pages\/10","targetHints":{"allow":["GET"]}}],"collection":[{"href":"https:\/\/games.tactic.net\/promo\/wp-json\/wp\/v2\/pages"}],"about":[{"href":"https:\/\/games.tactic.net\/promo\/wp-json\/wp\/v2\/types\/page"}],"author":[{"embeddable":true,"href":"https:\/\/games.tactic.net\/promo\/wp-json\/wp\/v2\/users\/2"}],"replies":[{"embeddable":true,"href":"https:\/\/games.tactic.net\/promo\/wp-json\/wp\/v2\/comments?post=10"}],"version-history":[{"count":85,"href":"https:\/\/games.tactic.net\/promo\/wp-json\/wp\/v2\/pages\/10\/revisions"}],"predecessor-version":[{"id":1168,"href":"https:\/\/games.tactic.net\/promo\/wp-json\/wp\/v2\/pages\/10\/revisions\/1168"}],"wp:attachment":[{"href":"https:\/\/games.tactic.net\/promo\/wp-json\/wp\/v2\/media?parent=10"}],"curies":[{"name":"wp","href":"https:\/\/api.w.org\/{rel}","templated":true}]}}