{"id":98034,"date":"2021-06-23T14:44:31","date_gmt":"2021-06-23T11:44:31","guid":{"rendered":"https:\/\/dev.tactic.net\/tuote\/choco\/"},"modified":"2023-10-25T13:23:06","modified_gmt":"2023-10-25T10:23:06","slug":"choco","status":"publish","type":"product","link":"https:\/\/games.tactic.net\/pl\/tuote\/choco\/","title":{"rendered":"Tactic Choco gra planszowa"},"content":{"rendered":"<p>Kliknij kostk\u0119, aby dowiedzie\u0107 si\u0119, czy poszukiwa\u0107 orzeszka, czy wi\u015bni. Nast\u0119pnie odwr\u00f3\u0107 jedn\u0105 z kart Choco. Gracz, kt\u00f3ry uzbiera najwi\u0119cej kart, zwyci\u0119\u017ca! Musi jednak strzec si\u0119 robaczka, kt\u00f3ry zamierza pokrzy\u017cowa\u0107 mu plany&#8230; \u2022Wytrzyma\u0142e plastikowe elementy! \u2022\u0141atwe regu\u0142y, kt\u00f3re daj\u0105 ponadto mo\u017cliwo\u015b\u0107 rozegrania alternatywnego wariantu gry.<br \/>\n\u2022Absolutna klasyka w\u015br\u00f3d gier dla dzieci!<br \/>\nZawarto\u015b\u0107 pude\u0142ka: 16 pionk\u00f3w-czekoladek, 16 kartonik\u00f3w z obrazkami, 1 kostka Choco, zasady gry.<br \/>\nGra dla 2-4 graczy w wieku 3+.<\/p>\n<p><img decoding=\"async\" src=\"https:\\\\\\\\games.tactic.net\\\\pic\\\\logo\\\\Game_Of_The_Year.png\"><img decoding=\"async\" src=\"https:\\\\\\\\games.tactic.net\\\\pic\\\\logo\\\\Awarded_concept.png\"><img decoding=\"async\" src=\"https:\\\\\\\\games.tactic.net\\\\pic\\\\logo\\\\CAN-voitto.png\"><\/p>\n","protected":false},"excerpt":{"rendered":"<p>Kliknij kostk\u0119, aby dowiedzie\u0107 si\u0119, czy poszukiwa\u0107 orzeszka, czy wi\u015bni. Nast\u0119pnie odwr\u00f3ci\u0107 jedn\u0105 z kart Choco. Gracz, kt\u00f3ry uzbiera najwi\u0119cej kart, zwyci\u0119\u017ca! Musi jednak strzec si\u0119 robaczka, kt\u00f3ry zamierza pokrzy\u017cowa\u0107 mu plany&#8230;<\/p>\n","protected":false},"featured_media":0,"template":"","meta":{"content-type":"","_monsterinsights_skip_tracking":false,"_monsterinsights_sitenote_active":false,"_monsterinsights_sitenote_note":"","_monsterinsights_sitenote_category":0},"product_brand":[],"product_cat":[1796],"product_tag":[1000],"brand":[{"id":2044,"name":"Choco","slug":"choco-3"}],"target-group":[],"discontinued":[],"class_list":{"0":"post-98034","1":"product","2":"type-product","3":"status-publish","5":"product_cat-gry-planszowe-dla-dzieci","6":"product_tag-edukacyjny","7":"brand-choco-3","9":"first","10":"instock","11":"taxable","12":"shipping-taxable","13":"product-type-simple"},"aioseo_notices":[],"_links":{"self":[{"href":"https:\/\/games.tactic.net\/pl\/wp-json\/wp\/v2\/product\/98034","targetHints":{"allow":["GET"]}}],"collection":[{"href":"https:\/\/games.tactic.net\/pl\/wp-json\/wp\/v2\/product"}],"about":[{"href":"https:\/\/games.tactic.net\/pl\/wp-json\/wp\/v2\/types\/product"}],"wp:attachment":[{"href":"https:\/\/games.tactic.net\/pl\/wp-json\/wp\/v2\/media?parent=98034"}],"wp:term":[{"taxonomy":"product_brand","embeddable":true,"href":"https:\/\/games.tactic.net\/pl\/wp-json\/wp\/v2\/product_brand?post=98034"},{"taxonomy":"product_cat","embeddable":true,"href":"https:\/\/games.tactic.net\/pl\/wp-json\/wp\/v2\/product_cat?post=98034"},{"taxonomy":"product_tag","embeddable":true,"href":"https:\/\/games.tactic.net\/pl\/wp-json\/wp\/v2\/product_tag?post=98034"},{"taxonomy":"brand","embeddable":true,"href":"https:\/\/games.tactic.net\/pl\/wp-json\/wp\/v2\/brand?post=98034"},{"taxonomy":"target-group","embeddable":true,"href":"https:\/\/games.tactic.net\/pl\/wp-json\/wp\/v2\/target-group?post=98034"},{"taxonomy":"discontinued","embeddable":true,"href":"https:\/\/games.tactic.net\/pl\/wp-json\/wp\/v2\/discontinued?post=98034"}],"curies":[{"name":"wp","href":"https:\/\/api.w.org\/{rel}","templated":true}]}}