{"id":92696,"date":"2021-06-23T12:42:18","date_gmt":"2021-06-23T09:42:18","guid":{"rendered":"https:\/\/dev.tactic.net\/tuote\/top-magic-3\/"},"modified":"2024-01-03T08:36:23","modified_gmt":"2024-01-03T06:36:23","slug":"top-magic-3","status":"archive","type":"product","link":"https:\/\/games.tactic.net\/pl\/tuote\/top-magic-3\/","title":{"rendered":"Top Magic &#8211; 3"},"content":{"rendered":"<p>ZOSTA\u0143 WIELKIM MAGIKIEM Top Magic to zestaw sztuczek mo\u017cliwych do wykonania nawet przez kilkuletnie dzieci. Do ka\u017cdego pude\u0142ka do\u0142\u0105czona jest instrukcja, kt\u00f3ra w zrozumia\u0142y spos\u00f3b t\u0142umaczy, jak wykona\u0107 triki. Zbierz wszystkie sze\u015b\u0107 zestaw\u00f3w z serii Top Magic!<\/p>\n","protected":false},"excerpt":{"rendered":"<p>ZOSTA\u0143 WIELKIM MAGIKIEM Top Magic to zestaw sztuczek mo\u017cliwych do wykonania nawet przez kilkuletnie dzieci. Do ka\u017cdego pude\u0142ka do\u0142\u0105czona jest instrukcja, kt\u00f3ra w zrozumia\u0142y spos\u00f3b t\u0142umaczy, jak wykona\u0107 triki. Zbierz wszystkie sze\u015b\u0107 zestaw\u00f3w z serii Top Magic!<\/p>\n","protected":false},"featured_media":0,"template":"","meta":{"content-type":"","_monsterinsights_skip_tracking":false,"_monsterinsights_sitenote_active":false,"_monsterinsights_sitenote_note":"","_monsterinsights_sitenote_category":0},"product_brand":[],"product_cat":[1704],"product_tag":[],"brand":[],"target-group":[],"discontinued":[],"class_list":{"0":"post-92696","1":"product","2":"type-product","3":"status-archive","5":"product_cat-zestawy-sztuczek-i-zarcikow","7":"first","8":"outofstock","9":"taxable","10":"shipping-taxable","11":"product-type-simple"},"aioseo_notices":[],"_links":{"self":[{"href":"https:\/\/games.tactic.net\/pl\/wp-json\/wp\/v2\/product\/92696","targetHints":{"allow":["GET"]}}],"collection":[{"href":"https:\/\/games.tactic.net\/pl\/wp-json\/wp\/v2\/product"}],"about":[{"href":"https:\/\/games.tactic.net\/pl\/wp-json\/wp\/v2\/types\/product"}],"wp:attachment":[{"href":"https:\/\/games.tactic.net\/pl\/wp-json\/wp\/v2\/media?parent=92696"}],"wp:term":[{"taxonomy":"product_brand","embeddable":true,"href":"https:\/\/games.tactic.net\/pl\/wp-json\/wp\/v2\/product_brand?post=92696"},{"taxonomy":"product_cat","embeddable":true,"href":"https:\/\/games.tactic.net\/pl\/wp-json\/wp\/v2\/product_cat?post=92696"},{"taxonomy":"product_tag","embeddable":true,"href":"https:\/\/games.tactic.net\/pl\/wp-json\/wp\/v2\/product_tag?post=92696"},{"taxonomy":"brand","embeddable":true,"href":"https:\/\/games.tactic.net\/pl\/wp-json\/wp\/v2\/brand?post=92696"},{"taxonomy":"target-group","embeddable":true,"href":"https:\/\/games.tactic.net\/pl\/wp-json\/wp\/v2\/target-group?post=92696"},{"taxonomy":"discontinued","embeddable":true,"href":"https:\/\/games.tactic.net\/pl\/wp-json\/wp\/v2\/discontinued?post=92696"}],"curies":[{"name":"wp","href":"https:\/\/api.w.org\/{rel}","templated":true}]}}