{"id":779343,"date":"2023-09-15T12:30:34","date_gmt":"2023-09-15T09:30:34","guid":{"rendered":"https:\/\/games.tactic.net\/tuote\/blok-w-bok\/"},"modified":"2023-09-15T12:30:34","modified_gmt":"2023-09-15T09:30:34","slug":"blok-w-bok","status":"archive","type":"product","link":"https:\/\/games.tactic.net\/pl\/tuote\/blok-w-bok\/","title":{"rendered":"Blok w bok"},"content":{"rendered":"<p>U\u0142\u00f3\u017c stos z niestabilnych klock\u00f3w! Pierwszy gracz, kt\u00f3ry pozb\u0119dzie si\u0119 swych kart lub z powodzeniem po\u0142o\u017cy na stosie dziewi\u0105ty klocek wygrywa!<\/p>\n<ul>\n<li>Stylowe i solidnie wykonane elementy.\n<\/li>\n<li>Karty wska\u017c\u0105 ci, jakich klock\u00f3w mo\u017cesz u\u017cy\u0107.<\/li>\n<li>\u015awietna zabawa dla ca\u0142ej rodziny!\n<\/li>\n<\/ul>\n<p><img decoding=\"async\" src=\"https:\\\\games.tactic.net\\pic\\logo\\Awarded_concept.png\"><\/p>\n","protected":false},"excerpt":{"rendered":"<p>U\u0142\u00f3\u017c stos z niestabilnych klock\u00f3w! Pierwszy gracz, kt\u00f3ry pozb\u0119dzie si\u0119 swych kart lub z powodzeniem po\u0142o\u017cy na stosie dziewi\u0105ty klocek wygrywa! <\/p>\n","protected":false},"featured_media":0,"template":"","meta":{"content-type":"","_monsterinsights_skip_tracking":false,"_monsterinsights_sitenote_active":false,"_monsterinsights_sitenote_note":"","_monsterinsights_sitenote_category":0},"product_brand":[],"product_cat":[1818,1811],"product_tag":[1033,995],"brand":[],"target-group":[],"discontinued":[],"class_list":{"0":"post-779343","1":"product","2":"type-product","3":"status-archive","5":"product_cat-imprezowe-gry-rodzinne","6":"product_cat-imprezowe-gry-dla-doroslych","7":"product_tag-losowosc","8":"product_tag-wieloosobowe","10":"first","11":"outofstock","12":"taxable","13":"shipping-taxable","14":"product-type-simple"},"aioseo_notices":[],"_links":{"self":[{"href":"https:\/\/games.tactic.net\/pl\/wp-json\/wp\/v2\/product\/779343","targetHints":{"allow":["GET"]}}],"collection":[{"href":"https:\/\/games.tactic.net\/pl\/wp-json\/wp\/v2\/product"}],"about":[{"href":"https:\/\/games.tactic.net\/pl\/wp-json\/wp\/v2\/types\/product"}],"wp:attachment":[{"href":"https:\/\/games.tactic.net\/pl\/wp-json\/wp\/v2\/media?parent=779343"}],"wp:term":[{"taxonomy":"product_brand","embeddable":true,"href":"https:\/\/games.tactic.net\/pl\/wp-json\/wp\/v2\/product_brand?post=779343"},{"taxonomy":"product_cat","embeddable":true,"href":"https:\/\/games.tactic.net\/pl\/wp-json\/wp\/v2\/product_cat?post=779343"},{"taxonomy":"product_tag","embeddable":true,"href":"https:\/\/games.tactic.net\/pl\/wp-json\/wp\/v2\/product_tag?post=779343"},{"taxonomy":"brand","embeddable":true,"href":"https:\/\/games.tactic.net\/pl\/wp-json\/wp\/v2\/brand?post=779343"},{"taxonomy":"target-group","embeddable":true,"href":"https:\/\/games.tactic.net\/pl\/wp-json\/wp\/v2\/target-group?post=779343"},{"taxonomy":"discontinued","embeddable":true,"href":"https:\/\/games.tactic.net\/pl\/wp-json\/wp\/v2\/discontinued?post=779343"}],"curies":[{"name":"wp","href":"https:\/\/api.w.org\/{rel}","templated":true}]}}