{"id":774501,"date":"2023-08-11T17:28:04","date_gmt":"2023-08-11T14:28:04","guid":{"rendered":"https:\/\/games.tactic.net\/tuote\/late-night-alias-hard-core\/"},"modified":"2024-08-29T13:49:01","modified_gmt":"2024-08-29T10:49:01","slug":"late-night-alias-hard-core","status":"publish","type":"product","link":"https:\/\/games.tactic.net\/pl\/tuote\/late-night-alias-hard-core\/","title":{"rendered":"Tactic Alias Late Night Hard Core gra planszowa"},"content":{"rendered":"<p>Kto ma najbardziej kud\u0142ate my\u015bli? Zostaw zahamowania za drzwiami i obna\u017c swoje obeznanie w tych tematach! W tej grze s\u0142ownej nie ma miejsca na pruderi\u0119. Zwyci\u0119\u017c\u0105 tylko najfrywolniejsi! Dobierz kart\u0119, sprawd\u017a has\u0142o i odwa\u017c si\u0119 je obja\u015bni\u0107, nie u\u017cywaj\u0105c \u017cadnego z zawartych w nim s\u0142\u00f3w. Pozostali gracze prze\u015bcigaj\u0105 si\u0119 w odgadywaniu. Nie powstrzymuj si\u0119 &#8211; poka\u017c swoj\u0105 dzik\u0105 stron\u0119!&#8230; Gra tylko dla doros\u0142ych! Ten Alias nastawiony jest na akcj\u0119 \u2013 do gry wystarcz\u0105 same karty. Produkt posiada certyfikat FSC. Zawarto\u015b\u0107: 200 kart (a na nich 800 hase\u0142), instrukcja. \u015aredni czas gry: 15 minut. Gra dla 3 i wi\u0119cej graczy w wieku 18+.<\/p>\n","protected":false},"excerpt":{"rendered":"<p>Zahamowania zostaw za drzwiami! W Alias: Late Night Hard Core gracze obja\u015bniaj\u0105 s\u0142owa tylko dla doros\u0142ych. Obfita zawarto\u015b\u0107 wywo\u0142uj\u0105ca wiele rumie\u0144c\u00f3w. Kompaktowa gra idealna na wiecz\u00f3r w doros\u0142ym gronie!<\/p>\n","protected":false},"featured_media":0,"template":"","meta":{"content-type":"","_monsterinsights_skip_tracking":false,"_monsterinsights_sitenote_active":false,"_monsterinsights_sitenote_note":"","_monsterinsights_sitenote_category":0},"product_brand":[],"product_cat":[1810,1811],"product_tag":[1277],"brand":[{"id":601,"name":"Alias","slug":"alias_pl"}],"target-group":[],"discontinued":[],"class_list":{"0":"post-774501","1":"product","2":"type-product","3":"status-publish","5":"product_cat-18-gry-dla-doroslych","6":"product_cat-imprezowe-gry-dla-doroslych","7":"product_tag-wiedza","8":"brand-alias_pl","10":"first","11":"outofstock","12":"taxable","13":"shipping-taxable","14":"product-type-simple"},"aioseo_notices":[],"_links":{"self":[{"href":"https:\/\/games.tactic.net\/pl\/wp-json\/wp\/v2\/product\/774501","targetHints":{"allow":["GET"]}}],"collection":[{"href":"https:\/\/games.tactic.net\/pl\/wp-json\/wp\/v2\/product"}],"about":[{"href":"https:\/\/games.tactic.net\/pl\/wp-json\/wp\/v2\/types\/product"}],"wp:attachment":[{"href":"https:\/\/games.tactic.net\/pl\/wp-json\/wp\/v2\/media?parent=774501"}],"wp:term":[{"taxonomy":"product_brand","embeddable":true,"href":"https:\/\/games.tactic.net\/pl\/wp-json\/wp\/v2\/product_brand?post=774501"},{"taxonomy":"product_cat","embeddable":true,"href":"https:\/\/games.tactic.net\/pl\/wp-json\/wp\/v2\/product_cat?post=774501"},{"taxonomy":"product_tag","embeddable":true,"href":"https:\/\/games.tactic.net\/pl\/wp-json\/wp\/v2\/product_tag?post=774501"},{"taxonomy":"brand","embeddable":true,"href":"https:\/\/games.tactic.net\/pl\/wp-json\/wp\/v2\/brand?post=774501"},{"taxonomy":"target-group","embeddable":true,"href":"https:\/\/games.tactic.net\/pl\/wp-json\/wp\/v2\/target-group?post=774501"},{"taxonomy":"discontinued","embeddable":true,"href":"https:\/\/games.tactic.net\/pl\/wp-json\/wp\/v2\/discontinued?post=774501"}],"curies":[{"name":"wp","href":"https:\/\/api.w.org\/{rel}","templated":true}]}}