{"id":774500,"date":"2023-08-11T17:26:29","date_gmt":"2023-08-11T14:26:29","guid":{"rendered":"https:\/\/games.tactic.net\/tuote\/tajemniczy-alias\/"},"modified":"2023-10-25T16:57:13","modified_gmt":"2023-10-25T13:57:13","slug":"tajemniczy-alias","status":"publish","type":"product","link":"https:\/\/games.tactic.net\/pl\/tuote\/tajemniczy-alias\/","title":{"rendered":"Tactic Alias Tajemniczy gra planszowa"},"content":{"rendered":"<p>Uchyl drzwi tajemnicy\u2026 Ta niezwyk\u0142a gra s\u0142owna w wybitny spos\u00f3b piecz\u0119tuje stwierdzenie, \u017ce prawd\u0119 nie zawsze wida\u0107 na pierwszy rzut oka! W intryguj\u0105cym \u015bwiecie tajemnic to w\u0142a\u015bnie wy musicie znale\u017a\u0107 odpowiedzi. Obja\u015bniajcie s\u0142owa najszybciej, jak potraficie i razem rozwi\u0105\u017ccie tajemnic\u0119 odnajduj\u0105c ukryte s\u0142owa-klucze&#8230; Jedynym przeciwnikiem jest czas! To pierwszy kooperacyjny wariant Aliasa. Gra posiada 3 poziomy trudno\u015bci i dwustronn\u0105 plansz\u0119 (dla d\u0142u\u017cszego i trudniejszego wariantu gry, oraz dla kr\u00f3tszego wariantu). W tej grze, wsp\u00f3\u0142praca i rozmowa to klucz do sukcesu, a wy\u015bcig z czasem toczycie wsp\u00f3lnie! Produkt posiada certyfikat FSC. Zawarto\u015b\u0107: plansza, 300 kart (3.000 hase\u0142!), pionek, klepsydra, 3 pude\u0142ka na karty, instrukcja. \u015aredni czas gry: 20 minut. Gra dla 2 i wi\u0119cej graczy w wieku 12+.<\/p>\n","protected":false},"excerpt":{"rendered":"<p>Uchyl drzwi tajemnicy\u2026 Ta niezwyk\u0142a gra s\u0142owna w wybitny spos\u00f3b piecz\u0119tuje stwierdzenie, \u017ce prawd\u0119 nie zawsze wida\u0107 na pierwszy rzut oka! Produkt posiada certyfikat FSC. Zawarto\u015b\u0107: plansza, 300 kart (3.000 hase\u0142!), pionek, klepsydra, 3 pude\u0142ka na karty, instrukcja. \u015aredni czas gry: 20 minut. Gra dla 2 i wi\u0119cej graczy w wieku 12+.<\/p>\n","protected":false},"featured_media":0,"template":"","meta":{"content-type":"","_monsterinsights_skip_tracking":false,"_monsterinsights_sitenote_active":false,"_monsterinsights_sitenote_note":"","_monsterinsights_sitenote_category":0},"product_brand":[],"product_cat":[349],"product_tag":[1276],"brand":[{"id":601,"name":"Alias","slug":"alias_pl"}],"target-group":[],"discontinued":[],"class_list":{"0":"post-774500","1":"product","2":"type-product","3":"status-publish","5":"product_cat-gry-rodzinne","6":"product_tag-objasnianie-swiata","7":"brand-alias_pl","9":"first","10":"outofstock","11":"taxable","12":"shipping-taxable","13":"product-type-simple"},"aioseo_notices":[],"_links":{"self":[{"href":"https:\/\/games.tactic.net\/pl\/wp-json\/wp\/v2\/product\/774500","targetHints":{"allow":["GET"]}}],"collection":[{"href":"https:\/\/games.tactic.net\/pl\/wp-json\/wp\/v2\/product"}],"about":[{"href":"https:\/\/games.tactic.net\/pl\/wp-json\/wp\/v2\/types\/product"}],"wp:attachment":[{"href":"https:\/\/games.tactic.net\/pl\/wp-json\/wp\/v2\/media?parent=774500"}],"wp:term":[{"taxonomy":"product_brand","embeddable":true,"href":"https:\/\/games.tactic.net\/pl\/wp-json\/wp\/v2\/product_brand?post=774500"},{"taxonomy":"product_cat","embeddable":true,"href":"https:\/\/games.tactic.net\/pl\/wp-json\/wp\/v2\/product_cat?post=774500"},{"taxonomy":"product_tag","embeddable":true,"href":"https:\/\/games.tactic.net\/pl\/wp-json\/wp\/v2\/product_tag?post=774500"},{"taxonomy":"brand","embeddable":true,"href":"https:\/\/games.tactic.net\/pl\/wp-json\/wp\/v2\/brand?post=774500"},{"taxonomy":"target-group","embeddable":true,"href":"https:\/\/games.tactic.net\/pl\/wp-json\/wp\/v2\/target-group?post=774500"},{"taxonomy":"discontinued","embeddable":true,"href":"https:\/\/games.tactic.net\/pl\/wp-json\/wp\/v2\/discontinued?post=774500"}],"curies":[{"name":"wp","href":"https:\/\/api.w.org\/{rel}","templated":true}]}}