{"id":763153,"date":"2023-07-20T11:20:08","date_gmt":"2023-07-20T08:20:08","guid":{"rendered":"https:\/\/games.tactic.net\/tuote\/lumo-stars-frog-saku-classic\/"},"modified":"2023-10-20T14:30:15","modified_gmt":"2023-10-20T11:30:15","slug":"lumo-stars-frog-saku-classic","status":"publish","type":"product","link":"https:\/\/games.tactic.net\/pl\/tuote\/lumo-stars-frog-saku-classic\/","title":{"rendered":"Lumo Stars Frog Saku classic plush"},"content":{"rendered":"<p>Maskotka pluszowa 15 cm: \u017baba Saku marki Lumo Stars. Posiada kod do aplikacji, pozwalaj\u0105cej m.in. wysy\u0142a\u0107 zdj\u0119cia do spo\u0142eczno\u015bci,\u00a0opiekowa\u0107 si\u0119 zwierz\u0105tkiem, gra\u0107 w Mini gry. Wielko\u015b\u0107 15 \/ 8,5 \/ 12\u00a0cm. Wiek 3+.<\/p>\n","protected":false},"excerpt":{"rendered":"<p>Maskotka pluszowa 15 cm: \u017baba Saku marki Lumo Stars. Posiada kod do aplikacji, pozwalaj\u0105cej m.in. wysy\u0142a\u0107 zdj\u0119cia do spo\u0142eczno\u015bci,\u00a0opiekowa\u0107 si\u0119 zwierz\u0105tkiem, gra\u0107 w Mini gry. Wielko\u015b\u0107 15 \/ 8,5 \/ 12\u00a0cm. Wiek 3+.<\/p>\n","protected":false},"featured_media":0,"template":"","meta":{"content-type":"","_monsterinsights_skip_tracking":false,"_monsterinsights_sitenote_active":false,"_monsterinsights_sitenote_note":"","_monsterinsights_sitenote_category":0},"product_brand":[],"product_cat":[1511],"product_tag":[1260],"brand":[{"id":1023,"name":"Lumo Stars","slug":"lumo-stars_pl"}],"target-group":[],"discontinued":[],"class_list":{"0":"post-763153","1":"product","2":"type-product","3":"status-publish","5":"product_cat-classic-zabawki-pluszowe","6":"product_tag-lumo-stars-pl","7":"brand-lumo-stars_pl","9":"first","10":"instock","11":"taxable","12":"shipping-taxable","13":"product-type-simple"},"aioseo_notices":[],"_links":{"self":[{"href":"https:\/\/games.tactic.net\/pl\/wp-json\/wp\/v2\/product\/763153","targetHints":{"allow":["GET"]}}],"collection":[{"href":"https:\/\/games.tactic.net\/pl\/wp-json\/wp\/v2\/product"}],"about":[{"href":"https:\/\/games.tactic.net\/pl\/wp-json\/wp\/v2\/types\/product"}],"wp:attachment":[{"href":"https:\/\/games.tactic.net\/pl\/wp-json\/wp\/v2\/media?parent=763153"}],"wp:term":[{"taxonomy":"product_brand","embeddable":true,"href":"https:\/\/games.tactic.net\/pl\/wp-json\/wp\/v2\/product_brand?post=763153"},{"taxonomy":"product_cat","embeddable":true,"href":"https:\/\/games.tactic.net\/pl\/wp-json\/wp\/v2\/product_cat?post=763153"},{"taxonomy":"product_tag","embeddable":true,"href":"https:\/\/games.tactic.net\/pl\/wp-json\/wp\/v2\/product_tag?post=763153"},{"taxonomy":"brand","embeddable":true,"href":"https:\/\/games.tactic.net\/pl\/wp-json\/wp\/v2\/brand?post=763153"},{"taxonomy":"target-group","embeddable":true,"href":"https:\/\/games.tactic.net\/pl\/wp-json\/wp\/v2\/target-group?post=763153"},{"taxonomy":"discontinued","embeddable":true,"href":"https:\/\/games.tactic.net\/pl\/wp-json\/wp\/v2\/discontinued?post=763153"}],"curies":[{"name":"wp","href":"https:\/\/api.w.org\/{rel}","templated":true}]}}