{"id":757648,"date":"2023-07-18T12:10:05","date_gmt":"2023-07-18T09:10:05","guid":{"rendered":"https:\/\/games.tactic.net\/tuote\/puzzle-1000-elementow-8\/"},"modified":"2023-07-18T12:10:05","modified_gmt":"2023-07-18T09:10:05","slug":"puzzle-1000-elementow-8","status":"archive","type":"product","link":"https:\/\/games.tactic.net\/pl\/tuote\/puzzle-1000-elementow-8\/","title":{"rendered":"Puzzle 1000 element\u00f3w"},"content":{"rendered":"<p>Zbierz ca\u0142\u0105 kolekcj\u0119 18 wspania\u0142ych scenerii.<\/p>\n<p> Rozmiar puzzla po z\u0142o\u017ceniu 68 cm x 48 cm.<\/p>\n","protected":false},"excerpt":{"rendered":"<p>Zbierz ca\u0142\u0105 kolekcj\u0119 18 wspania\u0142ych scenerii.<\/p>\n","protected":false},"featured_media":0,"template":"","meta":{"content-type":"","_monsterinsights_skip_tracking":false,"_monsterinsights_sitenote_active":false,"_monsterinsights_sitenote_note":"","_monsterinsights_sitenote_category":0},"product_brand":[],"product_cat":[690],"product_tag":[],"brand":[],"target-group":[],"discontinued":[],"class_list":{"0":"post-757648","1":"product","2":"type-product","3":"status-archive","5":"product_cat-puzzle","7":"first","8":"outofstock","9":"taxable","10":"shipping-taxable","11":"product-type-simple"},"aioseo_notices":[],"_links":{"self":[{"href":"https:\/\/games.tactic.net\/pl\/wp-json\/wp\/v2\/product\/757648","targetHints":{"allow":["GET"]}}],"collection":[{"href":"https:\/\/games.tactic.net\/pl\/wp-json\/wp\/v2\/product"}],"about":[{"href":"https:\/\/games.tactic.net\/pl\/wp-json\/wp\/v2\/types\/product"}],"wp:attachment":[{"href":"https:\/\/games.tactic.net\/pl\/wp-json\/wp\/v2\/media?parent=757648"}],"wp:term":[{"taxonomy":"product_brand","embeddable":true,"href":"https:\/\/games.tactic.net\/pl\/wp-json\/wp\/v2\/product_brand?post=757648"},{"taxonomy":"product_cat","embeddable":true,"href":"https:\/\/games.tactic.net\/pl\/wp-json\/wp\/v2\/product_cat?post=757648"},{"taxonomy":"product_tag","embeddable":true,"href":"https:\/\/games.tactic.net\/pl\/wp-json\/wp\/v2\/product_tag?post=757648"},{"taxonomy":"brand","embeddable":true,"href":"https:\/\/games.tactic.net\/pl\/wp-json\/wp\/v2\/brand?post=757648"},{"taxonomy":"target-group","embeddable":true,"href":"https:\/\/games.tactic.net\/pl\/wp-json\/wp\/v2\/target-group?post=757648"},{"taxonomy":"discontinued","embeddable":true,"href":"https:\/\/games.tactic.net\/pl\/wp-json\/wp\/v2\/discontinued?post=757648"}],"curies":[{"name":"wp","href":"https:\/\/api.w.org\/{rel}","templated":true}]}}