{"id":756901,"date":"2023-07-17T15:56:07","date_gmt":"2023-07-17T12:56:07","guid":{"rendered":"https:\/\/games.tactic.net\/tuote\/puzzle-1000-elementow-taj-mahal\/"},"modified":"2023-07-17T15:56:07","modified_gmt":"2023-07-17T12:56:07","slug":"puzzle-1000-elementow-taj-mahal","status":"archive","type":"product","link":"https:\/\/games.tactic.net\/pl\/tuote\/puzzle-1000-elementow-taj-mahal\/","title":{"rendered":"Puzzle 1000 element\u00f3w &#8222;Taj Mahal&#8221;"},"content":{"rendered":"<p>Zbierz ca\u0142\u0105 kolekcj\u0119 24 wspania\u0142ych scenerii.<\/p>\n<p>Rozmiar puzzla po z\u0142o\u017ceniu 68 cm x 48 cm<\/p>\n","protected":false},"excerpt":{"rendered":"<p>Zbierz ca\u0142\u0105 kolekcj\u0119 24 wspania\u0142ych scenerii.<\/p>\n<p>Rozmiar puzzla po z\u0142o\u017ceniu 68 cm x 48 cm<\/p>\n","protected":false},"featured_media":0,"template":"","meta":{"content-type":"","_monsterinsights_skip_tracking":false,"_monsterinsights_sitenote_active":false,"_monsterinsights_sitenote_note":"","_monsterinsights_sitenote_category":0},"product_brand":[],"product_cat":[691,690],"product_tag":[],"brand":[],"target-group":[],"discontinued":[],"class_list":{"0":"post-756901","1":"product","2":"type-product","3":"status-archive","5":"product_cat-gry-dla-doroslych","6":"product_cat-puzzle","8":"first","9":"outofstock","10":"taxable","11":"shipping-taxable","12":"product-type-simple"},"aioseo_notices":[],"_links":{"self":[{"href":"https:\/\/games.tactic.net\/pl\/wp-json\/wp\/v2\/product\/756901","targetHints":{"allow":["GET"]}}],"collection":[{"href":"https:\/\/games.tactic.net\/pl\/wp-json\/wp\/v2\/product"}],"about":[{"href":"https:\/\/games.tactic.net\/pl\/wp-json\/wp\/v2\/types\/product"}],"wp:attachment":[{"href":"https:\/\/games.tactic.net\/pl\/wp-json\/wp\/v2\/media?parent=756901"}],"wp:term":[{"taxonomy":"product_brand","embeddable":true,"href":"https:\/\/games.tactic.net\/pl\/wp-json\/wp\/v2\/product_brand?post=756901"},{"taxonomy":"product_cat","embeddable":true,"href":"https:\/\/games.tactic.net\/pl\/wp-json\/wp\/v2\/product_cat?post=756901"},{"taxonomy":"product_tag","embeddable":true,"href":"https:\/\/games.tactic.net\/pl\/wp-json\/wp\/v2\/product_tag?post=756901"},{"taxonomy":"brand","embeddable":true,"href":"https:\/\/games.tactic.net\/pl\/wp-json\/wp\/v2\/brand?post=756901"},{"taxonomy":"target-group","embeddable":true,"href":"https:\/\/games.tactic.net\/pl\/wp-json\/wp\/v2\/target-group?post=756901"},{"taxonomy":"discontinued","embeddable":true,"href":"https:\/\/games.tactic.net\/pl\/wp-json\/wp\/v2\/discontinued?post=756901"}],"curies":[{"name":"wp","href":"https:\/\/api.w.org\/{rel}","templated":true}]}}