{"id":754287,"date":"2023-07-10T15:20:23","date_gmt":"2023-07-10T12:20:23","guid":{"rendered":"https:\/\/games.tactic.net\/tuote\/larsen-fascinating-dinosaurs-maxi-pl\/"},"modified":"2023-07-11T13:49:44","modified_gmt":"2023-07-11T10:49:44","slug":"larsen-fascinating-dinosaurs-maxi-pl","status":"publish","type":"product","link":"https:\/\/games.tactic.net\/pl\/tuote\/larsen-fascinating-dinosaurs-maxi-pl\/","title":{"rendered":"Larsen Maxi Fascinating Dinosaurs 35 el. uk\u0142adanka"},"content":{"rendered":"<p>Uk\u0142adanka Maxi (36.5&#215;28.5 cm) z grubej tektury ze specjalnymi kszta\u0142tami, dzi\u0119ki kt\u00f3rym uczymy si\u0119 nie tylko cierpliwo\u015bci ale te\u017c j\u0119zyk\u00f3w, matematyki, geografii oraz wiedzy og\u00f3lnej. Czy jeste\u015b nieustraszenie zafascynowany, czy raczej przestraszony i omdla\u0142y t\u0105 wspania\u0142\u0105 uk\u0142adank\u0105 z dinozaurami? Ta edukacyjna uk\u0142adanka przedstawia wiele naukowych fakt\u00f3w na temat gatunk\u00f3w dinozaur\u00f3w. Wok\u00f3\u0142 kraw\u0119dzi znajduj\u0105 si\u0119 nazwy zar\u00f3wno cz\u0119\u015bci cia\u0142a, jak i rzeczy istotnych\/charakterystycznych dla gatunku. Uk\u0142adanka zosta\u0142a kreatywnie podzielona na dwie cz\u0119\u015bci. Wewn\u0119trzna cz\u0119\u015b\u0107 sk\u0142ada si\u0119 z 15 tradycyjnych element\u00f3w z gatunkami dinozaur\u00f3w: Welociraptor, Ankylozaur, Triceratops, T-Rex, Brontozaur, Spinozaur, Giganotozaur, Stegozaur, Allozaur, Nodozaur, Troodon, Barionyks i Parazaurolof. Wzd\u0142u\u017c zewn\u0119trznej ramki druga cz\u0119\u015b\u0107 uk\u0142adanki to 20 element\u00f3w o unikalnie zakrzywionych kraw\u0119dziach, z kt\u00f3rych ka\u017cdy przedstawia cz\u0119\u015b\u0107 cia\u0142a lub rekwizyt zwi\u0105zany z dinozaurami &#8211; z rzeczowymi informacjami pod ka\u017cdym elementem. Ka\u017cdy element jest dodatkowo indywidualnie opisany na ramce, wok\u00f3\u0142 zewn\u0119trznej cz\u0119\u015bci uk\u0142adanki. Ta uk\u0142adanka zawiera \u0142\u0105cznie 35 element\u00f3w i jest przeznaczona dla nieco m\u0142odszych dzieci. Zapewni nie tylko rozrywk\u0119, ale tak\u017ce pomo\u017ce rozwin\u0105\u0107 wiedz\u0119 naukow\u0105 i historyczn\u0105 na temat dinozaur\u00f3w. Firma Larsen od 75 lat tworzy wysokiej jako\u015bci uk\u0142adanki z grubej (4mm) tektury. Nasz\u0105 ide\u0105 zawsze by\u0142o tworzenie wysokiej jako\u015bci produkt\u00f3w dla dzieci, kt\u00f3re s\u0105 zar\u00f3wno zabawne, jak i edukacyjne. Znajdujemy si\u0119 w Flekkefjord, idyllicznym miasteczku w po\u0142udniowej Norwegii, w po\u0142owie drogi mi\u0119dzy Kristiansand i Stavanger. Cieszymy si\u0119 \u017ce, dzi\u0119ki wsp\u00f3\u0142pracy z fi\u0144ska firm\u0105 Tactic Oy, mo\u017cemy oferowa\u0107 Pa\u0144stwu najwy\u017csz\u0105 jako\u015b\u0107 r\u00f3wnie\u017c w Polsce. Uk\u0142adanki Larsen odznaczaj\u0105 si\u0119 -nietypowymi i jedynymi w swoim rodzaju wykrojnikami, kt\u00f3re sprawiaj\u0105 wielk\u0105 przyjemno\u015b\u0107 z uk\u0142adania. -produkcj\u0105 w Norwegii i wysok\u0105 jako\u015bci\u0105. -starann\u0105 selekcj\u0105 obrazk\u00f3w dla ka\u017cdego wieku -edukacyjnym charakterem uk\u0142adanek -zlokalizowanymi wzorami na wiele rynk\u00f3w.<\/p>\n","protected":false},"excerpt":{"rendered":"<p>Uk\u0142adanka Maxi (36.5&#215;28.5 cm) z grubej tektury ze specjalnymi kszta\u0142tami, dzi\u0119ki kt\u00f3rym uczymy si\u0119 nie tylko cierpliwo\u015bci ale te\u017c j\u0119zyk\u00f3w, matematyki, geografii oraz wiedzy og\u00f3lnej. Czy jeste\u015b nieustraszenie zafascynowany, czy raczej przestraszony i omdla\u0142y t\u0105 wspania\u0142\u0105 uk\u0142adank\u0105 z dinozaurami? Ta edukacyjna uk\u0142adanka przedstawia wiele naukowych fakt\u00f3w na temat gatunk\u00f3w dinozaur\u00f3w. Wok\u00f3\u0142 kraw\u0119dzi znajduj\u0105 si\u0119 nazwy [&hellip;]<\/p>\n","protected":false},"featured_media":0,"template":"","meta":{"content-type":"","_monsterinsights_skip_tracking":false,"_monsterinsights_sitenote_active":false,"_monsterinsights_sitenote_note":"","_monsterinsights_sitenote_category":0},"product_brand":[],"product_cat":[1793],"product_tag":[],"brand":[],"target-group":[],"discontinued":[],"class_list":{"0":"post-754287","1":"product","2":"type-product","3":"status-publish","5":"product_cat-puzzle-dla-dzieci-puzzle","7":"first","8":"instock","9":"taxable","10":"shipping-taxable","11":"product-type-simple"},"aioseo_notices":[],"_links":{"self":[{"href":"https:\/\/games.tactic.net\/pl\/wp-json\/wp\/v2\/product\/754287","targetHints":{"allow":["GET"]}}],"collection":[{"href":"https:\/\/games.tactic.net\/pl\/wp-json\/wp\/v2\/product"}],"about":[{"href":"https:\/\/games.tactic.net\/pl\/wp-json\/wp\/v2\/types\/product"}],"wp:attachment":[{"href":"https:\/\/games.tactic.net\/pl\/wp-json\/wp\/v2\/media?parent=754287"}],"wp:term":[{"taxonomy":"product_brand","embeddable":true,"href":"https:\/\/games.tactic.net\/pl\/wp-json\/wp\/v2\/product_brand?post=754287"},{"taxonomy":"product_cat","embeddable":true,"href":"https:\/\/games.tactic.net\/pl\/wp-json\/wp\/v2\/product_cat?post=754287"},{"taxonomy":"product_tag","embeddable":true,"href":"https:\/\/games.tactic.net\/pl\/wp-json\/wp\/v2\/product_tag?post=754287"},{"taxonomy":"brand","embeddable":true,"href":"https:\/\/games.tactic.net\/pl\/wp-json\/wp\/v2\/brand?post=754287"},{"taxonomy":"target-group","embeddable":true,"href":"https:\/\/games.tactic.net\/pl\/wp-json\/wp\/v2\/target-group?post=754287"},{"taxonomy":"discontinued","embeddable":true,"href":"https:\/\/games.tactic.net\/pl\/wp-json\/wp\/v2\/discontinued?post=754287"}],"curies":[{"name":"wp","href":"https:\/\/api.w.org\/{rel}","templated":true}]}}