{"id":754286,"date":"2023-07-10T13:24:39","date_gmt":"2023-07-10T10:24:39","guid":{"rendered":"https:\/\/games.tactic.net\/tuote\/larsen-unia-europejska-mapa-flagi-maxi-pl\/"},"modified":"2023-07-11T13:54:04","modified_gmt":"2023-07-11T10:54:04","slug":"larsen-unia-europejska-mapa-flagi-maxi-pl","status":"publish","type":"product","link":"https:\/\/games.tactic.net\/pl\/tuote\/larsen-unia-europejska-mapa-flagi-maxi-pl\/","title":{"rendered":"Larsen Maxi The European Union 70 el. uk\u0142adanka"},"content":{"rendered":"<p>Uk\u0142adanka Maxi (36.5&#215;28.5 cm) z grubej tektury ze specjalnymi kszta\u0142tami, dzi\u0119ki kt\u00f3rym uczymy si\u0119 nie tylko cierpliwo\u015bci ale te\u017c j\u0119zyk\u00f3w, matematyki, geografii oraz wiedzy og\u00f3lnej. Poznaj Europ\u0119 i 27 kraj\u00f3w, kt\u00f3re tworz\u0105 Uni\u0119 Europejsk\u0105. Ka\u017cdy z kraj\u00f3w UE jest przedstawiony w jasnych i \u015bwie\u017cych kolorach, podczas gdy kolory otaczaj\u0105cych je kraj\u00f3w zosta\u0142y stonowane. Flagi pa\u0144stw UE znajduj\u0105 si\u0119 po obu stronach mapy, a nad flagami widniej\u0105 lata, w kt\u00f3rych ka\u017cdy kraj sta\u0142 si\u0119 pe\u0142noprawnym cz\u0142onkiem Unii. Belgia, Niemcy, Francja, W\u0142ochy, Luksemburg i Holandia s\u0105 cz\u0142onkami Unii od czasu wej\u015bcia w \u017cycie Traktatu Rzymskiego w 1958 roku. Znak \u20ac znajduje si\u0119 po lewej stronie flag kraj\u00f3w u\u017cywaj\u0105cych euro jako waluty. 70 zaz\u0119biaj\u0105cych si\u0119 element\u00f3w w klasycznej formie puzzli sprawia, \u017ce ta uk\u0142adanka nadaje si\u0119 najlepiej dla starszych dzieci i doros\u0142ych. Sp\u00f3jrz na kolory, przeczytaj nazwy i dowiedz si\u0119 o Europie i Unii Europejskiej. Firma Larsen od 75 lat tworzy wysokiej jako\u015bci uk\u0142adanki z grubej (4mm) tektury. Nasz\u0105 ide\u0105 zawsze by\u0142o tworzenie wysokiej jako\u015bci produkt\u00f3w dla dzieci, kt\u00f3re s\u0105 zar\u00f3wno zabawne, jak i edukacyjne. Znajdujemy si\u0119 w Flekkefjord, idyllicznym miasteczku w po\u0142udniowej Norwegii, w po\u0142owie drogi mi\u0119dzy Kristiansand i Stavanger. Cieszymy si\u0119 \u017ce, dzi\u0119ki wsp\u00f3\u0142pracy z fi\u0144ska firm\u0105 Tactic Oy, mo\u017cemy oferowa\u0107 Pa\u0144stwu najwy\u017csz\u0105 jako\u015b\u0107 r\u00f3wnie\u017c w Polsce. Uk\u0142adanki Larsen odznaczaj\u0105 si\u0119 -nietypowymi i jedynymi w swoim rodzaju wykrojnikami, kt\u00f3re sprawiaj\u0105 wielk\u0105 przyjemno\u015b\u0107 z uk\u0142adania. -produkcj\u0105 w Norwegii i wysok\u0105 jako\u015bci\u0105. -starann\u0105 selekcj\u0105 obrazk\u00f3w dla ka\u017cdego wieku -edukacyjnym charakterem uk\u0142adanek -zlokalizowanymi wzorami na wiele rynk\u00f3w.<\/p>\n","protected":false},"excerpt":{"rendered":"<p>Uk\u0142adanka Maxi (36.5&#215;28.5 cm) z grubej tektury ze specjalnymi kszta\u0142tami, dzi\u0119ki kt\u00f3rym uczymy si\u0119 nie tylko cierpliwo\u015bci ale te\u017c j\u0119zyk\u00f3w, matematyki, geografii oraz wiedzy og\u00f3lnej. Poznaj Europ\u0119 i 27 kraj\u00f3w, kt\u00f3re tworz\u0105 Uni\u0119 Europejsk\u0105. Ka\u017cdy z kraj\u00f3w UE jest przedstawiony w jasnych i \u015bwie\u017cych kolorach, podczas gdy kolory otaczaj\u0105cych je kraj\u00f3w zosta\u0142y stonowane. Flagi pa\u0144stw [&hellip;]<\/p>\n","protected":false},"featured_media":0,"template":"","meta":{"content-type":"","_monsterinsights_skip_tracking":false,"_monsterinsights_sitenote_active":false,"_monsterinsights_sitenote_note":"","_monsterinsights_sitenote_category":0},"product_brand":[],"product_cat":[1793],"product_tag":[],"brand":[],"target-group":[],"discontinued":[],"class_list":{"0":"post-754286","1":"product","2":"type-product","3":"status-publish","5":"product_cat-puzzle-dla-dzieci-puzzle","7":"first","8":"instock","9":"taxable","10":"shipping-taxable","11":"product-type-simple"},"aioseo_notices":[],"_links":{"self":[{"href":"https:\/\/games.tactic.net\/pl\/wp-json\/wp\/v2\/product\/754286","targetHints":{"allow":["GET"]}}],"collection":[{"href":"https:\/\/games.tactic.net\/pl\/wp-json\/wp\/v2\/product"}],"about":[{"href":"https:\/\/games.tactic.net\/pl\/wp-json\/wp\/v2\/types\/product"}],"wp:attachment":[{"href":"https:\/\/games.tactic.net\/pl\/wp-json\/wp\/v2\/media?parent=754286"}],"wp:term":[{"taxonomy":"product_brand","embeddable":true,"href":"https:\/\/games.tactic.net\/pl\/wp-json\/wp\/v2\/product_brand?post=754286"},{"taxonomy":"product_cat","embeddable":true,"href":"https:\/\/games.tactic.net\/pl\/wp-json\/wp\/v2\/product_cat?post=754286"},{"taxonomy":"product_tag","embeddable":true,"href":"https:\/\/games.tactic.net\/pl\/wp-json\/wp\/v2\/product_tag?post=754286"},{"taxonomy":"brand","embeddable":true,"href":"https:\/\/games.tactic.net\/pl\/wp-json\/wp\/v2\/brand?post=754286"},{"taxonomy":"target-group","embeddable":true,"href":"https:\/\/games.tactic.net\/pl\/wp-json\/wp\/v2\/target-group?post=754286"},{"taxonomy":"discontinued","embeddable":true,"href":"https:\/\/games.tactic.net\/pl\/wp-json\/wp\/v2\/discontinued?post=754286"}],"curies":[{"name":"wp","href":"https:\/\/api.w.org\/{rel}","templated":true}]}}