{"id":749668,"date":"2023-06-22T16:33:31","date_gmt":"2023-06-22T13:33:31","guid":{"rendered":"https:\/\/games.tactic.net\/tuote\/wieza-eiffla-wrebbit-3d-puzzle-816-el\/"},"modified":"2023-06-22T16:33:31","modified_gmt":"2023-06-22T13:33:31","slug":"wieza-eiffla-wrebbit-3d-puzzle-816-el","status":"publish","type":"product","link":"https:\/\/games.tactic.net\/pl\/tuote\/wieza-eiffla-wrebbit-3d-puzzle-816-el\/","title":{"rendered":"Wrebbit 3D Wie\u017ca Eiffla 816 el. 3D puzzle"},"content":{"rendered":"<p>NAJS\u0141YNNIEJSZA WIE\u017bA W EUROPIE! Wrebbit puzzle 3D to co\u015b w sam raz dla ciebie! Je\u015bli masz ochot\u0119 na prawdziwe wyzwanie i ekstra nagrod\u0119. Zawiera szczeg\u00f3\u0142ow\u0105 instrukcj\u0119 pokazuj\u0105c\u0105, jak u\u0142o\u017cy\u0107 puzzle! Przedstawia s\u0142ynne budowle \u015bwiata oraz podaje ich rozmiary! Rozmiar po z\u0142o\u017ceniu: 38,5 x 38,5 x 102 cm. Wygoda i najwy\u017csza jako\u015b\u0107!<\/p>\n","protected":false},"excerpt":{"rendered":"<p>Wrebbit puzzle 3D to co\u015b w sam raz dla ciebie! Je\u015bli masz ochot\u0119 na prawdziwe wyzwanie i ekstra nagrod\u0119.<\/p>\n","protected":false},"featured_media":749654,"template":"","meta":{"content-type":"","_monsterinsights_skip_tracking":false,"_monsterinsights_sitenote_active":false,"_monsterinsights_sitenote_note":"","_monsterinsights_sitenote_category":0},"product_brand":[],"product_cat":[690],"product_tag":[],"brand":[],"target-group":[],"discontinued":[],"class_list":{"0":"post-749668","1":"product","2":"type-product","3":"status-publish","4":"has-post-thumbnail","6":"product_cat-puzzle","8":"first","9":"outofstock","10":"taxable","11":"shipping-taxable","12":"product-type-simple"},"aioseo_notices":[],"_links":{"self":[{"href":"https:\/\/games.tactic.net\/pl\/wp-json\/wp\/v2\/product\/749668","targetHints":{"allow":["GET"]}}],"collection":[{"href":"https:\/\/games.tactic.net\/pl\/wp-json\/wp\/v2\/product"}],"about":[{"href":"https:\/\/games.tactic.net\/pl\/wp-json\/wp\/v2\/types\/product"}],"wp:featuredmedia":[{"embeddable":true,"href":"https:\/\/games.tactic.net\/pl\/wp-json\/wp\/v2\/media\/749654"}],"wp:attachment":[{"href":"https:\/\/games.tactic.net\/pl\/wp-json\/wp\/v2\/media?parent=749668"}],"wp:term":[{"taxonomy":"product_brand","embeddable":true,"href":"https:\/\/games.tactic.net\/pl\/wp-json\/wp\/v2\/product_brand?post=749668"},{"taxonomy":"product_cat","embeddable":true,"href":"https:\/\/games.tactic.net\/pl\/wp-json\/wp\/v2\/product_cat?post=749668"},{"taxonomy":"product_tag","embeddable":true,"href":"https:\/\/games.tactic.net\/pl\/wp-json\/wp\/v2\/product_tag?post=749668"},{"taxonomy":"brand","embeddable":true,"href":"https:\/\/games.tactic.net\/pl\/wp-json\/wp\/v2\/brand?post=749668"},{"taxonomy":"target-group","embeddable":true,"href":"https:\/\/games.tactic.net\/pl\/wp-json\/wp\/v2\/target-group?post=749668"},{"taxonomy":"discontinued","embeddable":true,"href":"https:\/\/games.tactic.net\/pl\/wp-json\/wp\/v2\/discontinued?post=749668"}],"curies":[{"name":"wp","href":"https:\/\/api.w.org\/{rel}","templated":true}]}}