{"id":747719,"date":"2023-06-09T14:42:41","date_gmt":"2023-06-09T11:42:41","guid":{"rendered":"https:\/\/games.tactic.net\/tuote\/larsen-nature-history-puzzle-pl\/"},"modified":"2023-06-09T14:42:41","modified_gmt":"2023-06-09T11:42:41","slug":"larsen-nature-history-puzzle-pl","status":"publish","type":"product","link":"https:\/\/games.tactic.net\/pl\/tuote\/larsen-nature-history-puzzle-pl\/","title":{"rendered":"Larsen Maxi Nature history 85 el. uk\u0142adanka"},"content":{"rendered":"<p>Uk\u0142adanka Maxi (36.5&#215;28.5 cm) z grubej tektury ze specjalnymi kszta\u0142tami, dzi\u0119ki kt\u00f3rym uczymy si\u0119 nie tylko cierpliwo\u015bci ale te\u017c j\u0119zyk\u00f3w, matematyki, geografii oraz wiedzy og\u00f3lnej. Patrz i ucz si\u0119! Dzi\u0119ki tej historycznej ilustracyjnej uk\u0142adance, kt\u00f3ra przedstawia ewolucj\u0119 dinozaur\u00f3w od okresu triasu do czwartorz\u0119du, mo\u017cesz odkry\u0107, jak wygl\u0105da\u0142y dinozaury ponad 200 milion\u00f3w lat temu! Przedstawione s\u0105 r\u00f3\u017cne dinozaury, w tym mi\u0119so\u017cerny Tyrannosaurus Rex i p\u0142ywaj\u0105cy Temnodontozaur. W ka\u017cdym okresie zobaczysz ewolucj\u0119 dinozaur\u00f3w p\u0142ywaj\u0105cych, kt\u00f3re \u017cy\u0142y w podobnym \u015brodowisku. Nale\u017c\u0105 do nich Plezjozaur, Temnodontozaur, Szonizaur, Notozaur, Lipleurodon i Mozazaur. W okresie jurajskim, kredowym, trzeciorz\u0119dowym i czwartorz\u0119dowym mo\u017cna znale\u017a\u0107 m. in. Triceratopsa, Spinozaura, Pterodaktyla, Phenacodusa, Uintatherium, Smilodona, Ankylozaura, Mamuta, czy wreszcie wsp\u00f3\u0142czesne stworzenia &#8211; wilka, zebr\u0119, cz\u0142owieka&#8230; Uk\u0142adanka ma \u017cywe kolory. Sk\u0142ada si\u0119 z 85 niewielkich element\u00f3w i przeznaczona jest dla starszych dzieci. Firma Larsen od 75 lat tworzy wysokiej jako\u015bci uk\u0142adanki z grubej (4mm) tektury. Nasz\u0105 ide\u0105 zawsze by\u0142o tworzenie wysokiej jako\u015bci produkt\u00f3w dla dzieci, kt\u00f3re s\u0105 zar\u00f3wno zabawne, jak i edukacyjne. Znajdujemy si\u0119 w Flekkefjord, idyllicznym miasteczku w po\u0142udniowej Norwegii, w po\u0142owie drogi mi\u0119dzy Kristiansand i Stavanger. Cieszymy si\u0119 \u017ce, dzi\u0119ki wsp\u00f3\u0142pracy z fi\u0144ska firm\u0105 Tactic Oy, mo\u017cemy oferowa\u0107 Pa\u0144stwu najwy\u017csz\u0105 jako\u015b\u0107 r\u00f3wnie\u017c w Polsce. Uk\u0142adanki Larsen odznaczaj\u0105 si\u0119 -nietypowymi i jedynymi w swoim rodzaju wykrojnikami, kt\u00f3re sprawiaj\u0105 wielk\u0105 przyjemno\u015b\u0107 z uk\u0142adania. -produkcj\u0105 w Norwegii i wysok\u0105 jako\u015bci\u0105. -starann\u0105 selekcj\u0105 obrazk\u00f3w dla ka\u017cdego wieku -edukacyjnym charakterem uk\u0142adanek -zlokalizowanymi wzorami na wiele rynk\u00f3w.<\/p>\n","protected":false},"excerpt":{"rendered":"<p>Uk\u0142adanka Maxi (36.5&#215;28.5 cm) z grubej tektury ze specjalnymi kszta\u0142tami, dzi\u0119ki kt\u00f3rym uczymy si\u0119 nie tylko cierpliwo\u015bci ale te\u017c j\u0119zyk\u00f3w, matematyki, geografii oraz wiedzy og\u00f3lnej. Patrz i ucz si\u0119! Dzi\u0119ki tej historycznej ilustracyjnej uk\u0142adance, kt\u00f3ra przedstawia ewolucj\u0119 dinozaur\u00f3w od okresu triasu do czwartorz\u0119du, mo\u017cesz odkry\u0107, jak wygl\u0105da\u0142y dinozaury ponad 200 milion\u00f3w lat temu! Przedstawione s\u0105 [&hellip;]<\/p>\n","protected":false},"featured_media":0,"template":"","meta":{"content-type":"","_monsterinsights_skip_tracking":false,"_monsterinsights_sitenote_active":false,"_monsterinsights_sitenote_note":"","_monsterinsights_sitenote_category":0},"product_brand":[],"product_cat":[1793],"product_tag":[],"brand":[],"target-group":[],"discontinued":[],"class_list":{"0":"post-747719","1":"product","2":"type-product","3":"status-publish","5":"product_cat-puzzle-dla-dzieci-puzzle","7":"first","8":"instock","9":"taxable","10":"shipping-taxable","11":"product-type-simple"},"aioseo_notices":[],"_links":{"self":[{"href":"https:\/\/games.tactic.net\/pl\/wp-json\/wp\/v2\/product\/747719","targetHints":{"allow":["GET"]}}],"collection":[{"href":"https:\/\/games.tactic.net\/pl\/wp-json\/wp\/v2\/product"}],"about":[{"href":"https:\/\/games.tactic.net\/pl\/wp-json\/wp\/v2\/types\/product"}],"wp:attachment":[{"href":"https:\/\/games.tactic.net\/pl\/wp-json\/wp\/v2\/media?parent=747719"}],"wp:term":[{"taxonomy":"product_brand","embeddable":true,"href":"https:\/\/games.tactic.net\/pl\/wp-json\/wp\/v2\/product_brand?post=747719"},{"taxonomy":"product_cat","embeddable":true,"href":"https:\/\/games.tactic.net\/pl\/wp-json\/wp\/v2\/product_cat?post=747719"},{"taxonomy":"product_tag","embeddable":true,"href":"https:\/\/games.tactic.net\/pl\/wp-json\/wp\/v2\/product_tag?post=747719"},{"taxonomy":"brand","embeddable":true,"href":"https:\/\/games.tactic.net\/pl\/wp-json\/wp\/v2\/brand?post=747719"},{"taxonomy":"target-group","embeddable":true,"href":"https:\/\/games.tactic.net\/pl\/wp-json\/wp\/v2\/target-group?post=747719"},{"taxonomy":"discontinued","embeddable":true,"href":"https:\/\/games.tactic.net\/pl\/wp-json\/wp\/v2\/discontinued?post=747719"}],"curies":[{"name":"wp","href":"https:\/\/api.w.org\/{rel}","templated":true}]}}