{"id":747676,"date":"2023-06-09T14:41:42","date_gmt":"2023-06-09T11:41:42","guid":{"rendered":"https:\/\/games.tactic.net\/tuote\/larsen-memo-the-time-by-text-maxi-pl\/"},"modified":"2023-06-09T14:41:42","modified_gmt":"2023-06-09T11:41:42","slug":"larsen-memo-the-time-by-text-maxi-pl","status":"publish","type":"product","link":"https:\/\/games.tactic.net\/pl\/tuote\/larsen-memo-the-time-by-text-maxi-pl\/","title":{"rendered":"Larsen Maxi Memo Learn the Clock, digital time 54 el. uk\u0142adanka"},"content":{"rendered":"<p>Uk\u0142adanka Maxi (36.5&#215;28.5 cm) z grubej tektury ze specjalnymi kszta\u0142tami, dzi\u0119ki kt\u00f3rym uczymy si\u0119 nie tylko cierpliwo\u015bci ale te\u017c j\u0119zyk\u00f3w, matematyki, geografii oraz wiedzy og\u00f3lnej. Naucz si\u0119 odczytywa\u0107 i opisywa\u0107 czas dzi\u0119ki tej uk\u0142adance Zegar i czas. Ta uk\u0142adanka sk\u0142ada si\u0119 z trzech rz\u0119d\u00f3w dwuelementowych sekcji. G\u00f3rny rz\u0105d sekcji pokazuje czas w formacie cyfrowym, podczas gdy rz\u0105d dolny pokazuje zegar analogowy. Pod tymi elementami, na ramce, znajduje si\u0119 czas opisany s\u0142ownie. Ta uk\u0142adanka memo zach\u0119ca gracza do zapami\u0119tywania w\u0142a\u015bciwych miejsc, aby utrwala\u0107, jak okre\u015bli\u0107 czas. Elementy uk\u0142adanki s\u0105 wykonane z unikalnie zakrzywionymi kraw\u0119dziami, aby pasowa\u0142y tylko i wy\u0142\u0105cznie do prawid\u0142owego opisu czasu na ramce. Uk\u0142adanka zawiera 54 elementy i przeznaczona jest dla ma\u0142ych dzieci ucz\u0105cych si\u0119 odczytywa\u0107 czas z zegara. Firma Larsen od 75 lat tworzy wysokiej jako\u015bci uk\u0142adanki z grubej (4mm) tektury. Nasz\u0105 ide\u0105 zawsze by\u0142o tworzenie wysokiej jako\u015bci produkt\u00f3w dla dzieci, kt\u00f3re s\u0105 zar\u00f3wno zabawne, jak i edukacyjne. Znajdujemy si\u0119 w Flekkefjord, idyllicznym miasteczku w po\u0142udniowej Norwegii, w po\u0142owie drogi mi\u0119dzy Kristiansand i Stavanger. Cieszymy si\u0119 \u017ce, dzi\u0119ki wsp\u00f3\u0142pracy z fi\u0144ska firm\u0105 Tactic Oy, mo\u017cemy oferowa\u0107 Pa\u0144stwu najwy\u017csz\u0105 jako\u015b\u0107 r\u00f3wnie\u017c w Polsce. Uk\u0142adanki Larsen odznaczaj\u0105 si\u0119 -nietypowymi i jedynymi w swoim rodzaju wykrojnikami, kt\u00f3re sprawiaj\u0105 wielk\u0105 przyjemno\u015b\u0107 z uk\u0142adania. -produkcj\u0105 w Norwegii i wysok\u0105 jako\u015bci\u0105. -starann\u0105 selekcj\u0105 obrazk\u00f3w dla ka\u017cdego wieku -edukacyjnym charakterem uk\u0142adanek -zlokalizowanymi wzorami na wiele rynk\u00f3w.<\/p>\n","protected":false},"excerpt":{"rendered":"<p>Uk\u0142adanka Maxi (36.5&#215;28.5 cm) z grubej tektury ze specjalnymi kszta\u0142tami, dzi\u0119ki kt\u00f3rym uczymy si\u0119 nie tylko cierpliwo\u015bci ale te\u017c j\u0119zyk\u00f3w, matematyki, geografii oraz wiedzy og\u00f3lnej. Naucz si\u0119 odczytywa\u0107 i opisywa\u0107 czas dzi\u0119ki tej uk\u0142adance Zegar i czas. Ta uk\u0142adanka sk\u0142ada si\u0119 z trzech rz\u0119d\u00f3w dwuelementowych sekcji. G\u00f3rny rz\u0105d sekcji pokazuje czas w formacie cyfrowym, podczas [&hellip;]<\/p>\n","protected":false},"featured_media":0,"template":"","meta":{"content-type":"","_monsterinsights_skip_tracking":false,"_monsterinsights_sitenote_active":false,"_monsterinsights_sitenote_note":"","_monsterinsights_sitenote_category":0},"product_brand":[],"product_cat":[1793],"product_tag":[],"brand":[],"target-group":[],"discontinued":[],"class_list":{"0":"post-747676","1":"product","2":"type-product","3":"status-publish","5":"product_cat-puzzle-dla-dzieci-puzzle","7":"first","8":"outofstock","9":"taxable","10":"shipping-taxable","11":"product-type-simple"},"aioseo_notices":[],"_links":{"self":[{"href":"https:\/\/games.tactic.net\/pl\/wp-json\/wp\/v2\/product\/747676","targetHints":{"allow":["GET"]}}],"collection":[{"href":"https:\/\/games.tactic.net\/pl\/wp-json\/wp\/v2\/product"}],"about":[{"href":"https:\/\/games.tactic.net\/pl\/wp-json\/wp\/v2\/types\/product"}],"wp:attachment":[{"href":"https:\/\/games.tactic.net\/pl\/wp-json\/wp\/v2\/media?parent=747676"}],"wp:term":[{"taxonomy":"product_brand","embeddable":true,"href":"https:\/\/games.tactic.net\/pl\/wp-json\/wp\/v2\/product_brand?post=747676"},{"taxonomy":"product_cat","embeddable":true,"href":"https:\/\/games.tactic.net\/pl\/wp-json\/wp\/v2\/product_cat?post=747676"},{"taxonomy":"product_tag","embeddable":true,"href":"https:\/\/games.tactic.net\/pl\/wp-json\/wp\/v2\/product_tag?post=747676"},{"taxonomy":"brand","embeddable":true,"href":"https:\/\/games.tactic.net\/pl\/wp-json\/wp\/v2\/brand?post=747676"},{"taxonomy":"target-group","embeddable":true,"href":"https:\/\/games.tactic.net\/pl\/wp-json\/wp\/v2\/target-group?post=747676"},{"taxonomy":"discontinued","embeddable":true,"href":"https:\/\/games.tactic.net\/pl\/wp-json\/wp\/v2\/discontinued?post=747676"}],"curies":[{"name":"wp","href":"https:\/\/api.w.org\/{rel}","templated":true}]}}